{"id":2958,"date":"2011-12-20T21:15:57","date_gmt":"2011-12-20T21:15:57","guid":{"rendered":"https:\/\/storlann.co.uk\/mirean\/?page_id=2958"},"modified":"2024-07-09T11:47:18","modified_gmt":"2024-07-09T11:47:18","slug":"fiosrachadh","status":"publish","type":"page","link":"https:\/\/storlann.co.uk\/mirean\/fiosrachadh\/","title":{"rendered":"Fiosrachadh"},"content":{"rendered":"<!--themify_builder_content-->\n<div id=\"themify_builder_content-2958\" data-postid=\"2958\" class=\"themify_builder_content themify_builder_content-2958 themify_builder tf_clear\">\n                    <div  data-css_id=\"l2yu76\" data-lazy=\"1\" class=\"module_row themify_builder_row fullwidth_row_container tb_l2yu76 tb_first tf_w\">\n                        <div class=\"row_inner col_align_top tb_col_count_1 tf_box tf_rel\">\n                        <div  data-lazy=\"1\" class=\"module_column tb-column col-full tb_qobt76 first\">\n                    <!-- module buttons -->\n<div  class=\"module module-buttons tb_jlq9339 buttons-horizontal solid  \" data-lazy=\"1\">\n        <div class=\"module-buttons-item tf_in_flx\">\n                        <a href=\"https:\/\/storlann.co.uk\/mirean\/information\/\" class=\"ui builder_button tf_in_flx blue\" >\n                                    <em><svg  class=\"tf_fa tf-fas-arrows-rotate\" aria-hidden=\"true\"><use href=\"#tf-fas-arrows-rotate\"><\/use><\/svg><\/em>                                        English Version of this page                                        <\/a>\n                <\/div>\n            <\/div>\n<!-- \/module buttons -->\n        <\/div>\n                        <\/div>\n        <\/div>\n                        <div  data-lazy=\"1\" class=\"module_row themify_builder_row tb_fzb1194 tf_w\">\n                        <div class=\"row_inner col_align_top tb_col_count_2 tf_box tf_rel\">\n                        <div  data-lazy=\"1\" class=\"module_column tb-column col4-2 tb_g8y2194 first\">\n                    <!-- module text -->\n<div  class=\"module module-text tb_le6r869   \" data-lazy=\"1\">\n        <div  class=\"tb_text_wrap\">\n        <div id=\"editor-657cca2a-084f-427f-80f9-7a02ae50e7e9\" class=\"wp-block-freeform block-library-rich-text__tinymce html5-captions\">\n<p>Tha an l\u00e0rach-l\u00ecn seo a\u2019 m\u00ecneachadh gr\u00e0mar na G\u00e0idhlig ann an cainnt sh\u00ecmplidh agus a\u2019 moladh dh\u00f2ighean air comas c\u00e0nain sgoilearan a leasachadh.<\/p>\n<p>Tha an \u2018<a href=\"https:\/\/storlann.co.uk\/mirean\/\"><strong>Ro-r\u00e0dh<\/strong><\/a>\u2019 air duilleag-dachaigh M\u00ecrean &#8211; le riochd Beurla airson luchd-foghlaim gun Gh\u00e0idhlig \u2013 a\u2019 moladh mar a dh\u2019fhaodar an stuth a chur gu feum san sgoil.<\/p>\n<\/div>    <\/div>\n<\/div>\n<!-- \/module text -->        <\/div>\n                    <div  data-lazy=\"1\" class=\"module_column tb-column col4-2 tb_24jj194 last\">\n                    <!-- module image -->\n<div  class=\"module module-image tb_cxy1282 image-center   tf_mw\" data-lazy=\"1\">\n        <div class=\"image-wrap tf_rel tf_mw\">\n            <img loading=\"lazy\" decoding=\"async\" src=\"https:\/\/storlann.co.uk\/mirean\/wp-content\/uploads\/2024\/07\/Mirean-Gaelic-Grammar-4.svg\" width=\"245\" height=\"241\" class=\"wp-post-image wp-image-3758\" title=\"Mirean-Gaelic-Grammar-4\" alt=\"Female Reading\">    \n        <\/div>\n    <!-- \/image-wrap -->\n    \n        <\/div>\n<!-- \/module image -->        <\/div>\n                        <\/div>\n        <\/div>\n                        <div  data-lazy=\"1\" class=\"module_row themify_builder_row tb_unbg253 tf_w\">\n                        <div class=\"row_inner col_align_top tb_col_count_2 tf_box tf_rel\">\n                        <div  data-lazy=\"1\" class=\"module_column tb-column col4-2 tb_ci1j254 first\">\n                    <!-- module image -->\n<div  class=\"module module-image tb_qo9y973 image-center   tf_mw\" data-lazy=\"1\">\n        <div class=\"image-wrap tf_rel tf_mw\">\n            <img decoding=\"async\" src=\"https:\/\/storlann.co.uk\/mirean\/wp-content\/uploads\/2024\/07\/Mirean-Gaelic-Grammar-5.svg\" class=\"wp-post-image wp-image-3759\" title=\"Mirean-Gaelic-Grammar-5\" alt=\"Hands on book\">    \n        <\/div>\n    <!-- \/image-wrap -->\n    \n        <\/div>\n<!-- \/module image -->        <\/div>\n                    <div  data-lazy=\"1\" class=\"module_column tb-column col4-2 tb_h8ga254 last\">\n                    <!-- module text -->\n<div  class=\"module module-text tb_rqbl256   \" data-lazy=\"1\">\n        <div  class=\"tb_text_wrap\">\n        <div id=\"editor-657cca2a-084f-427f-80f9-7a02ae50e7e9\" class=\"wp-block-freeform block-library-rich-text__tinymce html5-captions\">\n<p>\u2019S e an \u2018<a href=\"https:\/\/storlann.co.uk\/mirean\/clar-amais\/\"><strong>Cl\u00e0r-amais\u2019<\/strong><\/a> aig b\u00e0rr na duilleige an doras a-steach dhan ch\u00f2rr den l\u00e0rach. Ma chuirear an cursair os cionn seo, thig cl\u00e0r s\u00ecos a\u2019 sealltainn nan 14 earrannan de Mh\u00ecrean. Nuair a ghluaisear s\u00ecos an colbh seo, tha colbh a\u2019 fosgladh air an l\u00e0imh cheart a\u2019 sealltainn nam puingean c\u00e0nain a tha air an gabhail a-steach anns gach earrann.<\/p>\n<\/div>    <\/div>\n<\/div>\n<!-- \/module text -->        <\/div>\n                        <\/div>\n        <\/div>\n                        <div  data-lazy=\"1\" class=\"module_row themify_builder_row tb_7bey921 tf_w\">\n                        <div class=\"row_inner col_align_top tb_col_count_1 tf_box tf_rel\">\n                        <div  data-lazy=\"1\" class=\"module_column tb-column col-full tb_c32n921 first\">\n                    <!-- module text -->\n<div  class=\"module module-text tb_8y4z431   \" data-lazy=\"1\">\n        <div  class=\"tb_text_wrap\">\n        <p>A\u2019 dol air ais chun an tiotal \u2018<a href=\"https:\/\/storlann.co.uk\/mirean\/clar-amais\/\"><strong>Cl\u00e0r-amais<\/strong><\/a>\u2019 aig b\u00e0rr na duilleige, ma chliogar air a seo fosglaidh duilleag \u00f9r a\u2019 sealltainn nan 14 earrannan ann an riochd eile: bhiodh e feumail, ma dh\u2019fhaoidte, an duilleag seo a phriontadh agus a chumail airson fiosrachadh.<\/p>    <\/div>\n<\/div>\n<!-- \/module text -->        <\/div>\n                        <\/div>\n        <\/div>\n                        <div  data-lazy=\"1\" class=\"module_row themify_builder_row tb_ebjx716 tf_w\">\n                        <div class=\"row_inner col_align_top tb_col_count_1 tf_box tf_rel\">\n                        <div  data-lazy=\"1\" class=\"module_column tb-column col-full tb_da02717 first\">\n                    <!-- module text -->\n<div  class=\"module module-text tb_p2fa749   \" data-lazy=\"1\">\n        <div  class=\"tb_text_wrap\">\n        <div id=\"editor-657cca2a-084f-427f-80f9-7a02ae50e7e9\" class=\"wp-block-freeform block-library-rich-text__tinymce html5-captions\">\n<p>Tha na p\u00e0train c\u00e0nain air an ainmeachadh a r\u00e8ir na h-obrach a tha iad a\u2019 d\u00e8anamh seach a\u2019 ghr\u00e0mair thraidiseanta. Mar eisimpleir: \u2018Ag innse mu rudan a thachair ron a seo\u2019, \u2018C\u00f2 ris a tha rud no neach coltach\u2019 agus \u2018A\u2019 cur cuideam air rud\u2019. Tha seo a\u2019 dol le d\u00f2igh-teagaisg foghlam tro mheadhan na G\u00e0idhlig far a bheil sgoilearan ag ionnsachadh a\u2019 ch\u00e0nain tro bhith ga cleachdadh: tha d\u00f9il mar sin gun tig tidsearan suas ris gl\u00e8 luath.<\/p>\n<p>Nuair a chliogar air earrann sam bith de na 14, tha duilleag a\u2019 fosgladh fon ainm \u2018<strong>Aithghearrachd<\/strong>\u2019 a tha a\u2019 toirt cunntas goirid air na puingean c\u00e0nain san earrainn sin. Tha colbh eile a\u2019 fosgladh air an l\u00e0imh cheart a\u2019 sealltainn, ann an sgr\u00ecobhadh dubh, ainm na h-earrainn agus, fon a sin, na p\u00e0train c\u00e0nain a tha i a\u2019 gabhail a-steach.<\/p>\n<\/div>    <\/div>\n<\/div>\n<!-- \/module text -->        <\/div>\n                        <\/div>\n        <\/div>\n                        <div  data-lazy=\"1\" class=\"module_row themify_builder_row tb_jfzd655 tf_w\">\n                        <div class=\"row_inner col_align_top tb_col_count_2 tf_box tf_rel\">\n                        <div  data-lazy=\"1\" class=\"module_column tb-column col4-2 tb_ggck184 first\">\n                    <!-- module text -->\n<div  class=\"module module-text tb_2piz937   \" data-lazy=\"1\">\n        <div  class=\"tb_text_wrap\">\n        <div id=\"editor-657cca2a-084f-427f-80f9-7a02ae50e7e9\" class=\"wp-block-freeform block-library-rich-text__tinymce html5-captions\">\n<p>Nuair a chliogar air gin sam bith dhiubh sin, fosglaidh duilleag a\u2019 m\u00ecneachadh a\u2019 ph\u00e0train sin. Sa cholbh air an l\u00e0imh cheart chithear grunn roghainnean: tha \u2018<strong>Eisimpleirean<\/strong>\u2019 a\u2019 sealltainn diofar riochdan den ph\u00e0tran (a dh\u2019fhaodas tidsearan a chleachdadh gus an stuth-teagaisg fh\u00e8in a chur ri ch\u00e8ile) agus tha \u2018Obair\u2019 a\u2019 moladh dh\u00f2ighean-teagaisg a ghabhas cleachdadh san sgoil (bho \u00ecre Tr\u00e0th gu \u00ecre 3 CSM).<\/p>\n<\/div>    <\/div>\n<\/div>\n<!-- \/module text -->        <\/div>\n                    <div  data-lazy=\"1\" class=\"module_column tb-column col4-2 tb_3o98655 last\">\n                    <!-- module image -->\n<div  class=\"module module-image tb_25wr901 image-center   tf_mw\" data-lazy=\"1\">\n        <div class=\"image-wrap tf_rel tf_mw\">\n            <img decoding=\"async\" src=\"https:\/\/storlann.co.uk\/mirean\/wp-content\/uploads\/2024\/07\/Mirean-Gaelic-Grammar-6.svg\" class=\"wp-post-image wp-image-3762\" title=\"Mirean-Gaelic-Grammar-6\" alt=\"Boy reading book\">    \n        <\/div>\n    <!-- \/image-wrap -->\n    \n        <\/div>\n<!-- \/module image -->        <\/div>\n                        <\/div>\n        <\/div>\n                        <div  data-lazy=\"1\" class=\"module_row themify_builder_row tb_muct426 tf_w\">\n                        <div class=\"row_inner col_align_top tb_col_count_2 tf_box tf_rel\">\n                        <div  data-lazy=\"1\" class=\"module_column tb-column col4-2 tb_pyni426 first\">\n                    <!-- module image -->\n<div  class=\"module module-image tb_2v5g863 image-center   tf_mw\" data-lazy=\"1\">\n        <div class=\"image-wrap tf_rel tf_mw\">\n            <img decoding=\"async\" src=\"https:\/\/storlann.co.uk\/mirean\/wp-content\/uploads\/2024\/07\/Mirean-Gaelic-Grammar-7.svg\" class=\"wp-post-image wp-image-3765\" title=\"Mirean-Gaelic-Grammar-7\" alt=\"Girl using computer\">    \n        <\/div>\n    <!-- \/image-wrap -->\n    \n        <\/div>\n<!-- \/module image -->        <\/div>\n                    <div  data-lazy=\"1\" class=\"module_column tb-column col4-2 tb_pu52426 last\">\n                    <!-- module text -->\n<div  class=\"module module-text tb_u7fy732   \" data-lazy=\"1\">\n        <div  class=\"tb_text_wrap\">\n        <div id=\"editor-657cca2a-084f-427f-80f9-7a02ae50e7e9\" class=\"wp-block-freeform block-library-rich-text__tinymce html5-captions\">\n<p>Airson luchd-cleachdaidh a tha e\u00f2lach air gr\u00e0mar, fosglaidh \u2018<a href=\"https:\/\/storlann.co.uk\/mirean\/clar-amais\/clar-innse\/\"><strong>Cl\u00e0r-innse<\/strong><\/a>\u2019 (aig b\u00e0rr na duilleige) cl\u00e0r leis a\u2019 bhriathrachas gr\u00e0mair thraidiseanta \u2013 \u2018buadhair\u2019, \u2018co-ghn\u00ecomhair\u2019 etc \u2013 a tha ag innse na h-earrannan den l\u00e0rach sam faighear na puingean gr\u00e0mair sin.<\/p>\n<p>Chaidh susbaint an l\u00e0raich a sgr\u00ecobhadh le <strong>D\u00f2mhnall Iain MacLe\u00f2id<\/strong>, a tha mion e\u00f2lach air foghlam, agus air na duilgheadasan a thaobh gr\u00e0mar a bhios aig sgoilearan.\u00a0 Chaidh na stuthan-taic a rannsachadh agus a dheasachadh le <strong>Angela Nic a\u2019 Mhaoilein<\/strong> a tha na tidsear bun-sgoil.\u00a0 Ar taing dhaibh.<\/p>\n<\/div>    <\/div>\n<\/div>\n<!-- \/module text -->        <\/div>\n                        <\/div>\n        <\/div>\n        <\/div>\n<!--\/themify_builder_content-->","protected":false},"excerpt":{"rendered":"<p>Tha an l\u00e0rach-l\u00ecn seo a\u2019 m\u00ecneachadh gr\u00e0mar na G\u00e0idhlig ann an cainnt sh\u00ecmplidh agus a\u2019 moladh dh\u00f2ighean air comas c\u00e0nain sgoilearan a leasachadh. Tha an \u2018Ro-r\u00e0dh\u2019 air duilleag-dachaigh M\u00ecrean &#8211; le riochd Beurla airson luchd-foghlaim gun Gh\u00e0idhlig \u2013 a\u2019 moladh mar a dh\u2019fhaodar an stuth a chur gu feum san sgoil.<\/p>\n","protected":false},"author":1,"featured_media":0,"parent":0,"menu_order":1,"comment_status":"closed","ping_status":"closed","template":"","meta":{"inline_featured_image":false,"footnotes":""},"class_list":["post-2958","page","type-page","status-publish","hentry","has-post-title","has-post-date","has-post-category","has-post-tag","has-post-comment","has-post-author",""],"builder_content":"<a href=\"https:\/\/storlann.co.uk\/mirean\/information\/\" > <em><svg aria-hidden=\"true\"><use href=\"#tf-fas-arrows-rotate\"><\/use><\/svg><\/em> English Version of this page <\/a>\n<p>Tha an l\u00e0rach-l\u00ecn seo a\u2019 m\u00ecneachadh gr\u00e0mar na G\u00e0idhlig ann an cainnt sh\u00ecmplidh agus a\u2019 moladh dh\u00f2ighean air comas c\u00e0nain sgoilearan a leasachadh.<\/p> <p>Tha an \u2018<a href=\"https:\/\/storlann.co.uk\/mirean\/\"><strong>Ro-r\u00e0dh<\/strong><\/a>\u2019 air duilleag-dachaigh M\u00ecrean - le riochd Beurla airson luchd-foghlaim gun Gh\u00e0idhlig \u2013 a\u2019 moladh mar a dh\u2019fhaodar an stuth a chur gu feum san sgoil.<\/p>\n<img src=\"https:\/\/storlann.co.uk\/mirean\/wp-content\/uploads\/2024\/07\/Mirean-Gaelic-Grammar-4.svg\" width=\"245\" height=\"241\" title=\"Mirean-Gaelic-Grammar-4\" alt=\"Female Reading\">\n<img src=\"https:\/\/storlann.co.uk\/mirean\/wp-content\/uploads\/2024\/07\/Mirean-Gaelic-Grammar-5.svg\" title=\"Mirean-Gaelic-Grammar-5\" alt=\"Hands on book\">\n<p>\u2019S e an \u2018<a href=\"https:\/\/storlann.co.uk\/mirean\/clar-amais\/\"><strong>Cl\u00e0r-amais\u2019<\/strong><\/a> aig b\u00e0rr na duilleige an doras a-steach dhan ch\u00f2rr den l\u00e0rach. Ma chuirear an cursair os cionn seo, thig cl\u00e0r s\u00ecos a\u2019 sealltainn nan 14 earrannan de Mh\u00ecrean. Nuair a ghluaisear s\u00ecos an colbh seo, tha colbh a\u2019 fosgladh air an l\u00e0imh cheart a\u2019 sealltainn nam puingean c\u00e0nain a tha air an gabhail a-steach anns gach earrann.<\/p>\n<p>A\u2019 dol air ais chun an tiotal \u2018<a href=\"https:\/\/storlann.co.uk\/mirean\/clar-amais\/\"><strong>Cl\u00e0r-amais<\/strong><\/a>\u2019 aig b\u00e0rr na duilleige, ma chliogar air a seo fosglaidh duilleag \u00f9r a\u2019 sealltainn nan 14 earrannan ann an riochd eile: bhiodh e feumail, ma dh\u2019fhaoidte, an duilleag seo a phriontadh agus a chumail airson fiosrachadh.<\/p>\n<p>Tha na p\u00e0train c\u00e0nain air an ainmeachadh a r\u00e8ir na h-obrach a tha iad a\u2019 d\u00e8anamh seach a\u2019 ghr\u00e0mair thraidiseanta. Mar eisimpleir: \u2018Ag innse mu rudan a thachair ron a seo\u2019, \u2018C\u00f2 ris a tha rud no neach coltach\u2019 agus \u2018A\u2019 cur cuideam air rud\u2019. Tha seo a\u2019 dol le d\u00f2igh-teagaisg foghlam tro mheadhan na G\u00e0idhlig far a bheil sgoilearan ag ionnsachadh a\u2019 ch\u00e0nain tro bhith ga cleachdadh: tha d\u00f9il mar sin gun tig tidsearan suas ris gl\u00e8 luath.<\/p> <p>Nuair a chliogar air earrann sam bith de na 14, tha duilleag a\u2019 fosgladh fon ainm \u2018<strong>Aithghearrachd<\/strong>\u2019 a tha a\u2019 toirt cunntas goirid air na puingean c\u00e0nain san earrainn sin. Tha colbh eile a\u2019 fosgladh air an l\u00e0imh cheart a\u2019 sealltainn, ann an sgr\u00ecobhadh dubh, ainm na h-earrainn agus, fon a sin, na p\u00e0train c\u00e0nain a tha i a\u2019 gabhail a-steach.<\/p>\n<p>Nuair a chliogar air gin sam bith dhiubh sin, fosglaidh duilleag a\u2019 m\u00ecneachadh a\u2019 ph\u00e0train sin. Sa cholbh air an l\u00e0imh cheart chithear grunn roghainnean: tha \u2018<strong>Eisimpleirean<\/strong>\u2019 a\u2019 sealltainn diofar riochdan den ph\u00e0tran (a dh\u2019fhaodas tidsearan a chleachdadh gus an stuth-teagaisg fh\u00e8in a chur ri ch\u00e8ile) agus tha \u2018Obair\u2019 a\u2019 moladh dh\u00f2ighean-teagaisg a ghabhas cleachdadh san sgoil (bho \u00ecre Tr\u00e0th gu \u00ecre 3 CSM).<\/p>\n<img src=\"https:\/\/storlann.co.uk\/mirean\/wp-content\/uploads\/2024\/07\/Mirean-Gaelic-Grammar-6.svg\" title=\"Mirean-Gaelic-Grammar-6\" alt=\"Boy reading book\">\n<img src=\"https:\/\/storlann.co.uk\/mirean\/wp-content\/uploads\/2024\/07\/Mirean-Gaelic-Grammar-7.svg\" title=\"Mirean-Gaelic-Grammar-7\" alt=\"Girl using computer\">\n<p>Airson luchd-cleachdaidh a tha e\u00f2lach air gr\u00e0mar, fosglaidh \u2018<a href=\"https:\/\/storlann.co.uk\/mirean\/clar-amais\/clar-innse\/\"><strong>Cl\u00e0r-innse<\/strong><\/a>\u2019 (aig b\u00e0rr na duilleige) cl\u00e0r leis a\u2019 bhriathrachas gr\u00e0mair thraidiseanta \u2013 \u2018buadhair\u2019, \u2018co-ghn\u00ecomhair\u2019 etc \u2013 a tha ag innse na h-earrannan den l\u00e0rach sam faighear na puingean gr\u00e0mair sin.<\/p> <p>Chaidh susbaint an l\u00e0raich a sgr\u00ecobhadh le <strong>D\u00f2mhnall Iain MacLe\u00f2id<\/strong>, a tha mion e\u00f2lach air foghlam, agus air na duilgheadasan a thaobh gr\u00e0mar a bhios aig sgoilearan.\u00a0 Chaidh na stuthan-taic a rannsachadh agus a dheasachadh le <strong>Angela Nic a\u2019 Mhaoilein<\/strong> a tha na tidsear bun-sgoil.\u00a0 Ar taing dhaibh.<\/p>","_links":{"self":[{"href":"https:\/\/storlann.co.uk\/mirean\/wp-json\/wp\/v2\/pages\/2958","targetHints":{"allow":["GET"]}}],"collection":[{"href":"https:\/\/storlann.co.uk\/mirean\/wp-json\/wp\/v2\/pages"}],"about":[{"href":"https:\/\/storlann.co.uk\/mirean\/wp-json\/wp\/v2\/types\/page"}],"author":[{"embeddable":true,"href":"https:\/\/storlann.co.uk\/mirean\/wp-json\/wp\/v2\/users\/1"}],"replies":[{"embeddable":true,"href":"https:\/\/storlann.co.uk\/mirean\/wp-json\/wp\/v2\/comments?post=2958"}],"version-history":[{"count":5,"href":"https:\/\/storlann.co.uk\/mirean\/wp-json\/wp\/v2\/pages\/2958\/revisions"}],"predecessor-version":[{"id":3777,"href":"https:\/\/storlann.co.uk\/mirean\/wp-json\/wp\/v2\/pages\/2958\/revisions\/3777"}],"wp:attachment":[{"href":"https:\/\/storlann.co.uk\/mirean\/wp-json\/wp\/v2\/media?parent=2958"}],"curies":[{"name":"wp","href":"https:\/\/api.w.org\/{rel}","templated":true}]}}