{"id":292,"date":"2010-09-17T15:18:34","date_gmt":"2010-09-17T13:18:34","guid":{"rendered":"https:\/\/storlann.co.uk\/mirean\/?page_id=292"},"modified":"2018-01-09T16:52:19","modified_gmt":"2018-01-09T16:52:19","slug":"obair-ire-2","status":"publish","type":"page","link":"https:\/\/storlann.co.uk\/mirean\/clar-amais\/ag-innse-de-tha-ann-an-rud-no-neach\/bu-b-e\/obair-ire-2\/","title":{"rendered":"Obair \u00ecre 2"},"content":{"rendered":"<div class=\"obair-ire-2-wrapper\">\n<p class=\"obair-ire2\"><em>Bu, b&#8217; e, am bu, am b&#8217; e; cha bu, cha b&#8217; e.<\/em><\/p>\n<h3>Cothroman ann an c\u00e0nan a\u2019 chlas airson eisimpleirean a thoirt don chloinn air structaran<\/h3>\n<p>\u201cCha b\u2019 e mise a bh\u2019 ann!\u201d<br \/>\n \u201cB \u2019 e Ceitidh a bh\u2019 ann.\u201d<\/p>\n<p>&nbsp;<\/p>\n<p><strong>\u00d2rain<\/strong><\/p>\n<p><span style=\"text-decoration: underline;\">C\u00e0nan nan G\u00e0idheal<\/span><\/p>\n<p>Cha b\u2019 e sneachda &#8216;s an reothadh o thuath<br \/>\n Cha b&#8217; e an crannadh geur fuar bhon ear<br \/>\n Cha b&#8217; e an t-uisge &#8216;s an gailleann bhon iar<br \/>\n Ach an galair a\u2019 bhlian on deas<br \/>\n Bl\u00e0th, duilleach, stoc agus freumh<br \/>\n C\u00e0nan mo threubh is mo shluaigh.<\/p>\n<p>Seist:<br \/>\n Thig thugainn, thig c\u00f2&#8217; rium gu Siar<br \/>\n Gus an cluinn sinn ann C\u00e0nan nam F\u00e8inn<br \/>\n Thig thugainn, thig c\u00f2&#8217; rium gu Siar<br \/>\n Gus an cluinn sinn ann C\u00e0nan nan G\u00e0idheal<\/p>\n<p>Nuair chithear fear f\u00e8ilidh sa ghleann<br \/>\n Bu chinnteach gur G\u00e0idhlig a\u2019 chainnt<br \/>\n Nuair sp\u00econ iad a threubh \u00e0s an fhonn<br \/>\n An \u00e0ite G\u00e0idhlig tha c\u00e0nan a&#8217; Ghoill &#8230;<br \/>\n \u2019S a\u2019 Gh\u00e0idhealtachd creathall nan sonn<br \/>\n &#8216;S t\u00ecr &#8220;mhajors&#8221; is &#8220;cholonels&#8221; &#8216;n-diugh innt&#8217;<\/p>\n<p>Thoir a-nuas dhuinn na coinnlearan \u00f2ir<br \/>\n \u2019S ann c\u00e0iribh na coinnlean geal c\u00e8ir<br \/>\n Lasaibh suas iad an se\u00f2mar a\u2019 bhr\u00f2in<br \/>\n Taigh-fhaire seann ch\u00e0nan a\u2019 Gh\u00e0idheil<br \/>\n \u2019S e siud bho chionn fhada thuirt an n\u00e0mh<br \/>\n Ach fhathast tha be\u00f2 C\u00e0nan nan G\u00e0idheal!<\/p>\n<p>Ged theich i le beath\u2019 \u00e0s na Glinn<br \/>\n Ged nach cluinnear nis muigh anns an D\u00f9n<br \/>\n O dh\u00f9thaich MhicAoidh, fada tuath<br \/>\n Gu ruig thu Druim Uachdar nam b\u00f2<br \/>\n Gidheadh, anns na h-Eileanan Siar<br \/>\n \u2019S i fhathast ann ciad chainnt an t-sluaigh<\/p>\n<hr \/>\n<h3>Gn\u00ecomh<\/h3>\n<p>Sgr\u00ecobh na leanas mar gun do thachair e ron a seo.<\/p>\n<p>\u2019S e nighean bheag a th\u2019 ann an Eilidh. _________________________________<\/p>\n<p>\u2019S e dannsair a th\u2019 innte. \u00a0\u00a0\u00a0\u00a0\u00a0\u00a0\u00a0\u00a0\u00a0\u00a0\u00a0\u00a0\u00a0\u00a0\u00a0\u00a0\u00a0\u00a0\u00a0\u00a0\u00a0\u00a0\u00a0\u00a0\u00a0\u00a0 \u00a0\u00a0_________________________________<\/p>\n<p>\u2019S e seinneadair ainmeil a th\u2019 ann.\u00a0\u00a0\u00a0\u00a0\u00a0\u00a0\u00a0\u00a0 _________________________________<\/p>\n<p>\u2019S e oilthigh a th\u2019 anns an togalach sin. _________________________________<\/p>\n<p>msaa<\/p>\n<p><span style=\"text-decoration: underline;\">\u00a0<\/span><\/p>\n<p><strong>Seanfhaclan<\/strong><br \/>\n Faodaidh tu na gn\u00ecomhan a dh\u00e8anamh le na seanfhaclan seo agus an fheadhainn a chaidh a mh\u00ecneachadh ann an stuthan-taic 3A.<\/p>\n<ul type=\"disc\">\n<li>Cha bu ruith ach leum leam &#8211; I would jump at it, not run<\/li>\n<\/ul>\n<p>&nbsp;<\/p>\n<ul type=\"disc\">\n<li>B\u2019 e sin \u00ecm a chur do thaigh-\u00e0irigh \u2013 That were sending butter to a dairyman\u2019s house.<\/li>\n<\/ul>\n<ul type=\"disc\">\n<li>B\u2019 e sin marag earbsa ris a\u2019 ch\u00f9 dhubh \u2013 That were trusting a pudding to the black dog.<\/li>\n<\/ul>\n<p>&nbsp;<\/p>\n<ul type=\"disc\">\n<li>B\u2019 e sin gr\u00e8im den easgann air a h-e\u00e0rr \u2013 That were taking the eel by the tail.<\/li>\n<\/ul>\n<ul type=\"disc\">\n<li>Bu cho math dol a dh\u2019iasgach gun mhaorach \u2019s dol a ch\u00f9irt gun sporan \u2013 As well go fishing without bait as to court without a purse.<\/li>\n<\/ul>\n<p>&nbsp;<\/p>\n<p><strong>\u00a0<\/strong><\/p>\n<p>&nbsp;<\/p>\n<h3>\u00a0<\/h3>\n<p>&nbsp;<\/p>\n<h3><span style=\"text-decoration: underline;\">\u00a0<\/span><\/h3>\n<\/div>\n","protected":false},"excerpt":{"rendered":"<p>Bu, b&#8217; e, am bu, am b&#8217; e; cha bu, cha b&#8217; e. Cothroman ann an c\u00e0nan a\u2019 chlas airson eisimpleirean a thoirt don chloinn air structaran \u201cCha b\u2019 e mise a bh\u2019 ann!\u201d \u201cB \u2019 e Ceitidh a bh\u2019 ann.\u201d &nbsp; \u00d2rain C\u00e0nan nan G\u00e0idheal Cha b\u2019 e sneachda &#8216;s an reothadh o thuath [&hellip;]<\/p>\n","protected":false},"author":1,"featured_media":0,"parent":258,"menu_order":0,"comment_status":"closed","ping_status":"closed","template":"","meta":{"inline_featured_image":false,"footnotes":""},"class_list":["post-292","page","type-page","status-publish","hentry","has-post-title","has-post-date","has-post-category","has-post-tag","has-post-comment","has-post-author",""],"builder_content":"","_links":{"self":[{"href":"https:\/\/storlann.co.uk\/mirean\/wp-json\/wp\/v2\/pages\/292","targetHints":{"allow":["GET"]}}],"collection":[{"href":"https:\/\/storlann.co.uk\/mirean\/wp-json\/wp\/v2\/pages"}],"about":[{"href":"https:\/\/storlann.co.uk\/mirean\/wp-json\/wp\/v2\/types\/page"}],"author":[{"embeddable":true,"href":"https:\/\/storlann.co.uk\/mirean\/wp-json\/wp\/v2\/users\/1"}],"replies":[{"embeddable":true,"href":"https:\/\/storlann.co.uk\/mirean\/wp-json\/wp\/v2\/comments?post=292"}],"version-history":[{"count":0,"href":"https:\/\/storlann.co.uk\/mirean\/wp-json\/wp\/v2\/pages\/292\/revisions"}],"up":[{"embeddable":true,"href":"https:\/\/storlann.co.uk\/mirean\/wp-json\/wp\/v2\/pages\/258"}],"wp:attachment":[{"href":"https:\/\/storlann.co.uk\/mirean\/wp-json\/wp\/v2\/media?parent=292"}],"curies":[{"name":"wp","href":"https:\/\/api.w.org\/{rel}","templated":true}]}}