{"id":270,"date":"2010-09-17T15:12:31","date_gmt":"2010-09-17T13:12:31","guid":{"rendered":"https:\/\/storlann.co.uk\/mirean\/?page_id=270"},"modified":"2018-01-09T16:48:15","modified_gmt":"2018-01-09T16:48:15","slug":"obair-ire-1","status":"publish","type":"page","link":"https:\/\/storlann.co.uk\/mirean\/clar-amais\/ag-innse-de-tha-ann-an-rud-no-neach\/isis-es-e\/obair-ire-1\/","title":{"rendered":"Obair \u00ecre 1"},"content":{"rendered":"<div class=\"obair-ire-1-wrapper\">\n<p class=\"obair-ire1\"><em>Is\/Is e\/&#8217;s e\/an e\/chan e; is mise M\u00e0iri; &#8216;s e seo mo phiuthar; sin mo pheansail<\/em><\/p>\n<h3>Cothroman ann an c\u00e0nan a\u2019 chlas airson eisimpleirean a thoirt don chloinn air structaran<\/h3>\n<p>A\u2019 d\u00e8anamh c\u00f2mhradh air a\u2019 bhiadh \/ d\u00e8ideag \/ pr\u00f2gram \/ cuspair \/ c\u00f2mhlan-ci\u00f9il as fhe\u00e0rr leotha.<br \/>\n \u201c\u2019S e Girls Aloud an c\u00f2mhlan-ci\u00f9il as fhe\u00e0rr leam.\u201d<br \/>\n \u201c\u2019S e isbeanan am biadh as fhe\u00e0rr leam.\u201d<\/p>\n<hr \/>\n<h3>\u00a0<\/h3>\n<h3>Gn\u00ecomh<\/h3>\n<p><strong>Geama Kim<\/strong><\/p>\n<p><strong>Leudachadh <\/strong><br \/>\n Mar gu h-\u00e0rd ach a\u2019 cleachdadh faclan litreachaidh no faclan cumanta.<\/p>\n<p>me<\/p>\n<h3 style=\"text-align: center;\"><img loading=\"lazy\" decoding=\"async\" class=\"aligncenter size-full wp-image-2088\" title=\"4A1 pic1\" src=\"https:\/\/storlann.co.uk\/mirean\/wp-content\/uploads\/2010\/09\/4A1-pic1.png\" alt=\"Graphic: Cleachdadh faclan\" width=\"637\" height=\"49\" srcset=\"https:\/\/storlann.co.uk\/mirean\/wp-content\/uploads\/2010\/09\/4A1-pic1.png 637w, https:\/\/storlann.co.uk\/mirean\/wp-content\/uploads\/2010\/09\/4A1-pic1-300x23.png 300w\" sizes=\"auto, (max-width: 637px) 100vw, 637px\" \/><\/h3>\n<p>\u201cAn e \u2018thuirt\u2019 a thug thu air falbh?\u201d<br \/>\n \u201c\u2019S e, ciamar a tha thu ga litreachadh?\u201d<br \/>\n \u201cT-H-U-I-R-T\u201d<\/p>\n<p>&nbsp;<\/p>\n<p><strong>C\u00f2 am fear an conadal? <\/strong><br \/>\n Cuir liosta de facail suas air a\u2019 bh\u00f2rd gheal agus faighnich do na sgoilearan:<\/p>\n<p>\u201cC\u00f2 am fear an conadal?\u201d<\/p>\n<p>Feumaidh na sgoilearan adhbhar a thoirt seachad air ciamar a thagh iad am fear sin.\u00a0 \u2019S d\u00f2cha gum bi aon fhreagairt follaiseach ach dh\u2019fhaodadh fear eile a bhith ceart cuideachd cho fad \u00a0\u2019s a tha iad a\u2019 m\u00ecneachadh carson.<br \/>\n me<\/p>\n<p><strong>curran\u00a0\u00a0\u00a0\u00a0\u00a0\u00a0\u00a0\u00a0 plumais\u00a0\u00a0\u00a0\u00a0 uinnean\u00a0\u00a0\u00a0\u00a0 c\u00e0l\u00a0\u00a0\u00a0\u00a0\u00a0\u00a0\u00a0\u00a0\u00a0\u00a0\u00a0 sn\u00e8ap<\/strong><\/p>\n<p>&nbsp;<\/p>\n<p>\u201c\u2019S e \u2018plumais\u2019 am fear conadal.\u201d<\/p>\n<p>(\u2019S e \u2018plumais\u2019 am freagairt follaiseach air sg\u00e0th gur e meas a th\u2019 ann agus \u2019s e glasraich a th\u2019 anns an fheadhainn eile ach tha freagairtean eile ann cuideachd: \u2018uinnean\u2019 oir tha e a\u2019 t\u00f2iseachadh le fuaimreag msaa)<\/p>\n<p>&nbsp;<\/p>\n<h3>\u00a0<\/h3>\n<\/div>\n","protected":false},"excerpt":{"rendered":"<p>Is\/Is e\/&#8217;s e\/an e\/chan e; is mise M\u00e0iri; &#8216;s e seo mo phiuthar; sin mo pheansail Cothroman ann an c\u00e0nan a\u2019 chlas airson eisimpleirean a thoirt don chloinn air structaran A\u2019 d\u00e8anamh c\u00f2mhradh air a\u2019 bhiadh \/ d\u00e8ideag \/ pr\u00f2gram \/ cuspair \/ c\u00f2mhlan-ci\u00f9il as fhe\u00e0rr leotha. \u201c\u2019S e Girls Aloud an c\u00f2mhlan-ci\u00f9il as fhe\u00e0rr [&hellip;]<\/p>\n","protected":false},"author":1,"featured_media":0,"parent":254,"menu_order":0,"comment_status":"closed","ping_status":"closed","template":"","meta":{"inline_featured_image":false,"footnotes":""},"class_list":["post-270","page","type-page","status-publish","hentry","has-post-title","has-post-date","has-post-category","has-post-tag","has-post-comment","has-post-author",""],"builder_content":"","_links":{"self":[{"href":"https:\/\/storlann.co.uk\/mirean\/wp-json\/wp\/v2\/pages\/270","targetHints":{"allow":["GET"]}}],"collection":[{"href":"https:\/\/storlann.co.uk\/mirean\/wp-json\/wp\/v2\/pages"}],"about":[{"href":"https:\/\/storlann.co.uk\/mirean\/wp-json\/wp\/v2\/types\/page"}],"author":[{"embeddable":true,"href":"https:\/\/storlann.co.uk\/mirean\/wp-json\/wp\/v2\/users\/1"}],"replies":[{"embeddable":true,"href":"https:\/\/storlann.co.uk\/mirean\/wp-json\/wp\/v2\/comments?post=270"}],"version-history":[{"count":0,"href":"https:\/\/storlann.co.uk\/mirean\/wp-json\/wp\/v2\/pages\/270\/revisions"}],"up":[{"embeddable":true,"href":"https:\/\/storlann.co.uk\/mirean\/wp-json\/wp\/v2\/pages\/254"}],"wp:attachment":[{"href":"https:\/\/storlann.co.uk\/mirean\/wp-json\/wp\/v2\/media?parent=270"}],"curies":[{"name":"wp","href":"https:\/\/api.w.org\/{rel}","templated":true}]}}