{"id":268,"date":"2010-09-17T15:12:07","date_gmt":"2010-09-17T13:12:07","guid":{"rendered":"https:\/\/storlann.co.uk\/mirean\/?page_id=268"},"modified":"2018-01-09T16:47:52","modified_gmt":"2018-01-09T16:47:52","slug":"obair-ire-t","status":"publish","type":"page","link":"https:\/\/storlann.co.uk\/mirean\/clar-amais\/ag-innse-de-tha-ann-an-rud-no-neach\/isis-es-e\/obair-ire-t\/","title":{"rendered":"Obair \u00ecre T"},"content":{"rendered":"<div class=\"obair-ire-t-wrapper\">\n<p class=\"obair-ire-t\"><em>Is\/Is e\/&#8217;s e\/an e\/chan e; is mise M\u00e0iri; &#8216;s e seo mo phiuthar; sin mo pheansail<\/em><\/p>\n<h3>Cothroman ann an c\u00e0nan a\u2019 chlas airson eisimpleirean a thoirt don chloinn air structaran<\/h3>\n<p><strong>Mo theaghlach<\/strong><br \/>\n Bruidhinn mu dheidhinn dealbhan a bheir a\u2019 chlann a-steach dhan sgoil.<br \/>\n \u201cAn e sin Mamaidh?\u201d \u201cS e, \u2019s e sin Mamaidh agus \u2019s e seo mo phiuthar, Anna.\u201d<br \/>\n \u201c\u2019S e seo mo Dhadaidh.\u201d<br \/>\n \u201cAn e dotair a th\u2019 ann?\u201d<br \/>\n \u201cChan e, \u2019s e tidsear a th\u2019 ann.\u201d<\/p>\n<h3>\u00a0<\/h3>\n<hr \/>\n<h3>Gn\u00ecomh<\/h3>\n<p><strong>Geama Kim<\/strong><br \/>\n Cruinnich t\u00f2rr rudan beaga agus cuir iad a-mach air a\u2019 bh\u00f2rd, me c\u00e0r beag, cunntair, peann, siosar, msaa. Feumaidh a h-uile duine na s\u00f9ilean aca a dh\u00f9nadh agus taghaidh aon sgoilear aon rud airson a thoirt air falbh.<\/p>\n<p>Fosglaidh a h-uile duine na s\u00f9ilean aca agus feumaidh iad t\u00f2mhas d\u00e8 an rud a thug e air falbh.<\/p>\n<p>\u201cAn e am peann a thug thu air falbh?\u201d<br \/>\n \u201c\u2019S e\/Chan e\u201d.<\/p>\n<p>&nbsp;<\/p>\n<p><strong>Leudachadh<\/strong><br \/>\n Faodaidh tu \u00e0ireamhan no fuaimean a chleachdadh an \u00e0ite rudan.<br \/>\n me cuir a-mach<\/p>\n<p>\u201cAn e \u2018gh\u2019 am fuaim a thagh thu?\u201d<br \/>\n \u201c\u2019S e \/chan e.\u201d<\/p>\n<p><strong>\u00a0<\/strong><\/p>\n<p><strong>Squiggle<\/strong><br \/>\n D\u00e8an cruth air choreigin air a\u2019 bh\u00f2rd-gheal agus seall dhan chloinn mar a dh\u2019atharraicheas tu an cruth gu rudeigin eile le bhith a\u2019 cur barrachd ris.<\/p>\n<p>D\u00e8an an aon cruth air an d\u00e0 thaobh den bh\u00f2rd-gheal agus tagh 2 sgoilear airson barrachd a chur ris gus dealbh de rudeigin a dh\u00e8anamh. Feumaidh a\u2019 chlann eile tomhas d\u00e8 th\u2019 annta agus aig an deireadh bidh na sgoilearan ag innse beagan mu dheidhinn,\u00a0 a\u2019 cleachdadh p\u00e0tran na seachdain.<\/p>\n<p>me<\/p>\n<p>\u201c\u2019S e seo Te\u00e0rlach. \u2019S e Te\u00e0rlach an teadaidh agam. \u2019S e Te\u00e0rlach an teadaidh as fhe\u00e0rr anns an t-saoghal. Tha e donn agus molach.\u201d<\/p>\n<hr \/>\n<h3>Cothroman tar-churraicealaim<\/h3>\n<p><strong>Matamataig<\/strong><br \/>\n Anns a\u2019 bh\u00f9th, no le dealbhan, d\u00e8an c\u00f2mhradh air na rudan ri reic, a\u2019 cleachdadh p\u00e0tran na seachdain.<br \/>\n me<\/p>\n<p>\u201cD\u00e8 an d\u00e8ideag as daoire?\u201d<br \/>\n \u201c\u2019S e an tr\u00e8ana an d\u00e8ideag as daoire.\u201d<br \/>\n\u201c\u2019S e an teadaidh an d\u00e8ideag as motha.\u201d<\/p>\n<hr \/>\n<h3>\u00d2rain agus rannan (D\u00e8 thuirt thu?)<\/h3>\n<p>Na maragan aig Ruairidh<br \/>\n A chur nan gobhar \u00e0s a\u2019 chreig<br \/>\n Nuair a bha mi na mo mhaighdinn<br \/>\n Seo an t\u00e8 a leag an sabhal<br \/>\n Sp\u00f2rs le do chorragan<br \/>\n Cluinn an t\u00e0irneanach<\/p>\n<p>&nbsp;<\/p>\n<\/div>\n","protected":false},"excerpt":{"rendered":"<p>Is\/Is e\/&#8217;s e\/an e\/chan e; is mise M\u00e0iri; &#8216;s e seo mo phiuthar; sin mo pheansail Cothroman ann an c\u00e0nan a\u2019 chlas airson eisimpleirean a thoirt don chloinn air structaran Mo theaghlach Bruidhinn mu dheidhinn dealbhan a bheir a\u2019 chlann a-steach dhan sgoil. \u201cAn e sin Mamaidh?\u201d \u201cS e, \u2019s e sin Mamaidh agus \u2019s [&hellip;]<\/p>\n","protected":false},"author":1,"featured_media":0,"parent":254,"menu_order":0,"comment_status":"closed","ping_status":"closed","template":"","meta":{"inline_featured_image":false,"footnotes":""},"class_list":["post-268","page","type-page","status-publish","hentry","has-post-title","has-post-date","has-post-category","has-post-tag","has-post-comment","has-post-author",""],"builder_content":"","_links":{"self":[{"href":"https:\/\/storlann.co.uk\/mirean\/wp-json\/wp\/v2\/pages\/268","targetHints":{"allow":["GET"]}}],"collection":[{"href":"https:\/\/storlann.co.uk\/mirean\/wp-json\/wp\/v2\/pages"}],"about":[{"href":"https:\/\/storlann.co.uk\/mirean\/wp-json\/wp\/v2\/types\/page"}],"author":[{"embeddable":true,"href":"https:\/\/storlann.co.uk\/mirean\/wp-json\/wp\/v2\/users\/1"}],"replies":[{"embeddable":true,"href":"https:\/\/storlann.co.uk\/mirean\/wp-json\/wp\/v2\/comments?post=268"}],"version-history":[{"count":0,"href":"https:\/\/storlann.co.uk\/mirean\/wp-json\/wp\/v2\/pages\/268\/revisions"}],"up":[{"embeddable":true,"href":"https:\/\/storlann.co.uk\/mirean\/wp-json\/wp\/v2\/pages\/254"}],"wp:attachment":[{"href":"https:\/\/storlann.co.uk\/mirean\/wp-json\/wp\/v2\/media?parent=268"}],"curies":[{"name":"wp","href":"https:\/\/api.w.org\/{rel}","templated":true}]}}