{"id":256,"date":"2010-09-17T15:08:55","date_gmt":"2010-09-17T15:08:55","guid":{"rendered":"https:\/\/storlann.co.uk\/mirean\/?page_id=256"},"modified":"2018-01-09T09:08:51","modified_gmt":"2018-01-09T09:08:51","slug":"s-e-feorag-a-tha-ann","status":"publish","type":"page","link":"https:\/\/storlann.co.uk\/mirean\/clar-amais\/ag-innse-de-tha-ann-an-rud-no-neach\/s-e-feorag-a-tha-ann\/","title":{"rendered":"\u2019S e fe\u00f2rag a tha ann"},"content":{"rendered":"<h3 class=\"page-info\">M\u00ecneachadh<\/h3>\n<p>\u2019S e am p\u00e0tran a leanas an d\u00f2igh as cumanta air a r\u00e0dh d\u00e8 tha ann an rud no neach:<\/p>\n<ul type=\"disc\">\n<li><strong>\u2019S e<\/strong> poileas <strong>a <\/strong>tha<strong> ann am<\/strong> Mata.<\/li>\n<li><strong>\u2019S e<\/strong> Sgitheanach <strong>a <\/strong>tha<strong> anns<\/strong> an duine sin.<\/li>\n<li><strong>\u2019S e<\/strong> eaglais <strong>a <\/strong>bha<strong> anns<\/strong> an togalach sin uaireigin.<\/li>\n<\/ul>\n<p>Tha an rud no neach mu bheil an t-seantans (<strong>Mata, an duine, an togalach<\/strong>)<strong> <\/strong>an-c\u00f2mhnaidh san \u00e0ite mu dheireadh agus am m\u00ecneachadh (<strong>poileas, Sgitheanach, eaglais<\/strong>) anns a\u2019 chiad ph\u00e0irt (ron <strong>a<\/strong>).<\/p>\n<p>[Tha <strong>anns an\/anns a\u2019<\/strong> mar as trice air an giorrachadh gu <strong>san\/sa<\/strong>: \u2019S e eaglais a bha <strong>san<\/strong> togalach sin uaireigin, \u2019S e saighdear a bha <strong>sa<\/strong> bhodach nuair a bha e \u00f2g.]<\/p>\n<p>Nuair is ann mu <strong>mi, thu, e, i, sinn, sibh, iad<\/strong> a tha an seantans, tha na faclan a leanas air an cleachadh:<\/p>\n<ul type=\"circle\">\n<li><strong>annam <\/strong>(mi)<\/li>\n<\/ul>\n<ul type=\"disc\">\n<li><strong>annad <\/strong>(thu)<\/li>\n<\/ul>\n<ul type=\"disc\">\n<li><strong>ann <\/strong>(e)<\/li>\n<\/ul>\n<ul type=\"disc\">\n<li><strong>innte <\/strong>(i)<\/li>\n<\/ul>\n<ul type=\"disc\">\n<li><strong>annainn <\/strong>(sinn)<\/li>\n<\/ul>\n<ul type=\"disc\">\n<li><strong>annaibh <\/strong>(sibh)<\/li>\n<\/ul>\n<ul type=\"disc\">\n<li><strong>annta <\/strong>(iad)<strong>.<\/strong><\/li>\n<\/ul>\n<p>Mar eisimpleir:<\/p>\n<ul type=\"disc\">\n<li><strong>\u2019S e<\/strong> e dorsair <strong>a<\/strong> tha <strong>annam<\/strong>.<\/li>\n<li><strong>\u2019S e<\/strong> p\u00ecobairean <strong>a<\/strong> tha <strong>annta<\/strong>.<\/li>\n<\/ul>\n<p>[Faodar <strong>b\u2019 e, b\u2019 e<\/strong>, <strong>cha b\u2019 e<\/strong> a chleachdadh airson an \u00e0m a chaidh seachad \u2013 me, <strong>B\u2019 e <\/strong>eaglais a bha san togalach &#8211; ach chan eil seo cumanta. Tha <strong>\u2019s e <\/strong>air a chleachdadh cuideachd airson barrachd air aon rud: <strong>\u2018S e<\/strong> iasgairean a bha ann am Peadar agus Anndra.]<\/p>\n<p>&nbsp;<\/p>\n<hr \/>\n<div id=\"ccchildpages-1\" class=\"ccchildpages ccflex twocol ccgreen ccclearfix\"><ul class=\"ccchildpages_list ccclearfix\"><li class=\"page_item page-item-279\"><a href=\"https:\/\/storlann.co.uk\/mirean\/clar-amais\/ag-innse-de-tha-ann-an-rud-no-neach\/s-e-feorag-a-tha-ann\/eisimpleir\/\">Eisimpleirean<\/a><\/li>\n<li class=\"page_item page-item-277\"><a href=\"https:\/\/storlann.co.uk\/mirean\/clar-amais\/ag-innse-de-tha-ann-an-rud-no-neach\/s-e-feorag-a-tha-ann\/obair-ire-t\/\">Obair \u00ecre T<\/a><\/li>\n<li class=\"page_item page-item-275\"><a href=\"https:\/\/storlann.co.uk\/mirean\/clar-amais\/ag-innse-de-tha-ann-an-rud-no-neach\/s-e-feorag-a-tha-ann\/obair-ire-1\/\">Obair \u00ecre 1<\/a><\/li>\n<li class=\"page_item page-item-273\"><a href=\"https:\/\/storlann.co.uk\/mirean\/clar-amais\/ag-innse-de-tha-ann-an-rud-no-neach\/s-e-feorag-a-tha-ann\/obair-ire-2\/\">Obair \u00ecre 2<\/a><\/li><\/ul><\/div>\n","protected":false},"excerpt":{"rendered":"<p>M\u00ecneachadh \u2019S e am p\u00e0tran a leanas an d\u00f2igh as cumanta air a r\u00e0dh d\u00e8 tha ann an rud no neach: \u2019S e poileas a tha ann am Mata. \u2019S e Sgitheanach a tha anns an duine sin. \u2019S e eaglais a bha anns an togalach sin uaireigin. Tha an rud no neach mu bheil [&hellip;]<\/p>\n","protected":false},"author":1,"featured_media":0,"parent":164,"menu_order":69,"comment_status":"closed","ping_status":"closed","template":"","meta":{"inline_featured_image":false,"footnotes":""},"class_list":["post-256","page","type-page","status-publish","hentry","has-post-title","has-post-date","has-post-category","has-post-tag","has-post-comment","has-post-author",""],"builder_content":"","_links":{"self":[{"href":"https:\/\/storlann.co.uk\/mirean\/wp-json\/wp\/v2\/pages\/256","targetHints":{"allow":["GET"]}}],"collection":[{"href":"https:\/\/storlann.co.uk\/mirean\/wp-json\/wp\/v2\/pages"}],"about":[{"href":"https:\/\/storlann.co.uk\/mirean\/wp-json\/wp\/v2\/types\/page"}],"author":[{"embeddable":true,"href":"https:\/\/storlann.co.uk\/mirean\/wp-json\/wp\/v2\/users\/1"}],"replies":[{"embeddable":true,"href":"https:\/\/storlann.co.uk\/mirean\/wp-json\/wp\/v2\/comments?post=256"}],"version-history":[{"count":0,"href":"https:\/\/storlann.co.uk\/mirean\/wp-json\/wp\/v2\/pages\/256\/revisions"}],"up":[{"embeddable":true,"href":"https:\/\/storlann.co.uk\/mirean\/wp-json\/wp\/v2\/pages\/164"}],"wp:attachment":[{"href":"https:\/\/storlann.co.uk\/mirean\/wp-json\/wp\/v2\/media?parent=256"}],"curies":[{"name":"wp","href":"https:\/\/api.w.org\/{rel}","templated":true}]}}