{"id":254,"date":"2010-09-17T15:08:13","date_gmt":"2010-09-17T13:08:13","guid":{"rendered":"https:\/\/storlann.co.uk\/mirean\/?page_id=254"},"modified":"2018-01-09T09:08:34","modified_gmt":"2018-01-09T09:08:34","slug":"isis-es-e","status":"publish","type":"page","link":"https:\/\/storlann.co.uk\/mirean\/clar-amais\/ag-innse-de-tha-ann-an-rud-no-neach\/isis-es-e\/","title":{"rendered":"Is\/Is e\/&#8217;S e"},"content":{"rendered":"<h3 class=\"page-info\">M\u00ecneachadh<\/h3>\n<p>\u2019S e p\u00e0train st\u00e8idhte air <strong>is <\/strong>an d\u00f2igh<strong> <\/strong>as cumanta air a r\u00e0dh d\u00e8 tha ann an rud no neach.\u00a0 Gheibhear <strong>is<\/strong> anns na riochdan seo:<\/p>\n<ul type=\"circle\">\n<li><strong>is, is e, \u2019s e, an e, chan e<\/strong>.<\/li>\n<\/ul>\n<p>[Gheibhear<strong> \u2019s i <\/strong>agus <strong>\u2019s iad <\/strong>uaireannan<strong> <\/strong>cuideachd<strong> <\/strong>ach tha <strong>\u2019s e <\/strong>nas cumanta.]<\/p>\n<p>Tha am p\u00e0tran <strong>Is mise M\u00e0iri<\/strong> air a chleachdadh airson innse ainmean ach mar as trice \u2019s e <strong>\u2019s e\/an e\/chan e <\/strong>a tha air a chleachdadh an \u00e0ite <strong>is <\/strong>leis fh\u00e8in:<\/p>\n<ul type=\"disc\">\n<li><strong>\u2019S e<\/strong> Iain an dorsair.<\/li>\n<li><strong>\u2019S e<\/strong> Iain mo bhr\u00e0thair.<\/li>\n<\/ul>\n<p>Chan eil am p\u00e0tran seo air a chleachdadh ach nuair a tha an t-alt (<strong>an\/am, a\u2019, an t-<\/strong>) no <strong>mo, do \u2026 <\/strong>a\u2019 dol leis an dara facal:\u00a0ie chan urrainnear a chleachdadh airson \u2018John is <strong>a<\/strong> janitor\u2019.<\/p>\n<p>[Ach mothaich gum faod an t-alt a bhith am broinn abairt: \u2019S e Iain dorsair <strong>na<\/strong> sgoile.]<\/p>\n<p>Faodar rudan a bharrachd a chur ris an dara facal, mar eisimpleir:<\/p>\n<ul type=\"disc\">\n<li>\u2019S e Iain <strong>am<\/strong> <strong>fear<\/strong> <strong>mu dheireadh a th\u00e0inig<\/strong>.<\/li>\n<li>\u2019S e D\u00f9n \u00c8ideann <strong>am baile<\/strong> <strong>as br\u00e8agha ann an Alba.<\/strong><\/li>\n<\/ul>\n<p>[Gl\u00e8 thric tha <strong>\u2018s e <\/strong>air fh\u00e0gail \u00e0s ro <strong>seo<\/strong> agus <strong>sin<\/strong>: <strong>Sin<\/strong> am peansail agad. Uaireannan tha am p\u00e0tran seo air a chleachdadh ged nach biodh an t-alt ann: Sin <strong>fe\u00f2rag ruadh<\/strong>.]<\/p>\n<p>&nbsp;<\/p>\n<hr \/>\n<div id=\"ccchildpages-1\" class=\"ccchildpages ccflex twocol ccgreen ccclearfix\"><ul class=\"ccchildpages_list ccclearfix\"><li class=\"page_item page-item-268\"><a href=\"https:\/\/storlann.co.uk\/mirean\/clar-amais\/ag-innse-de-tha-ann-an-rud-no-neach\/isis-es-e\/obair-ire-t\/\">Obair \u00ecre T<\/a><\/li>\n<li class=\"page_item page-item-270\"><a href=\"https:\/\/storlann.co.uk\/mirean\/clar-amais\/ag-innse-de-tha-ann-an-rud-no-neach\/isis-es-e\/obair-ire-1\/\">Obair \u00ecre 1<\/a><\/li><\/ul><\/div>\n","protected":false},"excerpt":{"rendered":"<p>M\u00ecneachadh \u2019S e p\u00e0train st\u00e8idhte air is an d\u00f2igh as cumanta air a r\u00e0dh d\u00e8 tha ann an rud no neach.\u00a0 Gheibhear is anns na riochdan seo: is, is e, \u2019s e, an e, chan e. [Gheibhear \u2019s i agus \u2019s iad uaireannan cuideachd ach tha \u2019s e nas cumanta.] Tha am p\u00e0tran Is mise [&hellip;]<\/p>\n","protected":false},"author":1,"featured_media":0,"parent":164,"menu_order":12,"comment_status":"closed","ping_status":"closed","template":"","meta":{"inline_featured_image":false,"footnotes":""},"class_list":["post-254","page","type-page","status-publish","hentry","has-post-title","has-post-date","has-post-category","has-post-tag","has-post-comment","has-post-author",""],"builder_content":"","_links":{"self":[{"href":"https:\/\/storlann.co.uk\/mirean\/wp-json\/wp\/v2\/pages\/254","targetHints":{"allow":["GET"]}}],"collection":[{"href":"https:\/\/storlann.co.uk\/mirean\/wp-json\/wp\/v2\/pages"}],"about":[{"href":"https:\/\/storlann.co.uk\/mirean\/wp-json\/wp\/v2\/types\/page"}],"author":[{"embeddable":true,"href":"https:\/\/storlann.co.uk\/mirean\/wp-json\/wp\/v2\/users\/1"}],"replies":[{"embeddable":true,"href":"https:\/\/storlann.co.uk\/mirean\/wp-json\/wp\/v2\/comments?post=254"}],"version-history":[{"count":0,"href":"https:\/\/storlann.co.uk\/mirean\/wp-json\/wp\/v2\/pages\/254\/revisions"}],"up":[{"embeddable":true,"href":"https:\/\/storlann.co.uk\/mirean\/wp-json\/wp\/v2\/pages\/164"}],"wp:attachment":[{"href":"https:\/\/storlann.co.uk\/mirean\/wp-json\/wp\/v2\/media?parent=254"}],"curies":[{"name":"wp","href":"https:\/\/api.w.org\/{rel}","templated":true}]}}