{"id":242,"date":"2010-09-16T15:07:28","date_gmt":"2010-09-16T15:07:28","guid":{"rendered":"http:\/\/localhost\/wordpress\/?page_id=238"},"modified":"2018-01-09T16:36:31","modified_gmt":"2018-01-09T16:36:31","slug":"obair-ire-1","status":"publish","type":"page","link":"https:\/\/storlann.co.uk\/mirean\/clar-amais\/ag-innse-mu-rudan-a-thachras-as-deidh-seo\/ni-an-dean-cha-dean-cluinnidh-an-cluinn-cha-chluinn\/obair-ire-1\/","title":{"rendered":"Obair \u00ecre 1"},"content":{"rendered":"<div class=\"obair-ire-1-wrapper\">\n<p class=\"obair-ire1\"><em>N\u00ec, an d\u00e8an, cha d\u00e8an; ch\u00ec, am faic, chan fhaic; canaidh, an can, cha chan; a chluinneas<\/em><\/p>\n<h3>Cothroman ann an c\u00e0nan a\u2019 chlas airson eisimpleirean a thoirt don chloinn air structaran<\/h3>\n<p>An tidsear a\u2019 toirt dhan chloinn tuigse mu riaghailtean a\u2019 chlas agus riaghailtean na sgoile.<br \/>\n \u201cAn d\u00e8an thu seo?\u201d \u201cN\u00ec\/cha d\u00e8an\u201d<\/p>\n<hr \/>\n<h3>Gn\u00ecomhan<\/h3>\n<p><strong>Pelmanism<\/strong><\/p>\n<p><span style=\"text-decoration: underline;\">Ch\u00ec\/chan fhaic<\/span><br \/>\n D\u00e8an suas cairtean de dh\u2019\u00e0iteachan air cairt dhearg agus cairtean le rudan a chitheadh tu anns na h-\u00e0iteachan sin air cairt ghorm agus cuir s\u00ecos iad air am beul fodha. Mar seo:<\/p>\n<p>&nbsp;<\/p>\n<div align=\"center\">\n<p><img loading=\"lazy\" decoding=\"async\" class=\"alignleft size-full wp-image-2079\" title=\"cairtean1\" src=\"https:\/\/storlann.co.uk\/mirean\/wp-content\/uploads\/2010\/09\/cairtean1.png\" alt=\"Graphic:Cards\" width=\"168\" height=\"122\" \/><img loading=\"lazy\" decoding=\"async\" class=\"alignright size-full wp-image-2080\" title=\"tigear\" src=\"https:\/\/storlann.co.uk\/mirean\/wp-content\/uploads\/2010\/09\/tigear.png\" alt=\"Graphic: Tiger\" width=\"97\" height=\"133\" \/><\/p>\n<table border=\"1\" cellspacing=\"0\" cellpadding=\"0\" align=\"left\">\n<tbody>\n<tr class=\"obair-ire1-table-bg\">\n<td valign=\"top\" width=\"165\"><strong>Cairtean dearg<\/strong><\/td>\n<td valign=\"top\" width=\"165\"><strong>Cairtean gorm<\/strong><\/td>\n<\/tr>\n<tr>\n<td valign=\"top\" width=\"165\">Sutha<\/td>\n<td valign=\"top\" width=\"165\">t\u00ecgear<\/td>\n<\/tr>\n<tr>\n<td valign=\"top\" width=\"165\">Leabhar-lann<\/td>\n<td valign=\"top\" width=\"165\">leabhraichean<\/td>\n<\/tr>\n<tr>\n<td valign=\"top\" width=\"165\">Tuathanas<\/td>\n<td valign=\"top\" width=\"165\">b\u00f2<\/td>\n<\/tr>\n<tr>\n<td valign=\"top\" width=\"165\">Coille<\/td>\n<td valign=\"top\" width=\"165\">duilleagan<\/td>\n<\/tr>\n<tr>\n<td valign=\"top\" width=\"165\">Baile m\u00f2r<\/td>\n<td valign=\"top\" width=\"165\">togalaichean \u00e0rda<\/td>\n<\/tr>\n<\/tbody>\n<\/table>\n<\/div>\n<p>&nbsp;<\/p>\n<p>&nbsp;<\/p>\n<h3>\u00a0<\/h3>\n<p>&nbsp;<\/p>\n<p>&nbsp;<\/p>\n<p>Eisimpleirean:<br \/>\n Feumaidh na sgoilearan aon chairt dhearg agus aon chairt ghorm a thogail a\u2019 feuchainn ri paidhir freagarrach a lorg.<br \/>\n me<\/p>\n<p>Sgoilear 1: \u201cTh\u00e8id mise dhan t-sutha a-m\u00e0ireach agus ch\u00ec mi leabhraichean.\u201d<br \/>\n Sgoilear 2: \u201cAm faic?\u201d<br \/>\n Sgoilear 1: \u201cChan fhaic.\u201d<\/p>\n<p>Agus cuiridh e na cairtean air ais far an d\u2019 fhuair e iad. Ma tha e a\u2019 togail paidhir, cumaidh e iad, agus bidh an sgoilear leis an \u00e0ireamh as \u00e0irde de chairtean aig an deireadh a\u2019 buannachadh.<\/p>\n<p>&nbsp;<\/p>\n<p><strong>Leabhraichean<\/strong><\/p>\n<p>Mathan donn, mathan donn<\/p>\n<hr \/>\n<h3>Cothroman tar-churraicealaim<\/h3>\n<p><strong>Ealain<\/strong><br \/>\n Faodaidh na sgoilearan dealbh a dh\u00e8anamh air d\u00e8 ch\u00ec iad bhon uinneig aca fh\u00e8in no uinneag na sgoile. Faodaidh iad an dealbh aca a shealltainn dhan a\u2019 chlas agus cantainn, \u201cCh\u00ec mi\u2026\u201d<\/p>\n<hr \/>\n<h3>\u00d2rain agus rannan (D\u00e8 thuirt thu?)<\/h3>\n<p>Anns a\u2019 chidsin (n\u00ec)<br \/>\n Chaidh mi dhan sgoil an-d\u00e8 (n\u00ec)<br \/>\n \u00d2ran Disathairne (n\u00ec)<br \/>\n Tha s\u00ecol beag fon talamh (n\u00ec)<br \/>\n Gealach \u00f9r is rionnagan (ch\u00ec)<br \/>\n Madainn mhath, nach d\u00f9isg thu (ch\u00ec)<br \/>\n Tha sinn a\u2019 dol dhan t-sutha an-dr\u00e0sta (ch\u00ec sinn)<br \/>\n Bl\u00e0rag (ch\u00ec)<\/p>\n<\/div>\n","protected":false},"excerpt":{"rendered":"<p>N\u00ec, an d\u00e8an, cha d\u00e8an; ch\u00ec, am faic, chan fhaic; canaidh, an can, cha chan; a chluinneas Cothroman ann an c\u00e0nan a\u2019 chlas airson eisimpleirean a thoirt don chloinn air structaran An tidsear a\u2019 toirt dhan chloinn tuigse mu riaghailtean a\u2019 chlas agus riaghailtean na sgoile. \u201cAn d\u00e8an thu seo?\u201d \u201cN\u00ec\/cha d\u00e8an\u201d Gn\u00ecomhan Pelmanism Ch\u00ec\/chan [&hellip;]<\/p>\n","protected":false},"author":1,"featured_media":0,"parent":210,"menu_order":77,"comment_status":"closed","ping_status":"closed","template":"","meta":{"inline_featured_image":false,"footnotes":""},"class_list":["post-242","page","type-page","status-publish","hentry","has-post-title","has-post-date","has-post-category","has-post-tag","has-post-comment","has-post-author",""],"builder_content":"","_links":{"self":[{"href":"https:\/\/storlann.co.uk\/mirean\/wp-json\/wp\/v2\/pages\/242","targetHints":{"allow":["GET"]}}],"collection":[{"href":"https:\/\/storlann.co.uk\/mirean\/wp-json\/wp\/v2\/pages"}],"about":[{"href":"https:\/\/storlann.co.uk\/mirean\/wp-json\/wp\/v2\/types\/page"}],"author":[{"embeddable":true,"href":"https:\/\/storlann.co.uk\/mirean\/wp-json\/wp\/v2\/users\/1"}],"replies":[{"embeddable":true,"href":"https:\/\/storlann.co.uk\/mirean\/wp-json\/wp\/v2\/comments?post=242"}],"version-history":[{"count":0,"href":"https:\/\/storlann.co.uk\/mirean\/wp-json\/wp\/v2\/pages\/242\/revisions"}],"up":[{"embeddable":true,"href":"https:\/\/storlann.co.uk\/mirean\/wp-json\/wp\/v2\/pages\/210"}],"wp:attachment":[{"href":"https:\/\/storlann.co.uk\/mirean\/wp-json\/wp\/v2\/media?parent=242"}],"curies":[{"name":"wp","href":"https:\/\/api.w.org\/{rel}","templated":true}]}}