{"id":241,"date":"2010-09-16T15:07:02","date_gmt":"2010-09-16T15:07:02","guid":{"rendered":"http:\/\/localhost\/wordpress\/?page_id=236"},"modified":"2011-11-03T17:10:33","modified_gmt":"2011-11-03T17:10:33","slug":"eisimpleir","status":"publish","type":"page","link":"https:\/\/storlann.co.uk\/mirean\/clar-amais\/ag-innse-mu-rudan-a-thachras-as-deidh-seo\/ni-an-dean-cha-dean-cluinnidh-an-cluinn-cha-chluinn\/eisimpleir\/","title":{"rendered":"Eisimpleirean"},"content":{"rendered":"<table class=\"eisimpleirean-t\" title=\"This table contains useage examples\" width=\"100%\">\n<tbody>\n<tr class=\"eisimpleirean-t-h\">\n<td width=\"102\">\n<p align=\"center\">Facal gn\u00ecomh<\/p>\n<\/td>\n<td width=\"198\">\n<p align=\"center\">An rud a thachras<\/p>\n<\/td>\n<td width=\"186\">\n<p align=\"center\">Ceist\/cha \u2026<\/p>\n<\/td>\n<td width=\"156\">\n<p align=\"center\">c\u00f2\/ma\/a \u2026<\/p>\n<\/td>\n<\/tr>\n<tr>\n<td width=\"102\">abair<\/td>\n<td width=\"198\">Their mi a-rithist e.<\/td>\n<td width=\"186\">an abair\/chan abair<\/td>\n<td width=\"156\">c\u00f2 dh\u2019abras<\/td>\n<\/tr>\n<tr>\n<td width=\"102\">beir<\/td>\n<td width=\"198\">Beiridh mi air l\u00e0imh air.<\/td>\n<td width=\"186\">am beir\/cha bheir<\/td>\n<td width=\"156\">c\u00f2 bheireas<\/td>\n<\/tr>\n<tr>\n<td width=\"102\">can\/abair<\/td>\n<td width=\"198\">Canaidh mi sin riutha.<\/td>\n<td width=\"186\">an can\/cha chan<\/td>\n<td width=\"156\">c\u00f2 chanas<\/td>\n<\/tr>\n<tr>\n<td width=\"102\">cluinn<\/td>\n<td width=\"198\">Cluinnidh mi mun sin.<\/td>\n<td width=\"186\">an\u00a0 cluinn\/cha chluinn<\/td>\n<td width=\"156\">c\u00f2 chluinneas<\/td>\n<\/tr>\n<tr>\n<td width=\"102\">d\u00e8an<\/td>\n<td width=\"198\">N\u00ec mi fh\u00e8in an dinnear.<\/td>\n<td width=\"186\">an d\u00e8an\/cha d\u00e8an<\/td>\n<td width=\"156\">c\u00f2 n\u00ec<\/td>\n<\/tr>\n<tr>\n<td width=\"102\">faic<\/td>\n<td width=\"198\">Ch\u00ec sinn am pr\u00f2gram.<\/td>\n<td width=\"186\">am faca\/chan fhaca<\/td>\n<td width=\"156\">c\u00f2 ch\u00ec<\/td>\n<\/tr>\n<tr>\n<td width=\"102\">faigh<\/td>\n<td width=\"198\">Gheibh mi leabhar \u00f9r.<\/td>\n<td width=\"186\">am faigh\/chan fhaigh<\/td>\n<td width=\"156\">c\u00f2 gheibh<\/td>\n<\/tr>\n<tr>\n<td width=\"102\">rach<\/td>\n<td width=\"198\">Th\u00e8id sinn dhachaigh.<\/td>\n<td width=\"186\">an t\u00e8id\/cha t\u00e8id<\/td>\n<td width=\"156\">c\u00f2 th\u00e8id<\/td>\n<\/tr>\n<tr>\n<td width=\"102\">ruig<\/td>\n<td width=\"198\">Ruigidh sinn mu ochd.<\/td>\n<td width=\"186\">an ruig\/cha ruig<\/td>\n<td width=\"156\">c\u00f2 ruigeas<\/td>\n<\/tr>\n<tr>\n<td width=\"102\">thig<\/td>\n<td width=\"198\">Thig e air ais an-diugh.<\/td>\n<td width=\"186\">an tig\/cha tig<\/td>\n<td width=\"156\">c\u00f2 thig<\/td>\n<\/tr>\n<tr>\n<td width=\"102\">thoir<\/td>\n<td width=\"198\">Bheir mi dhut preusant.<\/td>\n<td width=\"186\">an toir\/cha toir<\/td>\n<td width=\"156\">c\u00f2 bheir<\/td>\n<\/tr>\n<\/tbody>\n<\/table>\n","protected":false},"excerpt":{"rendered":"<p>Facal gn\u00ecomh An rud a thachras Ceist\/cha \u2026 c\u00f2\/ma\/a \u2026 abair Their mi a-rithist e. an abair\/chan abair c\u00f2 dh\u2019abras beir Beiridh mi air l\u00e0imh air. am beir\/cha bheir c\u00f2 bheireas can\/abair Canaidh mi sin riutha. an can\/cha chan c\u00f2 chanas cluinn Cluinnidh mi mun sin. an\u00a0 cluinn\/cha chluinn c\u00f2 chluinneas d\u00e8an N\u00ec mi fh\u00e8in [&hellip;]<\/p>\n","protected":false},"author":1,"featured_media":0,"parent":210,"menu_order":75,"comment_status":"open","ping_status":"open","template":"page-eisimpleirean.php","meta":{"inline_featured_image":false,"footnotes":""},"class_list":["post-241","page","type-page","status-publish","hentry","has-post-title","has-post-date","has-post-category","has-post-tag","has-post-comment","has-post-author",""],"builder_content":"","_links":{"self":[{"href":"https:\/\/storlann.co.uk\/mirean\/wp-json\/wp\/v2\/pages\/241","targetHints":{"allow":["GET"]}}],"collection":[{"href":"https:\/\/storlann.co.uk\/mirean\/wp-json\/wp\/v2\/pages"}],"about":[{"href":"https:\/\/storlann.co.uk\/mirean\/wp-json\/wp\/v2\/types\/page"}],"author":[{"embeddable":true,"href":"https:\/\/storlann.co.uk\/mirean\/wp-json\/wp\/v2\/users\/1"}],"replies":[{"embeddable":true,"href":"https:\/\/storlann.co.uk\/mirean\/wp-json\/wp\/v2\/comments?post=241"}],"version-history":[{"count":0,"href":"https:\/\/storlann.co.uk\/mirean\/wp-json\/wp\/v2\/pages\/241\/revisions"}],"up":[{"embeddable":true,"href":"https:\/\/storlann.co.uk\/mirean\/wp-json\/wp\/v2\/pages\/210"}],"wp:attachment":[{"href":"https:\/\/storlann.co.uk\/mirean\/wp-json\/wp\/v2\/media?parent=241"}],"curies":[{"name":"wp","href":"https:\/\/api.w.org\/{rel}","templated":true}]}}