{"id":236,"date":"2010-09-16T12:54:02","date_gmt":"2010-09-16T12:54:02","guid":{"rendered":"http:\/\/localhost\/wordpress\/?page_id=27"},"modified":"2011-11-02T12:13:09","modified_gmt":"2011-11-02T12:13:09","slug":"eisimpleir","status":"publish","type":"page","link":"https:\/\/storlann.co.uk\/mirean\/clar-amais\/ag-innse-mu-rudan-a-tha-a-tachairt-aig-an-am-seo\/tha\/eisimpleir\/","title":{"rendered":"Eisimpleirean"},"content":{"rendered":"<table class=\"eisimpleirean-t\" width=\"666\">\n<tbody>\n<tr>\n<td class=\"eisimpleirean-t-h\" valign=\"top\" width=\"222\">\n<p align=\"center\">P\u00e0irt 1<\/p>\n<\/td>\n<td class=\"eisimpleirean-t-h\" valign=\"top\" width=\"168\">\n<p align=\"center\">tha, a bheil, chan eil<\/p>\n<\/td>\n<td class=\"eisimpleirean-t-h\" valign=\"top\" width=\"174\">\n<p align=\"center\">P\u00e0irt 2<\/p>\n<\/td>\n<\/tr>\n<tr>\n<td valign=\"top\" width=\"222\">\n<p align=\"center\">&#8211;<\/p>\n<\/td>\n<td valign=\"top\" width=\"168\">\n<p align=\"center\">Tha<\/p>\n<\/td>\n<td valign=\"top\" width=\"174\">an t-uisge ann.<\/td>\n<\/tr>\n<tr>\n<td valign=\"top\" width=\"222\">C\u00f2, d\u00e8<\/td>\n<td valign=\"top\" width=\"168\">\n<p align=\"center\">tha<\/p>\n<\/td>\n<td valign=\"top\" width=\"174\">ann?<\/td>\n<\/tr>\n<tr>\n<td valign=\"top\" width=\"222\">Cuin a, carson a, ciamar a<\/td>\n<td valign=\"top\" width=\"168\">\n<p align=\"center\">tha<\/p>\n<\/td>\n<td valign=\"top\" width=\"174\">thu a&#8217; dol ann?<\/td>\n<\/tr>\n<tr>\n<td valign=\"top\" width=\"222\">A<\/td>\n<td valign=\"top\" width=\"168\">\n<p align=\"center\">bheil<\/p>\n<\/td>\n<td valign=\"top\" width=\"174\">an t-uisge ann?<\/td>\n<\/tr>\n<tr>\n<td valign=\"top\" width=\"222\">C\u00e0it a<\/td>\n<td valign=\"top\" width=\"168\">\n<p align=\"center\">bheil<\/p>\n<\/td>\n<td valign=\"top\" width=\"174\">thu?<\/td>\n<\/tr>\n<tr>\n<td valign=\"top\" width=\"222\">Chan<\/td>\n<td valign=\"top\" width=\"168\">\n<p align=\"center\">eil<\/p>\n<\/td>\n<td valign=\"top\" width=\"174\">an t-uisge ann.<\/td>\n<\/tr>\n<\/tbody>\n<\/table>\n","protected":false},"excerpt":{"rendered":"<p>P\u00e0irt 1 tha, a bheil, chan eil P\u00e0irt 2 &#8211; Tha an t-uisge ann. C\u00f2, d\u00e8 tha ann? Cuin a, carson a, ciamar a tha thu a&#8217; dol ann? A bheil an t-uisge ann? C\u00e0it a bheil thu? Chan eil an t-uisge ann.<\/p>\n","protected":false},"author":1,"featured_media":0,"parent":231,"menu_order":0,"comment_status":"open","ping_status":"open","template":"page-eisimpleirean.php","meta":{"inline_featured_image":false,"footnotes":""},"class_list":["post-236","page","type-page","status-publish","hentry","has-post-title","has-post-date","has-post-category","has-post-tag","has-post-comment","has-post-author",""],"builder_content":"","_links":{"self":[{"href":"https:\/\/storlann.co.uk\/mirean\/wp-json\/wp\/v2\/pages\/236","targetHints":{"allow":["GET"]}}],"collection":[{"href":"https:\/\/storlann.co.uk\/mirean\/wp-json\/wp\/v2\/pages"}],"about":[{"href":"https:\/\/storlann.co.uk\/mirean\/wp-json\/wp\/v2\/types\/page"}],"author":[{"embeddable":true,"href":"https:\/\/storlann.co.uk\/mirean\/wp-json\/wp\/v2\/users\/1"}],"replies":[{"embeddable":true,"href":"https:\/\/storlann.co.uk\/mirean\/wp-json\/wp\/v2\/comments?post=236"}],"version-history":[{"count":0,"href":"https:\/\/storlann.co.uk\/mirean\/wp-json\/wp\/v2\/pages\/236\/revisions"}],"up":[{"embeddable":true,"href":"https:\/\/storlann.co.uk\/mirean\/wp-json\/wp\/v2\/pages\/231"}],"wp:attachment":[{"href":"https:\/\/storlann.co.uk\/mirean\/wp-json\/wp\/v2\/media?parent=236"}],"curies":[{"name":"wp","href":"https:\/\/api.w.org\/{rel}","templated":true}]}}