{"id":232,"date":"2010-09-16T12:52:16","date_gmt":"2010-09-16T12:52:16","guid":{"rendered":"http:\/\/localhost\/wordpress\/?page_id=17"},"modified":"2018-01-09T09:02:26","modified_gmt":"2018-01-09T09:02:26","slug":"tha-mi-a","status":"publish","type":"page","link":"https:\/\/storlann.co.uk\/mirean\/clar-amais\/ag-innse-mu-rudan-a-tha-a-tachairt-aig-an-am-seo\/tha-mi-a\/","title":{"rendered":"Tha mi a&#8217;&#8230;"},"content":{"rendered":"<h3 class=\"page-info\">M\u00ecneachadh<\/h3>\n<p>Tha <strong>tha, a bheil, chan eil <\/strong>air an cleachdadh le faclan eile gus seantansan a dh\u00e8anamh.<\/p>\n<p>Mar eisimpleir, faodar an cleachdadh airson sealltainn c\u00e0it a bheil rud no c\u00f2 ris a bheil rud coltach:<\/p>\n<ul type=\"disc\">\n<li>Tha na CDan <strong>sa bhogsa<\/strong>.<\/li>\n<li>Tha i <strong>fuar<\/strong> an-diugh.<\/li>\n<\/ul>\n<p>Faodar cuideachd an cleachdadh c\u00f2mhla ri faclan a tha a\u2019 seasamh airson gn\u00ecomh, mar <strong>ruith <\/strong>no<strong> ithe,<\/strong> gus innse mu rud a tha a\u2019 tachairt aig an \u00e0m seo:<\/p>\n<ul type=\"disc\">\n<li>Tha na balaich <strong>a\u2019 ruith.<\/strong><\/li>\n<li>Tha am b\u00e8ibidh <strong>ag ithe <\/strong>biadh.<\/li>\n<\/ul>\n<p>[Tha <strong>ag<\/strong> air a chleachdadh an \u00e0ite <strong>a\u2019 <\/strong>ro <strong>a\/\u00e0<\/strong>,<strong> e\/\u00e8<\/strong>,<strong> i\/\u00ec<\/strong>,<strong> o\/\u00f2<\/strong>,<strong> u\/\u00f9.<\/strong>]<\/p>\n<p>Tha am p\u00e0tran a leanas air a chleachdadh gus innse d\u00e8 an rud no an neach ris a bheil an gn\u00ecomh a\u2019 buntainn:<\/p>\n<ul type=\"disc\">\n<li>Tha mi a\u2019 glanadh <strong>b\u00f2rd.<\/strong><\/li>\n<li>Tha mi a\u2019 glanadh <strong>uinneag.<\/strong><\/li>\n<\/ul>\n<p>Ma tha an t-<em>alt <\/em>(<strong>am<\/strong> b\u00f2rd, <strong>an<\/strong> uinneag) a\u2019 dol leis an fhacal, tha am facal ag atharrachadh, aig an toiseach agus uaireannan aig an deireadh cuideachd. Tha an se\u00f2rsa atharrachaidh a r\u00e8ir a bheil am facal <em>fireannta<\/em> (mar <strong>b\u00f2rd<\/strong>) no <em>boireannta<\/em> (mar <strong>uinneag<\/strong>). Mar eisimpleir:<\/p>\n<ul type=\"disc\">\n<li>Tha mi a\u2019 glanadh <strong>a\u2019 bh\u00f9ird.<\/strong><\/li>\n<li>Tha mi a\u2019 glanadh <strong>na h-uinneig(e).<\/strong><\/li>\n<\/ul>\n<p>Tha na p\u00e0train a leanas air an cleachdadh airson innse mu ch\u00f2rr is aon rud:<\/p>\n<ul type=\"disc\">\n<li>Tha mi a\u2019 d\u00e8anamh <strong>bhriosgaidean<\/strong>.<\/li>\n<li>Tha e a\u2019 reic <strong>ch\u00e0raichean<\/strong>.<\/li>\n<\/ul>\n<ul type=\"disc\">\n<li>Tha an c\u00f9 ag ithe <strong>nam briosgaidean<\/strong>.<\/li>\n<li>Tha iad a\u2019 cuideachadh <strong>nam bodach<\/strong>.<\/li>\n<\/ul>\n<p>[Uaireannan tha riochd \u00e0raidh den fhacal air a chleachdadh an seo: Tha mi a\u2019 cuideachadh <strong>nam bodach <\/strong>(an \u00e0ite \u2018bodaich\u2019). Tha seo buailteach tachairt le faclan goirid (<strong>b\u00f2rd<\/strong>, <strong>loch<\/strong>) agus faclan a tha a\u2019 cr\u00ecochnachadh <strong>\u2013 -ach<\/strong>, <strong>-an\/ean<\/strong> no\u00a0\u2013<strong>al\/eal<\/strong> mar bod<strong>ach<\/strong>, eil<strong>ean<\/strong>, G\u00e0idh<strong>eal<\/strong>.]<\/p>\n<p>Tha am p\u00e0tran a leanas air a chleachdadh nuair is ann dha <strong>mi, thu, e, i, sinn, sibh <\/strong>no<strong> iad <\/strong>a tha an gn\u00ecomh a\u2019 tachairt:<\/p>\n<ul type=\"disc\">\n<li>A bheil thu <strong>gam<\/strong> fhaicinn (mi)?<\/li>\n<li>\u00a0Tha mi <strong>gad<\/strong> chluinntinn (thu).<\/li>\n<\/ul>\n<p>Gam (mi), gad (thu), ga (e), ga\/ga h- (i), gar (sinn), gur (sibh), gan\/gam (iad)<\/p>\n<p>[Tha toiseach an fhacail ag atharrachadh \u00e0s d\u00e8idh <strong>gam <\/strong>(mi)<strong>, gad <\/strong>(thu)<strong>, ga<\/strong> (e). Uaireannan tha <strong>gam\/gad<\/strong> air an r\u00e0dh mar dh\u00e0 fhacal: <strong>ga mo<\/strong> (gam), <strong>ga do<\/strong> (gad).]<\/p>\n<p>&nbsp;<\/p>\n<hr \/>\n<div id=\"ccchildpages-1\" class=\"ccchildpages ccflex twocol ccgreen ccclearfix\"><ul class=\"ccchildpages_list ccclearfix\"><li class=\"page_item page-item-38\"><a href=\"https:\/\/storlann.co.uk\/mirean\/clar-amais\/ag-innse-mu-rudan-a-tha-a-tachairt-aig-an-am-seo\/tha-mi-a\/eisimpleir\/\">Eisimpleirean<\/a><\/li>\n<li class=\"page_item page-item-42\"><a href=\"https:\/\/storlann.co.uk\/mirean\/clar-amais\/ag-innse-mu-rudan-a-tha-a-tachairt-aig-an-am-seo\/tha-mi-a\/obair-ire-t\/\">Obair \u00ecre T<\/a><\/li>\n<li class=\"page_item page-item-44\"><a href=\"https:\/\/storlann.co.uk\/mirean\/clar-amais\/ag-innse-mu-rudan-a-tha-a-tachairt-aig-an-am-seo\/tha-mi-a\/obair-ire-1\/\">Obair \u00ecre 1<\/a><\/li>\n<li class=\"page_item page-item-46\"><a href=\"https:\/\/storlann.co.uk\/mirean\/clar-amais\/ag-innse-mu-rudan-a-tha-a-tachairt-aig-an-am-seo\/tha-mi-a\/obair-ire-2\/\">Obair \u00ecre 2<\/a><\/li><\/ul><\/div>\n","protected":false},"excerpt":{"rendered":"<p>M\u00ecneachadh Tha tha, a bheil, chan eil air an cleachdadh le faclan eile gus seantansan a dh\u00e8anamh. Mar eisimpleir, faodar an cleachdadh airson sealltainn c\u00e0it a bheil rud no c\u00f2 ris a bheil rud coltach: Tha na CDan sa bhogsa. Tha i fuar an-diugh. Faodar cuideachd an cleachdadh c\u00f2mhla ri faclan a tha a\u2019 seasamh [&hellip;]<\/p>\n","protected":false},"author":1,"featured_media":0,"parent":227,"menu_order":36,"comment_status":"closed","ping_status":"closed","template":"","meta":{"inline_featured_image":false,"footnotes":""},"class_list":["post-232","page","type-page","status-publish","hentry","has-post-title","has-post-date","has-post-category","has-post-tag","has-post-comment","has-post-author",""],"builder_content":"","_links":{"self":[{"href":"https:\/\/storlann.co.uk\/mirean\/wp-json\/wp\/v2\/pages\/232","targetHints":{"allow":["GET"]}}],"collection":[{"href":"https:\/\/storlann.co.uk\/mirean\/wp-json\/wp\/v2\/pages"}],"about":[{"href":"https:\/\/storlann.co.uk\/mirean\/wp-json\/wp\/v2\/types\/page"}],"author":[{"embeddable":true,"href":"https:\/\/storlann.co.uk\/mirean\/wp-json\/wp\/v2\/users\/1"}],"replies":[{"embeddable":true,"href":"https:\/\/storlann.co.uk\/mirean\/wp-json\/wp\/v2\/comments?post=232"}],"version-history":[{"count":0,"href":"https:\/\/storlann.co.uk\/mirean\/wp-json\/wp\/v2\/pages\/232\/revisions"}],"up":[{"embeddable":true,"href":"https:\/\/storlann.co.uk\/mirean\/wp-json\/wp\/v2\/pages\/227"}],"wp:attachment":[{"href":"https:\/\/storlann.co.uk\/mirean\/wp-json\/wp\/v2\/media?parent=232"}],"curies":[{"name":"wp","href":"https:\/\/api.w.org\/{rel}","templated":true}]}}