{"id":231,"date":"2010-09-16T12:51:54","date_gmt":"2010-09-16T12:51:54","guid":{"rendered":"http:\/\/localhost\/wordpress\/?page_id=15"},"modified":"2018-01-09T09:02:05","modified_gmt":"2018-01-09T09:02:05","slug":"tha","status":"publish","type":"page","link":"https:\/\/storlann.co.uk\/mirean\/clar-amais\/ag-innse-mu-rudan-a-tha-a-tachairt-aig-an-am-seo\/tha\/","title":{"rendered":"Tha"},"content":{"rendered":"<p><strong>M\u00ecneachadh<\/strong><\/p>\n<p>Tha caochladh dh\u00f2ighean sa Gh\u00e0idhlig air innse mu rudan a tha a\u2019 tachairt aig an \u00e0m seo.\u00a0 \u2019S e fear dhiubh a bhith a\u2019 cleachdadh:<\/p>\n<ul type=\"circle\">\n<li><strong>tha, a bheil, chan eil<\/strong>.<\/li>\n<\/ul>\n<p>Tha an riochd <strong>tha<\/strong> air a chleachdadh nuair a tha e leis fh\u00e8in aig toiseach seantans (no <em>cl\u00e0s<\/em>) no nuair nach eil a\u2019 tighinn roimhe ach faclan mar:<\/p>\n<ul type=\"disc\">\n<li><strong>c\u00f2\/d\u00e8\/cuin a\/carson a\/ciamar a?<\/strong> (no an leithid)<\/li>\n<li><strong>ma,<\/strong> <strong>ged a, mar a, nuair a, fhad \u2019s a, on a, a <\/strong>(no an leithid)<\/li>\n<\/ul>\n<p>Mar eisimpleir:<\/p>\n<ul type=\"disc\">\n<li><strong>Tha<\/strong> thu ann.<\/li>\n<li>Ciamar a <strong>tha<\/strong> fhios agad?<\/li>\n<\/ul>\n<ul type=\"disc\">\n<li>Ged a tha e beag, <strong>tha<\/strong> e gl\u00e8 l\u00e0idir (ie eisimpleir de <strong>tha <\/strong>ann an \u2018cl\u00e0s\u2019)<\/li>\n<\/ul>\n<p>Tha an riochd <strong>a bheil<\/strong> air a chleachdadh gus faighneachd co-dhi\u00f9 a tha rud ann no nach eil:<\/p>\n<ul type=\"disc\">\n<li><strong>A bheil<\/strong> an t-uisge ann?<\/li>\n<\/ul>\n<p>Tha <strong>bheil<\/strong> air a chleachdadh cuideachd ann an suidhichidhean leithid:<\/p>\n<ul type=\"disc\">\n<li><strong>C\u00e0it a bheil<\/strong> do leabhar?<\/li>\n<li>Sin <strong>far a bheil<\/strong> mi a\u2019 fuireach.<\/li>\n<li>Sin am fear <strong>aig a bheil<\/strong> iuchair an talla.<\/li>\n<\/ul>\n<p>Tha an riochd <strong>eil <\/strong>air a chleachdadh airson a r\u00e0dh nach eil rud a\u2019 tachairt:<\/p>\n<ul type=\"disc\">\n<li><strong>Chan eil<\/strong> an t-uisge ann.<\/li>\n<\/ul>\n<p>Tha e cuideachd air a chleachdadh airson faighneachd na ceist:<\/p>\n<ul type=\"disc\">\n<li><strong>Nach eil <\/strong>fhios agad?<\/li>\n<\/ul>\n<p>&nbsp;<\/p>\n<hr \/>\n<div id=\"ccchildpages-1\" class=\"ccchildpages ccflex twocol ccgreen ccclearfix\"><ul class=\"ccchildpages_list ccclearfix\"><li class=\"page_item page-item-236\"><a href=\"https:\/\/storlann.co.uk\/mirean\/clar-amais\/ag-innse-mu-rudan-a-tha-a-tachairt-aig-an-am-seo\/tha\/eisimpleir\/\">Eisimpleirean<\/a><\/li>\n<li class=\"page_item page-item-29\"><a href=\"https:\/\/storlann.co.uk\/mirean\/clar-amais\/ag-innse-mu-rudan-a-tha-a-tachairt-aig-an-am-seo\/tha\/obair-ire-t\/\">Obair \u00ecre T<\/a><\/li>\n<li class=\"page_item page-item-31\"><a href=\"https:\/\/storlann.co.uk\/mirean\/clar-amais\/ag-innse-mu-rudan-a-tha-a-tachairt-aig-an-am-seo\/tha\/obair-ire-1\/\">Obair \u00ecre 1<\/a><\/li>\n<li class=\"page_item page-item-36\"><a href=\"https:\/\/storlann.co.uk\/mirean\/clar-amais\/ag-innse-mu-rudan-a-tha-a-tachairt-aig-an-am-seo\/tha\/obair-ire-2\/\">Obair \u00ecre 2<\/a><\/li>\n<li class=\"page_item page-item-34\"><a href=\"https:\/\/storlann.co.uk\/mirean\/clar-amais\/ag-innse-mu-rudan-a-tha-a-tachairt-aig-an-am-seo\/tha\/goireasan\/\">Goireasan<\/a><\/li><\/ul><\/div>\n","protected":false},"excerpt":{"rendered":"<p>M\u00ecneachadh Tha caochladh dh\u00f2ighean sa Gh\u00e0idhlig air innse mu rudan a tha a\u2019 tachairt aig an \u00e0m seo.\u00a0 \u2019S e fear dhiubh a bhith a\u2019 cleachdadh: tha, a bheil, chan eil. Tha an riochd tha air a chleachdadh nuair a tha e leis fh\u00e8in aig toiseach seantans (no cl\u00e0s) no nuair nach eil a\u2019 tighinn [&hellip;]<\/p>\n","protected":false},"author":1,"featured_media":0,"parent":227,"menu_order":14,"comment_status":"closed","ping_status":"closed","template":"","meta":{"inline_featured_image":false,"footnotes":""},"class_list":["post-231","page","type-page","status-publish","hentry","has-post-title","has-post-date","has-post-category","has-post-tag","has-post-comment","has-post-author",""],"builder_content":"","_links":{"self":[{"href":"https:\/\/storlann.co.uk\/mirean\/wp-json\/wp\/v2\/pages\/231","targetHints":{"allow":["GET"]}}],"collection":[{"href":"https:\/\/storlann.co.uk\/mirean\/wp-json\/wp\/v2\/pages"}],"about":[{"href":"https:\/\/storlann.co.uk\/mirean\/wp-json\/wp\/v2\/types\/page"}],"author":[{"embeddable":true,"href":"https:\/\/storlann.co.uk\/mirean\/wp-json\/wp\/v2\/users\/1"}],"replies":[{"embeddable":true,"href":"https:\/\/storlann.co.uk\/mirean\/wp-json\/wp\/v2\/comments?post=231"}],"version-history":[{"count":0,"href":"https:\/\/storlann.co.uk\/mirean\/wp-json\/wp\/v2\/pages\/231\/revisions"}],"up":[{"embeddable":true,"href":"https:\/\/storlann.co.uk\/mirean\/wp-json\/wp\/v2\/pages\/227"}],"wp:attachment":[{"href":"https:\/\/storlann.co.uk\/mirean\/wp-json\/wp\/v2\/media?parent=231"}],"curies":[{"name":"wp","href":"https:\/\/api.w.org\/{rel}","templated":true}]}}