{"id":228,"date":"2010-09-16T12:45:10","date_gmt":"2010-09-16T12:45:10","guid":{"rendered":"http:\/\/localhost\/wordpress\/?page_id=9"},"modified":"2018-01-08T16:47:38","modified_gmt":"2018-01-08T16:47:38","slug":"ag-innse-mu-rudan-a-thachair-ron-a-seo","status":"publish","type":"page","link":"https:\/\/storlann.co.uk\/mirean\/clar-amais\/ag-innse-mu-rudan-a-thachair-ron-a-seo\/","title":{"rendered":"Ag innse mu rudan a thachair ron a seo"},"content":{"rendered":"<h3 class=\"aithghearrachd\">Aithghearrachd<\/h3>\n<p><em>Tha na p\u00e0train a leanas air an cleachdadh airson innse mu rudan a thachair ron a seo:<\/em><\/p>\n<p><span><strong>Chuir, an do chuir, cha do chuir<\/strong><\/span><\/p>\n<ul>\n<li>Chuir mi orm mo ch\u00f2ta.<br \/>\nAn do fhreagair thu an litir?<br \/>\nDh&#8217;ith mi mo bhracaist.<br \/>\nCha do dh&#8217;fh\u00f2n e thugam<br \/>\nLe\u00f2n mi mi fh\u00e8in.<br \/>\nShrac mi am p\u00e0ipear.<\/li>\n<\/ul>\n<p><strong><span>Chuala, an cuala, cha chuala<\/span><\/strong><\/p>\n<ul>\n<li>Chaidh\/an deach(aidh)\/cha deach(aidh)<br \/>\nchunnaic\/am faca\/chan fhaca<br \/>\nchuala\/an cuala\/cha chuala<br \/>\nfhuair\/an d&#8217; fhuair\/cha d&#8217; fhuair<br \/>\nr\u00e0inig\/an do r\u00e0inig\/cha do r\u00e0inig<br \/>\nrinn\/an do rinn\/cha do rinn<br \/>\nrug\/an do rug\/cha do rug<br \/>\nth\u00e0inig\/an t\u00e0inig\/cha t\u00e0inig<br \/>\nthug\/an tug\/cha tug<br \/>\nthuirt\/an tuirt\/cha tuirt.<\/li>\n<\/ul>\n<p><span><strong>Bha, an robh, cha robh<\/strong><\/span><\/p>\n<ul>\n<li>Bha i fuar an-d\u00e8.<br \/>\nAn robh sibh sa bh\u00f9th?<br \/>\nBha e a&#8217; ruith fad uair a th\u00ecde.<br \/>\nCha robh iad ag obair an-d\u00e8.<\/li>\n<\/ul>\n<ul>\n<li>Bha mi a&#8217; glanadh b\u00f2rd.<br \/>\nBha mi a&#8217; glanadh uinneag.<\/li>\n<\/ul>\n<ul>\n<li>Bha mi a&#8217; glanadh a&#8217; bh\u00f9ird.<br \/>\nBha mi a&#8217; glanadh na h-uinneig(e).<\/li>\n<\/ul>\n<ul>\n<li>Bha iad gam chluinntinn.<\/li>\n<\/ul>\n<p>Gam, gad, ga, ga h-, gar, gur, gan\/gam.<\/p>\n<p><span><strong>Bhithinn, bhiomaid, bhiodh\/bhitheadh<\/strong>.<\/span><\/p>\n<ul>\n<li>Bhithinn a&#8217; dol an sin tric nuair a bha mi beag.<\/li>\n<\/ul>\n<p><span><strong>Tha mi air tilleadh<\/strong>.<\/span><\/p>\n<ul>\n<li>Tha mi air dealbh a pheantadh.<\/li>\n<li>Tha e air mo sh\u00e0rachadh.<\/li>\n<\/ul>\n<p>Air d&#8217; fhaicinn, a chur, a cur, a h-\u00f2l, ar cur, ur cur, an cur, am bruich.<\/p>\n<p><span><strong>Bha e air tighinn<\/strong><\/span><\/p>\n<ul>\n<li>Bha iad air na c\u00e8icean ithe air fad nuair a r\u00e0inig sinn.<\/li>\n<li>Bha mo sheanair air b\u00e0sachadh mus do rugadh mise.<\/li>\n<\/ul>\n<p>&nbsp;<\/p>\n<hr \/>\n<div id=\"ccchildpages-1\" class=\"ccchildpages ccflex twocol ccgreen ccclearfix\"><ul class=\"ccchildpages_list ccclearfix\"><li class=\"page_item page-item-77 page_item_has_children\"><a href=\"https:\/\/storlann.co.uk\/mirean\/clar-amais\/ag-innse-mu-rudan-a-thachair-ron-a-seo\/chuiran-do-chuir\/\">Chuir\/an do chuir<\/a><\/li>\n<li class=\"page_item page-item-79 page_item_has_children\"><a href=\"https:\/\/storlann.co.uk\/mirean\/clar-amais\/ag-innse-mu-rudan-a-thachair-ron-a-seo\/chaidhan-deachaidhcha-deachaidh\/\">Chaidh\/an deach(aidh)\/cha deach(aidh)<\/a><\/li>\n<li class=\"page_item page-item-82 page_item_has_children\"><a href=\"https:\/\/storlann.co.uk\/mirean\/clar-amais\/ag-innse-mu-rudan-a-thachair-ron-a-seo\/bha-an-robh-cha-robh\/\">Bha\/An robh\/Cha robh<\/a><\/li>\n<li class=\"page_item page-item-86 page_item_has_children\"><a href=\"https:\/\/storlann.co.uk\/mirean\/clar-amais\/ag-innse-mu-rudan-a-thachair-ron-a-seo\/bhithinn-bhiomaid-bhiodh\/\">Bhithinn\/bhiomaid\/bhiodh<\/a><\/li>\n<li class=\"page_item page-item-88 page_item_has_children\"><a href=\"https:\/\/storlann.co.uk\/mirean\/clar-amais\/ag-innse-mu-rudan-a-thachair-ron-a-seo\/tha-e-air-tilleadh\/\">Tha e air tilleadh<\/a><\/li>\n<li class=\"page_item page-item-90 page_item_has_children\"><a href=\"https:\/\/storlann.co.uk\/mirean\/clar-amais\/ag-innse-mu-rudan-a-thachair-ron-a-seo\/bha-e-air-falbh-mus-tainig-mi\/\">Bha e air falbh mus t\u00e0inig mi<\/a><\/li><\/ul><\/div>\n","protected":false},"excerpt":{"rendered":"<p>Aithghearrachd Tha na p\u00e0train a leanas air an cleachdadh airson innse mu rudan a thachair ron a seo: Chuir, an do chuir, cha do chuir Chuir mi orm mo ch\u00f2ta. An do fhreagair thu an litir? Dh&#8217;ith mi mo bhracaist. Cha do dh&#8217;fh\u00f2n e thugam Le\u00f2n mi mi fh\u00e8in. Shrac mi am p\u00e0ipear. Chuala, an [&hellip;]<\/p>\n","protected":false},"author":1,"featured_media":0,"parent":225,"menu_order":98,"comment_status":"closed","ping_status":"closed","template":"","meta":{"inline_featured_image":false,"footnotes":""},"class_list":["post-228","page","type-page","status-publish","hentry","has-post-title","has-post-date","has-post-category","has-post-tag","has-post-comment","has-post-author",""],"builder_content":"","_links":{"self":[{"href":"https:\/\/storlann.co.uk\/mirean\/wp-json\/wp\/v2\/pages\/228","targetHints":{"allow":["GET"]}}],"collection":[{"href":"https:\/\/storlann.co.uk\/mirean\/wp-json\/wp\/v2\/pages"}],"about":[{"href":"https:\/\/storlann.co.uk\/mirean\/wp-json\/wp\/v2\/types\/page"}],"author":[{"embeddable":true,"href":"https:\/\/storlann.co.uk\/mirean\/wp-json\/wp\/v2\/users\/1"}],"replies":[{"embeddable":true,"href":"https:\/\/storlann.co.uk\/mirean\/wp-json\/wp\/v2\/comments?post=228"}],"version-history":[{"count":0,"href":"https:\/\/storlann.co.uk\/mirean\/wp-json\/wp\/v2\/pages\/228\/revisions"}],"up":[{"embeddable":true,"href":"https:\/\/storlann.co.uk\/mirean\/wp-json\/wp\/v2\/pages\/225"}],"wp:attachment":[{"href":"https:\/\/storlann.co.uk\/mirean\/wp-json\/wp\/v2\/media?parent=228"}],"curies":[{"name":"wp","href":"https:\/\/api.w.org\/{rel}","templated":true}]}}