{"id":210,"date":"2010-09-16T14:56:43","date_gmt":"2010-09-16T14:56:43","guid":{"rendered":"http:\/\/localhost\/wordpress\/?page_id=210"},"modified":"2018-01-09T09:07:55","modified_gmt":"2018-01-09T09:07:55","slug":"ni-an-dean-cha-dean-cluinnidh-an-cluinn-cha-chluinn","status":"publish","type":"page","link":"https:\/\/storlann.co.uk\/mirean\/clar-amais\/ag-innse-mu-rudan-a-thachras-as-deidh-seo\/ni-an-dean-cha-dean-cluinnidh-an-cluinn-cha-chluinn\/","title":{"rendered":"N\u00ec\/an d\u00e8an\/cha d\u00e8an &#8211; Cluinnidh\/an cluinn\/cha chluinn"},"content":{"rendered":"<h3 class=\"page-info\">M\u00ecneachadh<\/h3>\n<p>Tha caochladh dh\u00f2ighean anns a\u2019 Gh\u00e0idhlig air innse mu rudan a thachras \u00e0s d\u00e8idh seo.\u00a0 \u2019S e aon dhiubh a bhith a\u2019 cleachdadh nan riochdan a leanas de fhaclan gn\u00ecomh neo-riaghailteach mar <strong>d\u00e8an<\/strong> no <strong>faic <\/strong>(ie an fheadhainn nach eil a\u2019 leantainn p\u00e0tran \u00e0raidh):<\/p>\n<ul type=\"circle\">\n<li><em>abair<\/em><\/li>\n<\/ul>\n<p><strong>their\/an abair\/chan abair\/a dh\u2019abras<\/strong><\/p>\n<ul type=\"circle\">\n<li><em>beir<\/em><\/li>\n<\/ul>\n<p><strong>beiridh\/am beir\/cha bheir\/a bheireas<\/strong><\/p>\n<ul type=\"circle\">\n<li><em>can <\/em><\/li>\n<\/ul>\n<p><strong>canaidh\/an can\/cha chan\/a chanas<\/strong><\/p>\n<ul type=\"circle\">\n<li><em>cluinn<\/em><\/li>\n<\/ul>\n<p><strong>cluinnidh\/an cluinn\/cha chluinn\/a chluinneas<\/strong><\/p>\n<ul type=\"circle\">\n<li><em>d\u00e8an<\/em><\/li>\n<\/ul>\n<p><strong>n\u00ec\/an d\u00e8an\/cha d\u00e8an\/a n\u00ec<\/strong><\/p>\n<ul type=\"circle\">\n<li><em>faic<\/em><\/li>\n<\/ul>\n<p><strong>ch\u00ec\/am faic\/chan fhaic\/a ch\u00ec<\/strong><\/p>\n<ul type=\"circle\">\n<li><em>faigh<\/em><\/li>\n<\/ul>\n<p><strong>gheibh\/am faigh\/chan fhaigh\/a gheibh<\/strong><\/p>\n<ul type=\"circle\">\n<li><em>rach <\/em><\/li>\n<\/ul>\n<p><strong>th\u00e8id\/an t\u00e8id\/cha t\u00e8id\/a th\u00e8id<\/strong><\/p>\n<ul type=\"circle\">\n<li><em>ruig <\/em><\/li>\n<\/ul>\n<p><strong>ruigidh\/an ruig\/cha ruig\/a ruigeas<\/strong><\/p>\n<ul type=\"circle\">\n<li><em>thig<\/em><\/li>\n<\/ul>\n<p><strong>thig\/an tig\/cha tig\/a thig<\/strong><\/p>\n<ul type=\"circle\">\n<li><em>thoir<\/em><\/li>\n<\/ul>\n<p><strong>bheir\/an toir\/cha toir\/a bheir<\/strong><\/p>\n<p>&nbsp;<\/p>\n<hr \/>\n<div id=\"ccchildpages-1\" class=\"ccchildpages ccflex twocol ccgreen ccclearfix\"><ul class=\"ccchildpages_list ccclearfix\"><li class=\"page_item page-item-241\"><a href=\"https:\/\/storlann.co.uk\/mirean\/clar-amais\/ag-innse-mu-rudan-a-thachras-as-deidh-seo\/ni-an-dean-cha-dean-cluinnidh-an-cluinn-cha-chluinn\/eisimpleir\/\">Eisimpleirean<\/a><\/li>\n<li class=\"page_item page-item-242\"><a href=\"https:\/\/storlann.co.uk\/mirean\/clar-amais\/ag-innse-mu-rudan-a-thachras-as-deidh-seo\/ni-an-dean-cha-dean-cluinnidh-an-cluinn-cha-chluinn\/obair-ire-1\/\">Obair \u00ecre 1<\/a><\/li>\n<li class=\"page_item page-item-243\"><a href=\"https:\/\/storlann.co.uk\/mirean\/clar-amais\/ag-innse-mu-rudan-a-thachras-as-deidh-seo\/ni-an-dean-cha-dean-cluinnidh-an-cluinn-cha-chluinn\/obair-ire-2\/\">Obair \u00ecre 2<\/a><\/li><\/ul><\/div>\n","protected":false},"excerpt":{"rendered":"<p>M\u00ecneachadh Tha caochladh dh\u00f2ighean anns a\u2019 Gh\u00e0idhlig air innse mu rudan a thachras \u00e0s d\u00e8idh seo.\u00a0 \u2019S e aon dhiubh a bhith a\u2019 cleachdadh nan riochdan a leanas de fhaclan gn\u00ecomh neo-riaghailteach mar d\u00e8an no faic (ie an fheadhainn nach eil a\u2019 leantainn p\u00e0tran \u00e0raidh): abair their\/an abair\/chan abair\/a dh\u2019abras beir beiridh\/am beir\/cha bheir\/a bheireas [&hellip;]<\/p>\n","protected":false},"author":1,"featured_media":0,"parent":156,"menu_order":88,"comment_status":"closed","ping_status":"closed","template":"","meta":{"inline_featured_image":false,"footnotes":""},"class_list":["post-210","page","type-page","status-publish","hentry","has-post-title","has-post-date","has-post-category","has-post-tag","has-post-comment","has-post-author",""],"builder_content":"","_links":{"self":[{"href":"https:\/\/storlann.co.uk\/mirean\/wp-json\/wp\/v2\/pages\/210","targetHints":{"allow":["GET"]}}],"collection":[{"href":"https:\/\/storlann.co.uk\/mirean\/wp-json\/wp\/v2\/pages"}],"about":[{"href":"https:\/\/storlann.co.uk\/mirean\/wp-json\/wp\/v2\/types\/page"}],"author":[{"embeddable":true,"href":"https:\/\/storlann.co.uk\/mirean\/wp-json\/wp\/v2\/users\/1"}],"replies":[{"embeddable":true,"href":"https:\/\/storlann.co.uk\/mirean\/wp-json\/wp\/v2\/comments?post=210"}],"version-history":[{"count":0,"href":"https:\/\/storlann.co.uk\/mirean\/wp-json\/wp\/v2\/pages\/210\/revisions"}],"up":[{"embeddable":true,"href":"https:\/\/storlann.co.uk\/mirean\/wp-json\/wp\/v2\/pages\/156"}],"wp:attachment":[{"href":"https:\/\/storlann.co.uk\/mirean\/wp-json\/wp\/v2\/media?parent=210"}],"curies":[{"name":"wp","href":"https:\/\/api.w.org\/{rel}","templated":true}]}}