{"id":21,"date":"2010-09-16T14:31:33","date_gmt":"2010-09-16T12:31:33","guid":{"rendered":"https:\/\/storlann.co.uk\/mirean\/?page_id=21"},"modified":"2024-07-08T14:01:14","modified_gmt":"2024-07-08T14:01:14","slug":"dachaigh","status":"publish","type":"page","link":"https:\/\/storlann.co.uk\/mirean\/","title":{"rendered":"Dachaigh"},"content":{"rendered":"<!--themify_builder_content-->\n<div id=\"themify_builder_content-21\" data-postid=\"21\" class=\"themify_builder_content themify_builder_content-21 themify_builder tf_clear\">\n                    <div  data-lazy=\"1\" class=\"module_row themify_builder_row tb_1rjc283 tb_first tf_w\">\n                        <div class=\"row_inner col_align_top tb_col_count_1 tf_box tf_rel\">\n                        <div  data-lazy=\"1\" class=\"module_column tb-column col-full tb_7url283 first\">\n                    <!-- module text -->\n<div  class=\"module module-text tb_3o3j40   \" data-lazy=\"1\">\n        <div  class=\"tb_text_wrap\">\n        <h2>M\u00ecrean &#8211; Gr\u00e0mar na G\u00e0idhlig<\/h2>\n<p>Tha <em>M\u00ecrean<\/em> a\u2019 toirt sti\u00f9ireadh air:<\/p>\n<ul>\n<li>na pr\u00ecomh ph\u00e0train ann an gr\u00e0mar na G\u00e0idhlig<\/li>\n<li>mar a dh\u2019fhaodas tidsearan an teagasg agus an daingneachadh sa chlas.<\/li>\n<\/ul>\n<p>Tha e air a mholadh gun cuir sgoiltean ri ch\u00e8ile pr\u00f2gram c\u00e0nain st\u00e8idhte air <em>M\u00ecrean<\/em> a bheir G\u00e0idhlig sgoilearan air adhart ceum air cheum, o sgoil-\u00e0raich gu \u00e0rd-sgoil.<\/p>\n<p>Bu ch\u00f2ir seo a bhith a\u2019 gabhail a-steach:<\/p>\n<ul>\n<li>\u2018leasain\u2019 c\u00e0nain air an d\u00e8anamh gach latha (no co-dhi\u00f9 gu cunbhalach)<\/li>\n<li>teagasg agus daingneachadh c\u00e0nain an l\u00f9ib obair \u00e0bhaisteach a\u2019 chlas.<\/li>\n<\/ul>\n<p>Airson an d\u00e0 dh\u00f2igh-obrach sin fhighe na ch\u00e8ile, tha e air a mholadh gun cuir sgoiltean air d\u00f2igh pr\u00f2gram de \u2018thargaidean c\u00e0nain\u2019, far a bheil p\u00e0tran \u00e0raidh (no seata ph\u00e0train) air a thaghadh mar thargaid airson clas no buidheann airson \u00f9ine \u00e0raidh \u2013 mar eisimpleir, seachdain (no nas fhaide) no an \u00f9ine a bhios pr\u00f2iseact \u00e0raidh a\u2019 ruith. [Anns na p\u00ecosan-obrach ann am <em>M\u00ecrean<\/em> tha an abairt \u2018P\u00e0tran na Seachdain\u2019 air a chleachdadh mar aithghearrachd ach faodaidh iad toirt nas fhaide, no nas giorra, na seachdain.]<\/p>    <\/div>\n<\/div>\n<!-- \/module text --><!-- module image -->\n<div  class=\"module module-image tb_kkxi478 image-center   tf_mw\" data-lazy=\"1\">\n        <div class=\"image-wrap tf_rel tf_mw\">\n            <img decoding=\"async\" src=\"https:\/\/storlann.co.uk\/mirean\/wp-content\/uploads\/2024\/07\/Mirean-Gaelic-Grammar-1.svg\" class=\"wp-post-image wp-image-3729\" title=\"Mirean-Gaelic-Grammar-1\" alt=\"Two people reading\">    \n        <\/div>\n    <!-- \/image-wrap -->\n    \n        <\/div>\n<!-- \/module image -->        <\/div>\n                        <\/div>\n        <\/div>\n                        <div  data-lazy=\"1\" class=\"module_row themify_builder_row tb_dacn352 tf_w\">\n                        <div class=\"row_inner col_align_top tb_col_count_1 tf_box tf_rel\">\n                        <div  data-lazy=\"1\" class=\"module_column tb-column col-full tb_mbay352 first\">\n                    <!-- module text -->\n<div  class=\"module module-text tb_2vmi353   \" data-lazy=\"1\">\n        <div  class=\"tb_text_wrap\">\n        <p>Faodar na targaidean a thaghadh airson gu bheil na sgoilearan a&#8217; faighinn nam p\u00e0tran sin doirbh no gu bheil iad a\u2019 dol le cuspair \u00e0raidh (e.g. \u2018bhiodh\u2019 le eachdraidh) no d\u00ecreach gu bheil iad nam p\u00e0irt de phr\u00f2gram na sgoile airson G\u00e0idhlig aig an \u00ecre sin.<\/p>\n<p>Fhad \u2019s a tha an targaid a\u2019 ruith, bu ch\u00f2ir am p\u00e0tran c\u00e0nain sin a bhith air a theagasg agus air a dhaingeachadh gu tric agus ann an caochladh dh\u00f2ighean, nam measg:<\/p>\n<ul>\n<li>teagasg d\u00ecreach<\/li>\n<li>a bhith a\u2019 tarraing aire gu mearachdan agus gan ceartachadh gu cunbhalach<\/li>\n<li>obair \u00e8isteachd, labhairt, leughaidh agus sgr\u00ecobhaidh tarsainn air a\u2019 churraicealam<\/li>\n<li>d\u00f2ighean iomchaidh eile<\/li>\n<\/ul>    <\/div>\n<\/div>\n<!-- \/module text -->        <\/div>\n                        <\/div>\n        <\/div>\n                        <div  data-lazy=\"1\" class=\"module_row themify_builder_row tb_q715460 tf_w\">\n                        <div class=\"row_inner col_align_top tb_col_count_3 tf_box tf_rel\">\n                        <div  data-lazy=\"1\" class=\"module_column tb-column col3-1 tb_3nxf460 first\">\n                    <!-- module buttons -->\n<div  class=\"module module-buttons tb_avuo889 buttons-horizontal solid   buttons-fullwidth\" data-lazy=\"1\">\n        <div class=\"module-buttons-item tf_in_flx\">\n                        <a href=\"https:\/\/storlann.co.uk\/mirean\/fiosrachadh\/\" class=\"ui builder_button tf_in_flx light-green\" >\n                                    <em><svg  class=\"tf_fa tf-fas-info-circle\" aria-hidden=\"true\"><use href=\"#tf-fas-info-circle\"><\/use><\/svg><\/em>                                        Fiosrachadh                                        <\/a>\n                <\/div>\n            <\/div>\n<!-- \/module buttons -->\n        <\/div>\n                    <div  data-lazy=\"1\" class=\"module_column tb-column col3-1 tb_kmu6316\">\n                    <!-- module buttons -->\n<div  class=\"module module-buttons tb_rcgl762 buttons-horizontal solid   buttons-fullwidth\" data-lazy=\"1\">\n        <div class=\"module-buttons-item tf_in_flx\">\n                        <a href=\"https:\/\/storlann.co.uk\/mirean\/clar-amais\/\" class=\"ui builder_button tf_in_flx light-green\" >\n                                    <em><svg  class=\"tf_fa tf-fas-indent\" aria-hidden=\"true\"><use href=\"#tf-fas-indent\"><\/use><\/svg><\/em>                                        Cl\u00e0r-amais                                        <\/a>\n                <\/div>\n            <\/div>\n<!-- \/module buttons -->\n        <\/div>\n                    <div  data-lazy=\"1\" class=\"module_column tb-column col3-1 tb_90ck317 last\">\n                    <!-- module buttons -->\n<div  class=\"module module-buttons tb_ceed477 buttons-horizontal solid   buttons-fullwidth\" data-lazy=\"1\">\n        <div class=\"module-buttons-item tf_in_flx\">\n                        <a href=\"https:\/\/storlann.co.uk\/mirean\/clar-amais\/clar-innse\/\" class=\"ui builder_button tf_in_flx light-green\" >\n                                    <em><svg  class=\"tf_fa tf-fas-indent\" aria-hidden=\"true\"><use href=\"#tf-fas-indent\"><\/use><\/svg><\/em>                                        Cl\u00e0r-innse                                        <\/a>\n                <\/div>\n            <\/div>\n<!-- \/module buttons -->\n        <\/div>\n                        <\/div>\n        <\/div>\n        <\/div>\n<!--\/themify_builder_content-->\n\n<p><span style=\"color: #ff6600;\"><a title=\"Introduction\" href=\"https:\/\/storlann.co.uk\/mirean\/introduction\/\"><span style=\"color: #ff6600;\">:<\/span><\/a><\/span><\/p>\n<p>\u00a0<\/p>","protected":false},"excerpt":{"rendered":"<p>Tha M\u00ecrean a\u2019 toirt sti\u00f9ireadh air:<\/p>\n<p>na pr\u00ecomh ph\u00e0train ann an gr\u00e0mar na G\u00e0idhlig<br \/>\nmar a dh\u2019fhaodas tidsearan an teagasg agus an daingneachadh sa chlas.<br \/>\nTha e air a mholadh gun cuir sgoiltean ri ch\u00e8ile pr\u00f2gram c\u00e0nain st\u00e8idhte air M\u00ecrean a bheir G\u00e0idhlig sgoilearan air adhart ceum air cheum, o sgoil-\u00e0raich gu \u00e0rd-sgoil.<\/p>\n","protected":false},"author":1,"featured_media":0,"parent":0,"menu_order":2,"comment_status":"closed","ping_status":"closed","template":"","meta":{"inline_featured_image":false,"footnotes":""},"class_list":["post-21","page","type-page","status-publish","hentry","has-post-title","has-post-date","has-post-category","has-post-tag","has-post-comment","has-post-author",""],"builder_content":"<h2>M\u00ecrean - Gr\u00e0mar na G\u00e0idhlig<\/h2> <p>Tha <em>M\u00ecrean<\/em> a\u2019 toirt sti\u00f9ireadh air:<\/p> <ul> <li>na pr\u00ecomh ph\u00e0train ann an gr\u00e0mar na G\u00e0idhlig<\/li> <li>mar a dh\u2019fhaodas tidsearan an teagasg agus an daingneachadh sa chlas.<\/li> <\/ul> <p>Tha e air a mholadh gun cuir sgoiltean ri ch\u00e8ile pr\u00f2gram c\u00e0nain st\u00e8idhte air <em>M\u00ecrean<\/em> a bheir G\u00e0idhlig sgoilearan air adhart ceum air cheum, o sgoil-\u00e0raich gu \u00e0rd-sgoil.<\/p> <p>Bu ch\u00f2ir seo a bhith a\u2019 gabhail a-steach:<\/p> <ul> <li>\u2018leasain\u2019 c\u00e0nain air an d\u00e8anamh gach latha (no co-dhi\u00f9 gu cunbhalach)<\/li> <li>teagasg agus daingneachadh c\u00e0nain an l\u00f9ib obair \u00e0bhaisteach a\u2019 chlas.<\/li> <\/ul> <p>Airson an d\u00e0 dh\u00f2igh-obrach sin fhighe na ch\u00e8ile, tha e air a mholadh gun cuir sgoiltean air d\u00f2igh pr\u00f2gram de \u2018thargaidean c\u00e0nain\u2019, far a bheil p\u00e0tran \u00e0raidh (no seata ph\u00e0train) air a thaghadh mar thargaid airson clas no buidheann airson \u00f9ine \u00e0raidh \u2013 mar eisimpleir, seachdain (no nas fhaide) no an \u00f9ine a bhios pr\u00f2iseact \u00e0raidh a\u2019 ruith. [Anns na p\u00ecosan-obrach ann am <em>M\u00ecrean<\/em> tha an abairt \u2018P\u00e0tran na Seachdain\u2019 air a chleachdadh mar aithghearrachd ach faodaidh iad toirt nas fhaide, no nas giorra, na seachdain.]<\/p>\n<img src=\"https:\/\/storlann.co.uk\/mirean\/wp-content\/uploads\/2024\/07\/Mirean-Gaelic-Grammar-1.svg\" title=\"Mirean-Gaelic-Grammar-1\" alt=\"Two people reading\">\n<p>Faodar na targaidean a thaghadh airson gu bheil na sgoilearan a' faighinn nam p\u00e0tran sin doirbh no gu bheil iad a\u2019 dol le cuspair \u00e0raidh (e.g. \u2018bhiodh\u2019 le eachdraidh) no d\u00ecreach gu bheil iad nam p\u00e0irt de phr\u00f2gram na sgoile airson G\u00e0idhlig aig an \u00ecre sin.<\/p> <p>Fhad \u2019s a tha an targaid a\u2019 ruith, bu ch\u00f2ir am p\u00e0tran c\u00e0nain sin a bhith air a theagasg agus air a dhaingeachadh gu tric agus ann an caochladh dh\u00f2ighean, nam measg:<\/p> <ul> <li>teagasg d\u00ecreach<\/li> <li>a bhith a\u2019 tarraing aire gu mearachdan agus gan ceartachadh gu cunbhalach<\/li> <li>obair \u00e8isteachd, labhairt, leughaidh agus sgr\u00ecobhaidh tarsainn air a\u2019 churraicealam<\/li> <li>d\u00f2ighean iomchaidh eile<\/li> <\/ul>\n<a href=\"https:\/\/storlann.co.uk\/mirean\/fiosrachadh\/\" > <em><svg aria-hidden=\"true\"><use href=\"#tf-fas-info-circle\"><\/use><\/svg><\/em> Fiosrachadh <\/a>\n<a href=\"https:\/\/storlann.co.uk\/mirean\/clar-amais\/\" > <em><svg aria-hidden=\"true\"><use href=\"#tf-fas-indent\"><\/use><\/svg><\/em> Cl\u00e0r-amais <\/a>\n<a href=\"https:\/\/storlann.co.uk\/mirean\/clar-amais\/clar-innse\/\" > <em><svg aria-hidden=\"true\"><use href=\"#tf-fas-indent\"><\/use><\/svg><\/em> Cl\u00e0r-innse <\/a>","_links":{"self":[{"href":"https:\/\/storlann.co.uk\/mirean\/wp-json\/wp\/v2\/pages\/21","targetHints":{"allow":["GET"]}}],"collection":[{"href":"https:\/\/storlann.co.uk\/mirean\/wp-json\/wp\/v2\/pages"}],"about":[{"href":"https:\/\/storlann.co.uk\/mirean\/wp-json\/wp\/v2\/types\/page"}],"author":[{"embeddable":true,"href":"https:\/\/storlann.co.uk\/mirean\/wp-json\/wp\/v2\/users\/1"}],"replies":[{"embeddable":true,"href":"https:\/\/storlann.co.uk\/mirean\/wp-json\/wp\/v2\/comments?post=21"}],"version-history":[{"count":0,"href":"https:\/\/storlann.co.uk\/mirean\/wp-json\/wp\/v2\/pages\/21\/revisions"}],"wp:attachment":[{"href":"https:\/\/storlann.co.uk\/mirean\/wp-json\/wp\/v2\/media?parent=21"}],"curies":[{"name":"wp","href":"https:\/\/api.w.org\/{rel}","templated":true}]}}