{"id":201,"date":"2010-09-16T14:53:33","date_gmt":"2010-09-16T14:53:33","guid":{"rendered":"http:\/\/localhost\/wordpress\/?page_id=201"},"modified":"2018-01-09T09:07:13","modified_gmt":"2018-01-09T09:07:13","slug":"bidh-bithidh","status":"publish","type":"page","link":"https:\/\/storlann.co.uk\/mirean\/clar-amais\/ag-innse-mu-rudan-a-thachras-as-deidh-seo\/bidh-bithidh\/","title":{"rendered":"Bidh\/bithidh"},"content":{"rendered":"<h3 class=\"page-info\">M\u00ecneachadh<\/h3>\n<p>Tha caochladh dh\u00f2ighean anns a\u2019 Gh\u00e0idhlig air innse mu rudan a thachras \u00e0s d\u00e8idh seo. \u00a0\u2019S e aon dhiubh a bhith a\u2019 cleachdadh:<\/p>\n<ul type=\"circle\">\n<li><strong>bidh\/bithidh, am bi, cha bhi, a bhios\/bhitheas.<\/strong><\/li>\n<\/ul>\n<p>Tha an riochd <strong>bidh<\/strong> air a chleachdadh nuair a tha e leis fh\u00e8in aig toiseach seantans (no <em>cl\u00e0s<\/em>):<\/p>\n<ul type=\"disc\">\n<li><strong>Bidh<\/strong> sinn a\u2019 falbh aig a sia ach <strong>bidh<\/strong> sinn air ais an seo aig a h-ochd.<\/li>\n<\/ul>\n<p>[\u2019S e <strong>bidh<\/strong> as cumanta na <strong>bithidh<\/strong>. Mar as trice, chan eil <strong>bithidh<\/strong> air a chleachdadh ach nuair a tha e seasamh leis fh\u00e8in mar fhreagairt ceist: Am bi thu ann a-nochd? <strong>Bithidh<\/strong>.]<\/p>\n<p>Tha an riochd <strong>bi<\/strong> air a chleachdadh airson faighneachd am bi rud ann no nach bi:<\/p>\n<ul type=\"disc\">\n<li><strong>Am bi<\/strong> thu an seo a-nochd? <strong>Nach bi <\/strong>thu ann?<\/li>\n<\/ul>\n<p>Tha <strong>bi<\/strong> air a chleachdadh cuideachd ann an suidhichidhean leithid:<\/p>\n<ul type=\"disc\">\n<li>Thuirt e <strong>gum bi <\/strong>e a\u2019 dol an sin a-m\u00e0ireach.\u00a0\u00a0\u00a0\u00a0\u00a0\u00a0\u00a0\u00a0\u00a0\u00a0\u00a0\u00a0\u00a0\u00a0\u00a0\u00a0\u00a0\u00a0\u00a0\u00a0\u00a0\u00a0\u00a0\u00a0\u00a0\u00a0\u00a0\u00a0\u00a0\u00a0\u00a0\u00a0\u00a0\u00a0\u00a0\u00a0\u00a0\u00a0\u00a0\u00a0\u00a0\u00a0\u00a0\u00a0\u00a0\u00a0<\/li>\n<li>Fuirich <strong>gus am bi<\/strong> mi deiseil.<\/li>\n<li>Bidh a-m\u00e0ireach ann <strong>mus bi<\/strong> fhios againn.\u00a0\u00a0\u00a0\u00a0\u00a0\u00a0\u00a0\u00a0\u00a0\u00a0\u00a0\u00a0\u00a0\u00a0\u00a0\u00a0\u00a0\u00a0\u00a0\u00a0\u00a0\u00a0\u00a0\u00a0\u00a0\u00a0\u00a0\u00a0\u00a0\u00a0\u00a0\u00a0\u00a0\u00a0\u00a0\u00a0\u00a0\u00a0\u00a0\u00a0\u00a0\u00a0\u00a0\u00a0\u00a0\u00a0\u00a0\u00a0\u00a0\u00a0\u00a0\u00a0\u00a0\u00a0\u00a0\u00a0\u00a0\u00a0<\/li>\n<li>Sin an ostail <strong>sam bi<\/strong> sinn a\u2019 fuireach.<\/li>\n<li><strong>C\u00e0it am bi<\/strong> thu aig ceithir uairean?<\/li>\n<\/ul>\n<p>Tha an riochd <strong>bhi <\/strong>air a chleachdadh airson a r\u00e0dh nach bi rud a\u2019 tachairt:<\/p>\n<ul type=\"disc\">\n<li><strong>Cha bhi <\/strong>mi a-staigh a-nochd.<\/li>\n<\/ul>\n<p>Tha <strong>bhios<\/strong> air a chleachdadh \u00e0s d\u00e8idh nam faclan ceist<\/p>\n<ul type=\"disc\">\n<li><strong>c\u00f2\/d\u00e8\/cuin a\/carson a\/ciamar a?<\/strong> (no an leithid)<\/li>\n<li><strong>ma,<\/strong> <strong>ged a, mar a, nuair a, fhad \u2019s a, on a, a <\/strong>(no<strong> <\/strong>an leithid).<\/li>\n<\/ul>\n<p>Mar eisimpleir:<\/p>\n<ul type=\"disc\">\n<li>C\u00f2 <strong>bhios<\/strong> a\u2019 dol ann c\u00f2mhla riut? Sin an duine a <strong>bhios<\/strong> a\u2019 seinn a-nochd.<\/li>\n<\/ul>\n<p>[\u2019S e <strong>tu<\/strong> a tha air a chleachdadh \u00e0s d\u00e8idh <strong>bhios<\/strong>, an \u00e0ite <strong>thu<\/strong>: Cuin a bhios <strong>tu<\/strong> an seo? Chithear an seann riochd <strong>bhitheas<\/strong> uaireannan ach chan eil e cumanta.\u00a0 Uaireannan canar <strong>tha<\/strong> an \u00e0ite <strong>bidh<\/strong>, ann an c\u00f2mhradh, airson rud a tha dol a thachairt \u00e0s d\u00e8idh seo: <strong>Tha<\/strong> ball-coise air an teilidh a-nochd. ]<\/p>\n<p>&nbsp;<\/p>\n<hr \/>\n<div id=\"ccchildpages-1\" class=\"ccchildpages ccflex twocol ccgreen ccclearfix\"><ul class=\"ccchildpages_list ccclearfix\"><li class=\"page_item page-item-217\"><a href=\"https:\/\/storlann.co.uk\/mirean\/clar-amais\/ag-innse-mu-rudan-a-thachras-as-deidh-seo\/bidh-bithidh\/eisimpleir\/\">Eisimpleirean<\/a><\/li>\n<li class=\"page_item page-item-220\"><a href=\"https:\/\/storlann.co.uk\/mirean\/clar-amais\/ag-innse-mu-rudan-a-thachras-as-deidh-seo\/bidh-bithidh\/obair-ire-1\/\">Obair \u00ecre 1<\/a><\/li>\n<li class=\"page_item page-item-237\"><a href=\"https:\/\/storlann.co.uk\/mirean\/clar-amais\/ag-innse-mu-rudan-a-thachras-as-deidh-seo\/bidh-bithidh\/obair-ire-2\/\">Obair \u00ecre 2<\/a><\/li><\/ul><\/div>\n","protected":false},"excerpt":{"rendered":"<p>M\u00ecneachadh Tha caochladh dh\u00f2ighean anns a\u2019 Gh\u00e0idhlig air innse mu rudan a thachras \u00e0s d\u00e8idh seo. \u00a0\u2019S e aon dhiubh a bhith a\u2019 cleachdadh: bidh\/bithidh, am bi, cha bhi, a bhios\/bhitheas. Tha an riochd bidh air a chleachdadh nuair a tha e leis fh\u00e8in aig toiseach seantans (no cl\u00e0s): Bidh sinn a\u2019 falbh aig a [&hellip;]<\/p>\n","protected":false},"author":1,"featured_media":0,"parent":156,"menu_order":86,"comment_status":"closed","ping_status":"closed","template":"","meta":{"inline_featured_image":false,"footnotes":""},"class_list":["post-201","page","type-page","status-publish","hentry","has-post-title","has-post-date","has-post-category","has-post-tag","has-post-comment","has-post-author",""],"builder_content":"","_links":{"self":[{"href":"https:\/\/storlann.co.uk\/mirean\/wp-json\/wp\/v2\/pages\/201","targetHints":{"allow":["GET"]}}],"collection":[{"href":"https:\/\/storlann.co.uk\/mirean\/wp-json\/wp\/v2\/pages"}],"about":[{"href":"https:\/\/storlann.co.uk\/mirean\/wp-json\/wp\/v2\/types\/page"}],"author":[{"embeddable":true,"href":"https:\/\/storlann.co.uk\/mirean\/wp-json\/wp\/v2\/users\/1"}],"replies":[{"embeddable":true,"href":"https:\/\/storlann.co.uk\/mirean\/wp-json\/wp\/v2\/comments?post=201"}],"version-history":[{"count":0,"href":"https:\/\/storlann.co.uk\/mirean\/wp-json\/wp\/v2\/pages\/201\/revisions"}],"up":[{"embeddable":true,"href":"https:\/\/storlann.co.uk\/mirean\/wp-json\/wp\/v2\/pages\/156"}],"wp:attachment":[{"href":"https:\/\/storlann.co.uk\/mirean\/wp-json\/wp\/v2\/media?parent=201"}],"curies":[{"name":"wp","href":"https:\/\/api.w.org\/{rel}","templated":true}]}}