{"id":191,"date":"2010-09-16T14:46:49","date_gmt":"2010-09-16T14:46:49","guid":{"rendered":"http:\/\/localhost\/wordpress\/?page_id=191"},"modified":"2018-01-08T16:57:02","modified_gmt":"2018-01-08T16:57:02","slug":"rudan-as-urrainn-dhut-a-dheanamh-agus-a-leithid-sin","status":"publish","type":"page","link":"https:\/\/storlann.co.uk\/mirean\/clar-amais\/rudan-as-urrainn-dhut-a-dheanamh-agus-a-leithid-sin\/","title":{"rendered":"Rudan as urrainn dhut a dh\u00e8anamh (agus a leithid sin)"},"content":{"rendered":"<h3 class=\"aithghearrachd\">Aithghearrachd<\/h3>\n<p><em>Tha na p\u00e0train a leanas air an cleachdadh airson innse mu rudan as urrainn dhut a dh\u00e8anamh<\/em><\/p>\n<p><strong>&#8216;S urrainn dhomh dr\u00e0ibheadh.<\/strong><\/p>\n<ul class=\"mirean-list\">\n<li>Chan urrainn dhomh c\u00e0il fhaicinn.\u00a0\u00a0\u00a0\u00a0\u00a0\u00a0\u00a0\u00a0\u00a0\u00a0\u00a0\u00a0\u00a0\u00a0\u00a0\u00a0\u00a0\u00a0\u00a0\u00a0\u00a0\u00a0\u00a0\u00a0\u00a0\u00a0\u00a0\u00a0\u00a0\u00a0\u00a0\u00a0\u00a0\u00a0\u00a0\u00a0\u00a0\u00a0\u00a0\u00a0\u00a0\u00a0\u00a0\u00a0\u00a0\u00a0\u00a0\u00a0\u00a0\u00a0\u00a0\u00a0\u00a0\u00a0\u00a0\u00a0\u00a0\u00a0\u00a0\u00a0\u00a0\u00a0\u00a0\u00a0\u00a0\u00a0\u00a0\u00a0\u00a0\u00a0\u00a0\u00a0\u00a0\u00a0\u00a0\u00a0<\/li>\n<li>An urrainn dhan bhalach do chuideachadh?<\/li>\n<\/ul>\n<ul class=\"mirean-list\">\n<li>Chan urrainn dhomh gun g\u00e0ire a dh\u00e8anamh.\u00a0\u00a0\u00a0\u00a0\u00a0\u00a0\u00a0\u00a0\u00a0\u00a0\u00a0\u00a0\u00a0\u00a0\u00a0\u00a0\u00a0\u00a0\u00a0\u00a0\u00a0\u00a0\u00a0\u00a0\u00a0\u00a0\u00a0\u00a0\u00a0\u00a0\u00a0\u00a0\u00a0\u00a0\u00a0\u00a0\u00a0\u00a0\u00a0\u00a0\u00a0\u00a0\u00a0\u00a0\u00a0\u00a0\u00a0\u00a0<\/li>\n<li>Feumaidh sinn a bhith a&#8217; dol ann nas trice.<\/li>\n<\/ul>\n<ul class=\"mirean-list\">\n<li>B&#8217; urrainn dhomh ruith gl\u00e8 luath nuair a bha mi \u00f2g.<\/li>\n<\/ul>\n<p><strong>Gabhaidh sin d\u00e8anamh (etc).<\/strong><\/p>\n<ul class=\"mirean-list\">\n<li>Cha ghabh sin ithe.<\/li>\n<\/ul>\n<ul>\n<li>Chan fhaic mi am b\u00f2rd-dubh gun ghlainnichean.<\/li>\n<\/ul>\n<ul class=\"mirean-list\">\n<li>Bha e doirbh ach chaidh againn air a&#8217; bheinn a shreap.<\/li>\n<\/ul>\n<p>&nbsp;<\/p>\n<hr \/>\n<div id=\"ccchildpages-1\" class=\"ccchildpages ccflex twocol ccgreen ccclearfix\"><ul class=\"ccchildpages_list ccclearfix\"><li class=\"page_item page-item-406 page_item_has_children\"><a href=\"https:\/\/storlann.co.uk\/mirean\/clar-amais\/rudan-as-urrainn-dhut-a-dheanamh-agus-a-leithid-sin\/s-urrainn-dhomh-draibheadh\/\">\u2019S urrainn dhomh dr\u00e0ibheadh.<\/a><\/li>\n<li class=\"page_item page-item-408 page_item_has_children\"><a href=\"https:\/\/storlann.co.uk\/mirean\/clar-amais\/rudan-as-urrainn-dhut-a-dheanamh-agus-a-leithid-sin\/gabhaidh-sin-deanamh\/\">Gabhaidh sin d\u00e8anamh (etc).<\/a><\/li><\/ul><\/div>\n","protected":false},"excerpt":{"rendered":"<p>Aithghearrachd Tha na p\u00e0train a leanas air an cleachdadh airson innse mu rudan as urrainn dhut a dh\u00e8anamh &#8216;S urrainn dhomh dr\u00e0ibheadh. Chan urrainn dhomh c\u00e0il fhaicinn.\u00a0\u00a0\u00a0\u00a0\u00a0\u00a0\u00a0\u00a0\u00a0\u00a0\u00a0\u00a0\u00a0\u00a0\u00a0\u00a0\u00a0\u00a0\u00a0\u00a0\u00a0\u00a0\u00a0\u00a0\u00a0\u00a0\u00a0\u00a0\u00a0\u00a0\u00a0\u00a0\u00a0\u00a0\u00a0\u00a0\u00a0\u00a0\u00a0\u00a0\u00a0\u00a0\u00a0\u00a0\u00a0\u00a0\u00a0\u00a0\u00a0\u00a0\u00a0\u00a0\u00a0\u00a0\u00a0\u00a0\u00a0\u00a0\u00a0\u00a0\u00a0\u00a0\u00a0\u00a0\u00a0\u00a0\u00a0\u00a0\u00a0\u00a0\u00a0\u00a0\u00a0\u00a0\u00a0\u00a0 An urrainn dhan bhalach do chuideachadh? Chan urrainn dhomh gun g\u00e0ire a dh\u00e8anamh.\u00a0\u00a0\u00a0\u00a0\u00a0\u00a0\u00a0\u00a0\u00a0\u00a0\u00a0\u00a0\u00a0\u00a0\u00a0\u00a0\u00a0\u00a0\u00a0\u00a0\u00a0\u00a0\u00a0\u00a0\u00a0\u00a0\u00a0\u00a0\u00a0\u00a0\u00a0\u00a0\u00a0\u00a0\u00a0\u00a0\u00a0\u00a0\u00a0\u00a0\u00a0\u00a0\u00a0\u00a0\u00a0\u00a0\u00a0\u00a0 Feumaidh sinn a bhith a&#8217; dol ann nas trice. B&#8217; urrainn dhomh ruith gl\u00e8 luath [&hellip;]<\/p>\n","protected":false},"author":1,"featured_media":0,"parent":225,"menu_order":131,"comment_status":"closed","ping_status":"closed","template":"","meta":{"inline_featured_image":false,"footnotes":""},"class_list":["post-191","page","type-page","status-publish","hentry","has-post-title","has-post-date","has-post-category","has-post-tag","has-post-comment","has-post-author",""],"builder_content":"","_links":{"self":[{"href":"https:\/\/storlann.co.uk\/mirean\/wp-json\/wp\/v2\/pages\/191","targetHints":{"allow":["GET"]}}],"collection":[{"href":"https:\/\/storlann.co.uk\/mirean\/wp-json\/wp\/v2\/pages"}],"about":[{"href":"https:\/\/storlann.co.uk\/mirean\/wp-json\/wp\/v2\/types\/page"}],"author":[{"embeddable":true,"href":"https:\/\/storlann.co.uk\/mirean\/wp-json\/wp\/v2\/users\/1"}],"replies":[{"embeddable":true,"href":"https:\/\/storlann.co.uk\/mirean\/wp-json\/wp\/v2\/comments?post=191"}],"version-history":[{"count":0,"href":"https:\/\/storlann.co.uk\/mirean\/wp-json\/wp\/v2\/pages\/191\/revisions"}],"up":[{"embeddable":true,"href":"https:\/\/storlann.co.uk\/mirean\/wp-json\/wp\/v2\/pages\/225"}],"wp:attachment":[{"href":"https:\/\/storlann.co.uk\/mirean\/wp-json\/wp\/v2\/media?parent=191"}],"curies":[{"name":"wp","href":"https:\/\/api.w.org\/{rel}","templated":true}]}}