{"id":187,"date":"2010-09-16T14:42:41","date_gmt":"2010-09-16T14:42:41","guid":{"rendered":"http:\/\/localhost\/wordpress\/?page_id=187"},"modified":"2018-01-08T16:56:27","modified_gmt":"2018-01-08T16:56:27","slug":"ag-innse-mu-rud-a-bhith-air-a-dheanamh-air-rud-no-neach","status":"publish","type":"page","link":"https:\/\/storlann.co.uk\/mirean\/clar-amais\/ag-innse-mu-rud-a-bhith-air-a-dheanamh-air-rud-no-neach\/","title":{"rendered":"Ag innse mu rud a bhith air a dh\u00e8anamh air rud no neach"},"content":{"rendered":"<h3 class=\"aithghearrachd\">Aithghearrachd<\/h3>\n<p><em>Tha na p\u00e0train a leanas air an cleachdadh airson innse mu rud a bhith air a dh\u00e8anamh air rud no neach:<\/em><\/p>\n<p><strong>Rugadh<\/strong> <strong>e ann an New York.<\/strong><\/p>\n<ul class=\"mirean-list\">\n<li>Thogadh an taigh seo o chionn fichead bliadhna.\u00a0\u00a0\u00a0\u00a0\u00a0\u00a0\u00a0\u00a0\u00a0\u00a0\u00a0\u00a0\u00a0\u00a0\u00a0\u00a0\u00a0\u00a0\u00a0\u00a0\u00a0\u00a0\u00a0\u00a0\u00a0\u00a0\u00a0\u00a0\u00a0\u00a0\u00a0\u00a0\u00a0\u00a0\u00a0\u00a0\u00a0\u00a0\u00a0\u00a0\u00a0\u00a0\u00a0<\/li>\n<li>Cha togar an sgoil \u00f9r airson c\u00f2ig bliadhna eile.<\/li>\n<\/ul>\n<p><strong>Chaidh<\/strong> <strong>na h-uinneagan<\/strong> <strong>a bhristeadh<\/strong>.<\/p>\n<ul class=\"mirean-list\">\n<li>An deach an s\u00f9gh air fad \u00f2l?<\/li>\n<\/ul>\n<p><strong>An deach an d\u00f2igh seo fheuchainn?<\/strong><\/p>\n<ul class=\"mirean-list\">\n<li>Chaidh mo chumail air ais.<\/li>\n<\/ul>\n<p><strong>Tha an rabhadh air a sgr\u00ecobhadh ann an dearg.<\/strong><\/p>\n<ul>\n<li>Tha na leabhraichean air an cumail anns a&#8217; phreasa sin.<\/li>\n<li>Tha mi air mo le\u00f2n.<\/li>\n<\/ul>\n<p><strong>Tha thu gad sh\u00e0rachadh fh\u00e8in<\/strong><\/p>\n<ul class=\"mirean-list\">\n<li>Tha na dorsan gam peantadh.<\/li>\n<\/ul>\n<p><strong>Cha ghabh sin d\u00e8anamh.<\/strong><\/p>\n<p><strong>Dh&#8217;fh\u00e0gte a-muigh e fad na h-oidhche.<\/strong><\/p>\n<p><strong>Tha t\u00f2rr ri dh\u00e8anamh.<\/strong><\/p>\n<ul class=\"mirean-list\">\n<li>Tha beagan gun d\u00e8anamh fhathast.<\/li>\n<\/ul>\n<p><strong>Faodar na solais a chur dheth.<\/strong><\/p>\n<ul class=\"mirean-list\">\n<li>Feumar an r\u00f9m a sgioblachadh.<\/li>\n<\/ul>\n<p>&nbsp;<\/p>\n<hr \/>\n<div id=\"ccchildpages-1\" class=\"ccchildpages ccflex twocol ccgreen ccclearfix\"><ul class=\"ccchildpages_list ccclearfix\"><li class=\"page_item page-item-399 page_item_has_children\"><a href=\"https:\/\/storlann.co.uk\/mirean\/clar-amais\/ag-innse-mu-rud-a-bhith-air-a-dheanamh-air-rud-no-neach\/rugadh-e-ann-an-new-york\/\">Rugadh e ann an New York.<\/a><\/li>\n<li class=\"page_item page-item-401 page_item_has_children\"><a href=\"https:\/\/storlann.co.uk\/mirean\/clar-amais\/ag-innse-mu-rud-a-bhith-air-a-dheanamh-air-rud-no-neach\/tha-an-rabhadh-air-a-sgriobhadh-ann-an-dearg\/\">Tha an rabhadh air a sgr\u00ecobhadh ann an dearg.<\/a><\/li><\/ul><\/div>\n","protected":false},"excerpt":{"rendered":"<p>Aithghearrachd Tha na p\u00e0train a leanas air an cleachdadh airson innse mu rud a bhith air a dh\u00e8anamh air rud no neach: Rugadh e ann an New York. Thogadh an taigh seo o chionn fichead bliadhna.\u00a0\u00a0\u00a0\u00a0\u00a0\u00a0\u00a0\u00a0\u00a0\u00a0\u00a0\u00a0\u00a0\u00a0\u00a0\u00a0\u00a0\u00a0\u00a0\u00a0\u00a0\u00a0\u00a0\u00a0\u00a0\u00a0\u00a0\u00a0\u00a0\u00a0\u00a0\u00a0\u00a0\u00a0\u00a0\u00a0\u00a0\u00a0\u00a0\u00a0\u00a0\u00a0\u00a0 Cha togar an sgoil \u00f9r airson c\u00f2ig bliadhna eile. Chaidh na h-uinneagan a bhristeadh. An deach an s\u00f9gh air [&hellip;]<\/p>\n","protected":false},"author":1,"featured_media":0,"parent":225,"menu_order":128,"comment_status":"closed","ping_status":"closed","template":"","meta":{"inline_featured_image":false,"footnotes":""},"class_list":["post-187","page","type-page","status-publish","hentry","has-post-title","has-post-date","has-post-category","has-post-tag","has-post-comment","has-post-author",""],"builder_content":"","_links":{"self":[{"href":"https:\/\/storlann.co.uk\/mirean\/wp-json\/wp\/v2\/pages\/187","targetHints":{"allow":["GET"]}}],"collection":[{"href":"https:\/\/storlann.co.uk\/mirean\/wp-json\/wp\/v2\/pages"}],"about":[{"href":"https:\/\/storlann.co.uk\/mirean\/wp-json\/wp\/v2\/types\/page"}],"author":[{"embeddable":true,"href":"https:\/\/storlann.co.uk\/mirean\/wp-json\/wp\/v2\/users\/1"}],"replies":[{"embeddable":true,"href":"https:\/\/storlann.co.uk\/mirean\/wp-json\/wp\/v2\/comments?post=187"}],"version-history":[{"count":0,"href":"https:\/\/storlann.co.uk\/mirean\/wp-json\/wp\/v2\/pages\/187\/revisions"}],"up":[{"embeddable":true,"href":"https:\/\/storlann.co.uk\/mirean\/wp-json\/wp\/v2\/pages\/225"}],"wp:attachment":[{"href":"https:\/\/storlann.co.uk\/mirean\/wp-json\/wp\/v2\/media?parent=187"}],"curies":[{"name":"wp","href":"https:\/\/api.w.org\/{rel}","templated":true}]}}