{"id":183,"date":"2010-09-16T14:41:05","date_gmt":"2010-09-16T14:41:05","guid":{"rendered":"http:\/\/localhost\/wordpress\/?page_id=183"},"modified":"2018-01-08T16:55:55","modified_gmt":"2018-01-08T16:55:55","slug":"ag-innse-mu-chuisean-a-tha-aon-cheum-a-mach","status":"publish","type":"page","link":"https:\/\/storlann.co.uk\/mirean\/clar-amais\/ag-innse-mu-chuisean-a-tha-aon-cheum-a-mach\/","title":{"rendered":"Ag innse mu ch\u00f9isean a tha aon cheum a-mach"},"content":{"rendered":"<h3 class=\"aithghearrachd\">Aithghearrachd<\/h3>\n<p><em>Tha na p\u00e0train a leanas air an cleachdadh airson a bhith ag innse mu ch\u00f9isean a tha aon cheum a-mach:<\/em><\/p>\n<p><strong>Tha mi a&#8217; smaoineachadh gu bheil thu ceart.<\/strong><\/p>\n<ul class=\"mirean-list\">\n<li>Thuirt i gun robh iad trang an-d\u00e8.<\/li>\n<li>Tha e a&#8217; r\u00e0dh gum bi e deiseil a-m\u00e0ireach.<\/li>\n<li>Tha mi a&#8217; smaoineachadh gun do chuir iad litir thuice.<\/li>\n<li>Thuirt e nach eil an c\u00f2rr ann.<\/li>\n<li>&#8216;S d\u00f2cha gun t\u00e8id mi ann.<\/li>\n<\/ul>\n<p><strong>Tha mi a&#8217; smaoineachadh gur e Iain a rinn e.<\/strong><\/p>\n<ul class=\"mirean-list\">\n<li>Tha iad ag innse dhomh gur e seo a thachair.<\/li>\n<li>Tha mi a&#8217; smaoineachadh nach e Iain a rinn sin idir.<\/li>\n<\/ul>\n<p><strong>Tha e a&#8217; r\u00e0dh gur ann air a&#8217; bhus a th\u00e0inig e.<\/strong><\/p>\n<ul class=\"mirean-list\">\n<li>Tha mi a&#8217; smaoineachadh gur ann a&#8217; sn\u00e0mh a bha iad nuair a thachair e.<\/li>\n<\/ul>\n<p><strong>Gheibh thu an leabhar ma tha thu ga iarraidh.<\/strong><\/p>\n<ul class=\"mirean-list\">\n<li>Ma chuireas tu buidhe c\u00f2mhla ri dearg, gheibh thu orains.\u00a0\u00a0\u00a0\u00a0\u00a0\u00a0\u00a0\u00a0\u00a0\u00a0\u00a0\u00a0\u00a0\u00a0\u00a0\u00a0\u00a0\u00a0\u00a0\u00a0\u00a0\u00a0\u00a0\u00a0\u00a0<\/li>\n<li>N\u00ec mi sin ma bhios t\u00ecde agam.<\/li>\n<li>Tha fhios agam c\u00f2 a rinn sin.\u00a0\u00a0\u00a0\u00a0\u00a0\u00a0\u00a0\u00a0\u00a0\u00a0\u00a0\u00a0\u00a0\u00a0\u00a0\u00a0\u00a0\u00a0\u00a0\u00a0\u00a0\u00a0\u00a0\u00a0\u00a0\u00a0\u00a0\u00a0\u00a0\u00a0\u00a0\u00a0\u00a0\u00a0\u00a0\u00a0\u00a0\u00a0\u00a0\u00a0\u00a0\u00a0\u00a0\u00a0\u00a0\u00a0\u00a0\u00a0\u00a0\u00a0\u00a0\u00a0\u00a0\u00a0\u00a0\u00a0\u00a0\u00a0\u00a0\u00a0\u00a0\u00a0\u00a0\u00a0\u00a0\u00a0\u00a0\u00a0\u00a0\u00a0\u00a0\u00a0\u00a0\u00a0\u00a0\u00a0\u00a0<\/li>\n<li>Mura bheil airgead agad, chan fhaigh thu dad an seo.<\/li>\n<li>Mura do rinn thu an obair, cha bhi iad toilichte.<\/li>\n<li>Chan fhuirich sinn riut mura bi thu an seo tr\u00e0th.<\/li>\n<li>Chan eil fhios agam c\u00e0it am bi mi a-m\u00e0ireach.<\/li>\n<\/ul>\n<p><strong>Nam biodh<\/strong> tu an seo an-dr\u00e0sta, <strong>chitheadh <\/strong>tu sealladh br\u00e8agha.<\/p>\n<p><strong>Nam biodh <\/strong>c\u00e0r agam,<strong> bheirinn <\/strong>lioft dhut.<\/p>\n<ul class=\"mirean-list\">\n<li>Bhithinn gl\u00e8 thoilichte nam faighinn an duais sin.<\/li>\n<li>Nan stadamaid an seo, chitheamaid sealladh br\u00e8agha.<\/li>\n<li>Bu toigh leam nan tigeadh tu c\u00f2mhla rium.<\/li>\n<\/ul>\n<p><strong>Nan robh <\/strong>thu an seo an-dr\u00e0sta,<strong> chitheadh <\/strong>tu sealladh br\u00e8agha.<\/p>\n<p>&nbsp;<\/p>\n<hr \/>\n<div id=\"ccchildpages-1\" class=\"ccchildpages ccflex twocol ccgreen ccclearfix\"><ul class=\"ccchildpages_list ccclearfix\"><li class=\"page_item page-item-375 page_item_has_children\"><a href=\"https:\/\/storlann.co.uk\/mirean\/clar-amais\/ag-innse-mu-chuisean-a-tha-aon-cheum-a-mach\/tha-mi-a-smaoineachadh-gu-bheil-thu-ceart\/\">Tha mi a&#8217; smaoineachadh gu bheil thu ceart.<\/a><\/li>\n<li class=\"page_item page-item-379 page_item_has_children\"><a href=\"https:\/\/storlann.co.uk\/mirean\/clar-amais\/ag-innse-mu-chuisean-a-tha-aon-cheum-a-mach\/tha-mi-a-smaoineachadh-gur-e-lainn-a-rinn-e\/\">Tha mi a&#8217; smaoineachadh gur e Iain a rinn e.<\/a><\/li>\n<li class=\"page_item page-item-381 page_item_has_children\"><a href=\"https:\/\/storlann.co.uk\/mirean\/clar-amais\/ag-innse-mu-chuisean-a-tha-aon-cheum-a-mach\/chunnaic-mi-rudan-inntinneach-nuair-a-bha-mi-ann-an-dun-eideann\/\">Chunnaic mi rudan inntinneach nuair a bha mi ann an D\u00f9n \u00c8ideann.<\/a><\/li>\n<li class=\"page_item page-item-383 page_item_has_children\"><a href=\"https:\/\/storlann.co.uk\/mirean\/clar-amais\/ag-innse-mu-chuisean-a-tha-aon-cheum-a-mach\/chan-urrainn-dhomh-a-bheinn-a-dhireadh-a-chionn-gu-bheil-mi-ro-sgith\/\">Chan urrainn dhomh a&#8217; bheinn a dh\u00ecreadh a chionn gu bheil mi ro sg\u00ecth.<\/a><\/li>\n<li class=\"page_item page-item-387 page_item_has_children\"><a href=\"https:\/\/storlann.co.uk\/mirean\/clar-amais\/ag-innse-mu-chuisean-a-tha-aon-cheum-a-mach\/gheibh-thu-an-leabhar-ma-tha-thu-ga-iarraidh\/\">Gheibh thu an leabhar ma tha thu ga iarraidh.<\/a><\/li><\/ul><\/div>\n","protected":false},"excerpt":{"rendered":"<p>Aithghearrachd Tha na p\u00e0train a leanas air an cleachdadh airson a bhith ag innse mu ch\u00f9isean a tha aon cheum a-mach: Tha mi a&#8217; smaoineachadh gu bheil thu ceart. Thuirt i gun robh iad trang an-d\u00e8. Tha e a&#8217; r\u00e0dh gum bi e deiseil a-m\u00e0ireach. Tha mi a&#8217; smaoineachadh gun do chuir iad litir thuice. [&hellip;]<\/p>\n","protected":false},"author":1,"featured_media":0,"parent":225,"menu_order":123,"comment_status":"closed","ping_status":"closed","template":"","meta":{"inline_featured_image":false,"footnotes":""},"class_list":["post-183","page","type-page","status-publish","hentry","has-post-title","has-post-date","has-post-category","has-post-tag","has-post-comment","has-post-author",""],"builder_content":"","_links":{"self":[{"href":"https:\/\/storlann.co.uk\/mirean\/wp-json\/wp\/v2\/pages\/183","targetHints":{"allow":["GET"]}}],"collection":[{"href":"https:\/\/storlann.co.uk\/mirean\/wp-json\/wp\/v2\/pages"}],"about":[{"href":"https:\/\/storlann.co.uk\/mirean\/wp-json\/wp\/v2\/types\/page"}],"author":[{"embeddable":true,"href":"https:\/\/storlann.co.uk\/mirean\/wp-json\/wp\/v2\/users\/1"}],"replies":[{"embeddable":true,"href":"https:\/\/storlann.co.uk\/mirean\/wp-json\/wp\/v2\/comments?post=183"}],"version-history":[{"count":0,"href":"https:\/\/storlann.co.uk\/mirean\/wp-json\/wp\/v2\/pages\/183\/revisions"}],"up":[{"embeddable":true,"href":"https:\/\/storlann.co.uk\/mirean\/wp-json\/wp\/v2\/pages\/225"}],"wp:attachment":[{"href":"https:\/\/storlann.co.uk\/mirean\/wp-json\/wp\/v2\/media?parent=183"}],"curies":[{"name":"wp","href":"https:\/\/api.w.org\/{rel}","templated":true}]}}