{"id":180,"date":"2010-09-16T14:39:58","date_gmt":"2010-09-16T14:39:58","guid":{"rendered":"http:\/\/localhost\/wordpress\/?page_id=180"},"modified":"2018-01-08T16:55:34","modified_gmt":"2018-01-08T16:55:34","slug":"a-bruidhinn-gu-pearsanta","status":"publish","type":"page","link":"https:\/\/storlann.co.uk\/mirean\/clar-amais\/a-bruidhinn-gu-pearsanta\/","title":{"rendered":"A&#8217; bruidhinn gu pearsanta"},"content":{"rendered":"<h3 class=\"aithghearrachd\">Aithghearrachd<\/h3>\n<p><em>Tha na p\u00e0train a leanas air an cleachdadh airson a bhith a&#8217; bruidhinn gu pearsanta:<\/em><\/p>\n<p><strong>Mi, thu\/tu, e, i, sinn, sibh, iad.<\/strong><\/p>\n<ul class=\"mirean-list\">\n<li>Mise, thusa\/tusa, esan, ise, sinne, sibhse, iadsan.\u00a0\u00a0\u00a0\u00a0\u00a0\u00a0\u00a0\u00a0\u00a0\u00a0\u00a0\u00a0\u00a0\u00a0\u00a0\u00a0\u00a0\u00a0\u00a0\u00a0\u00a0\u00a0\u00a0\u00a0\u00a0\u00a0\u00a0\u00a0\u00a0\u00a0\u00a0\u00a0\u00a0\u00a0\u00a0\u00a0\u00a0\u00a0\u00a0\u00a0\u00a0<\/li>\n<li>Mi fh\u00e8in\/fh\u00ecn, thu fh\u00e8in, e\/i fh\u00e8in, sinn fh\u00e8in\/fh\u00ecn, sibh fh\u00e8in, iad fh\u00e8in.<\/li>\n<\/ul>\n<p><strong>Tha mo cheann goirt<\/strong>.<\/p>\n<ul class=\"mirean-list\">\n<li>Dh&#8217;fh\u00e0g i a seacaid.\u00a0\u00a0\u00a0\u00a0\u00a0\u00a0\u00a0\u00a0\u00a0\u00a0\u00a0\u00a0\u00a0\u00a0\u00a0\u00a0\u00a0\u00a0\u00a0\u00a0\u00a0\u00a0\u00a0\u00a0\u00a0\u00a0\u00a0\u00a0\u00a0\u00a0\u00a0\u00a0\u00a0\u00a0\u00a0\u00a0\u00a0\u00a0\u00a0\u00a0\u00a0\u00a0\u00a0\u00a0\u00a0\u00a0\u00a0\u00a0\u00a0\u00a0\u00a0\u00a0\u00a0\u00a0\u00a0\u00a0\u00a0\u00a0\u00a0\u00a0\u00a0\u00a0\u00a0\u00a0\u00a0\u00a0\u00a0\u00a0\u00a0\u00a0\u00a0\u00a0\u00a0\u00a0\u00a0\u00a0\u00a0\u00a0\u00a0\u00a0\u00a0\u00a0\u00a0\u00a0\u00a0\u00a0\u00a0\u00a0\u00a0\u00a0\u00a0\u00a0\u00a0\u00a0\u00a0\u00a0\u00a0\u00a0\u00a0\u00a0\u00a0<\/li>\n<li>Mo ch\u00e0r(-sa), do ch\u00e0r(-sa), a ch\u00e0r(-san), a c\u00e0r(-se), ar c\u00e0r(-ne), ur c\u00e0r(-se), an c\u00e0r(-san).<\/li>\n<li>M&#8217; ad, d&#8217; fh\u00e0inne.<\/li>\n<\/ul>\n<p><strong>An<\/strong> <strong>c\u00e0r<\/strong> <strong>agam<\/strong><\/p>\n<ul class=\"mirean-list\">\n<li>An taigh agad.\u00a0 An t-seacaid aice.\u00a0\u00a0\u00a0\u00a0\u00a0\u00a0\u00a0\u00a0\u00a0\u00a0\u00a0\u00a0\u00a0\u00a0\u00a0\u00a0\u00a0\u00a0\u00a0\u00a0\u00a0\u00a0\u00a0\u00a0\u00a0\u00a0\u00a0\u00a0\u00a0\u00a0\u00a0\u00a0\u00a0\u00a0\u00a0\u00a0\u00a0\u00a0\u00a0\u00a0\u00a0\u00a0\u00a0\u00a0\u00a0\u00a0\u00a0\u00a0\u00a0\u00a0\u00a0\u00a0\u00a0\u00a0\u00a0\u00a0\u00a0\u00a0\u00a0\u00a0\u00a0\u00a0\u00a0\u00a0\u00a0\u00a0<\/li>\n<li>Agam(sa), agad(sa), aige(san), aice(se), againn(e), agaibh(se), aca(san). <strong><\/strong><\/li>\n<\/ul>\n<p><strong>Cas a&#8217; bhalaich<\/strong><\/p>\n<ul class=\"mirean-list\">\n<li>C\u00f2ta Chaluim.\u00a0 \u00a0C\u00f2ta Maireid.<\/li>\n<\/ul>\n<p><strong>An leabhar aig a&#8217; bhalach<\/strong><\/p>\n<ul class=\"mirean-list\">\n<li>An c\u00e0r aig Calum. \u00a0An c\u00f2ta aig M\u00e0iread.<\/li>\n<\/ul>\n<p><strong>Tha c\u00e0r \u00f9r aig Calum<\/strong>.<\/p>\n<ul class=\"mirean-list\">\n<li>Tha seacaid ghorm aig Catriona.\u00a0<\/li>\n<li>Tha c\u00f2ta \u00f9r agam.<\/li>\n<\/ul>\n<p><strong>&#8216;S ann le M\u00e0iri a tha am baga sin.<\/strong><\/p>\n<ul class=\"mirean-list\">\n<li>An ann leis a&#8217; bhoireannach sin a tha an c\u00f2ta seo?<\/li>\n<li>An ann leatsa a tha e?<\/li>\n<li>Tha a&#8217; bhonaid sin le Uilleam.<\/li>\n<\/ul>\n<p>Leam(sa), leat(sa), leis(-san), leatha(se), leinn(e), leibh(se), leotha(san).<\/p>\n<p><strong>A bheil thu ag iarraidh lioft na mo ch\u00e0r-sa?<\/strong><\/p>\n<p><strong>C\u00f2mhla rim bhr\u00e0thair.<\/strong><\/p>\n<p>&nbsp;<\/p>\n<hr \/>\n<div id=\"ccchildpages-1\" class=\"ccchildpages ccflex twocol ccgreen ccclearfix\"><ul class=\"ccchildpages_list ccclearfix\"><li class=\"page_item page-item-358 page_item_has_children\"><a href=\"https:\/\/storlann.co.uk\/mirean\/clar-amais\/a-bruidhinn-gu-pearsanta\/mi-thutu-e-i-sinn-sibh-iad\/\">Mi, thu\/tu, e, i, sinn, sibh, iad<\/a><\/li>\n<li class=\"page_item page-item-356 page_item_has_children\"><a href=\"https:\/\/storlann.co.uk\/mirean\/clar-amais\/a-bruidhinn-gu-pearsanta\/tha-car-ur-aig-calum\/\">Tha c\u00e0r \u00f9r aig Calum.<\/a><\/li>\n<li class=\"page_item page-item-354 page_item_has_children\"><a href=\"https:\/\/storlann.co.uk\/mirean\/clar-amais\/a-bruidhinn-gu-pearsanta\/a-bheil-thu-ag-iarraidh-lioft-na-mo-nam-char-sa\/\">A bheil thu ag iarraidh lioft na mo (nam) ch\u00e0r-sa?<\/a><\/li><\/ul><\/div>\n","protected":false},"excerpt":{"rendered":"<p>Aithghearrachd Tha na p\u00e0train a leanas air an cleachdadh airson a bhith a&#8217; bruidhinn gu pearsanta: Mi, thu\/tu, e, i, sinn, sibh, iad. Mise, thusa\/tusa, esan, ise, sinne, sibhse, iadsan.\u00a0\u00a0\u00a0\u00a0\u00a0\u00a0\u00a0\u00a0\u00a0\u00a0\u00a0\u00a0\u00a0\u00a0\u00a0\u00a0\u00a0\u00a0\u00a0\u00a0\u00a0\u00a0\u00a0\u00a0\u00a0\u00a0\u00a0\u00a0\u00a0\u00a0\u00a0\u00a0\u00a0\u00a0\u00a0\u00a0\u00a0\u00a0\u00a0\u00a0\u00a0 Mi fh\u00e8in\/fh\u00ecn, thu fh\u00e8in, e\/i fh\u00e8in, sinn fh\u00e8in\/fh\u00ecn, sibh fh\u00e8in, iad fh\u00e8in. Tha mo cheann goirt. Dh&#8217;fh\u00e0g i a seacaid.\u00a0\u00a0\u00a0\u00a0\u00a0\u00a0\u00a0\u00a0\u00a0\u00a0\u00a0\u00a0\u00a0\u00a0\u00a0\u00a0\u00a0\u00a0\u00a0\u00a0\u00a0\u00a0\u00a0\u00a0\u00a0\u00a0\u00a0\u00a0\u00a0\u00a0\u00a0\u00a0\u00a0\u00a0\u00a0\u00a0\u00a0\u00a0\u00a0\u00a0\u00a0\u00a0\u00a0\u00a0\u00a0\u00a0\u00a0\u00a0\u00a0\u00a0\u00a0\u00a0\u00a0\u00a0\u00a0\u00a0\u00a0\u00a0\u00a0\u00a0\u00a0\u00a0\u00a0\u00a0\u00a0\u00a0\u00a0\u00a0\u00a0\u00a0\u00a0\u00a0\u00a0\u00a0\u00a0\u00a0\u00a0\u00a0\u00a0\u00a0\u00a0\u00a0\u00a0\u00a0\u00a0\u00a0\u00a0\u00a0\u00a0\u00a0\u00a0\u00a0\u00a0\u00a0\u00a0\u00a0\u00a0\u00a0\u00a0\u00a0\u00a0 Mo ch\u00e0r(-sa), do ch\u00e0r(-sa), a [&hellip;]<\/p>\n","protected":false},"author":1,"featured_media":0,"parent":225,"menu_order":120,"comment_status":"closed","ping_status":"closed","template":"","meta":{"inline_featured_image":false,"footnotes":""},"class_list":["post-180","page","type-page","status-publish","hentry","has-post-title","has-post-date","has-post-category","has-post-tag","has-post-comment","has-post-author",""],"builder_content":"","_links":{"self":[{"href":"https:\/\/storlann.co.uk\/mirean\/wp-json\/wp\/v2\/pages\/180","targetHints":{"allow":["GET"]}}],"collection":[{"href":"https:\/\/storlann.co.uk\/mirean\/wp-json\/wp\/v2\/pages"}],"about":[{"href":"https:\/\/storlann.co.uk\/mirean\/wp-json\/wp\/v2\/types\/page"}],"author":[{"embeddable":true,"href":"https:\/\/storlann.co.uk\/mirean\/wp-json\/wp\/v2\/users\/1"}],"replies":[{"embeddable":true,"href":"https:\/\/storlann.co.uk\/mirean\/wp-json\/wp\/v2\/comments?post=180"}],"version-history":[{"count":0,"href":"https:\/\/storlann.co.uk\/mirean\/wp-json\/wp\/v2\/pages\/180\/revisions"}],"up":[{"embeddable":true,"href":"https:\/\/storlann.co.uk\/mirean\/wp-json\/wp\/v2\/pages\/225"}],"wp:attachment":[{"href":"https:\/\/storlann.co.uk\/mirean\/wp-json\/wp\/v2\/media?parent=180"}],"curies":[{"name":"wp","href":"https:\/\/api.w.org\/{rel}","templated":true}]}}