{"id":177,"date":"2010-09-16T14:39:03","date_gmt":"2010-09-16T14:39:03","guid":{"rendered":"http:\/\/localhost\/wordpress\/?page_id=177"},"modified":"2018-01-08T16:54:36","modified_gmt":"2018-01-08T16:54:36","slug":"co-ris-a-tha-rud-no-neach-coltach","status":"publish","type":"page","link":"https:\/\/storlann.co.uk\/mirean\/clar-amais\/co-ris-a-tha-rud-no-neach-coltach\/","title":{"rendered":"C\u00f2 ris a tha rud no neach coltach"},"content":{"rendered":"<h3 class=\"aithghearrachd\">Aithghearrachd<\/h3>\n<p><em>Tha na p\u00e0train a leanas air an cleachdadh airson innse c\u00f2 ris a tha rud no neach coltach:<\/em><\/p>\n<p><strong>Tha am balach beag<\/strong><\/p>\n<ul class=\"mirean-list\">\n<li>Tha am balach beag.<\/li>\n<li>Tha a&#8217; chaileag m\u00f2r.\u00a0<\/li>\n<li>Tha na tr\u00e8anaichean luath.<\/li>\n<\/ul>\n<p><strong>Balach beag, nighean mh\u00f2r<\/strong><\/p>\n<ul class=\"mirean-list\">\n<li>Leis a&#8217; bhalach bheag, anns a&#8217; bh\u00f9th mh\u00f2ir.\u00a0\u00a0\u00a0\u00a0\u00a0\u00a0\u00a0\u00a0\u00a0\u00a0\u00a0\u00a0\u00a0\u00a0\u00a0\u00a0\u00a0\u00a0\u00a0\u00a0\u00a0\u00a0\u00a0\u00a0\u00a0\u00a0\u00a0\u00a0\u00a0\u00a0\u00a0\u00a0\u00a0\u00a0\u00a0\u00a0\u00a0\u00a0\u00a0\u00a0\u00a0\u00a0\u00a0\u00a0\u00a0\u00a0\u00a0\u00a0\u00a0\u00a0\u00a0\u00a0\u00a0<\/li>\n<li>Earball a&#8217; chait chaoil.<\/li>\n<li>Ri taobh na h-uinneig bhig\/na h-uinneige bige.<\/li>\n<li>Caileagan m\u00f2ra, balaich bheaga.<\/li>\n<\/ul>\n<p><strong>Droch chuilean!<\/strong><\/p>\n<ul class=\"mirean-list\">\n<li>Droch, deagh, an-ath, corra, f\u00ecor, seann, pr\u00ecomh bhaile.\u00a0\u00a0\u00a0\u00a0\u00a0\u00a0\u00a0\u00a0\u00a0\u00a0\u00a0\u00a0\u00a0\u00a0\u00a0\u00a0\u00a0\u00a0\u00a0\u00a0\u00a0\u00a0\u00a0\u00a0\u00a0\u00a0<\/li>\n<li>Deagh dhuine, an-ath-sheachdain.<\/li>\n<li>A h-uile, iomadach, iomadh.<\/li>\n<li>Gach balach, iomadach latha.<\/li>\n<\/ul>\n<p><strong>Tha Calum nas fhe\u00e0rr na Roy air seinn ach &#8216;s e Roy as fhe\u00e0rr air ruith.<\/strong><\/p>\n<ul class=\"mirean-list\">\n<li>Tha criogaid nas fhe\u00e0rr na ball-coise.<\/li>\n<li>Nas motha, nas lugha, nas fhasa, nas miosa, nas luaithe, nas gile.<\/li>\n<\/ul>\n<ul class=\"mirean-list\">\n<li>&#8216;S e M\u00e0iri as fhe\u00e0rr air seinn.<\/li>\n<\/ul>\n<ul class=\"mirean-list\">\n<li>Na bu mhotha, na b&#8217; fhe\u00e0rr, na b&#8217; \u00e0irde.\u00a0\u00a0\u00a0\u00a0\u00a0\u00a0\u00a0\u00a0\u00a0\u00a0\u00a0\u00a0\u00a0\u00a0\u00a0\u00a0\u00a0\u00a0\u00a0\u00a0\u00a0\u00a0\u00a0\u00a0\u00a0\u00a0\u00a0\u00a0\u00a0\u00a0\u00a0\u00a0\u00a0\u00a0\u00a0\u00a0\u00a0\u00a0\u00a0\u00a0\u00a0\u00a0\u00a0\u00a0\u00a0\u00a0\u00a0\u00a0\u00a0\u00a0\u00a0\u00a0\u00a0\u00a0\u00a0\u00a0\u00a0\u00a0\u00a0\u00a0\u00a0\u00a0\u00a0\u00a0<\/li>\n<li>A bu mhotha, a b&#8217; fhe\u00e0rr, a b&#8217; \u00e0irde.<\/li>\n<\/ul>\n<p><strong>Tha e cho luath ri fiadh.<\/strong><\/p>\n<ul class=\"mirean-list\">\n<li>Bha e a&#8217; dol cho luath &#8216;s gun do thuit e.<\/li>\n<\/ul>\n<ul>\n<li>Bha e a&#8217; dol ro luath.<\/li>\n<\/ul>\n<ul class=\"mirean-list\">\n<li>Tha e uabhasach math air cluiche.\u00a0\u00a0\u00a0\u00a0\u00a0\u00a0\u00a0\u00a0\u00a0\u00a0\u00a0\u00a0\u00a0\u00a0\u00a0\u00a0\u00a0\u00a0\u00a0\u00a0\u00a0\u00a0\u00a0\u00a0\u00a0\u00a0\u00a0\u00a0\u00a0\u00a0\u00a0\u00a0\u00a0\u00a0\u00a0\u00a0\u00a0\u00a0\u00a0\u00a0\u00a0\u00a0\u00a0\u00a0\u00a0\u00a0\u00a0\u00a0\u00a0\u00a0\u00a0\u00a0\u00a0\u00a0\u00a0\u00a0\u00a0\u00a0\u00a0\u00a0\u00a0\u00a0\u00a0\u00a0\u00a0\u00a0\u00a0\u00a0\u00a0\u00a0\u00a0\u00a0\u00a0<\/li>\n<\/ul>\n<p>Air leth, gl\u00e8, anabarrach (fh\u00e8in), gu math, sgr\u00e0thail, uaraidh, cianail, garbh.<\/p>\n<ul class=\"mirean-list\">\n<li>Tha e a&#8217; dol gu math.\u00a0\u00a0\u00a0\u00a0\u00a0\u00a0\u00a0\u00a0\u00a0\u00a0\u00a0\u00a0\u00a0\u00a0\u00a0\u00a0\u00a0\u00a0\u00a0\u00a0\u00a0\u00a0\u00a0\u00a0\u00a0\u00a0\u00a0\u00a0\u00a0\u00a0\u00a0\u00a0\u00a0\u00a0\u00a0\u00a0\u00a0\u00a0\u00a0\u00a0\u00a0\u00a0\u00a0\u00a0\u00a0\u00a0\u00a0\u00a0\u00a0\u00a0\u00a0\u00a0\u00a0\u00a0\u00a0\u00a0\u00a0\u00a0\u00a0\u00a0\u00a0\u00a0\u00a0\u00a0\u00a0\u00a0\u00a0\u00a0\u00a0\u00a0\u00a0\u00a0\u00a0\u00a0\u00a0\u00a0\u00a0\u00a0\u00a0\u00a0\u00a0\u00a0\u00a0\u00a0\u00a0\u00a0\u00a0\u00a0\u00a0\u00a0\u00a0\u00a0\u00a0\u00a0\u00a0\u00a0\u00a0\u00a0\u00a0<\/li>\n<\/ul>\n<p>Gu mall, a-m\u00e0ireach, a-rithist, an seo, a-staigh, air ais, idir, mar sin.<\/p>\n<p>&nbsp;<\/p>\n<hr \/>\n<div id=\"ccchildpages-1\" class=\"ccchildpages ccflex twocol ccgreen ccclearfix\"><ul class=\"ccchildpages_list ccclearfix\"><li class=\"page_item page-item-350 page_item_has_children\"><a href=\"https:\/\/storlann.co.uk\/mirean\/clar-amais\/co-ris-a-tha-rud-no-neach-coltach\/tha-am-balach-beag\/\">Tha am balach beag.<\/a><\/li>\n<li class=\"page_item page-item-348 page_item_has_children\"><a href=\"https:\/\/storlann.co.uk\/mirean\/clar-amais\/co-ris-a-tha-rud-no-neach-coltach\/balach-beag-nighean-mhor\/\">Balach beag, nighean mh\u00f2r<\/a><\/li>\n<li class=\"page_item page-item-346 page_item_has_children\"><a href=\"https:\/\/storlann.co.uk\/mirean\/clar-amais\/co-ris-a-tha-rud-no-neach-coltach\/droch-deagh-an-ath\/\">Droch, deagh, an-ath<\/a><\/li>\n<li class=\"page_item page-item-344 page_item_has_children\"><a href=\"https:\/\/storlann.co.uk\/mirean\/clar-amais\/co-ris-a-tha-rud-no-neach-coltach\/tha-criogaid-nas-fhearr-na-ball-coise\/\">Tha criogaid nas fh\u00e8arr na ball-coise<\/a><\/li>\n<li class=\"page_item page-item-342 page_item_has_children\"><a href=\"https:\/\/storlann.co.uk\/mirean\/clar-amais\/co-ris-a-tha-rud-no-neach-coltach\/tha-e-cho-luath-ri-fiadh\/\">Tha e cho luath ri fiadh<\/a><\/li><\/ul><\/div>\n","protected":false},"excerpt":{"rendered":"<p>Aithghearrachd Tha na p\u00e0train a leanas air an cleachdadh airson innse c\u00f2 ris a tha rud no neach coltach: Tha am balach beag Tha am balach beag. Tha a&#8217; chaileag m\u00f2r.\u00a0 Tha na tr\u00e8anaichean luath. Balach beag, nighean mh\u00f2r Leis a&#8217; bhalach bheag, anns a&#8217; bh\u00f9th mh\u00f2ir.\u00a0\u00a0\u00a0\u00a0\u00a0\u00a0\u00a0\u00a0\u00a0\u00a0\u00a0\u00a0\u00a0\u00a0\u00a0\u00a0\u00a0\u00a0\u00a0\u00a0\u00a0\u00a0\u00a0\u00a0\u00a0\u00a0\u00a0\u00a0\u00a0\u00a0\u00a0\u00a0\u00a0\u00a0\u00a0\u00a0\u00a0\u00a0\u00a0\u00a0\u00a0\u00a0\u00a0\u00a0\u00a0\u00a0\u00a0\u00a0\u00a0\u00a0\u00a0\u00a0\u00a0 Earball a&#8217; chait chaoil. Ri taobh na h-uinneig [&hellip;]<\/p>\n","protected":false},"author":1,"featured_media":0,"parent":225,"menu_order":119,"comment_status":"closed","ping_status":"closed","template":"","meta":{"inline_featured_image":false,"footnotes":""},"class_list":["post-177","page","type-page","status-publish","hentry","has-post-title","has-post-date","has-post-category","has-post-tag","has-post-comment","has-post-author",""],"builder_content":"","_links":{"self":[{"href":"https:\/\/storlann.co.uk\/mirean\/wp-json\/wp\/v2\/pages\/177","targetHints":{"allow":["GET"]}}],"collection":[{"href":"https:\/\/storlann.co.uk\/mirean\/wp-json\/wp\/v2\/pages"}],"about":[{"href":"https:\/\/storlann.co.uk\/mirean\/wp-json\/wp\/v2\/types\/page"}],"author":[{"embeddable":true,"href":"https:\/\/storlann.co.uk\/mirean\/wp-json\/wp\/v2\/users\/1"}],"replies":[{"embeddable":true,"href":"https:\/\/storlann.co.uk\/mirean\/wp-json\/wp\/v2\/comments?post=177"}],"version-history":[{"count":0,"href":"https:\/\/storlann.co.uk\/mirean\/wp-json\/wp\/v2\/pages\/177\/revisions"}],"up":[{"embeddable":true,"href":"https:\/\/storlann.co.uk\/mirean\/wp-json\/wp\/v2\/pages\/225"}],"wp:attachment":[{"href":"https:\/\/storlann.co.uk\/mirean\/wp-json\/wp\/v2\/media?parent=177"}],"curies":[{"name":"wp","href":"https:\/\/api.w.org\/{rel}","templated":true}]}}