{"id":164,"date":"2010-09-16T14:35:57","date_gmt":"2010-09-16T14:35:57","guid":{"rendered":"http:\/\/localhost\/wordpress\/?page_id=164"},"modified":"2018-01-08T16:52:26","modified_gmt":"2018-01-08T16:52:26","slug":"ag-innse-de-tha-ann-an-rud-no-neach","status":"publish","type":"page","link":"https:\/\/storlann.co.uk\/mirean\/clar-amais\/ag-innse-de-tha-ann-an-rud-no-neach\/","title":{"rendered":"Ag innse d\u00e8 tha ann an rud no neach"},"content":{"rendered":"<h3 class=\"aithghearrachd\">Aithghearrachd<\/h3>\n<p><em>Tha na p\u00e0train a leanas air an cleachdadh airson innse d\u00e8 tha ann an rud no neach:<\/em><\/p>\n<p><strong>Is<\/strong>,<strong> is e<\/strong>,<strong> &#8216;s e<\/strong>,<strong> an e<\/strong>,<strong> chan e<\/strong>.<\/p>\n<p><strong>&#8216;S e Iain an dorsair.<\/strong>\u00a0\u00a0\u00a0\u00a0\u00a0\u00a0\u00a0\u00a0\u00a0\u00a0\u00a0\u00a0\u00a0\u00a0\u00a0\u00a0\u00a0\u00a0\u00a0\u00a0\u00a0\u00a0\u00a0\u00a0\u00a0\u00a0\u00a0\u00a0\u00a0\u00a0\u00a0\u00a0\u00a0\u00a0\u00a0\u00a0\u00a0\u00a0\u00a0\u00a0\u00a0\u00a0\u00a0\u00a0\u00a0\u00a0\u00a0\u00a0\u00a0\u00a0\u00a0\u00a0\u00a0\u00a0\u00a0\u00a0\u00a0\u00a0\u00a0\u00a0\u00a0\u00a0\u00a0\u00a0\u00a0\u00a0\u00a0\u00a0\u00a0\u00a0\u00a0\u00a0\u00a0\u00a0\u00a0\u00a0\u00a0\u00a0\u00a0\u00a0\u00a0\u00a0\u00a0\u00a0\u00a0<\/p>\n<ul>\n<li>Is mise M\u00e0iri.\u00a0<\/li>\n<li>&#8216;S e Seumas mo bhr\u00e0thair.<\/li>\n<li>&#8216;S e D\u00f9n \u00c8ideann am baile as br\u00e8agha ann an Alba.<\/li>\n<\/ul>\n<p><strong><strong>&#8216;S e poileas a tha ann am Mata.\u00a0\u00a0\u00a0\u00a0\u00a0\u00a0\u00a0\u00a0\u00a0\u00a0\u00a0\u00a0\u00a0\u00a0\u00a0\u00a0\u00a0\u00a0\u00a0\u00a0\u00a0\u00a0\u00a0\u00a0\u00a0\u00a0\u00a0\u00a0\u00a0\u00a0\u00a0\u00a0\u00a0\u00a0\u00a0\u00a0\u00a0\u00a0\u00a0\u00a0\u00a0\u00a0\u00a0\u00a0\u00a0\u00a0\u00a0\u00a0\u00a0\u00a0\u00a0\u00a0\u00a0\u00a0\u00a0\u00a0\u00a0\u00a0\u00a0\u00a0\u00a0\u00a0\u00a0\u00a0\u00a0\u00a0\u00a0\u00a0\u00a0\u00a0\u00a0\u00a0 <\/strong><\/strong><\/p>\n<ul>\n<li>&#8216;S e Sgitheanach a tha anns an duine sin.<\/li>\n<li>&#8216;S e eaglais a bha san togalach sin uaireigin.<\/li>\n<li>&#8216;S e dorsair a tha annam.<\/li>\n<\/ul>\n<p>Annam, annad, ann, innte, annainn, annaibh, annta.<\/p>\n<p><strong><strong>Bu, b&#8217; e, am bu, am b&#8217; e, cha bu, cha b&#8217; e.\u00a0\u00a0\u00a0\u00a0\u00a0\u00a0\u00a0\u00a0\u00a0\u00a0\u00a0\u00a0\u00a0\u00a0\u00a0\u00a0\u00a0\u00a0\u00a0\u00a0\u00a0\u00a0\u00a0\u00a0\u00a0\u00a0\u00a0\u00a0\u00a0\u00a0\u00a0\u00a0\u00a0\u00a0\u00a0\u00a0\u00a0\u00a0\u00a0\u00a0\u00a0\u00a0\u00a0\u00a0\u00a0\u00a0\u00a0\u00a0\u00a0\u00a0\u00a0\u00a0 <\/strong><\/strong><\/p>\n<ul>\n<li>B&#8217; e\/&#8217;S e \u2026 dannsair a bha innte nuair a bha i \u00f2g.<\/li>\n<\/ul>\n<p><strong>Tha e na<\/strong> <strong><strong>iasgair a-nise.\u00a0\u00a0\u00a0\u00a0\u00a0\u00a0\u00a0\u00a0\u00a0\u00a0\u00a0\u00a0\u00a0\u00a0\u00a0\u00a0\u00a0\u00a0\u00a0\u00a0\u00a0\u00a0\u00a0\u00a0\u00a0\u00a0\u00a0\u00a0\u00a0\u00a0\u00a0\u00a0\u00a0\u00a0\u00a0\u00a0\u00a0\u00a0\u00a0\u00a0\u00a0\u00a0\u00a0\u00a0\u00a0\u00a0\u00a0\u00a0\u00a0\u00a0\u00a0\u00a0\u00a0\u00a0\u00a0\u00a0\u00a0\u00a0\u00a0\u00a0\u00a0\u00a0\u00a0\u00a0\u00a0\u00a0\u00a0\u00a0\u00a0\u00a0\u00a0\u00a0\u00a0\u00a0\u00a0\u00a0\u00a0\u00a0\u00a0\u00a0\u00a0 <\/strong><\/strong><\/p>\n<p>Nam\/na mo, nad\/na do, na (e), na\/na h- (i), nar, nur, nan\/nam<\/p>\n<p>&nbsp;<\/p>\n<hr \/>\n<div id=\"ccchildpages-1\" class=\"ccchildpages ccflex twocol ccgreen ccclearfix\"><ul class=\"ccchildpages_list ccclearfix\"><li class=\"page_item page-item-254 page_item_has_children\"><a href=\"https:\/\/storlann.co.uk\/mirean\/clar-amais\/ag-innse-de-tha-ann-an-rud-no-neach\/isis-es-e\/\">Is\/Is e\/&#8217;S e<\/a><\/li>\n<li class=\"page_item page-item-256 page_item_has_children\"><a href=\"https:\/\/storlann.co.uk\/mirean\/clar-amais\/ag-innse-de-tha-ann-an-rud-no-neach\/s-e-feorag-a-tha-ann\/\">\u2019S e fe\u00f2rag a tha ann<\/a><\/li>\n<li class=\"page_item page-item-258 page_item_has_children\"><a href=\"https:\/\/storlann.co.uk\/mirean\/clar-amais\/ag-innse-de-tha-ann-an-rud-no-neach\/bu-b-e\/\">Bu, b&#8217; e<\/a><\/li>\n<li class=\"page_item page-item-260 page_item_has_children\"><a href=\"https:\/\/storlann.co.uk\/mirean\/clar-amais\/ag-innse-de-tha-ann-an-rud-no-neach\/tha-mi-nam-nurs-bha-ni-nam-bhalach-beag-an-uair-sin\/\">Tha mi nam nurs.<\/a><\/li><\/ul><\/div>\n","protected":false},"excerpt":{"rendered":"<p>Aithghearrachd Tha na p\u00e0train a leanas air an cleachdadh airson innse d\u00e8 tha ann an rud no neach: Is, is e, &#8216;s e, an e, chan e. &#8216;S e Iain an dorsair.\u00a0\u00a0\u00a0\u00a0\u00a0\u00a0\u00a0\u00a0\u00a0\u00a0\u00a0\u00a0\u00a0\u00a0\u00a0\u00a0\u00a0\u00a0\u00a0\u00a0\u00a0\u00a0\u00a0\u00a0\u00a0\u00a0\u00a0\u00a0\u00a0\u00a0\u00a0\u00a0\u00a0\u00a0\u00a0\u00a0\u00a0\u00a0\u00a0\u00a0\u00a0\u00a0\u00a0\u00a0\u00a0\u00a0\u00a0\u00a0\u00a0\u00a0\u00a0\u00a0\u00a0\u00a0\u00a0\u00a0\u00a0\u00a0\u00a0\u00a0\u00a0\u00a0\u00a0\u00a0\u00a0\u00a0\u00a0\u00a0\u00a0\u00a0\u00a0\u00a0\u00a0\u00a0\u00a0\u00a0\u00a0\u00a0\u00a0\u00a0\u00a0\u00a0\u00a0\u00a0\u00a0 Is mise M\u00e0iri.\u00a0 &#8216;S e Seumas mo bhr\u00e0thair. &#8216;S e D\u00f9n \u00c8ideann am baile as br\u00e8agha ann an Alba. &#8216;S e poileas a [&hellip;]<\/p>\n","protected":false},"author":1,"featured_media":0,"parent":225,"menu_order":105,"comment_status":"closed","ping_status":"closed","template":"","meta":{"inline_featured_image":false,"footnotes":""},"class_list":["post-164","page","type-page","status-publish","hentry","has-post-title","has-post-date","has-post-category","has-post-tag","has-post-comment","has-post-author",""],"builder_content":"","_links":{"self":[{"href":"https:\/\/storlann.co.uk\/mirean\/wp-json\/wp\/v2\/pages\/164","targetHints":{"allow":["GET"]}}],"collection":[{"href":"https:\/\/storlann.co.uk\/mirean\/wp-json\/wp\/v2\/pages"}],"about":[{"href":"https:\/\/storlann.co.uk\/mirean\/wp-json\/wp\/v2\/types\/page"}],"author":[{"embeddable":true,"href":"https:\/\/storlann.co.uk\/mirean\/wp-json\/wp\/v2\/users\/1"}],"replies":[{"embeddable":true,"href":"https:\/\/storlann.co.uk\/mirean\/wp-json\/wp\/v2\/comments?post=164"}],"version-history":[{"count":0,"href":"https:\/\/storlann.co.uk\/mirean\/wp-json\/wp\/v2\/pages\/164\/revisions"}],"up":[{"embeddable":true,"href":"https:\/\/storlann.co.uk\/mirean\/wp-json\/wp\/v2\/pages\/225"}],"wp:attachment":[{"href":"https:\/\/storlann.co.uk\/mirean\/wp-json\/wp\/v2\/media?parent=164"}],"curies":[{"name":"wp","href":"https:\/\/api.w.org\/{rel}","templated":true}]}}