{"id":1571,"date":"2011-08-11T11:21:53","date_gmt":"2011-08-11T11:21:53","guid":{"rendered":"https:\/\/storlann.co.uk\/mirean\/?page_id=1571"},"modified":"2018-01-09T17:06:19","modified_gmt":"2018-01-09T17:06:19","slug":"obair-ire-t","status":"publish","type":"page","link":"https:\/\/storlann.co.uk\/mirean\/clar-amais\/rudan\/adan-brogan-sraidean-corr-is-aon\/obair-ire-t\/","title":{"rendered":"Obair \u00ccre T"},"content":{"rendered":"<p class=\"obair-ire-t\"><em>adan, br\u00f2gan, sr\u00e0idean; c\u00e0raichean, litrichean; balaich, solais, pinn; ri balaich, bogsa mhaidsichean; na balaich, na h-adan; do na bodaich, le na h-adan; taigh-beag nan gillean; Radio nan G\u00e0idheal<\/em><\/p>\n<h3>\u00d2rain agus Rannan (D\u00e8 thuirt thu?)<\/h3>\n<p>Na maragan aig Ruairidh<br \/>\n Mamaidh aig a\u2019 chucair (bonnaich, sgonaichean)<br \/>\n Aon chorrag bheag (corragan)<br \/>\n Sp\u00f2rs le do chorragan<br \/>\n L\u00e0mhan anns a\u2019 bh\u00f9rn<br \/>\n Cuir do l\u00e0mhan air do cheann<br \/>\n Suath do bhoisean<br \/>\n Cluasan, s\u00f9ilean, sr\u00f2n is beul<br \/>\n Tha bonaid orm a-nis (br\u00f2gan)<br \/>\n Cuir ort do stocainnean<br \/>\n B\u00f2tannan dearg<br \/>\n Anns a\u2019 pholl (miotagan, stocainnean, br\u00f2gan)<br \/>\n C\u00e0it a bheil na d\u00e8ideagan?<br \/>\n A Mh\u00e0iri (currain, fl\u00f9raichean, r\u00f2san)<br \/>\n Chaidh sinn a bhuain na m\u00f2nach<br \/>\n C\u00f2ig uighean ann am basgaid<br \/>\n Noah \u2019s a bhean \u2019s a mhic<br \/>\n D\u00e8 tha anns a\u2019 bhogsa? (cairtean)<br \/>\n Anns a\u2019 chidsin (c\u00e8icichean, briosgaidean, sgonaichean)<br \/>\n Fl\u00f9raichean is r\u00f2san<br \/>\n Cuibhlichean a\u2019 bhus<br \/>\n Gealach \u00f9r is rionnagan<br \/>\n B\u00f9th MhicAmhlaidh (ceuman, leuman)<br \/>\n Congrinero (cluasan, ciabhagan, sp\u00f2gan)<br \/>\n C\u00f2ig luchainn bheaga gheala)<br \/>\n I bh\u00ec a-da (piseagan)<br \/>\n Tha s\u00ecol beag fon talamh (frasan, gathan, lusan, fl\u00f9raichean)<br \/>\n D\u00e8 ch\u00ec mi le mo sh\u00f9il (fl\u00f9ran, lusan, duilleagan)<br \/>\n Tro na fl\u00f9raichean<br \/>\n Crathaidh mi mo l\u00e0mhan (casan)<br \/>\n D\u00f9in do sh\u00f9ilean<\/p>\n<p>&nbsp;<\/p>\n<h3>Am fac\u2019 thu na f\u00e8idh<\/h3>\n<p>Am fac\u2019 thu na f\u00e8idh gu l\u00e8ir, a Bhoireagain?<br \/>\n Am fac\u2019 thu na f\u00e8idh, a The\u00e0rlaich?<br \/>\n Am fac\u2019 thu na f\u00e8idh gu l\u00e8ir, a Bhoireagain?<br \/>\n Suas gu mullach Cnoc Mh\u00e0rtainn?<br \/>\n Am fac\u2019 thu na f\u00e8idh gu l\u00e8ir, a Bhoireagain?<br \/>\n Am fac\u2019 thu na f\u00e8idh, a The\u00e0rlaich?<br \/>\n Am fac\u2019 thu na f\u00e8idh gu l\u00e8ir, a Bhoireagain?<br \/>\n Suas gu mullach Cnoc Mh\u00e0rtainn?<\/p>\n<p>Ruidhlidh Boireagan, dannsaidh Boireagan<br \/>\n Ruidhlidh Boireagan, The\u00e0rlaich<br \/>\n Ruidhlidh Boireagan, dannsaidh Boireagan<br \/>\n Ruidhlidh Boireagan, The\u00e0rlaich<br \/>\n Ruidhlidh Boireagan, dannsaidh Boireagan<br \/>\n Ruidhlidh Boireagan, The\u00e0rlaich<br \/>\n Aran is \u00ecm dhomh fh\u00ecn&#8217;s do Bhoireagan<br \/>\n Suas gu mullach Cnoc Mh\u00e0rtainn<\/p>\n<p>&nbsp;<\/p>\n","protected":false},"excerpt":{"rendered":"<p>adan, br\u00f2gan, sr\u00e0idean; c\u00e0raichean, litrichean; balaich, solais, pinn; ri balaich, bogsa mhaidsichean; na balaich, na h-adan; do na bodaich, le na h-adan; taigh-beag nan gillean; Radio nan G\u00e0idheal \u00d2rain agus Rannan (D\u00e8 thuirt thu?) Na maragan aig Ruairidh Mamaidh aig a\u2019 chucair (bonnaich, sgonaichean) Aon chorrag bheag (corragan) Sp\u00f2rs le do chorragan L\u00e0mhan anns a\u2019 [&hellip;]<\/p>\n","protected":false},"author":1,"featured_media":0,"parent":334,"menu_order":4,"comment_status":"closed","ping_status":"closed","template":"","meta":{"inline_featured_image":false,"footnotes":""},"class_list":["post-1571","page","type-page","status-publish","hentry","has-post-title","has-post-date","has-post-category","has-post-tag","has-post-comment","has-post-author",""],"builder_content":"","_links":{"self":[{"href":"https:\/\/storlann.co.uk\/mirean\/wp-json\/wp\/v2\/pages\/1571","targetHints":{"allow":["GET"]}}],"collection":[{"href":"https:\/\/storlann.co.uk\/mirean\/wp-json\/wp\/v2\/pages"}],"about":[{"href":"https:\/\/storlann.co.uk\/mirean\/wp-json\/wp\/v2\/types\/page"}],"author":[{"embeddable":true,"href":"https:\/\/storlann.co.uk\/mirean\/wp-json\/wp\/v2\/users\/1"}],"replies":[{"embeddable":true,"href":"https:\/\/storlann.co.uk\/mirean\/wp-json\/wp\/v2\/comments?post=1571"}],"version-history":[{"count":0,"href":"https:\/\/storlann.co.uk\/mirean\/wp-json\/wp\/v2\/pages\/1571\/revisions"}],"up":[{"embeddable":true,"href":"https:\/\/storlann.co.uk\/mirean\/wp-json\/wp\/v2\/pages\/334"}],"wp:attachment":[{"href":"https:\/\/storlann.co.uk\/mirean\/wp-json\/wp\/v2\/media?parent=1571"}],"curies":[{"name":"wp","href":"https:\/\/api.w.org\/{rel}","templated":true}]}}