{"id":156,"date":"2010-09-16T14:34:01","date_gmt":"2010-09-16T14:34:01","guid":{"rendered":"http:\/\/localhost\/wordpress\/?page_id=156"},"modified":"2018-01-08T16:51:02","modified_gmt":"2018-01-08T16:51:02","slug":"ag-innse-mu-rudan-a-thachras-as-deidh-seo","status":"publish","type":"page","link":"https:\/\/storlann.co.uk\/mirean\/clar-amais\/ag-innse-mu-rudan-a-thachras-as-deidh-seo\/","title":{"rendered":"Ag innse mu rudan a thachras \u00e0s d\u00e8idh seo"},"content":{"rendered":"<h3 class=\"aithghearrachd\">Aithghearrachd<\/h3>\n<p><em>Tha na p\u00e0train a leanas air an cleachdadh airson innse mu rudan a thachras \u00e0s d\u00e8idh seo:<\/em><\/p>\n<p><strong>Bidh\/bithidh, am bi, cha bhi, a bhios\/bhitheas<\/strong><\/p>\n<ul class=\"mirean-list\">\n<li>Bidh mi air ais tr\u00e0th.<br \/>\nAm bi thu ann a-nochd? Cha bhi.<br \/>\nC\u00f2 bhios a&#8217; dol ann c\u00f2mhla riut?<br \/>\nSin an duine a bhios a&#8217; seinn a-nochd.<\/li>\n<\/ul>\n<p><strong>Cuiridh, an cuir, cha chuir, chuireas<\/strong><\/p>\n<ul>\n<li>An cuir mi air an cofaidh?\u00a0\u00a0\u00a0\u00a0\u00a0\u00a0\u00a0\u00a0\u00a0\u00a0\u00a0\u00a0\u00a0\u00a0\u00a0\u00a0\u00a0\u00a0\u00a0\u00a0\u00a0\u00a0\u00a0\u00a0\u00a0\u00a0\u00a0\u00a0\u00a0\u00a0\u00a0\u00a0\u00a0\u00a0\u00a0\u00a0\u00a0\u00a0\u00a0\u00a0\u00a0\u00a0\u00a0\u00a0\u00a0\u00a0\u00a0\u00a0\u00a0\u00a0\u00a0\u00a0\u00a0\u00a0\u00a0\u00a0\u00a0\u00a0\u00a0\u00a0\u00a0\u00a0\u00a0\u00a0\u00a0\u00a0 Cuiridh.\u00a0\u00a0\u00a0\u00a0\u00a0\u00a0\u00a0\u00a0\u00a0\u00a0\u00a0\u00a0\u00a0\u00a0\u00a0\u00a0\u00a0\u00a0\u00a0\u00a0\u00a0\u00a0\u00a0\u00a0\u00a0\u00a0\u00a0\u00a0\u00a0\u00a0\u00a0\u00a0\u00a0\u00a0\u00a0\u00a0\u00a0\u00a0\u00a0\u00a0\u00a0\u00a0\u00a0\u00a0\u00a0\u00a0\u00a0\u00a0\u00a0\u00a0\u00a0\u00a0\u00a0\u00a0\u00a0\u00a0\u00a0\u00a0\u00a0\u00a0\u00a0\u00a0\u00a0\u00a0\u00a0\u00a0\u00a0\u00a0\u00a0\u00a0\u00a0\u00a0\u00a0\u00a0\u00a0\u00a0\u00a0\u00a0\u00a0\u00a0\u00a0\u00a0\u00a0\u00a0\u00a0\u00a0\u00a0\u00a0\u00a0\u00a0\u00a0\u00a0\u00a0\u00a0\u00a0\u00a0\u00a0\u00a0\u00a0\u00a0\u00a0\u00a0\u00a0\u00a0\u00a0\u00a0\u00a0\u00a0\u00a0\u00a0\u00a0\u00a0\u00a0\u00a0\u00a0\u00a0\u00a0\u00a0\u00a0\u00a0\u00a0\u00a0\u00a0\u00a0\u00a0\u00a0\u00a0\u00a0\u00a0\u00a0\u00a0\u00a0\u00a0\u00a0\u00a0\u00a0\u00a0<br \/>\nCha chuir mi \u00e0s an solas.<br \/>\nChan ith mi sin.<br \/>\nChan fh\u00e0g mi an seo e.<br \/>\nMa chuireas tu dheth an solas, bidh e dorcha.<br \/>\nC\u00f2 dh&#8217;innseas naidheachd?<\/li>\n<\/ul>\n<p><strong>Beiridh\/am beir\/cha bheir\/a bheireas<\/strong><\/p>\n<ul class=\"mirean-list\">\n<li>Beiridh\/am beir\/cha bheir\/a bheireas<br \/>\nbheir\/an toir\/cha toir\/a bheir<br \/>\ncanaidh\/an can\/cha chan\/a chanas<br \/>\nch\u00ec\/am faic\/chan fhaic\/a ch\u00ec<br \/>\ncluinnidh\/an cluinn\/cha chluinn\/a chluinneas<br \/>\ngheibh\/am faigh\/chan fhaigh\/a gheibh<br \/>\nn\u00ec\/an d\u00e8an\/cha d\u00e8an\/a n\u00ec<br \/>\nruigidh\/an ruig\/cha ruig\/a ruigeas<br \/>\nth\u00e8id\/an t\u00e8id\/cha t\u00e8id\/a th\u00e8id<br \/>\ntheir\/an abair\/chan abair\/a dh&#8217;abras<br \/>\nthig\/an tig\/cha tig\/a thig.<\/li>\n<\/ul>\n<p><strong>Tha<\/strong> <strong>mi<\/strong> <strong>dol<\/strong> <strong>a sheinn<\/strong>.<\/p>\n<ul class=\"mirean-list\">\n<li>Tha mi dol a pheantadh dealbh.<br \/>\nTha mi dol a dh&#8217;\u00f2l deoch.<\/li>\n<li>Tha mi dol a ghlanadh a&#8217; bh\u00f9ird.<br \/>\nTha mi dol a ghlanadh na h-uinneig(e).<\/li>\n<li>A bheil thu dol gam chuideachadh?<\/li>\n<\/ul>\n<p>Gad chur, ga chur, ga \u00f2l, ga cur, ga h-\u00f2l, gar cur, gur cur, gan cur, gam bruich.<\/p>\n<p>&nbsp;<\/p>\n<hr \/>\n<div id=\"ccchildpages-1\" class=\"ccchildpages ccflex twocol ccgreen ccclearfix\"><ul class=\"ccchildpages_list ccclearfix\"><li class=\"page_item page-item-201 page_item_has_children\"><a href=\"https:\/\/storlann.co.uk\/mirean\/clar-amais\/ag-innse-mu-rudan-a-thachras-as-deidh-seo\/bidh-bithidh\/\">Bidh\/bithidh<\/a><\/li>\n<li class=\"page_item page-item-205 page_item_has_children\"><a href=\"https:\/\/storlann.co.uk\/mirean\/clar-amais\/ag-innse-mu-rudan-a-thachras-as-deidh-seo\/cuiridh-an-cuir-olaidh-chan-ol\/\">Cuiridh\/an cuir &#8211; \u00d2laidh\/chan \u00f2l<\/a><\/li>\n<li class=\"page_item page-item-210 page_item_has_children\"><a href=\"https:\/\/storlann.co.uk\/mirean\/clar-amais\/ag-innse-mu-rudan-a-thachras-as-deidh-seo\/ni-an-dean-cha-dean-cluinnidh-an-cluinn-cha-chluinn\/\">N\u00ec\/an d\u00e8an\/cha d\u00e8an &#8211; Cluinnidh\/an cluinn\/cha chluinn<\/a><\/li>\n<li class=\"page_item page-item-212 page_item_has_children\"><a href=\"https:\/\/storlann.co.uk\/mirean\/clar-amais\/ag-innse-mu-rudan-a-thachras-as-deidh-seo\/tha-mi-dol-a-sheinn-tha-mi-dol-a-dheanamh-dealbh\/\">Tha mi dol a sheinn &#8211; Tha mi dol a dh\u00e8anamh dealbh<\/a><\/li><\/ul><\/div>\n","protected":false},"excerpt":{"rendered":"<p>Aithghearrachd Tha na p\u00e0train a leanas air an cleachdadh airson innse mu rudan a thachras \u00e0s d\u00e8idh seo: Bidh\/bithidh, am bi, cha bhi, a bhios\/bhitheas Bidh mi air ais tr\u00e0th. Am bi thu ann a-nochd? Cha bhi. C\u00f2 bhios a&#8217; dol ann c\u00f2mhla riut? Sin an duine a bhios a&#8217; seinn a-nochd. Cuiridh, an cuir, [&hellip;]<\/p>\n","protected":false},"author":1,"featured_media":0,"parent":225,"menu_order":100,"comment_status":"closed","ping_status":"closed","template":"","meta":{"inline_featured_image":false,"footnotes":""},"class_list":["post-156","page","type-page","status-publish","hentry","has-post-title","has-post-date","has-post-category","has-post-tag","has-post-comment","has-post-author",""],"builder_content":"","_links":{"self":[{"href":"https:\/\/storlann.co.uk\/mirean\/wp-json\/wp\/v2\/pages\/156","targetHints":{"allow":["GET"]}}],"collection":[{"href":"https:\/\/storlann.co.uk\/mirean\/wp-json\/wp\/v2\/pages"}],"about":[{"href":"https:\/\/storlann.co.uk\/mirean\/wp-json\/wp\/v2\/types\/page"}],"author":[{"embeddable":true,"href":"https:\/\/storlann.co.uk\/mirean\/wp-json\/wp\/v2\/users\/1"}],"replies":[{"embeddable":true,"href":"https:\/\/storlann.co.uk\/mirean\/wp-json\/wp\/v2\/comments?post=156"}],"version-history":[{"count":0,"href":"https:\/\/storlann.co.uk\/mirean\/wp-json\/wp\/v2\/pages\/156\/revisions"}],"up":[{"embeddable":true,"href":"https:\/\/storlann.co.uk\/mirean\/wp-json\/wp\/v2\/pages\/225"}],"wp:attachment":[{"href":"https:\/\/storlann.co.uk\/mirean\/wp-json\/wp\/v2\/media?parent=156"}],"curies":[{"name":"wp","href":"https:\/\/api.w.org\/{rel}","templated":true}]}}