{"id":135,"date":"2010-09-16T14:17:45","date_gmt":"2010-09-16T14:17:45","guid":{"rendered":"http:\/\/localhost\/wordpress\/?page_id=135"},"modified":"2011-11-03T16:47:41","modified_gmt":"2011-11-03T16:47:41","slug":"eisimpleir","status":"publish","type":"page","link":"https:\/\/storlann.co.uk\/mirean\/clar-amais\/ag-innse-mu-rudan-a-thachair-ron-a-seo\/tha-e-air-tilleadh\/eisimpleir\/","title":{"rendered":"Eisimpleirean"},"content":{"rendered":"<table width=\"666\" border=\"0\" cellspacing=\"0\" cellpadding=\"0\">\n<tbody>\n<tr class=\"eisimpleirean-t-h\">\n<td><strong><em>Toiseach\u00a0\u00a0\u00a0\u00a0\u00a0\u00a0<\/em><\/strong><\/td>\n<td><strong><em>mi \u2026<\/em><\/strong><\/td>\n<td>Ceangal<\/td>\n<td>Deireadh (1)<\/td>\n<td>mi &#8230;<\/td>\n<td>Deireadh (2)<\/td>\n<\/tr>\n<tr>\n<td rowspan=\"12\" valign=\"middle\">Tha\/<br \/>\na bheil\/<br \/>\nchan eil<\/td>\n<td rowspan=\"12\" valign=\"middle\">mi\/thu\/e\/i\/<br \/>\nsinn\/sibh\/iad<\/p>\n<p>&nbsp;<\/p>\n<p>(facal<br \/>\n<em>no <\/em><br \/>\nainm)<\/td>\n<td rowspan=\"12\" valign=\"middle\">air\/an d\u00e8idh<\/td>\n<td rowspan=\"3\">mo\/do<\/td>\n<td rowspan=\"4\">(mi\/thu)<\/td>\n<td>sh\u00e0rachadh.<\/td>\n<\/tr>\n<tr>\n<td>fhreagairt.<br \/>\nfhliuchadh.<\/td>\n<\/tr>\n<tr>\n<td>le\u00f2n.<br \/>\nnighe.<br \/>\nreothadh.<br \/>\nsgeadachadh.<\/td>\n<\/tr>\n<tr>\n<td>m\u2019\/d\u2019<\/td>\n<td>aithneachadh.<br \/>\niarraidh.<br \/>\nfhaicinn.<\/td>\n<\/tr>\n<tr>\n<td>a<\/td>\n<td rowspan=\"2\">(e)<\/td>\n<td>sh\u00e0rachadh.<br \/>\nfhliuchadh.<br \/>\nfhreagairt.<br \/>\nsgr\u00ecobhadh.<\/td>\n<\/tr>\n<tr>\n<td><\/td>\n<td>aithneachadh.<br \/>\nithe.<br \/>\n\u00f2l.<br \/>\nfhaicinn.<br \/>\nfhaireachdainn.<\/td>\n<\/tr>\n<tr>\n<td>a<\/td>\n<td rowspan=\"2\">(i)<\/td>\n<td>s\u00e0rachadh.<br \/>\nfaicinn.<br \/>\nfreagairt.<br \/>\nle\u00f2n.<br \/>\nreothadh.<br \/>\nsgioblachadh.<br \/>\nsgr\u00ecobhadh.<\/td>\n<\/tr>\n<tr>\n<td>a h-<\/td>\n<td>aithneachadh.<br \/>\nithe.<br \/>\n\u00f2l.<\/td>\n<\/tr>\n<tr>\n<td>ar\/ur<\/td>\n<td rowspan=\"2\">(sinn\/sibh)<\/td>\n<td>cluinntinn. cuideachadh.<\/td>\n<\/tr>\n<tr>\n<td>ar n-\/ur n-<\/td>\n<td>aithneachadh.<br \/>\nullachadh.<\/td>\n<\/tr>\n<tr>\n<td>an<\/td>\n<td rowspan=\"2\">(iad)<\/td>\n<td>cluinntinn, d\u00e8anamh.<br \/>\nithe, \u00f2l.<\/td>\n<\/tr>\n<tr>\n<td>am<\/td>\n<td>bristeadh, freagairt. moladh, prannadh.<\/td>\n<\/tr>\n<\/tbody>\n<\/table>\n","protected":false},"excerpt":{"rendered":"<p>Toiseach\u00a0\u00a0\u00a0\u00a0\u00a0\u00a0 mi \u2026 Ceangal Deireadh (1) mi &#8230; Deireadh (2) Tha\/ a bheil\/ chan eil mi\/thu\/e\/i\/ sinn\/sibh\/iad &nbsp; (facal no ainm) air\/an d\u00e8idh mo\/do (mi\/thu) sh\u00e0rachadh. fhreagairt. fhliuchadh. le\u00f2n. nighe. reothadh. sgeadachadh. m\u2019\/d\u2019 aithneachadh. iarraidh. fhaicinn. a (e) sh\u00e0rachadh. fhliuchadh. fhreagairt. sgr\u00ecobhadh. aithneachadh. ithe. \u00f2l. fhaicinn. fhaireachdainn. a (i) s\u00e0rachadh. faicinn. freagairt. le\u00f2n. reothadh. sgioblachadh. [&hellip;]<\/p>\n","protected":false},"author":1,"featured_media":0,"parent":88,"menu_order":0,"comment_status":"open","ping_status":"open","template":"page-eisimpleirean.php","meta":{"inline_featured_image":false,"footnotes":""},"class_list":["post-135","page","type-page","status-publish","hentry","has-post-title","has-post-date","has-post-category","has-post-tag","has-post-comment","has-post-author",""],"builder_content":"","_links":{"self":[{"href":"https:\/\/storlann.co.uk\/mirean\/wp-json\/wp\/v2\/pages\/135","targetHints":{"allow":["GET"]}}],"collection":[{"href":"https:\/\/storlann.co.uk\/mirean\/wp-json\/wp\/v2\/pages"}],"about":[{"href":"https:\/\/storlann.co.uk\/mirean\/wp-json\/wp\/v2\/types\/page"}],"author":[{"embeddable":true,"href":"https:\/\/storlann.co.uk\/mirean\/wp-json\/wp\/v2\/users\/1"}],"replies":[{"embeddable":true,"href":"https:\/\/storlann.co.uk\/mirean\/wp-json\/wp\/v2\/comments?post=135"}],"version-history":[{"count":0,"href":"https:\/\/storlann.co.uk\/mirean\/wp-json\/wp\/v2\/pages\/135\/revisions"}],"up":[{"embeddable":true,"href":"https:\/\/storlann.co.uk\/mirean\/wp-json\/wp\/v2\/pages\/88"}],"wp:attachment":[{"href":"https:\/\/storlann.co.uk\/mirean\/wp-json\/wp\/v2\/media?parent=135"}],"curies":[{"name":"wp","href":"https:\/\/api.w.org\/{rel}","templated":true}]}}