{"id":133,"date":"2010-09-16T14:16:35","date_gmt":"2010-09-16T14:16:35","guid":{"rendered":"http:\/\/localhost\/wordpress\/?page_id=133"},"modified":"2018-01-09T16:28:27","modified_gmt":"2018-01-09T16:28:27","slug":"obair-ire-3","status":"publish","type":"page","link":"https:\/\/storlann.co.uk\/mirean\/clar-amais\/ag-innse-mu-rudan-a-thachair-ron-a-seo\/bhithinn-bhiomaid-bhiodh\/obair-ire-3\/","title":{"rendered":"Obair \u00ecre 3"},"content":{"rendered":"<div class=\"obair-ire-3-wrapper\">\n<p class=\"obair-ire3\">Bhithinn, bhiomaid\/bhitheamaid, bhiodh e\/i\/sinn\/sibh\/iad. Bhiodh\/am biodh\/gum biodh\/cha bhiodh. Bhithinn a\u2019 dol dhan sgoil air a\u2019 bhus mus d\u2019fhuair sinn c\u00e0r. Chuireadh.<em><br \/>\n <\/em><\/p>\n<h3>Gn\u00ecomhan<\/h3>\n<p><strong>D\u00e8 dh\u00e8anadh tu?<\/strong><\/p>\n<p>Faodaidh sibh seo a dh\u00e8anamh mar ch\u00f2mhradh no mar sgr\u00ecobhadh.<\/p>\n<p>Inns dhaibh suidheachadh agus faighnich dhaibh d\u00e8 dh\u00e8anadh iad anns an t-suidheachadh sin.<\/p>\n<p>me<\/p>\n<p>\u201cD\u00e8 dh\u00e8anadh tu nan robh thu air c\u00f9l na st\u00e8idse aig consairt m\u00f2r?\u201d<\/p>\n<p>D\u00e8 dh\u00e8anadh tu?<\/p>\n<p>&nbsp;<\/p>\n<p><strong>Sl\u00e0inte<\/strong><\/p>\n<p>D\u00e8 dh\u00e8anadh tu nam biodh do charaidean uile ag \u00f2l deoch-l\u00e0idir?<\/p>\n<p>D\u00e8 dh\u00e8anadh tu nan iarradh cuideigin ris an robh thu a\u2019 bruidhinn ann an se\u00f2mar-c\u00f2mhraidh (chatroom) coinneachadh riut?<\/p>\n<p>&nbsp;<\/p>\n<p><strong>Leudachadh<\/strong><\/p>\n<p>Airson beagan sp\u00f2rs!<\/p>\n<p>Air p\u00ecos p\u00e0ipeir, bidh a h-uile duine a\u2019 sgr\u00ecobhadh ceist, \u201cD\u00e8 dh\u00e8anadh tu \u2026?\u201d Feumaidh iad am p\u00ecos p\u00e0ipeir seo a phasgadh agus a thoirt do chuideigin eile. \u00a0An uair sin feumaidh iad sgr\u00ecobhadh s\u00ecos freagairt dhan ceist aca fh\u00e8in. Gheibh iad freagairtean ne\u00f2nach mar a leanas!<\/p>\n<p>me<\/p>\n<p>\u201cD\u00e8 dh\u00e8anadh tu nan tuiteadh tu dhan amar-sn\u00e0mh?<\/p>\n<p>\u201cChaidlinn.\u201d<\/p>\n<p>\u201cD\u00e8 dh\u00e8anadh tu nan tachradh tu ris a\u2019 bhanrigh?\u201d<\/p>\n<p>\u201cLeumainn a-mach cho luath \u2019s a b\u2019 urrainn dhomh.\u201d<\/p>\n<p>\u201cD\u00e8 dh\u00e8anadh tu nam biodh tu a\u2019 faireachdainn sg\u00ecth?\u201d<\/p>\n<p>Chanainn, \u201cHall\u00f2\u201d!<\/p>\n<p>&nbsp;<\/p>\n<hr \/>\n<h3>Measadh<\/h3>\n<p>Sgr\u00ecobh paragraf no dh\u00e0 air:<\/p>\n<p>Nan robh c\u00f2ig r\u00e0ithean ann, c\u00f2 ris a bhiodh a\u2019 ch\u00f2igeamh r\u00e0ith coltach?<\/p>\n<p>Feumaidh na sgoilearean p\u00e0tran na seachdain a chleachdadh.<\/p>\n<p>&nbsp;<\/p>\n<hr \/>\n<h3>\u00d2rain<\/h3>\n<p><span style=\"text-decoration: underline;\">Dh\u00e8anainn S\u00f9gradh<\/span><\/p>\n<p><strong>S\u00e8ist<\/strong><\/p>\n<p>Dh\u00e8annain s\u00f9gradh ris an nighinn duibh<\/p>\n<p>\u2019N d\u00e8idh dhomh \u00e8irigh anns a\u2019 mhadainn<\/p>\n<p>Dh\u00e8annain s\u00f9gradh ris an nighinn duibh<\/p>\n<p>Dh\u00e8annain s\u00f9gradh ris a&#8217; ghruagaich<\/p>\n<p>Nuair a bhiodh an sluagh nan cadal.<\/p>\n<p><em>s\u00e8ist<\/em><\/p>\n<p>Dh\u00e8annain s\u00f9gradh an \u00e0m d\u00f9sgaidh<\/p>\n<p>&#8216;N \u00e0m na si\u00f9il a bhith gam pasgadh.<\/p>\n<p><em>s\u00e8ist<\/em><\/p>\n<p>Diluain an d\u00e8idh Did\u00f2mhnaich<\/p>\n<p>Dh&#8217;fhalbh sinn le Se\u00f2naid \u00e0 Arcaibh<\/p>\n<p><em>s\u00e8ist<\/em><\/p>\n<p>Riof ga ceangal &#8216;s riof ga fuasgladh<\/p>\n<p>muir ma gualainn, fuaim is fead oirr\u2019.<\/p>\n<p><em>s\u00e8ist<\/em><\/p>\n<p>Null ma Chaolas na R\u00f2imh<\/p>\n<p>b&#8217; fheudar dhuinn am bom a leasadh.<\/p>\n<p><em>s\u00e8ist<\/em><\/p>\n<p>Null ma chaolas na Fraing<\/p>\n<p>Maide na l\u00e0imh is gaoth ga greasadh .<\/p>\n<p><em>s\u00e8ist<\/em><\/p>\n<p>Dh&#8217;fheumadh p\u00f2rsan thigh&#8217;nn \u00e0 b\u00f9th dhi<\/p>\n<p>Ged a bhiodh e cr\u00f9n an cairteal.<\/p>\n<p><em>s\u00e8ist<\/em><\/p>\n<p>Ged a bhiodh e cr\u00f9n an \u00f2irleach<\/p>\n<p>Dh&#8217;fheumadh p\u00f2rsan dheth thigh&#8217;nn dhachaigh.<\/p>\n<h3>\u00a0<\/h3>\n<p>&nbsp;<\/p>\n<\/div>\n","protected":false},"excerpt":{"rendered":"<p>Bhithinn, bhiomaid\/bhitheamaid, bhiodh e\/i\/sinn\/sibh\/iad. Bhiodh\/am biodh\/gum biodh\/cha bhiodh. Bhithinn a\u2019 dol dhan sgoil air a\u2019 bhus mus d\u2019fhuair sinn c\u00e0r. Chuireadh. Gn\u00ecomhan D\u00e8 dh\u00e8anadh tu? Faodaidh sibh seo a dh\u00e8anamh mar ch\u00f2mhradh no mar sgr\u00ecobhadh. Inns dhaibh suidheachadh agus faighnich dhaibh d\u00e8 dh\u00e8anadh iad anns an t-suidheachadh sin. me \u201cD\u00e8 dh\u00e8anadh tu nan robh thu [&hellip;]<\/p>\n","protected":false},"author":1,"featured_media":0,"parent":86,"menu_order":89,"comment_status":"closed","ping_status":"closed","template":"","meta":{"inline_featured_image":false,"footnotes":""},"class_list":["post-133","page","type-page","status-publish","hentry","has-post-title","has-post-date","has-post-category","has-post-tag","has-post-comment","has-post-author",""],"builder_content":"","_links":{"self":[{"href":"https:\/\/storlann.co.uk\/mirean\/wp-json\/wp\/v2\/pages\/133","targetHints":{"allow":["GET"]}}],"collection":[{"href":"https:\/\/storlann.co.uk\/mirean\/wp-json\/wp\/v2\/pages"}],"about":[{"href":"https:\/\/storlann.co.uk\/mirean\/wp-json\/wp\/v2\/types\/page"}],"author":[{"embeddable":true,"href":"https:\/\/storlann.co.uk\/mirean\/wp-json\/wp\/v2\/users\/1"}],"replies":[{"embeddable":true,"href":"https:\/\/storlann.co.uk\/mirean\/wp-json\/wp\/v2\/comments?post=133"}],"version-history":[{"count":0,"href":"https:\/\/storlann.co.uk\/mirean\/wp-json\/wp\/v2\/pages\/133\/revisions"}],"up":[{"embeddable":true,"href":"https:\/\/storlann.co.uk\/mirean\/wp-json\/wp\/v2\/pages\/86"}],"wp:attachment":[{"href":"https:\/\/storlann.co.uk\/mirean\/wp-json\/wp\/v2\/media?parent=133"}],"curies":[{"name":"wp","href":"https:\/\/api.w.org\/{rel}","templated":true}]}}