{"id":131,"date":"2010-09-16T14:16:14","date_gmt":"2010-09-16T14:16:14","guid":{"rendered":"http:\/\/localhost\/wordpress\/?page_id=131"},"modified":"2018-01-09T16:28:05","modified_gmt":"2018-01-09T16:28:05","slug":"obair-ire-2","status":"publish","type":"page","link":"https:\/\/storlann.co.uk\/mirean\/clar-amais\/ag-innse-mu-rudan-a-thachair-ron-a-seo\/bhithinn-bhiomaid-bhiodh\/obair-ire-2\/","title":{"rendered":"Obair \u00ecre 2"},"content":{"rendered":"<div class=\"obair-ire-2-wrapper\">\n<p class=\"obair-ire2\">Bhithinn, bhiomaid\/bhitheamaid, bhiodh e\/i\/sinn\/sibh\/iad. Bhiodh\/am biodh\/gum biodh\/cha bhiodh. Bhithinn a\u2019 dol dhan sgoil air a\u2019 bhus mus d\u2019fhuair sinn c\u00e0r. Chuireadh.<em><br \/>\n <\/em><\/p>\n<h3>Cothroman ann an c\u00e0nan a\u2019 chlas airson eisimpleirean a thoirt don chloinn air structaran<\/h3>\n<p>Nuair a tha thu a\u2019 measadh sgr\u00ecobhaidh c\u00f2mhla ri na sgoilearan, faighnich dhaibh:<\/p>\n<p>\u201cD\u00e8 dh\u00e8anadh tu diofraichte?\u201d<\/p>\n<p>me<\/p>\n<p>&#8220;Chuirinn barrachd bhuadhairean ann.\u201d<br \/>\n \u201cSgr\u00ecobhainn beagan a bharrachd mu dheidhinn nan caractaran eile.\u201d<br \/>\n \u201cDh\u2019fheuchainn ri barrachd air tr\u00ec paragrafan a sgr\u00ecobhadh.\u201d<\/p>\n<p>Dh\u2019fhaodadh na sgoilearan seo a dh\u00e8anamh c\u00f2mhla ri caraid (measadh c\u00e0raid).<\/p>\n<p>&nbsp;<\/p>\n<hr \/>\n<h3>Cothroman tar-churraicealaim<\/h3>\n<p><strong>Eachdraidh<\/strong><br \/>\n Tha am p\u00e0tran seo gu math feumail nuair a bhruidhneas sinn air eachdraidh.<\/p>\n<p>Aig toiseach cuspair \u00f9r, faighnich dhaibh d\u00e8 tha iad ag iarraidh faighinn a-mach.<br \/>\n Air neo mar mheasadh aig deireadh cuspair.<\/p>\n<p>\u201cD\u00e8 dh\u2019itheadh na Bhict\u00f2rianaich?\u201d<br \/>\n \u201cAm biodh a h-uile duine a\u2019 dol dhan sgoil?\u201d<br \/>\n \u201cD\u00e8 an se\u00f2rsa obraichean a bhiodh aca?\u201d<\/p>\n<p>&nbsp;<\/p>\n<hr \/>\n<h3>\u00d2rain<\/h3>\n<p>(D\u00e8 thuirt thu?) Bheirinn siud do Mh\u00e0iri<\/p>\n<p><span style=\"text-decoration: underline;\">Dh&#8217; fhalbhainn sgiobalta<\/span><\/p>\n<p>Dh&#8217; fhalbhainn sgiobalta, sgiobalta, sgiobalta<br \/>\n Dh&#8217; fhalbhainn sgiobalta &#8216;s gheibhinn air d\u00f2igh<br \/>\n Dh&#8217; fhalbhainn sgiobalta choimhead air Iseabail<br \/>\n Chuirinn mo bhriogais orm &#8216;s gheibhinn air d\u00f2igh<br \/>\n Dh&#8217; fhalbhainn sgiobalta<br \/>\n Dh&#8217; fhalbhainn sgiobalta, sgiobalta, sgiobalta<br \/>\n Dh&#8217; fhalbhainn sgiobalta &#8216;s gheibhinn air d\u00f2igh<br \/>\n Dh&#8217; fhalbhainn sgiobalta choimhead air Iseabail<br \/>\n Chuirinn mo bhriogais orm &#8216;s gheibhinn air d\u00f2igh<\/p>\n<p>S\u00ecle, S\u00ecle, &#8216;s i bu docha leam<br \/>\n S\u00ecle, S\u00ecle, am boireannach c\u00f2ir<br \/>\n S\u00ecle, S\u00ecle, &#8216;s i bu docha leam<br \/>\n Peigi nighean Uilleim a ghabh mi ri m&#8217; bhe\u00f2<br \/>\n S\u00ecle, S\u00ecle, &#8216;s i bu docha leam<br \/>\n S\u00ecle, S\u00ecle, am boireannach c\u00f2ir<br \/>\n S\u00ecle, S\u00ecle, &#8216;s i bu docha leam<br \/>\n Peigi nighean Uilleim a ghabh mi ri m&#8217; bhe\u00f2<\/p>\n<p><span style=\"text-decoration: underline;\">\u00a0<\/span><\/p>\n<p><span style=\"text-decoration: underline;\">Chuirinn air a\u2019 ph\u00ecob e<\/span><\/p>\n<p>Chuirinn air a\u2019 ph\u00ecob<br \/>\n air a\u2019 ph\u00ecob, air a\u2019 ph\u00ecob e<br \/>\n Chuirinn air a\u2019 ph\u00ecob<br \/>\n Mu sheann D\u00f2mhnaill Dubhghlas<br \/>\n Chuirinn air a\u2019 ph\u00ecob<br \/>\n air a\u2019 ph\u00ecob, air a\u2019 ph\u00ecob e<br \/>\n Chuirinn air a\u2019 ph\u00ecob<br \/>\n Mu sheann D\u00f2mhnaill Dubhghlas<\/p>\n<p>Chuirinn air an fhidhill<br \/>\n Air an fhidhill, Air an fhidhill<br \/>\n Chuirinn air an fhidhill<br \/>\n \u2019S a-rithist air an tri\u00f9mpaidh<br \/>\n Chuirinn air an fhidhill<br \/>\n Air an fhidhill, Air an fhidhill<br \/>\n Chuirinn air an fhidhill<br \/>\n \u2019S a-rithist air an tri\u00f9mpaidh<\/p>\n<p><br style=\"text-decoration: underline;\" \/><br \/>\n <span style=\"text-decoration: underline;\"><br clear=\"all\" \/><br \/>\n <\/span><\/p>\n<\/div>\n","protected":false},"excerpt":{"rendered":"<p>Bhithinn, bhiomaid\/bhitheamaid, bhiodh e\/i\/sinn\/sibh\/iad. Bhiodh\/am biodh\/gum biodh\/cha bhiodh. Bhithinn a\u2019 dol dhan sgoil air a\u2019 bhus mus d\u2019fhuair sinn c\u00e0r. Chuireadh. Cothroman ann an c\u00e0nan a\u2019 chlas airson eisimpleirean a thoirt don chloinn air structaran Nuair a tha thu a\u2019 measadh sgr\u00ecobhaidh c\u00f2mhla ri na sgoilearan, faighnich dhaibh: \u201cD\u00e8 dh\u00e8anadh tu diofraichte?\u201d me &#8220;Chuirinn barrachd [&hellip;]<\/p>\n","protected":false},"author":1,"featured_media":0,"parent":86,"menu_order":87,"comment_status":"closed","ping_status":"closed","template":"","meta":{"inline_featured_image":false,"footnotes":""},"class_list":["post-131","page","type-page","status-publish","hentry","has-post-title","has-post-date","has-post-category","has-post-tag","has-post-comment","has-post-author",""],"builder_content":"","_links":{"self":[{"href":"https:\/\/storlann.co.uk\/mirean\/wp-json\/wp\/v2\/pages\/131","targetHints":{"allow":["GET"]}}],"collection":[{"href":"https:\/\/storlann.co.uk\/mirean\/wp-json\/wp\/v2\/pages"}],"about":[{"href":"https:\/\/storlann.co.uk\/mirean\/wp-json\/wp\/v2\/types\/page"}],"author":[{"embeddable":true,"href":"https:\/\/storlann.co.uk\/mirean\/wp-json\/wp\/v2\/users\/1"}],"replies":[{"embeddable":true,"href":"https:\/\/storlann.co.uk\/mirean\/wp-json\/wp\/v2\/comments?post=131"}],"version-history":[{"count":0,"href":"https:\/\/storlann.co.uk\/mirean\/wp-json\/wp\/v2\/pages\/131\/revisions"}],"up":[{"embeddable":true,"href":"https:\/\/storlann.co.uk\/mirean\/wp-json\/wp\/v2\/pages\/86"}],"wp:attachment":[{"href":"https:\/\/storlann.co.uk\/mirean\/wp-json\/wp\/v2\/media?parent=131"}],"curies":[{"name":"wp","href":"https:\/\/api.w.org\/{rel}","templated":true}]}}