{"id":126,"date":"2010-09-16T14:10:10","date_gmt":"2010-09-16T14:10:10","guid":{"rendered":"http:\/\/localhost\/wordpress\/?page_id=126"},"modified":"2018-01-09T16:25:18","modified_gmt":"2018-01-09T16:25:18","slug":"obair-ire-1","status":"publish","type":"page","link":"https:\/\/storlann.co.uk\/mirean\/clar-amais\/ag-innse-mu-rudan-a-thachair-ron-a-seo\/bha-an-robh-cha-robh\/obair-ire-1\/","title":{"rendered":"Obair \u00ecre 1"},"content":{"rendered":"<div class=\"obair-ire-1-wrapper\">\n<p class=\"obair-ire1\"><em>Bha\/an robh\/cha robh; bha mi sg\u00ecth; bha mi an-\u00e0ird anmoch a-raoir; bha e a&#8217; glanadh a&#8217; bh\u00f9ird; cha robh mi gan cluinntinn<\/em><\/p>\n<h3>Gn\u00ecomhan<\/h3>\n<p>D\u00e8an suas cairtean le plastaig orra, aon le \u00f2rdag suas le \u2018bha\u2019 sgr\u00ecobhte oirre, agus aon le \u00f2rdag s\u00ecos agus \u2018cha robh\u2019 sgr\u00ecobhte oirre.<\/p>\n<p>Faighnich t\u00f2rr cheistean dhaibh. Feumaidh iad am freagairt ceart a chur suas.<\/p>\n<p style=\"text-align: center;\"><a href=\"https:\/\/storlann.co.uk\/mirean\/wp-content\/uploads\/2010\/09\/2c1-pic1.gif\"><img loading=\"lazy\" decoding=\"async\" class=\"aligncenter size-full wp-image-2007\" title=\"2c1-pic1\" src=\"https:\/\/storlann.co.uk\/mirean\/wp-content\/uploads\/2010\/09\/2c1-pic1.gif\" alt=\"Graphic Text: Bha \/ Cha robh\" width=\"339\" height=\"154\" srcset=\"https:\/\/storlann.co.uk\/mirean\/wp-content\/uploads\/2010\/09\/2c1-pic1.gif 339w, https:\/\/storlann.co.uk\/mirean\/wp-content\/uploads\/2010\/09\/2c1-pic1-300x136.gif 300w\" sizes=\"auto, (max-width: 339px) 100vw, 339px\" \/><\/a><\/p>\n<p><strong>Eachdraidh mo bheatha<\/strong><\/p>\n<p>Mar gu h-\u00e0rd ach faodaidh iad na h-abairtean aca fh\u00e8in a sgr\u00ecobhadh s\u00ecos.<\/p>\n<p>&nbsp;<\/p>\n<p><strong>Seantansan <\/strong><\/p>\n<p>Cuir faclan suas air a\u2019 bhalla (\u2019s d\u00f2cha faisg air a\u2019 bh\u00f2rd sgr\u00ecobhaidh). Feumaidh na sgoilearan na facail a chleachdadh gus seantansan a dh\u00e8anamh.<\/p>\n<p>me<\/p>\n<p style=\"text-align: center;\"><a href=\"https:\/\/storlann.co.uk\/mirean\/wp-content\/uploads\/2010\/09\/2c1-pic2.gif\"><img loading=\"lazy\" decoding=\"async\" class=\"aligncenter size-full wp-image-2009\" title=\"2c1-pic2\" src=\"https:\/\/storlann.co.uk\/mirean\/wp-content\/uploads\/2010\/09\/2c1-pic2.gif\" alt=\"Graphic Text Boxes\" width=\"612\" height=\"301\" srcset=\"https:\/\/storlann.co.uk\/mirean\/wp-content\/uploads\/2010\/09\/2c1-pic2.gif 612w, https:\/\/storlann.co.uk\/mirean\/wp-content\/uploads\/2010\/09\/2c1-pic2-300x147.gif 300w\" sizes=\"auto, (max-width: 612px) 100vw, 612px\" \/><\/a><\/p>\n<p>&nbsp;<\/p>\n<p>Faodaidh tu seo a leudachadh nuair a dh\u2019fh\u00e0sas a\u2019 chlann cleachdte ris.<\/p>\n<p>&nbsp;<\/p>\n<p><strong>Faireachdainnean<\/strong><\/p>\n<p>A\u2019 cleachdadh sgeulachd air a bheil a h-uile duine e\u00f2lach, feumaidh na sgoilearan smaoineachadh mu dheidhinn faireachdainnean nan caractaran.<\/p>\n<p>Cuir a\u2019 chlann ann am buidhnean \u2013 aon bhuidheann airson gach caractar a tha thu ag iarraidh bruidhinn mu dheidhinn. Cleachd builgeanan smuain le plastaig orra agus thoir 3 do gach buidheann. Feumaidh iad smuaintean nan caractaran aca a sgr\u00ecobhadh s\u00ecos aig tr\u00ec diofar ph\u00e0irtean den sgeulachd.<\/p>\n<p>Nuair a tha iad deiseil, cruinnich na buidhnean c\u00f2mhla agus feumaidh iad na freagairtean aca ag aithris dhan a\u2019 chlas.<\/p>\n<p>&nbsp;<\/p>\n<p>me<\/p>\n<p><strong>Na tr\u00ec mucan beaga<\/strong><\/p>\n<p>&nbsp;<\/p>\n<p><strong>Caractar \u2013 Madadh-allaidh<\/strong><\/p>\n<p style=\"text-align: center;\"><a href=\"https:\/\/storlann.co.uk\/mirean\/wp-content\/uploads\/2010\/09\/2c1-pic3.gif\"><img loading=\"lazy\" decoding=\"async\" class=\"aligncenter size-full wp-image-2010\" title=\"2c1-pic3\" src=\"https:\/\/storlann.co.uk\/mirean\/wp-content\/uploads\/2010\/09\/2c1-pic3.gif\" alt=\"Graphic Text\" width=\"636\" height=\"200\" srcset=\"https:\/\/storlann.co.uk\/mirean\/wp-content\/uploads\/2010\/09\/2c1-pic3.gif 636w, https:\/\/storlann.co.uk\/mirean\/wp-content\/uploads\/2010\/09\/2c1-pic3-300x94.gif 300w\" sizes=\"auto, (max-width: 636px) 100vw, 636px\" \/><\/a><\/p>\n<p>&nbsp;<\/p>\n<p>&nbsp;<\/p>\n<p>Tidsear: \u201cCiamar a bha am madadh-allaidh a\u2019 faireachdainn aig an toiseach?\u201d<\/p>\n<p>Neach-aithris: \u201cBha an t-acras air.\u201d<\/p>\n<p>Tidsear: \u201cCiamar a bha am madadh-allaidh a\u2019 faireachdainn an d\u00e8idh sin?\u201d<\/p>\n<p>Neach-aithris: \u201cBha e air bhioran. Bha e m\u00f2r \u00e0s fh\u00e8in.\u201d<\/p>\n<p>Tidsear: \u201cCiamar a bha e a\u2019 faireachdainn aig an deireadh?<\/p>\n<p>Neach-aithris: \u201cBha e br\u00f2nach agus a\u2019 faireachdainn duilich air a shon fh\u00e8in.\u201d<\/p>\n<p>&nbsp;<\/p>\n<p><strong>Anns a\u2019 ch\u00f9irt<\/strong><\/p>\n<p>Cleachd caractaran bho dhiofar sgeulachdan: bidh sgeulachdan traidiseanta ag obair uabhasach math airson a\u2019 ghn\u00ecomh seo. Tha an tidsear na b(h)reitheamh ann an c\u00f9irt agus tha na sgoilearan nan caractaran bhon sgeulachd. Bidh an tidsear a\u2019 faighneachd cheistean a\u2019 cleachdadh p\u00e0tran na seachdain.<\/p>\n<p>me<\/p>\n<p>\u201cGoldilocks, inns an fh\u00ecrinn, an robh thu riamh ann an taigh nam mathan?\u201d<\/p>\n<p>\u201cMamaidh mathan, ciamar a bha thu a\u2019 faireachdainn nuair a th\u00e0inig thu dhachaigh agus a h-uile rud briste?\u201d<\/p>\n<p>msaa<\/p>\n<p>&nbsp;<\/p>\n<hr \/>\n<h3>Cothroman tar-churraicealaim<\/h3>\n<p><strong>Sgr\u00ecobhadh &#8211; Suidheachadh<\/strong><\/p>\n<p>Faodaidh tu t\u00f2rr obair a dh\u00e8anamh air suideachadh a\u2019 cleachdadh nam p\u00e0tran seo.<\/p>\n<p>me<\/p>\n<p>Faighnich dhaibh suidheachadh freagarrach a sgr\u00ecobhadh airson toiseach sgeulachd eagalach.<\/p>\n<p>\u201cBha e dorch agus bha a\u2019 che\u00f2 a\u2019 tuiteam. Cha robh duine mun cuairt.\u201d<\/p>\n<p>&nbsp;<\/p>\n<h3>\u00a0<\/h3>\n<\/div>\n","protected":false},"excerpt":{"rendered":"<p>Bha\/an robh\/cha robh; bha mi sg\u00ecth; bha mi an-\u00e0ird anmoch a-raoir; bha e a&#8217; glanadh a&#8217; bh\u00f9ird; cha robh mi gan cluinntinn Gn\u00ecomhan D\u00e8an suas cairtean le plastaig orra, aon le \u00f2rdag suas le \u2018bha\u2019 sgr\u00ecobhte oirre, agus aon le \u00f2rdag s\u00ecos agus \u2018cha robh\u2019 sgr\u00ecobhte oirre. Faighnich t\u00f2rr cheistean dhaibh. Feumaidh iad am freagairt [&hellip;]<\/p>\n","protected":false},"author":1,"featured_media":0,"parent":82,"menu_order":91,"comment_status":"closed","ping_status":"closed","template":"","meta":{"inline_featured_image":false,"footnotes":""},"class_list":["post-126","page","type-page","status-publish","hentry","has-post-title","has-post-date","has-post-category","has-post-tag","has-post-comment","has-post-author",""],"builder_content":"","_links":{"self":[{"href":"https:\/\/storlann.co.uk\/mirean\/wp-json\/wp\/v2\/pages\/126","targetHints":{"allow":["GET"]}}],"collection":[{"href":"https:\/\/storlann.co.uk\/mirean\/wp-json\/wp\/v2\/pages"}],"about":[{"href":"https:\/\/storlann.co.uk\/mirean\/wp-json\/wp\/v2\/types\/page"}],"author":[{"embeddable":true,"href":"https:\/\/storlann.co.uk\/mirean\/wp-json\/wp\/v2\/users\/1"}],"replies":[{"embeddable":true,"href":"https:\/\/storlann.co.uk\/mirean\/wp-json\/wp\/v2\/comments?post=126"}],"version-history":[{"count":0,"href":"https:\/\/storlann.co.uk\/mirean\/wp-json\/wp\/v2\/pages\/126\/revisions"}],"up":[{"embeddable":true,"href":"https:\/\/storlann.co.uk\/mirean\/wp-json\/wp\/v2\/pages\/82"}],"wp:attachment":[{"href":"https:\/\/storlann.co.uk\/mirean\/wp-json\/wp\/v2\/media?parent=126"}],"curies":[{"name":"wp","href":"https:\/\/api.w.org\/{rel}","templated":true}]}}