{"id":121,"date":"2010-09-16T14:09:26","date_gmt":"2010-09-16T14:09:26","guid":{"rendered":"http:\/\/localhost\/wordpress\/?page_id=121"},"modified":"2018-01-09T16:21:59","modified_gmt":"2018-01-09T16:21:59","slug":"obair-ire-t","status":"publish","type":"page","link":"https:\/\/storlann.co.uk\/mirean\/clar-amais\/ag-innse-mu-rudan-a-thachair-ron-a-seo\/bha-an-robh-cha-robh\/obair-ire-t\/","title":{"rendered":"Obair \u00ecre T"},"content":{"rendered":"<div class=\"obair-ire-t-wrapper\">\n<p class=\"obair-ire-t\"><em>Bha\/an robh\/cha robh; bha mi sg\u00ecth; bha mi an-\u00e0ird anmoch a-raoir; bha e a&#8217; glanadh a&#8217; bh\u00f9ird; cha robh mi gan cluinntinn<\/em><\/p>\n<h3>Cothroman ann an c\u00e0nan a\u2019 chlas airson eisimpleirean a thoirt don chloinn air structaran<\/h3>\n<p><strong>C\u00f2mhradh anns a\u2019 chlas<\/strong><\/p>\n<p>A\u2019 bruidhinn air sgeulachdan a chaidh a leughadh.<br \/>\n \u201cAn robh e toilichte aig an deireadh?\u201d<br \/>\n \u201cAn robh am madadh-allaidh crosta?\u201d<\/p>\n<p><strong>N\u00e0idheachdan<\/strong><\/p>\n<p>\u201cAn robh thu aig a\u2019 bh\u00f9th an-d\u00e8?\u201d<br \/>\n \u201cAn robh thu a\u2019 cluich ball-coise an-raoir?\u201d<br \/>\n \u201cD\u00e8 bha thu a\u2019 d\u00e8anamh c\u00f2mhla ri Granaidh aig an deireadh-seachdain?<\/p>\n<p>&nbsp;<\/p>\n<hr \/>\n<h3>Cothroman tar-curraicealam<\/h3>\n<p><strong>Dr\u00e0ma<\/strong><\/p>\n<p>A\u2019 suidhe ann an cearcall, bidh aon sgoilear a\u2019 seasamh an-\u00e0ird agus a\u2019 maidhmeadh gn\u00ecomh. Feumaidh a h-uile duine feuchainn ri faighinn a-mach d\u00e8 tha iad a\u2019d\u00e8anamh.<\/p>\n<p>m.e.<br \/>\n \u201cAn robh thu a\u2019 sn\u00e0mh?\u201d<\/p>\n<p>\u201cBha\/Cha robh mi a\u2019 sn\u00e0mh.\u201d<\/p>\n<p>&nbsp;<\/p>\n<p><strong>\u00d2rain agus rannan (D\u00e8 thuirt thu?)<\/strong><\/p>\n<p>Am bodach beag annasach (bha)<br \/>\n Chaidh sinn a bhuain na m\u00f2nach (bha)<br \/>\n An nurs (bha)<br \/>\n \u2019S ann an \u00ccle (bha)<br \/>\n Cat ri taobh an teine (bha, cha robh)<br \/>\n C\u00f2ig luchain bheaga gheala (bha)<br \/>\n Tha s\u00ecol beag fon talamh (bha)<br \/>\n Bradan beag is bradan m\u00f2r (bha)<br \/>\n Nuair bha mi na mo mhaighdinn<br \/>\n Chan eil mo leannan ann an seo (cha robh)<\/p>\n<p>&nbsp;<\/p>\n<hr \/>\n<h3>Gn\u00ecomhan<\/h3>\n<p><strong>Eachdraidh mo bheatha<\/strong><\/p>\n<p>Feumaidh na sgoilearan sreath dhealbhan a thoirt a-steach bhon taigh a\u2019 t\u00f2iseachadh nuair a bha iad nan leanaban. Cuir suas air a\u2019 bhalla iad agus faodaidh na sgoilearan beagan a r\u00e0dh mu dheidhinn gach dealbh.<\/p>\n<p>m.e<br \/>\n \u201cBha mi d\u00e0 bhliadhna a dh\u2019aois an seo agus cha robh mi toilichte oir thuit mi.\u201d<br \/>\n \u201cBha mi aig taigh mo Ghranaidh an seo agus bha mise agus mo bhr\u00e0thair a\u2019 cladhach anns a\u2019 gh\u00e0rradh.\u201d<\/p>\n<p>Sgr\u00ecobh s\u00ecos na tha iad ag r\u00e0dh agus cuir suas air a\u2019 bhalla e fo na dealbhan. \u2019S e deagh thaisbeanadh a tha seo!<\/p>\n<p>&nbsp;<\/p>\n<p><strong>An robh thu riamh\u2026?<\/strong><\/p>\n<p>Faighnich dhaibh ceistean mar a leanas, a\u2019 cur feadhainn g\u00f2rach nam measg.<\/p>\n<p>\u201cAn robh thu riamh air pl\u00e8ana?\u201d<br \/>\n \u201cAn robh thu riamh air b\u00e0ta-aiseig?\u201d<br \/>\n \u201cAn robh thu riamh aig s\u00f9?\u201d<br \/>\n \u201cAn robh thu riamh ann an tanc-\u00e8isg?<br \/>\n \u201cAn robh thu riamh farmadach?\u201d<br \/>\n \u201cAn robh thu riamh aig taigh a\u2019 bhan-r\u00ecgh?\u201d<\/p>\n<h3>\u00a0<\/h3>\n<\/div>\n","protected":false},"excerpt":{"rendered":"<p>Bha\/an robh\/cha robh; bha mi sg\u00ecth; bha mi an-\u00e0ird anmoch a-raoir; bha e a&#8217; glanadh a&#8217; bh\u00f9ird; cha robh mi gan cluinntinn Cothroman ann an c\u00e0nan a\u2019 chlas airson eisimpleirean a thoirt don chloinn air structaran C\u00f2mhradh anns a\u2019 chlas A\u2019 bruidhinn air sgeulachdan a chaidh a leughadh. \u201cAn robh e toilichte aig an deireadh?\u201d [&hellip;]<\/p>\n","protected":false},"author":1,"featured_media":0,"parent":82,"menu_order":90,"comment_status":"closed","ping_status":"closed","template":"","meta":{"inline_featured_image":false,"footnotes":""},"class_list":["post-121","page","type-page","status-publish","hentry","has-post-title","has-post-date","has-post-category","has-post-tag","has-post-comment","has-post-author",""],"builder_content":"","_links":{"self":[{"href":"https:\/\/storlann.co.uk\/mirean\/wp-json\/wp\/v2\/pages\/121","targetHints":{"allow":["GET"]}}],"collection":[{"href":"https:\/\/storlann.co.uk\/mirean\/wp-json\/wp\/v2\/pages"}],"about":[{"href":"https:\/\/storlann.co.uk\/mirean\/wp-json\/wp\/v2\/types\/page"}],"author":[{"embeddable":true,"href":"https:\/\/storlann.co.uk\/mirean\/wp-json\/wp\/v2\/users\/1"}],"replies":[{"embeddable":true,"href":"https:\/\/storlann.co.uk\/mirean\/wp-json\/wp\/v2\/comments?post=121"}],"version-history":[{"count":0,"href":"https:\/\/storlann.co.uk\/mirean\/wp-json\/wp\/v2\/pages\/121\/revisions"}],"up":[{"embeddable":true,"href":"https:\/\/storlann.co.uk\/mirean\/wp-json\/wp\/v2\/pages\/82"}],"wp:attachment":[{"href":"https:\/\/storlann.co.uk\/mirean\/wp-json\/wp\/v2\/media?parent=121"}],"curies":[{"name":"wp","href":"https:\/\/api.w.org\/{rel}","templated":true}]}}