{"id":119,"date":"2010-09-16T14:09:04","date_gmt":"2010-09-16T14:09:04","guid":{"rendered":"http:\/\/localhost\/wordpress\/?page_id=119"},"modified":"2011-11-03T16:43:13","modified_gmt":"2011-11-03T16:43:13","slug":"eisimpleir","status":"publish","type":"page","link":"https:\/\/storlann.co.uk\/mirean\/clar-amais\/ag-innse-mu-rudan-a-thachair-ron-a-seo\/bha-an-robh-cha-robh\/eisimpleir\/","title":{"rendered":"Eisimpleirean"},"content":{"rendered":"<table class=\"eisimpleirean-t\" width=\"666\">\n<tbody>\n<tr class=\"eisimpleirean-t-h\">\n<td width=\"268\">\n<p align=\"center\">An rud a thachair<\/p>\n<\/td>\n<td width=\"374\">\n<p align=\"center\">an, cha, gun, nach<\/p>\n<\/td>\n<\/tr>\n<tr>\n<td width=\"268\">Bha mi aig an taigh a-raoir.<\/td>\n<td width=\"374\">An robh thusa ann?\u00a0\u00a0 Cha robh.<\/td>\n<\/tr>\n<tr>\n<td width=\"268\">Bha mi sg\u00ecth a-raoir.<\/td>\n<td width=\"374\">Thuirt e gun robh iad anmoch.<\/td>\n<\/tr>\n<tr>\n<td width=\"268\">Bha mi ag obair fad an latha.<\/td>\n<td width=\"374\">Nach robh thu ag \u00e8isteachd idir?<\/td>\n<\/tr>\n<\/tbody>\n<\/table>\n<table class=\"eisimpleirean-t\" border=\"1\" cellspacing=\"0\" cellpadding=\"0\">\n<tbody>\n<tr class=\"eisimpleirean-t-h\">\n<td width=\"115\">\n<p align=\"center\">Se\u00f2rsa<\/p>\n<\/td>\n<td width=\"527\">\n<p align=\"center\">Gn\u00ecomh a-mh\u00e0in<\/p>\n<\/td>\n<\/tr>\n<tr>\n<td width=\"115\">\u00a0gn\u00ecomh a-mh\u00e0in<\/td>\n<td width=\"527\">Bha e ag aisling, a\u2019 b\u00f2stadh, a\u2019 caoineadh, a\u2019 dol (a-mach), ag \u00e8isteachd, a\u2019 faicinn, a\u2019 g\u00e0ireachdainn, ag ithe, a\u2019 leughadh, a\u2019 magadh,<br \/>\na\u2019 norradaich, ag \u00f2l, a\u2019 putadh, a\u2019 ruith, a\u2019 seasamh, a\u2019 tuiteam,<br \/>\nag \u00f9rnaigh.<\/td>\n<\/tr>\n<tr>\n<td width=\"115\">\n<p align=\"center\">Se\u00f2rsa<\/p>\n<\/td>\n<td width=\"527\">\n<p align=\"center\">Gn\u00ecomh + facal<\/p>\n<\/td>\n<\/tr>\n<tr>\n<td width=\"115\">\u00a0gun an t-alt<\/td>\n<td width=\"527\">Bha mi ag atharrachadh dealbh, a\u2019 bristeadh maide, a\u2019 cur orm c\u00f2ta,<br \/>\na\u2019 d\u00e8anamh teatha, ag \u00e8igheachd ainmean, a\u2019 faighinn duais, a\u2019 gabhail biadh, ag ithe iasg, a\u2019 l\u00econadh toll, a\u2019 moladh Anna, a\u2019 nighe cupa, ag \u00f2l deoch, a\u2019 putadh c\u00e0r, a\u2019 ruith r\u00e8is, a\u2019 stad bus, a\u2019 togail taigh,<br \/>\nag ullachadh biadh.<\/td>\n<\/tr>\n<tr>\n<td width=\"115\">\u00a0leis an alt, <em>fireannta<\/em><\/td>\n<td width=\"527\">Bha e a\u2019 togail an aodaich, a\u2019 seatadh a\u2019 bh\u00f9ird, a\u2019 glanadh a\u2019 ch\u00e0ir,<br \/>\na\u2019 peantadh an dorais, a\u2019 gabhail an eagail, a\u2019 biadhadh an \u00e8isg,<br \/>\na\u2019 sgr\u00ecobhadh an fhacail, a\u2019 losgadh an fhraoich, a\u2019 ruighinn a\u2019 ghrunnd, a\u2019 faicinn an loch(a), a\u2019 sealg a\u2019 mhathain, a\u2019 f\u00e0gail an nid, ag ithe an orainseir, a\u2019 fosgladh a\u2019 phreusant, a\u2019 faicinn an r\u00f2in, a\u2019 sgioblachadh an t-se\u00f2mair, a\u2019 glanadh an sg\u00e0thain, a\u2019 leughadh an sgr\u00ecobhaidh (agad), a\u2019 peantadh an taighe, a\u2019 rothaigeadh an uaireadair.<\/td>\n<\/tr>\n<tr>\n<td width=\"115\">\u00a0\u00a0leis an alt, <em>boireannta<\/em><\/td>\n<td width=\"527\">Bha e a\u2019 sn\u00e0mh na h-aibhne, ag iarnaigeadh na briogais(e), a\u2019 leagail na craoibhe, a\u2019 glanadh na dachaigh(e), a\u2019 faicinn na h-eaglais(e),<br \/>\na\u2019 cluiche na f\u00ecdeig(e), a\u2019 cluinntinn na gaoithe, a\u2019 glanadh na glasraich(e), a\u2019 leantainn na gr\u00e0ineig(e), a\u2019 lorg na h-ialtaig(e), a\u2019 sgr\u00ecobhadh na litreach, ag ithe na maraig(e), a\u2019 cuideachadh na n\u00econaig, a\u2019 cluinntinn na h-\u00f2raid(e),\u00a0 a\u2019 sracadh na pacaid(e),\u00a0 a\u2019 cr\u00ecochnachadh na r\u00e8ise, a\u2019 bruthadh na suidse,\u00a0 a\u2019 cleachdadh na sleidse, a\u2019 fosgladh na h-uinneig(e).<\/td>\n<\/tr>\n<tr>\n<td width=\"115\">c\u00f2rr is aon<\/td>\n<td width=\"527\">Bha iad a\u2019 seatadh nam b\u00f2rd, a\u2019 nighe nan l\u00e8intean, a\u2019 glanadh uinneagan na sgoile, ag ithe bhriosgaidean.<\/td>\n<\/tr>\n<\/tbody>\n<\/table>\n<table class=\"eisimpleirean-t\" border=\"1\" cellspacing=\"0\" cellpadding=\"0\">\n<tbody>\n<tr class=\"eisimpleirean-t-h\">\n<td width=\"115\">\n<p align=\"center\">mi \u2026<\/p>\n<\/td>\n<td width=\"527\">\n<p align=\"center\">Gn\u00ecomh + mi\/thu\/e\/i\/sinn\/sibh\/iad<\/p>\n<\/td>\n<\/tr>\n<tr>\n<td width=\"115\">mi<\/td>\n<td width=\"527\">An robh thu gam chluinntinn, gam fhaicinn, gam \u00e8isteachd?<\/td>\n<\/tr>\n<tr>\n<td width=\"115\">thu<\/td>\n<td width=\"527\">Cha robh mi gad chluinntinn, gad fhaicinn, gad \u00e8isteachd<\/td>\n<\/tr>\n<tr>\n<td width=\"115\">e<\/td>\n<td width=\"527\">Cha robh sinn ga chluinntinn, ga fhaicinn, ga \u00e8isteachd<\/td>\n<\/tr>\n<tr>\n<td width=\"115\">i<\/td>\n<td width=\"527\">Cha robh sinn ga cluinntinn, ga faicinn, ga h-\u00e8isteachd<\/td>\n<\/tr>\n<tr>\n<td width=\"115\">sinn<\/td>\n<td width=\"527\">Bha e gar cluinntinn, gar faicinn, gar n-\u00e8isteachd<\/td>\n<\/tr>\n<tr>\n<td width=\"115\">sibh<\/td>\n<td width=\"527\">Bha e gur cluinntinn, gur faicinn, gur n-\u00e8isteachd<\/td>\n<\/tr>\n<tr>\n<td width=\"115\">iad<\/td>\n<td width=\"527\">Cha robh iad gan cluinntinn, gam faicinn, gan \u00e8isteachd.<\/td>\n<\/tr>\n<\/tbody>\n<\/table>\n","protected":false},"excerpt":{"rendered":"<p>An rud a thachair an, cha, gun, nach Bha mi aig an taigh a-raoir. An robh thusa ann?\u00a0\u00a0 Cha robh. Bha mi sg\u00ecth a-raoir. Thuirt e gun robh iad anmoch. Bha mi ag obair fad an latha. Nach robh thu ag \u00e8isteachd idir? Se\u00f2rsa Gn\u00ecomh a-mh\u00e0in \u00a0gn\u00ecomh a-mh\u00e0in Bha e ag aisling, a\u2019 b\u00f2stadh, a\u2019 [&hellip;]<\/p>\n","protected":false},"author":1,"featured_media":0,"parent":82,"menu_order":87,"comment_status":"open","ping_status":"open","template":"page-eisimpleirean.php","meta":{"inline_featured_image":false,"footnotes":""},"class_list":["post-119","page","type-page","status-publish","hentry","has-post-title","has-post-date","has-post-category","has-post-tag","has-post-comment","has-post-author",""],"builder_content":"","_links":{"self":[{"href":"https:\/\/storlann.co.uk\/mirean\/wp-json\/wp\/v2\/pages\/119","targetHints":{"allow":["GET"]}}],"collection":[{"href":"https:\/\/storlann.co.uk\/mirean\/wp-json\/wp\/v2\/pages"}],"about":[{"href":"https:\/\/storlann.co.uk\/mirean\/wp-json\/wp\/v2\/types\/page"}],"author":[{"embeddable":true,"href":"https:\/\/storlann.co.uk\/mirean\/wp-json\/wp\/v2\/users\/1"}],"replies":[{"embeddable":true,"href":"https:\/\/storlann.co.uk\/mirean\/wp-json\/wp\/v2\/comments?post=119"}],"version-history":[{"count":0,"href":"https:\/\/storlann.co.uk\/mirean\/wp-json\/wp\/v2\/pages\/119\/revisions"}],"up":[{"embeddable":true,"href":"https:\/\/storlann.co.uk\/mirean\/wp-json\/wp\/v2\/pages\/82"}],"wp:attachment":[{"href":"https:\/\/storlann.co.uk\/mirean\/wp-json\/wp\/v2\/media?parent=119"}],"curies":[{"name":"wp","href":"https:\/\/api.w.org\/{rel}","templated":true}]}}