{"id":112,"date":"2010-09-16T13:46:23","date_gmt":"2010-09-16T13:46:23","guid":{"rendered":"http:\/\/localhost\/wordpress\/?page_id=112"},"modified":"2018-01-09T16:21:03","modified_gmt":"2018-01-09T16:21:03","slug":"obair-ire-2","status":"publish","type":"page","link":"https:\/\/storlann.co.uk\/mirean\/clar-amais\/ag-innse-mu-rudan-a-thachair-ron-a-seo\/chaidhan-deachaidhcha-deachaidh\/obair-ire-2\/","title":{"rendered":"Obair \u00ecre 2"},"content":{"rendered":"<div class=\"obair-ire-2-wrapper\">\n<p class=\"obair-ire2\"><em>Rinn\/an do rinn\/gun do rinn\/cha do rinn; chunnaic\/am faca\/gum faca\/chan fhaca; chuala\/an cuala\/gun cuala\/cha chuala; thuirt\/an tuirt\/gun tuirt\/cha tuirt<\/em><\/p>\n<h3>Gn\u00ecomhan<\/h3>\n<p><strong>Ce\u00f2l<\/strong><br \/>\n A\u2019 chlann a\u2019 cleachdadh ionnsramaidean no na bodhaigean aca airson fuaimean a dh\u00e8anamh a chluinneas sinn aig amannan s\u00f2nraichte:<br \/>\n \u201cD\u00e8 chuala tu?\u201d<br \/>\n \u201cTha mi a\u2019 smaoineachadh gun cuala mi\u2026.\u201d<br \/>\n \u201cAn cuala mi \u2026?\u201d \u201cChuala\/cha chuala\u201d<br \/>\n \u201cRinn mi fuaim mar\u2026\u201d<br \/>\n me<br \/>\n Fuaimean eagalach air Oidhche Shamhna:\u00a0 taibhsean, bana-bhuidseach a\u2019 sgreuchail,<br \/>\n An t-earrach: Na h-uain, iseanan a\u2019 b\u00ecogail<br \/>\n Ann an Afraga: drumaichean, na beathaichean (ailbhean, le\u00f2mhann)<\/p>\n<p>Aig \u00e0m a\u2019 Chogaidh: itealan, msaa<\/p>\n<hr \/>\n<h3>Cothroman tar-churraicealaim<\/h3>\n<p><strong>Cruinn-e\u00f2las\/eachdraidh\/creideamh\/c\u00e0nan\/dr\u00e0ma<\/strong><\/p>\n<p><span style=\"text-decoration: underline;\">Hotseat<\/span><br \/>\n Faodaidh tu cleachdadh caractar \u00e0 eachdraidh no bho sgeulachd no bho dh\u00f9thaich eile, a r\u00e8ir &#8216;s d\u00e8 an cuspair air a bheil iad ag obair, agus tagh cuideigin gu bhith na charactar. \u2019S urrainn dhut prop air choreigin a thoirt dhaibh a tha co-cheangailte ris a\u2019 charactar.<br \/>\n Feumaidh a\u2019 chlann ceistean fhaighneachd, me \u201cD\u00e8 chunnaic thu?\u201d Am faca tu \u2026?\u201d An cuala tu\u2026?\u201d<br \/>\n (Mura h-eil a\u2019 chlann e\u00f2lach air gn\u00ecomh mar seo, faodaidh an tidsear a bhith na caractar an toiseach.)<br \/>\n Feumaidh an sgoilear freagairt mar an caractar, me \u201cChuala mi\u2026agus bha an t-eagal orm\u201d<\/p>\n<p><span style=\"text-decoration: underline;\">\u00a0<\/span><\/p>\n<p><span style=\"text-decoration: underline;\">Leudachadh no leasan fa leth <\/span><br \/>\n Feumaidh a\u2019 chlann smaoineachadh mu dheidhinn caractaran \u00e0 eachdraidh no bho sgeulachdan no bho diofar dh\u00f9thchanan, a r\u00e8ir a\u2019 chuspair air a bheil iad ag obair, agus beagan a sgr\u00ecobhadh mun t-suidheachadh anns an robh iad<br \/>\n me<br \/>\n Sgr\u00ecobh paragraf air na chuala Anne Frank bhon t-se\u00f2mar aice.<br \/>\n Sgr\u00ecobh paragraf air na chunnaic Howard Carter mus do lorg e Tutankhamen<br \/>\n Sgr\u00ecobh paragraf air c\u00e0it an deach Phileas Fogg.<\/p>\n<p><span style=\"text-decoration: underline;\">\u00a0<\/span><\/p>\n<\/div>\n","protected":false},"excerpt":{"rendered":"<p>Rinn\/an do rinn\/gun do rinn\/cha do rinn; chunnaic\/am faca\/gum faca\/chan fhaca; chuala\/an cuala\/gun cuala\/cha chuala; thuirt\/an tuirt\/gun tuirt\/cha tuirt Gn\u00ecomhan Ce\u00f2l A\u2019 chlann a\u2019 cleachdadh ionnsramaidean no na bodhaigean aca airson fuaimean a dh\u00e8anamh a chluinneas sinn aig amannan s\u00f2nraichte: \u201cD\u00e8 chuala tu?\u201d \u201cTha mi a\u2019 smaoineachadh gun cuala mi\u2026.\u201d \u201cAn cuala mi \u2026?\u201d \u201cChuala\/cha [&hellip;]<\/p>\n","protected":false},"author":1,"featured_media":0,"parent":79,"menu_order":94,"comment_status":"closed","ping_status":"closed","template":"","meta":{"inline_featured_image":false,"footnotes":""},"class_list":["post-112","page","type-page","status-publish","hentry","has-post-title","has-post-date","has-post-category","has-post-tag","has-post-comment","has-post-author",""],"builder_content":"","_links":{"self":[{"href":"https:\/\/storlann.co.uk\/mirean\/wp-json\/wp\/v2\/pages\/112","targetHints":{"allow":["GET"]}}],"collection":[{"href":"https:\/\/storlann.co.uk\/mirean\/wp-json\/wp\/v2\/pages"}],"about":[{"href":"https:\/\/storlann.co.uk\/mirean\/wp-json\/wp\/v2\/types\/page"}],"author":[{"embeddable":true,"href":"https:\/\/storlann.co.uk\/mirean\/wp-json\/wp\/v2\/users\/1"}],"replies":[{"embeddable":true,"href":"https:\/\/storlann.co.uk\/mirean\/wp-json\/wp\/v2\/comments?post=112"}],"version-history":[{"count":0,"href":"https:\/\/storlann.co.uk\/mirean\/wp-json\/wp\/v2\/pages\/112\/revisions"}],"up":[{"embeddable":true,"href":"https:\/\/storlann.co.uk\/mirean\/wp-json\/wp\/v2\/pages\/79"}],"wp:attachment":[{"href":"https:\/\/storlann.co.uk\/mirean\/wp-json\/wp\/v2\/media?parent=112"}],"curies":[{"name":"wp","href":"https:\/\/api.w.org\/{rel}","templated":true}]}}