{"id":101,"date":"2010-09-16T13:41:43","date_gmt":"2010-09-16T13:41:43","guid":{"rendered":"http:\/\/localhost\/wordpress\/?page_id=101"},"modified":"2018-01-09T16:17:58","modified_gmt":"2018-01-09T16:17:58","slug":"obair-ire-1","status":"publish","type":"page","link":"https:\/\/storlann.co.uk\/mirean\/clar-amais\/ag-innse-mu-rudan-a-thachair-ron-a-seo\/chuiran-do-chuir\/obair-ire-1\/","title":{"rendered":"Obair \u00ecre 1"},"content":{"rendered":"<div class=\"obair-ire-1-wrapper\">\n<p class=\"obair-ire-1\">Chuir\/an do chuir\/gun do chuir\/ cha do chuir. Dh\u2019\u00f2l. Dh\u2019fh\u00e0s Cha do leag\/nochd\/ruith. Cha do sguir.<\/p>\n<h3><strong>Gn\u00ecomhan<\/strong><\/h3>\n<p><strong>Sgeulachd a\u2019 chlas<\/strong><\/p>\n<p>A\u2019 suidhe ann an cearcall, t\u00f2isichidh an tidsear leis a\u2019 chiad loidhne de sgeulachd. Feumaidh gach sgoilear p\u00ecos \u00f9r a chur ris an sgeulachd fhad \u2019s a tha e a\u2019dol timcheall. Feumaidh a h-uile duine \u2018p\u00e0train na seachdain\u2019 a chleachdadh agus feumaidh iad cumail a\u2019 dol gus an t\u00e8id sin a chleachdadh!<\/p>\n<p>m.e<\/p>\n<p>Tidsear: \u201cThill mi dhachaigh aig meadhan-oidhche, dh\u2019fhosgail mi an doras agus\u2026\u201d<\/p>\n<p>Sgoilear 1: \u201c\u2026 mhothaich mi gun do dh\u00f2irt cuideigin bainne air feadh an l\u00e0ir.\u201d<\/p>\n<p>Sgoilear 2: \u201cGu socair, dh\u00ecrich mi an staidhre\u2026.\u201d M.s.a.a.<\/p>\n<p>&nbsp;<\/p>\n<p><strong>Mo Bhaga<\/strong><\/p>\n<p>A\u2019 chlann a\u2019 suidhe ann an cearcall agus iad ag r\u00e0dh, \u201cChaidh mi gu Lunnainn agus\u00a0 chuir mi briosgaidean nam bhaga\u201d.\u00a0 An ath dhuine ag r\u00e0dh, \u201cChaidh mi gu Lunnainn agus chuir mi briosgaidean agus ticead nam bhaga.\u201d<\/p>\n<p>\u2019S urrainn dhut atharrachadh c\u00e0ite an deach iad, m.e. dhan s\u00f9, gu Afraga, gu p\u00e0rtaidh, dhan Fh\u00e8is.<\/p>\n<p>&nbsp;<\/p>\n<p><strong>Leudachadh<\/strong><\/p>\n<p>A\u2019 dol tron aibidil.<\/p>\n<p>m.e\u00a0 Chaidh mi dhan s\u00f9 agus chuir mi ailbhean nam bhaga.<\/p>\n<p>Chaidh mi dhan s\u00f9 agus chuir mi ailbhean agus bogsa-ci\u00f9il nam bhaga.<\/p>\n<p>&nbsp;<\/p>\n<p><strong>Mo dhinnear<\/strong><\/p>\n<p>A h-uile duine a\u2019 suidhe ann an cearcall<\/p>\n<p>Sgoilear 1: Airson\u00a0 mo dhinnear, dh\u2019ith mi rudeigin a\u2019 t\u00f2iseachadh le c.<\/p>\n<p>Sgoilear 2: An do dh\u2019ith thu caise?<\/p>\n<p>Sgoilear 1: Dh\u2019ith<\/p>\n<p>Lean ort mar seo gus an tagh a h-uile duine litir \u00e0s an aibidil.<\/p>\n<p>&nbsp;<\/p>\n<p><strong>Ball<\/strong><\/p>\n<p>Cuir t\u00f2rr diofar cheistean air ball m\u00f2r (tha feadhainn b\u00e0n ri fhaighinn bho TTS Blank Catch Ball \u00a34.99) agus cuir timhcheall e. Nuair a ghlacas cuideigin e, feumaidh iad a\u2019 cheist a tha nas fhaisge air an \u00f2rdag chl\u00ec aca a fhreagairt.<\/p>\n<p>m.e<\/p>\n<p>An do sgr\u00ecobh thu litir gu Bodach na Nollaige?<\/p>\n<p>An do chuir thu miotagan ort an-diugh?<\/p>\n<p>An do bhuannaich Rangers aig an deireadh-sheachdain?<\/p>\n<p>An do dh\u2019ullaich thu an obair-dachaigh agad?<\/p>\n<p>m.s.a.a.<\/p>\n<p><span style=\"text-decoration: underline;\"><br \/>\n <\/span><\/p>\n<p><strong>Sgr\u00ecobhadh<\/strong><\/p>\n<p>Sgr\u00ecobh ge\u00e0rr-chunntas air na rinn thu mus t\u00e0inig thu dhan sgoil an-diugh gun a bhith cleachdadh am facal \u2018bha\u2019. M.e. Dh\u2019\u00e8irich mi aig 8 uairean. Ghabh mi mo bhracaist agus an uair sin ruith mi airson a\u2019 bhus.<\/p>\n<p>Neo<\/p>\n<p>Nuair a choisich thu a-steach dhan chidsin an-diugh sa mhadainn airson bracaist fhaighinn, c\u00f2 bha suidhe aig a\u2019 bh\u00f2rd ach Harry Potter!<\/p>\n<p>Sgr\u00ecobh ge\u00e0rr-chunntas air na rinn thu ron sgoil ag innse d\u00e8 ghabh sibh airson bracaist agus ciamar a th\u00e0inig thu don sgoil. Chan fhaod thu na facail \u201cbha\u201d no \u201ccha robh\u201d a chleachdadh!<\/p>\n<p>m.e<\/p>\n<p>Dh\u2019ith sinn uighean dr\u00e0gon agus dh\u2019\u00f2l sinn s\u00f9gh sn\u00e8ap bho gh\u00e0rradh nan troichean\u2026. M.s.a.a.<\/p>\n<p>&nbsp;<\/p>\n<h3>\u00a0<\/h3>\n<\/div>\n","protected":false},"excerpt":{"rendered":"<p>Chuir\/an do chuir\/gun do chuir\/ cha do chuir. Dh\u2019\u00f2l. Dh\u2019fh\u00e0s Cha do leag\/nochd\/ruith. Cha do sguir. Gn\u00ecomhan Sgeulachd a\u2019 chlas A\u2019 suidhe ann an cearcall, t\u00f2isichidh an tidsear leis a\u2019 chiad loidhne de sgeulachd. Feumaidh gach sgoilear p\u00ecos \u00f9r a chur ris an sgeulachd fhad \u2019s a tha e a\u2019dol timcheall. Feumaidh a h-uile duine [&hellip;]<\/p>\n","protected":false},"author":1,"featured_media":0,"parent":77,"menu_order":92,"comment_status":"closed","ping_status":"closed","template":"","meta":{"inline_featured_image":false,"footnotes":""},"class_list":["post-101","page","type-page","status-publish","hentry","has-post-title","has-post-date","has-post-category","has-post-tag","has-post-comment","has-post-author",""],"builder_content":"","_links":{"self":[{"href":"https:\/\/storlann.co.uk\/mirean\/wp-json\/wp\/v2\/pages\/101","targetHints":{"allow":["GET"]}}],"collection":[{"href":"https:\/\/storlann.co.uk\/mirean\/wp-json\/wp\/v2\/pages"}],"about":[{"href":"https:\/\/storlann.co.uk\/mirean\/wp-json\/wp\/v2\/types\/page"}],"author":[{"embeddable":true,"href":"https:\/\/storlann.co.uk\/mirean\/wp-json\/wp\/v2\/users\/1"}],"replies":[{"embeddable":true,"href":"https:\/\/storlann.co.uk\/mirean\/wp-json\/wp\/v2\/comments?post=101"}],"version-history":[{"count":0,"href":"https:\/\/storlann.co.uk\/mirean\/wp-json\/wp\/v2\/pages\/101\/revisions"}],"up":[{"embeddable":true,"href":"https:\/\/storlann.co.uk\/mirean\/wp-json\/wp\/v2\/pages\/77"}],"wp:attachment":[{"href":"https:\/\/storlann.co.uk\/mirean\/wp-json\/wp\/v2\/media?parent=101"}],"curies":[{"name":"wp","href":"https:\/\/api.w.org\/{rel}","templated":true}]}}