{"id":910,"date":"2021-03-30T14:16:06","date_gmt":"2021-03-30T13:16:06","guid":{"rendered":"https:\/\/storlann.co.uk\/gaidhlig-alba\/?page_id=910"},"modified":"2022-03-15T14:40:17","modified_gmt":"2022-03-15T14:40:17","slug":"gaidhlig-canan-duthchasach","status":"publish","type":"page","link":"https:\/\/storlann.co.uk\/gaidhlig-alba\/gaidhlig-canan-duthchasach\/","title":{"rendered":"G\u00e0idhlig &#8211; C\u00e0nan D\u00f9thchasach"},"content":{"rendered":"<!--themify_builder_content-->\n<div id=\"themify_builder_content-910\" data-postid=\"910\" class=\"themify_builder_content themify_builder_content-910 themify_builder tf_clear\">\n                    <div  data-lazy=\"1\" class=\"module_row themify_builder_row tb_49vz39 tb_first tf_w\">\n                        <div class=\"row_inner col_align_top tb_col_count_1 tf_box tf_rel\">\n                        <div  data-lazy=\"1\" class=\"module_column tb-column col-full tb_j11q40 first\">\n                    <!-- module text -->\n<div  class=\"module module-text tb_gi8i40   \" data-lazy=\"1\">\n        <div  class=\"tb_text_wrap\">\n        <h1>G\u00e0idhlig &#8211; C\u00e0nan D\u00f9thchasach<\/h1>    <\/div>\n<\/div>\n<!-- \/module text -->        <\/div>\n                        <\/div>\n        <\/div>\n                        <div  data-lazy=\"1\" class=\"module_row themify_builder_row tb_1cro389 tf_w\">\n                        <div class=\"row_inner col_align_top tb_col_count_1 tf_box tf_rel\">\n                        <div  data-lazy=\"1\" class=\"module_column tb-column col-full tb_7iai390 first\">\n                    <!-- module image -->\n<div  class=\"module module-image tb_m9nq415 image-center   tf_mw\" data-lazy=\"1\">\n        <div class=\"image-wrap tf_rel tf_mw\">\n            <img decoding=\"async\" data-src=\"https:\/\/b2204768.smushcdn.com\/2204768\/wp-content\/uploads\/2021\/03\/speech-bubbles-900x456.png?lossy=1&strip=1&webp=1\" width=\"900\" height=\"456\" class=\"wp-post-image wp-image-921 lazyload\" title=\"speech-bubbles\" alt=\"World Languages\" data-srcset=\"https:\/\/b2204768.smushcdn.com\/2204768\/wp-content\/uploads\/2021\/03\/speech-bubbles.png?lossy=1&strip=1&webp=1 900w, https:\/\/b2204768.smushcdn.com\/2204768\/wp-content\/uploads\/2021\/03\/speech-bubbles-300x152.png?lossy=1&strip=1&webp=1 300w, https:\/\/b2204768.smushcdn.com\/2204768\/wp-content\/uploads\/2021\/03\/speech-bubbles-768x389.png?lossy=1&strip=1&webp=1 768w, https:\/\/b2204768.smushcdn.com\/2204768\/wp-content\/uploads\/2021\/03\/speech-bubbles-900x456.png?size=233x118&lossy=1&strip=1&webp=1 233w, https:\/\/b2204768.smushcdn.com\/2204768\/wp-content\/uploads\/2021\/03\/speech-bubbles-900x456.png?size=466x236&lossy=1&strip=1&webp=1 466w, https:\/\/b2204768.smushcdn.com\/2204768\/wp-content\/uploads\/2021\/03\/speech-bubbles-900x456.png?size=699x354&lossy=1&strip=1&webp=1 699w\" data-sizes=\"auto\" src=\"data:image\/svg+xml;base64,PHN2ZyB3aWR0aD0iMSIgaGVpZ2h0PSIxIiB4bWxucz0iaHR0cDovL3d3dy53My5vcmcvMjAwMC9zdmciPjwvc3ZnPg==\" style=\"--smush-placeholder-width: 900px; --smush-placeholder-aspect-ratio: 900\/456;\" data-original-sizes=\"(max-width: 900px) 100vw, 900px\" \/>    \n        <\/div>\n    <!-- \/image-wrap -->\n    \n        <\/div>\n<!-- \/module image -->        <\/div>\n                        <\/div>\n        <\/div>\n                        <div  data-css_id=\"ynyb581\" data-lazy=\"1\" class=\"module_row themify_builder_row fullwidth_row_container tb_ynyb581 tf_w\">\n                        <div class=\"row_inner col_align_top tb_col_count_2 tf_box tf_rel\">\n                        <div  data-lazy=\"1\" class=\"module_column tb-column col4-2 tb_902p581 first\">\n                    <!-- module text -->\n<div  class=\"module module-text tb_l1zs448   \" data-lazy=\"1\">\n        <div  class=\"tb_text_wrap\">\n        <h2>Carson a tha c\u00e0nanan cudromach?<\/h2>    <\/div>\n<\/div>\n<!-- \/module text --><!-- module text -->\n<div  class=\"module module-text tb_lbhe369   tb_text_dropcap\" data-lazy=\"1\">\n        <div  class=\"tb_text_wrap\">\n        <p>Tha c\u00e0nan cudromach ann am beatha l\u00e0itheil dhaoine; tha e na inneal airson conaltradh, airson foghlam, agus airson amalachadh agus leasachadh s\u00f2isealta. Cuideachd, \u2019s ann le c\u00e0nan a tha f\u00e8in aithne, eachdraidh chultarail, dualchas agus cuimhneachain gach neach air an gleidheil.<\/p>    <\/div>\n<\/div>\n<!-- \/module text --><!-- module text -->\n<div  class=\"module module-text tb_nn53261   \" data-lazy=\"1\">\n        <div  class=\"tb_text_wrap\">\n        <h2>UNESCO \u2013 C\u00e0nanan an t-Saoghail ann an Cunnart<\/h2>    <\/div>\n<\/div>\n<!-- \/module text --><!-- module text -->\n<div  class=\"module module-text tb_ors3480   \" data-lazy=\"1\">\n        <div  class=\"tb_text_wrap\">\n        <p>Eadar 2004 agus 2005 chraol an Discovery Channel sreath de chriomagan bhidio, a rinn iad c\u00f2mhla ris an UN, a tha a\u2019 cur f\u00f2cas air coimhearsnachdan ann an cunnart ann an diofar sg\u00ecrean den t-saoghal.<\/p>\n<p>Tha c\u00e0nanan nan coimhearsnachdan sin an cunnart a dhol \u00e0 bith d\u00ecreach air sg\u00e0th \u2019s gu bheil an \u00e0ireamh a tha gam bruidhinn cho beag agus a\u2019 s\u00ecor dhol s\u00ecos. B\u2019 e an \u00e0ireamh-sluaigh bu mhotha aig coimhearsnachd san t-sreath seo 5,000 agus an t\u00e8 a b\u2019 \u00ecsle, 300.<\/p>    <\/div>\n<\/div>\n<!-- \/module text -->        <\/div>\n                    <div  data-lazy=\"1\" class=\"module_column tb-column col4-2 tb_stxq272 last\">\n                    <!-- module video -->\n<div  class=\"module module-video tb_y21d720 video-top  \" data-lazy=\"1\">\n                    <div class=\"video-wrap-outer\">\n            <div class=\"video-wrap tf_rel tf_overflow tf_local_video\">\n                \n                    \n                    <div style=\"width: 640px;\" class=\"wp-video\"><video class=\"wp-video-shortcode\" id=\"video-910-1\" width=\"640\" height=\"360\" preload=\"metadata\" controls=\"controls\"><source type=\"video\/mp4\" src=\"https:\/\/srvarcstream3a.unesco.org\/arcstream\/video\/clt_ceidce-0006-scotland_gaelic_x264.mp4?_=1\" \/><a href=\"https:\/\/srvarcstream3a.unesco.org\/arcstream\/video\/clt_ceidce-0006-scotland_gaelic_x264.mp4\" target=\"_blank\" rel=\"noopener\">https:\/\/srvarcstream3a.unesco.org\/arcstream\/video\/clt_ceidce-0006-scotland_gaelic_x264.mp4<\/a><\/video><\/div>\n                    \n                                <\/div>\n            <!-- \/video-wrap -->\n        <\/div>\n        <!-- \/video-wrap-outer -->\n                    <div class=\"video-content\">\n                \n                                    <div class=\"video-caption tb_text_wrap\">\n                        S\u00ecne NicLe\u00f2id a\u2019 bruidhinn air an dualchas agus an togail Gh\u00e0idhlig a fhuair i.                    <\/div>\n                    <!-- \/video-caption -->\n                            <\/div>\n            <!-- \/video-content -->\n            <\/div>\n        <\/div>\n                        <\/div>\n        <\/div>\n                        <div  data-css_id=\"enyg367\" data-lazy=\"1\" class=\"module_row themify_builder_row fullwidth_row_container tb_enyg367 tf_w\">\n                        <div class=\"row_inner col_align_top tb_col_count_1 tf_box tf_rel\">\n                        <div  data-lazy=\"1\" class=\"module_column tb-column col-full tb_ll86368 first\">\n                    <!-- module text -->\n<div  class=\"module module-text tb_l86o679   \" data-lazy=\"1\">\n        <div  class=\"tb_text_wrap\">\n        <h2>D\u00e8 th\u2019 ann an c\u00e0nan ann an cunnart?<\/h2>\n<p>\u2019S e c\u00e0nan ann an cunnart, c\u00e0nan a dh\u2019fhaodadh a dhol \u00e0 bith mar a tha an luchd-labhairt a\u2019 b\u00e0sachadh no a\u2019 gluasad gu bhith a\u2019 bruidhinn c\u00e0nan eile.<\/p>\n<p>Bidh call c\u00e0nain a\u2019 tachairt nuair nach eil an c\u00f2rr luchd-labhairt d\u00f9thchasach ann agus \u2019s e c\u00e0nan marbh a th\u2019 ann an uair sin.<\/p>\n<p>Mura h-urrainn duine sam bith an c\u00e0nan a bhruidhinn tha an c\u00e0nan<br>sin air a dhol \u00e0 bith.<\/p>\n<p>Gabhaidh c\u00e0nan marbh a rannsachadh fhathast le cl\u00e0raidhean agus le sgr\u00ecobhaidhean, ach tha e fhathast marbh no \u00e0 bith mura bheil luchd-labhairt fileanta ann.<\/p>\n<p>Ged a bha c\u00e0nanan riamh a\u2019 dol \u00e0 bith, tha iad a-nis a\u2019 b\u00e0sachadh nas luaithe air sg\u00e0th teicne\u00f2las agus gluasad dhaoine, obraichean agus chultaran air feadh an t-saoghail; cumhachdan a\u2019 cumail smachd air no a\u2019 toirt buaidh air d\u00f9thchannan eile; agus murt-c\u00e0nain ri linn adhbharan poilitigeach no cion dhaoine a chumas an c\u00e0nan be\u00f2.<\/p>    <\/div>\n<\/div>\n<!-- \/module text -->        <\/div>\n                        <\/div>\n        <\/div>\n                        <div  data-css_id=\"jtkr642\" data-lazy=\"1\" class=\"module_row themify_builder_row fullwidth_row_container tb_jtkr642 tf_w\">\n                        <div class=\"row_inner col_align_top tb_col_count_1 tf_box tf_rel\">\n                        <div  data-lazy=\"1\" class=\"module_column tb-column col-full tb_h6ee643 first\">\n                    <!-- module image -->\n<div  class=\"module module-image tb_0a3d830 image-center   tf_mw\" data-lazy=\"1\">\n        <div class=\"image-wrap tf_rel tf_mw\">\n            <img decoding=\"async\" data-src=\"https:\/\/storlann.co.uk\/gaidhlig-alba\/wp-content\/uploads\/2021\/03\/world-languages.svg\" width=\"900\" height=\"555\" class=\"wp-post-image wp-image-919 lazyload\" title=\"world-languages\" alt=\"World languages\" src=\"data:image\/svg+xml;base64,PHN2ZyB3aWR0aD0iMSIgaGVpZ2h0PSIxIiB4bWxucz0iaHR0cDovL3d3dy53My5vcmcvMjAwMC9zdmciPjwvc3ZnPg==\" style=\"--smush-placeholder-width: 900px; --smush-placeholder-aspect-ratio: 900\/555;\">    \n        <\/div>\n    <!-- \/image-wrap -->\n    \n        <\/div>\n<!-- \/module image -->        <\/div>\n                        <\/div>\n        <\/div>\n                        <div  data-css_id=\"czwh678\" data-lazy=\"1\" class=\"module_row themify_builder_row fullwidth_row_container tb_czwh678 tf_w\">\n                        <div class=\"row_inner col_align_top tb_col_count_2 tf_box tf_rel\">\n                        <div  data-lazy=\"1\" class=\"module_column tb-column col4-3 tb_hh8m679 first\">\n                    <!-- module text -->\n<div  class=\"module module-text tb_cyf5738   \" data-lazy=\"1\">\n        <div  class=\"tb_text_wrap\">\n        <h2>D\u00e8 an duilgheadas a tha ann?<\/h2>\n<p>A dh\u2019aindeoin \u2019s cho luachmhor \u2019s a tha c\u00e0nan, tha c\u00e0nanan air feadh an t-saoghail a\u2019 s\u00ecor dhol \u00e0 bith aig astar eagalach.<\/p>\n<p>Thuirt F\u00f2ram Maireannach nan C\u00e0nanan D\u00f9thchasach &#8211; buidheann leis an UN &#8211; ann an 2016 gun robh 40%, no 2680, de ch\u00e0nanan an t-saoghail ann an cunnart a dhol \u00e0 bith.<\/p>    <\/div>\n<\/div>\n<!-- \/module text -->        <\/div>\n                    <div  data-lazy=\"1\" class=\"module_column tb-column col4-1 tb_1toe668 last\">\n                            <\/div>\n                        <\/div>\n        <\/div>\n                        <div  data-css_id=\"csmt983\" data-lazy=\"1\" class=\"module_row themify_builder_row fullwidth_row_container tb_csmt983 tf_w\">\n                        <div class=\"row_inner col_align_top tb_col_count_2 tf_box tf_rel\">\n                        <div  data-lazy=\"1\" class=\"module_column tb-column col4-2 tb_1rwv986 first\">\n                    <!-- module text -->\n<div  class=\"module module-text tb_yplw986   \" data-lazy=\"1\">\n        <div  class=\"tb_text_wrap\">\n        <h2>Luchdachaidhean a-nuas<\/h2>\n<div class='w3eden wpdm_packages_shortcode'>\n    <div class=''>\n\n        \n        <div id=\"content_wpdm_package_1\">\n            <div class='row'><div class='col-lg-12 col-md-6 col-6'> <a href=\"https:\/\/storlann.co.uk\/gaidhlig-alba\/download\/2019-bliadhna-eadar-naiseanta-nan-cananan-duthchasach\/?wpdmdl=364&amp;refresh=69e88502263881776846082\"><div class=\"gis-dl\">\n  <div class=\"gis-dl-link-cont\">2019 - Bliadhna Eadar-n\u00e0iseanta nan C\u00e0nanan D\u00f9thchasach<div class=\"gis-file\"><i class=\"fa fa-file-download ml-3 color-yellow\"><\/i>\n            7328<\/div><\/div>\n<\/div><\/a>\n<\/div><div class='col-lg-12 col-md-6 col-6'> <a href=\"https:\/\/storlann.co.uk\/gaidhlig-alba\/download\/amasan-foillllseachadh-an-un-air-coraichean-sluaghan-duthchasach\/?wpdmdl=366&amp;refresh=69e885024b8c61776846082\"><div class=\"gis-dl\">\n  <div class=\"gis-dl-link-cont\">Amasan Foillseachadh an UN air C\u00f2raichean Sluaghan D\u00f9thchasach<div class=\"gis-file\"><i class=\"fa fa-file-download ml-3 color-yellow\"><\/i>\n            7614<\/div><\/div>\n<\/div><\/a>\n<\/div><div class='col-lg-12 col-md-6 col-6'> <a href=\"https:\/\/storlann.co.uk\/gaidhlig-alba\/download\/carson-a-tha-cananan-cudromach\/?wpdmdl=368&amp;refresh=69e885026e7261776846082\"><div class=\"gis-dl\">\n  <div class=\"gis-dl-link-cont\">Carson a tha c\u00e0nanan cudromach?<div class=\"gis-file\"><i class=\"fa fa-file-download ml-3 color-yellow\"><\/i>\n            6865<\/div><\/div>\n<\/div><\/a>\n<\/div><div class='col-lg-12 col-md-6 col-6'> <a href=\"https:\/\/storlann.co.uk\/gaidhlig-alba\/download\/carson-a-tha-cananan-duthchasach-cudromach\/?wpdmdl=370&amp;refresh=69e8850295aeb1776846082\"><div class=\"gis-dl\">\n  <div class=\"gis-dl-link-cont\">Carson a tha c\u00e0nanan d\u00f9thchasach cudromach?<div class=\"gis-file\"><i class=\"fa fa-file-download ml-3 color-yellow\"><\/i>\n            7124<\/div><\/div>\n<\/div><\/a>\n<\/div><div class='col-lg-12 col-md-6 col-6'> <a href=\"https:\/\/storlann.co.uk\/gaidhlig-alba\/download\/de-th-ann-an-canan-ann-an-cunnart\/?wpdmdl=372&amp;refresh=69e88502c95fc1776846082\"><div class=\"gis-dl\">\n  <div class=\"gis-dl-link-cont\">D\u00e8 th\u2019 ann an c\u00e0nan ann an cunnart?<div class=\"gis-file\"><i class=\"fa fa-file-download ml-3 color-yellow\"><\/i>\n            7619<\/div><\/div>\n<\/div><\/a>\n<\/div><div class='col-lg-12 col-md-6 col-6'> <a href=\"https:\/\/storlann.co.uk\/gaidhlig-alba\/download\/fiosrachadh-mu-chananan-duthchasach\/?wpdmdl=374&amp;refresh=69e88502f3a871776846082\"><div class=\"gis-dl\">\n  <div class=\"gis-dl-link-cont\">Fiosrachadh mu ch\u00e0nanan d\u00f9thchasach<div class=\"gis-file\"><i class=\"fa fa-file-download ml-3 color-yellow\"><\/i>\n            7723<\/div><\/div>\n<\/div><\/a>\n<\/div><div class='col-lg-12 col-md-6 col-6'> <a href=\"https:\/\/storlann.co.uk\/gaidhlig-alba\/download\/latha-eadar-naiseanta-sluaghan-duthchasach-an-t-saoghail\/?wpdmdl=376&amp;refresh=69e8850320edd1776846083\"><div class=\"gis-dl\">\n  <div class=\"gis-dl-link-cont\">Latha Eadar-n\u00e0iseanta Sluaghan D\u00f9thchasach an t-Saoghail<div class=\"gis-file\"><i class=\"fa fa-file-download ml-3 color-yellow\"><\/i>\n            8366<\/div><\/div>\n<\/div><\/a>\n<\/div><div class='col-lg-12 col-md-6 col-6'> <a href=\"https:\/\/storlann.co.uk\/gaidhlig-alba\/download\/unesco-agus-sluaghan-duthchasach\/?wpdmdl=378&amp;refresh=69e88503432971776846083\"><div class=\"gis-dl\">\n  <div class=\"gis-dl-link-cont\">UNESCO agus sluaghan d\u00f9thchasach<div class=\"gis-file\"><i class=\"fa fa-file-download ml-3 color-yellow\"><\/i>\n            7428<\/div><\/div>\n<\/div><\/a>\n<\/div><div class='col-lg-12 col-md-6 col-6'> <a href=\"https:\/\/storlann.co.uk\/gaidhlig-alba\/download\/na-duthchannan-aonaichte\/?wpdmdl=380&amp;refresh=69e8850372d971776846083\"><div class=\"gis-dl\">\n  <div class=\"gis-dl-link-cont\">Na D\u00f9thchannan Aonaichte<div class=\"gis-file\"><i class=\"fa fa-file-download ml-3 color-yellow\"><\/i>\n            7423<\/div><\/div>\n<\/div><\/a>\n<\/div><div class='col-lg-12 col-md-6 col-6'> <a href=\"https:\/\/storlann.co.uk\/gaidhlig-alba\/download\/factsheet\/?wpdmdl=384&amp;refresh=69e8850387a371776846083\"><div class=\"gis-dl\">\n  <div class=\"gis-dl-link-cont\">Bileag fiosrachaidh - Unesco<div class=\"gis-file\"><i class=\"fa fa-file-download ml-3 color-yellow\"><\/i>\n            7651<\/div><\/div>\n<\/div><\/a>\n<\/div><\/div>            <div style='clear:both'><\/div><div class='text-center'><ul class='pagination wpdm-pagination pagination-centered text-center'><li><span aria-current=\"page\" class=\"page-numbers current\">1<\/span><\/li><li><a data-container=\"#content_wpdm_package_1\" class=\"page-numbers\" href=\"https:\/\/storlann.co.uk\/gaidhlig-alba\/wp-json\/wp\/v2\/pages\/910\/?cp=2\">2<\/a><\/li><li><a data-container=\"#content_wpdm_package_1\" class=\"next page-numbers\" href=\"https:\/\/storlann.co.uk\/gaidhlig-alba\/wp-json\/wp\/v2\/pages\/910\/?cp=2\"> <i style=\"display: inline-block;width: 8px;height: 8px;border-right: 2px solid;border-top: 2px solid;transform: rotate(45deg);margin-left: -2px;margin-top: -2px;\"><\/i> <\/a><\/li><\/ul><\/div><div style='clear:both'><\/div>        <\/div>\n\n        <div style='clear:both'><\/div>\n    <\/div>\n<\/div>\n    <\/div>\n<\/div>\n<!-- \/module text -->        <\/div>\n                    <div  data-lazy=\"1\" class=\"module_column tb-column col4-2 tb_0y4f987 last\">\n                            <\/div>\n                        <\/div>\n        <\/div>\n        <\/div>\n<!--\/themify_builder_content-->","protected":false},"excerpt":{"rendered":"<p>G\u00e0idhlig &#8211; C\u00e0nan D\u00f9thchasach Carson a tha c\u00e0nanan cudromach? Tha c\u00e0nan cudromach ann am beatha l\u00e0itheil dhaoine; tha e na inneal airson conaltradh, airson foghlam, agus airson amalachadh agus leasachadh s\u00f2isealta. Cuideachd, \u2019s ann le c\u00e0nan a tha f\u00e8in aithne, eachdraidh chultarail, dualchas agus cuimhneachain gach neach air an gleidheil. UNESCO \u2013 C\u00e0nanan an t-Saoghail [&hellip;]<\/p>\n","protected":false},"author":3,"featured_media":0,"parent":0,"menu_order":0,"comment_status":"closed","ping_status":"closed","template":"","meta":{"inline_featured_image":false,"footnotes":""},"class_list":["post-910","page","type-page","status-publish","hentry","has-post-title","has-post-date","has-post-category","has-post-tag","has-post-comment","has-post-author",""],"builder_content":"<h1>G\u00e0idhlig - C\u00e0nan D\u00f9thchasach<\/h1>\n<img src=\"https:\/\/storlann.co.uk\/gaidhlig-alba\/wp-content\/uploads\/2021\/03\/speech-bubbles-900x456.png\" width=\"900\" height=\"456\" title=\"speech-bubbles\" alt=\"World Languages\" srcset=\"https:\/\/storlann.co.uk\/gaidhlig-alba\/wp-content\/uploads\/2021\/03\/speech-bubbles.png 900w, https:\/\/storlann.co.uk\/gaidhlig-alba\/wp-content\/uploads\/2021\/03\/speech-bubbles-300x152.png 300w, https:\/\/storlann.co.uk\/gaidhlig-alba\/wp-content\/uploads\/2021\/03\/speech-bubbles-768x389.png 768w\" sizes=\"(max-width: 900px) 100vw, 900px\" \/>\n<h2>Carson a tha c\u00e0nanan cudromach?<\/h2>\n<p>Tha c\u00e0nan cudromach ann am beatha l\u00e0itheil dhaoine; tha e na inneal airson conaltradh, airson foghlam, agus airson amalachadh agus leasachadh s\u00f2isealta. Cuideachd, \u2019s ann le c\u00e0nan a tha f\u00e8in aithne, eachdraidh chultarail, dualchas agus cuimhneachain gach neach air an gleidheil.<\/p>\n<h2>UNESCO \u2013 C\u00e0nanan an t-Saoghail ann an Cunnart<\/h2>\n<p>Eadar 2004 agus 2005 chraol an Discovery Channel sreath de chriomagan bhidio, a rinn iad c\u00f2mhla ris an UN, a tha a\u2019 cur f\u00f2cas air coimhearsnachdan ann an cunnart ann an diofar sg\u00ecrean den t-saoghal.<\/p> <p>Tha c\u00e0nanan nan coimhearsnachdan sin an cunnart a dhol \u00e0 bith d\u00ecreach air sg\u00e0th \u2019s gu bheil an \u00e0ireamh a tha gam bruidhinn cho beag agus a\u2019 s\u00ecor dhol s\u00ecos. B\u2019 e an \u00e0ireamh-sluaigh bu mhotha aig coimhearsnachd san t-sreath seo 5,000 agus an t\u00e8 a b\u2019 \u00ecsle, 300.<\/p>\n[embed]https:\/\/srvarcstream3a.unesco.org\/arcstream\/video\/clt_ceidce-0006-scotland_gaelic_x264.mp4[\/embed]\n<h2>D\u00e8 th\u2019 ann an c\u00e0nan ann an cunnart?<\/h2> <p>\u2019S e c\u00e0nan ann an cunnart, c\u00e0nan a dh\u2019fhaodadh a dhol \u00e0 bith mar a tha an luchd-labhairt a\u2019 b\u00e0sachadh no a\u2019 gluasad gu bhith a\u2019 bruidhinn c\u00e0nan eile.<\/p> <p>Bidh call c\u00e0nain a\u2019 tachairt nuair nach eil an c\u00f2rr luchd-labhairt d\u00f9thchasach ann agus \u2019s e c\u00e0nan marbh a th\u2019 ann an uair sin.<\/p> <p>Mura h-urrainn duine sam bith an c\u00e0nan a bhruidhinn tha an c\u00e0nan<br>sin air a dhol \u00e0 bith.<\/p> <p>Gabhaidh c\u00e0nan marbh a rannsachadh fhathast le cl\u00e0raidhean agus le sgr\u00ecobhaidhean, ach tha e fhathast marbh no \u00e0 bith mura bheil luchd-labhairt fileanta ann.<\/p> <p>Ged a bha c\u00e0nanan riamh a\u2019 dol \u00e0 bith, tha iad a-nis a\u2019 b\u00e0sachadh nas luaithe air sg\u00e0th teicne\u00f2las agus gluasad dhaoine, obraichean agus chultaran air feadh an t-saoghail; cumhachdan a\u2019 cumail smachd air no a\u2019 toirt buaidh air d\u00f9thchannan eile; agus murt-c\u00e0nain ri linn adhbharan poilitigeach no cion dhaoine a chumas an c\u00e0nan be\u00f2.<\/p>\n<img src=\"https:\/\/storlann.co.uk\/gaidhlig-alba\/wp-content\/uploads\/2021\/03\/world-languages.svg\" width=\"900\" height=\"555\" title=\"world-languages\" alt=\"World languages\">\n<h2>D\u00e8 an duilgheadas a tha ann?<\/h2> <p>A dh\u2019aindeoin \u2019s cho luachmhor \u2019s a tha c\u00e0nan, tha c\u00e0nanan air feadh an t-saoghail a\u2019 s\u00ecor dhol \u00e0 bith aig astar eagalach.<\/p> <p>Thuirt F\u00f2ram Maireannach nan C\u00e0nanan D\u00f9thchasach - buidheann leis an UN - ann an 2016 gun robh 40%, no 2680, de ch\u00e0nanan an t-saoghail ann an cunnart a dhol \u00e0 bith.<\/p>\n<h2>Luchdachaidhean a-nuas<\/h2> <p>[wpdm_category id=\"cananan-duthchasach\" cols=\"1\" toolbar=0 item_per_page=10 template=\"gis_download_1\" order_by=\"title\" order=\"asc\" paging=\"1\"]<\/p>","_links":{"self":[{"href":"https:\/\/storlann.co.uk\/gaidhlig-alba\/wp-json\/wp\/v2\/pages\/910","targetHints":{"allow":["GET"]}}],"collection":[{"href":"https:\/\/storlann.co.uk\/gaidhlig-alba\/wp-json\/wp\/v2\/pages"}],"about":[{"href":"https:\/\/storlann.co.uk\/gaidhlig-alba\/wp-json\/wp\/v2\/types\/page"}],"author":[{"embeddable":true,"href":"https:\/\/storlann.co.uk\/gaidhlig-alba\/wp-json\/wp\/v2\/users\/3"}],"replies":[{"embeddable":true,"href":"https:\/\/storlann.co.uk\/gaidhlig-alba\/wp-json\/wp\/v2\/comments?post=910"}],"version-history":[{"count":0,"href":"https:\/\/storlann.co.uk\/gaidhlig-alba\/wp-json\/wp\/v2\/pages\/910\/revisions"}],"wp:attachment":[{"href":"https:\/\/storlann.co.uk\/gaidhlig-alba\/wp-json\/wp\/v2\/media?parent=910"}],"curies":[{"name":"wp","href":"https:\/\/api.w.org\/{rel}","templated":true}]}}