{"id":870,"date":"2021-03-25T15:04:09","date_gmt":"2021-03-25T15:04:09","guid":{"rendered":"https:\/\/storlann.co.uk\/gaidhlig-alba\/?page_id=870"},"modified":"2022-03-04T10:45:59","modified_gmt":"2022-03-04T10:45:59","slug":"na-gaidheil-agus-na-goill","status":"publish","type":"page","link":"https:\/\/storlann.co.uk\/gaidhlig-alba\/na-gaidheil-agus-na-goill\/","title":{"rendered":"Na G\u00e0idheil agus na Goill"},"content":{"rendered":"<!--themify_builder_content-->\n<div id=\"themify_builder_content-870\" data-postid=\"870\" class=\"themify_builder_content themify_builder_content-870 themify_builder tf_clear\">\n                    <div  data-lazy=\"1\" class=\"module_row themify_builder_row tb_ywpi421 tb_first tf_w\">\n                        <div class=\"row_inner col_align_top tb_col_count_1 tf_box tf_rel\">\n                        <div  data-lazy=\"1\" class=\"module_column tb-column col-full tb_hgri421 first\">\n                    <!-- module text -->\n<div  class=\"module module-text tb_d2aw848   \" data-lazy=\"1\">\n        <div  class=\"tb_text_wrap\">\n        <h1>Na G\u00e0idheil agus na Goill<\/h1>    <\/div>\n<\/div>\n<!-- \/module text --><!-- module text -->\n<div  class=\"module module-text tb_nifi626   tb_text_dropcap\" data-lazy=\"1\">\n        <div  class=\"tb_text_wrap\">\n        <p>Thar nam bliadhnaichean th\u00e0inig Alba gu bhith na r\u00ecoghachd air a sgaradh.<\/p>\n<p>Cha robh earbsa aig na G\u00e0idheil no na Goill na ch\u00e8ile.<\/p>\n<p>Bha na Goill a\u2019 coimhead s\u00ecos air na G\u00e0idheil, ach bha eagal orra cuideachd ro chumhachd armachd nan ceann-feadhna G\u00e0idhealach.<\/p>    <\/div>\n<\/div>\n<!-- \/module text --><!-- module image -->\n<div  class=\"module module-image tb_lao7293 image-center   tf_mw\" data-lazy=\"1\">\n        <div class=\"image-wrap tf_rel tf_mw\">\n            <img decoding=\"async\" width=\"834\" height=\"390\" data-src=\"https:\/\/b2204768.smushcdn.com\/2204768\/wp-content\/uploads\/2021\/03\/scottish-clansmen.jpg?lossy=1&strip=1&webp=1\" class=\"wp-post-image wp-image-877 lazyload\" title=\"scottish-clansmen\" alt=\"Clansmen\" data-srcset=\"https:\/\/b2204768.smushcdn.com\/2204768\/wp-content\/uploads\/2021\/03\/scottish-clansmen.jpg?lossy=1&strip=1&webp=1 834w, https:\/\/b2204768.smushcdn.com\/2204768\/wp-content\/uploads\/2021\/03\/scottish-clansmen-300x140.jpg?lossy=1&strip=1&webp=1 300w, https:\/\/b2204768.smushcdn.com\/2204768\/wp-content\/uploads\/2021\/03\/scottish-clansmen-768x359.jpg?lossy=1&strip=1&webp=1 768w, https:\/\/b2204768.smushcdn.com\/2204768\/wp-content\/uploads\/2021\/03\/scottish-clansmen.jpg?size=233x109&lossy=1&strip=1&webp=1 233w, https:\/\/b2204768.smushcdn.com\/2204768\/wp-content\/uploads\/2021\/03\/scottish-clansmen.jpg?size=466x218&lossy=1&strip=1&webp=1 466w, https:\/\/b2204768.smushcdn.com\/2204768\/wp-content\/uploads\/2021\/03\/scottish-clansmen.jpg?size=699x327&lossy=1&strip=1&webp=1 699w\" data-sizes=\"auto\" src=\"data:image\/svg+xml;base64,PHN2ZyB3aWR0aD0iMSIgaGVpZ2h0PSIxIiB4bWxucz0iaHR0cDovL3d3dy53My5vcmcvMjAwMC9zdmciPjwvc3ZnPg==\" style=\"--smush-placeholder-width: 834px; --smush-placeholder-aspect-ratio: 834\/390;\" data-original-sizes=\"(max-width: 834px) 100vw, 834px\" \/>    \n        <\/div>\n    <!-- \/image-wrap -->\n    \n        <\/div>\n<!-- \/module image --><!-- module text -->\n<div  class=\"module module-text tb_af6s43   \" data-lazy=\"1\">\n        <div  class=\"tb_text_wrap\">\n        <p>Cha robh comas sgr\u00ecobhaidh no leughaidh aig m\u00f2ran sna coimhearsnachdan G\u00e0idhlig air a\u2019 Gh\u00e0idhealtachd no sna h-Eileanan, agus bha na Sasannaich agus na Goill den bheachd gum b\u2019 e sg\u00ecre reubaltach agus bhorb a bh\u2019 ann.<\/p>    <\/div>\n<\/div>\n<!-- \/module text --><!-- module text -->\n<div  class=\"module module-text tb_elf6209   \" data-lazy=\"1\">\n        <div  class=\"tb_text_wrap\">\n        <p>Cha robh m\u00f2ran tuigse aig R\u00ecgh Seumas VI nuair a thuirt e gur e daoine borb a bha anns na G\u00e0idheil:<\/p>    <\/div>\n<\/div>\n<!-- \/module text --><!-- module text -->\n<div  class=\"module module-text tb_v8hl797   \" data-lazy=\"1\">\n        <div  class=\"tb_text_wrap\">\n        <p>\u2018A thaobh nan G\u00e0idheal, tha mi gam faicinn mar dh\u00e0 she\u00f2rsa; an se\u00f2rsa a tha a\u2019 fuireach air t\u00ecrm\u00f2r a tha borb ach tha sin measgaichte le beagan s\u00ecobhaltais; tha an se\u00f2rsa eile a tha a\u2019 fuireach anns na h-eileanan buileach borb.\u2019<\/p>    <\/div>\n<\/div>\n<!-- \/module text --><!-- module image -->\n<div  class=\"module module-image tb_bevv687 image-center drop-shadow  tf_mw\" data-lazy=\"1\">\n        <div class=\"image-wrap tf_rel tf_mw\">\n            <img decoding=\"async\" width=\"960\" height=\"564\" data-src=\"https:\/\/b2204768.smushcdn.com\/2204768\/wp-content\/uploads\/2021\/03\/scotland-map-gaelic.jpg?lossy=1&strip=1&webp=1\" class=\"wp-post-image wp-image-878 lazyload\" title=\"scotland-map-gaelic\" alt=\"Atharraichean sna sg\u00ecrean san robh G\u00e0idhlig ga bruidhinn 1020-1981\" data-srcset=\"https:\/\/b2204768.smushcdn.com\/2204768\/wp-content\/uploads\/2021\/03\/scotland-map-gaelic.jpg?lossy=1&strip=1&webp=1 960w, https:\/\/b2204768.smushcdn.com\/2204768\/wp-content\/uploads\/2021\/03\/scotland-map-gaelic-300x176.jpg?lossy=1&strip=1&webp=1 300w, https:\/\/b2204768.smushcdn.com\/2204768\/wp-content\/uploads\/2021\/03\/scotland-map-gaelic-768x451.jpg?lossy=1&strip=1&webp=1 768w, https:\/\/b2204768.smushcdn.com\/2204768\/wp-content\/uploads\/2021\/03\/scotland-map-gaelic.jpg?size=233x137&lossy=1&strip=1&webp=1 233w, https:\/\/b2204768.smushcdn.com\/2204768\/wp-content\/uploads\/2021\/03\/scotland-map-gaelic.jpg?size=466x274&lossy=1&strip=1&webp=1 466w, https:\/\/b2204768.smushcdn.com\/2204768\/wp-content\/uploads\/2021\/03\/scotland-map-gaelic.jpg?size=699x411&lossy=1&strip=1&webp=1 699w\" data-sizes=\"auto\" src=\"data:image\/svg+xml;base64,PHN2ZyB3aWR0aD0iMSIgaGVpZ2h0PSIxIiB4bWxucz0iaHR0cDovL3d3dy53My5vcmcvMjAwMC9zdmciPjwvc3ZnPg==\" style=\"--smush-placeholder-width: 960px; --smush-placeholder-aspect-ratio: 960\/564;\" data-original-sizes=\"(max-width: 960px) 100vw, 960px\" \/>    \n        <\/div>\n    <!-- \/image-wrap -->\n    \n        <div class=\"image-content\">\n                        <div class=\"image-caption tb_text_wrap\">\n            Atharraichean sna sg\u00ecrean san robh G\u00e0idhlig ga bruidhinn 1020-1981        <\/div>\n        <!-- \/image-caption -->\n            <\/div>\n    <!-- \/image-content -->\n        <\/div>\n<!-- \/module image -->        <\/div>\n                        <\/div>\n        <\/div>\n                        <div  data-lazy=\"1\" class=\"module_row themify_builder_row tb_2ivl878 tf_w\">\n                        <div class=\"row_inner col_align_top tb_col_count_2 tf_box tf_rel\">\n                        <div  data-lazy=\"1\" class=\"module_column tb-column col4-2 tb_hdf3879 first\">\n                    <!-- module text -->\n<div  class=\"module module-text tb_rbyo54   \" data-lazy=\"1\">\n        <div  class=\"tb_text_wrap\">\n        <p>Tr\u00e0th anns an t-seachdamh linn deug aig \u00e0m na Fuadaichean chaidh laghan a dh\u00e8anamh gus smachd a chumail air na G\u00e0idheil.<\/p>\n<p>Dh\u2019fheumadh na cinn-feadhna am mic a chur gu sgoiltean sa Ghalldachd gus an ionnsachadh sa Bheurla.<\/p>    <\/div>\n<\/div>\n<!-- \/module text --><!-- module text -->\n<div  class=\"module module-text tb_5l0s919   \" data-lazy=\"1\">\n        <div  class=\"tb_text_wrap\">\n        <p>B\u2019 e seo aon de na rudan a bha a\u2019 dol a dh\u2019atharrachadh saoghal nan G\u00e0idheal. Bha na G\u00e0idheil duilich nach robh na daoine urramach a\u2019 cleachdadh na G\u00e0idhlig. Sgr\u00ecobh an t-Urr Iain MacGill\u2019Eathain mun Gh\u00e0idhlig:<\/p>    <\/div>\n<\/div>\n<!-- \/module text --><!-- module text -->\n<div  class=\"module module-text tb_s7uk667   \" data-lazy=\"1\">\n        <div  class=\"tb_text_wrap\">\n        <p>\u2018An c\u00f9irt na R\u00ecgh, r\u00e8 m\u00ecle bliadhn\u2019 is treall Do bhi sin t\u00f9s, mun do thog cainnt Dh\u00f9bhghall ceann.\u2019<\/p>    <\/div>\n<\/div>\n<!-- \/module text --><!-- module text -->\n<div  class=\"module module-text tb_ssul564   \" data-lazy=\"1\">\n        <div  class=\"tb_text_wrap\">\n        <h2>Luchdachaidhean a-nuas<\/h2>\n<div class='w3eden wpdm_packages_shortcode'>\n    <div class=''>\n\n        \n        <div id=\"content_wpdm_package_1\">\n            <div class='row'><div class='col-lg-12 col-md-6 col-6'> <a href=\"https:\/\/storlann.co.uk\/gaidhlig-alba\/download\/duthaich-air-a-sgaradh\/?wpdmdl=360&refresh=69e89d71b56d21776852337\"><div class=\"gis-dl\">\n  <div class=\"gis-dl-link-cont\">D\u00f9thaich air a sgaradh<div class=\"gis-file\"><i class=\"fa fa-file-download ml-3 color-yellow\"><\/i>\n            6763<\/div><\/div>\n<\/div><\/a>\n<\/div><\/div>            <div style='clear:both'><\/div><div class='text-center'><ul class='pagination wpdm-pagination pagination-centered text-center'><\/ul><\/div><div style='clear:both'><\/div>        <\/div>\n\n        <div style='clear:both'><\/div>\n    <\/div>\n<\/div>\n\n    <\/div>\n<\/div>\n<!-- \/module text -->        <\/div>\n                    <div  data-lazy=\"1\" class=\"module_column tb-column col4-2 tb_53qh662 last\">\n                    <!-- module image -->\n<div  class=\"module module-image tb_w7r7623 image-center drop-shadow bordered  tf_mw\" data-lazy=\"1\">\n        <div class=\"image-wrap tf_rel tf_mw\">\n            <img decoding=\"async\" width=\"532\" height=\"302\" data-src=\"https:\/\/b2204768.smushcdn.com\/2204768\/wp-content\/uploads\/2021\/03\/Gaelic-in-Scotland-women-creels.jpg?lossy=1&strip=1&webp=1\" class=\"wp-post-image wp-image-880 lazyload\" title=\"Gaelic-in-Scotland-women-creels\" alt=\"G\u00e0idheil a\u2019 f\u00e0gail nan dachaighean aca air sg\u00e0th nam Fuadaichean\" data-srcset=\"https:\/\/b2204768.smushcdn.com\/2204768\/wp-content\/uploads\/2021\/03\/Gaelic-in-Scotland-women-creels.jpg?lossy=1&strip=1&webp=1 532w, https:\/\/b2204768.smushcdn.com\/2204768\/wp-content\/uploads\/2021\/03\/Gaelic-in-Scotland-women-creels-300x170.jpg?lossy=1&strip=1&webp=1 300w, https:\/\/b2204768.smushcdn.com\/2204768\/wp-content\/uploads\/2021\/03\/Gaelic-in-Scotland-women-creels.jpg?size=233x132&lossy=1&strip=1&webp=1 233w, https:\/\/b2204768.smushcdn.com\/2204768\/wp-content\/uploads\/2021\/03\/Gaelic-in-Scotland-women-creels.jpg?size=466x265&lossy=1&strip=1&webp=1 466w\" data-sizes=\"auto\" src=\"data:image\/svg+xml;base64,PHN2ZyB3aWR0aD0iMSIgaGVpZ2h0PSIxIiB4bWxucz0iaHR0cDovL3d3dy53My5vcmcvMjAwMC9zdmciPjwvc3ZnPg==\" style=\"--smush-placeholder-width: 532px; --smush-placeholder-aspect-ratio: 532\/302;\" data-original-sizes=\"(max-width: 532px) 100vw, 532px\" \/>    \n        <\/div>\n    <!-- \/image-wrap -->\n    \n        <div class=\"image-content\">\n                        <div class=\"image-caption tb_text_wrap\">\n            G\u00e0idheil a\u2019 f\u00e0gail nan dachaighean aca air sg\u00e0th nam Fuadaichean        <\/div>\n        <!-- \/image-caption -->\n            <\/div>\n    <!-- \/image-content -->\n        <\/div>\n<!-- \/module image -->        <\/div>\n                        <\/div>\n        <\/div>\n                        <div  data-lazy=\"1\" class=\"module_row themify_builder_row tb_g5hi952 tf_w\">\n                        <div class=\"row_inner col_align_top tb_col_count_1 tf_box tf_rel\">\n                        <div  data-lazy=\"1\" class=\"module_column tb-column col-full tb_ma43953 first\">\n                    <!-- module image -->\n<div  class=\"module module-image tb_m9q9671 image-center   tf_mw wow\" data-tf-animation=\"fadeIn\" data-lazy=\"1\">\n        <div class=\"image-wrap tf_rel tf_mw\">\n            <img decoding=\"async\" data-src=\"https:\/\/b2204768.smushcdn.com\/2204768\/wp-content\/uploads\/2021\/03\/writing-english-500x629.jpg?lossy=1&strip=1&webp=1\" width=\"500\" height=\"629\" class=\"wp-post-image wp-image-882 lazyload\" title=\"writing-english\" alt=\"Ag ionnsachadh Beurla\" data-srcset=\"https:\/\/b2204768.smushcdn.com\/2204768\/wp-content\/uploads\/2021\/03\/writing-english-500x629.jpg?lossy=1&strip=1&webp=1 500w, https:\/\/b2204768.smushcdn.com\/2204768\/wp-content\/uploads\/2021\/03\/writing-english-238x300.jpg?lossy=1&strip=1&webp=1 238w, https:\/\/b2204768.smushcdn.com\/2204768\/wp-content\/uploads\/2021\/03\/writing-english.jpg?lossy=1&strip=1&webp=1 624w\" data-sizes=\"auto\" src=\"data:image\/svg+xml;base64,PHN2ZyB3aWR0aD0iMSIgaGVpZ2h0PSIxIiB4bWxucz0iaHR0cDovL3d3dy53My5vcmcvMjAwMC9zdmciPjwvc3ZnPg==\" style=\"--smush-placeholder-width: 500px; --smush-placeholder-aspect-ratio: 500\/629;\" data-original-sizes=\"(max-width: 500px) 100vw, 500px\" \/>    \n        <\/div>\n    <!-- \/image-wrap -->\n    \n        <div class=\"image-content\">\n                        <div class=\"image-caption tb_text_wrap\">\n            Ag ionnsachadh Beurla        <\/div>\n        <!-- \/image-caption -->\n            <\/div>\n    <!-- \/image-content -->\n        <\/div>\n<!-- \/module image -->        <\/div>\n                        <\/div>\n        <\/div>\n        <\/div>\n<!--\/themify_builder_content-->","protected":false},"excerpt":{"rendered":"<p>Na G\u00e0idheil agus na Goill<\/p>\n","protected":false},"author":3,"featured_media":0,"parent":0,"menu_order":0,"comment_status":"closed","ping_status":"closed","template":"","meta":{"inline_featured_image":false,"footnotes":""},"class_list":["post-870","page","type-page","status-publish","hentry","has-post-title","has-post-date","has-post-category","has-post-tag","has-post-comment","has-post-author",""],"builder_content":"<h1>Na G\u00e0idheil agus na Goill<\/h1>\n<p>Thar nam bliadhnaichean th\u00e0inig Alba gu bhith na r\u00ecoghachd air a sgaradh.<\/p> <p>Cha robh earbsa aig na G\u00e0idheil no na Goill na ch\u00e8ile.<\/p> <p>Bha na Goill a\u2019 coimhead s\u00ecos air na G\u00e0idheil, ach bha eagal orra cuideachd ro chumhachd armachd nan ceann-feadhna G\u00e0idhealach.<\/p>\n<img src=\"https:\/\/storlann.co.uk\/gaidhlig-alba\/wp-content\/uploads\/2021\/03\/scottish-clansmen.jpg\" title=\"scottish-clansmen\" alt=\"Clansmen\" srcset=\"https:\/\/storlann.co.uk\/gaidhlig-alba\/wp-content\/uploads\/2021\/03\/scottish-clansmen.jpg 834w, https:\/\/storlann.co.uk\/gaidhlig-alba\/wp-content\/uploads\/2021\/03\/scottish-clansmen-300x140.jpg 300w, https:\/\/storlann.co.uk\/gaidhlig-alba\/wp-content\/uploads\/2021\/03\/scottish-clansmen-768x359.jpg 768w\" sizes=\"(max-width: 834px) 100vw, 834px\" \/>\n<p>Cha robh comas sgr\u00ecobhaidh no leughaidh aig m\u00f2ran sna coimhearsnachdan G\u00e0idhlig air a\u2019 Gh\u00e0idhealtachd no sna h-Eileanan, agus bha na Sasannaich agus na Goill den bheachd gum b\u2019 e sg\u00ecre reubaltach agus bhorb a bh\u2019 ann.<\/p>\n<p>Cha robh m\u00f2ran tuigse aig R\u00ecgh Seumas VI nuair a thuirt e gur e daoine borb a bha anns na G\u00e0idheil:<\/p>\n<p>\u2018A thaobh nan G\u00e0idheal, tha mi gam faicinn mar dh\u00e0 she\u00f2rsa; an se\u00f2rsa a tha a\u2019 fuireach air t\u00ecrm\u00f2r a tha borb ach tha sin measgaichte le beagan s\u00ecobhaltais; tha an se\u00f2rsa eile a tha a\u2019 fuireach anns na h-eileanan buileach borb.\u2019<\/p>\n<img src=\"https:\/\/storlann.co.uk\/gaidhlig-alba\/wp-content\/uploads\/2021\/03\/scotland-map-gaelic.jpg\" title=\"scotland-map-gaelic\" alt=\"Atharraichean sna sg\u00ecrean san robh G\u00e0idhlig ga bruidhinn 1020-1981\" srcset=\"https:\/\/storlann.co.uk\/gaidhlig-alba\/wp-content\/uploads\/2021\/03\/scotland-map-gaelic.jpg 960w, https:\/\/storlann.co.uk\/gaidhlig-alba\/wp-content\/uploads\/2021\/03\/scotland-map-gaelic-300x176.jpg 300w, https:\/\/storlann.co.uk\/gaidhlig-alba\/wp-content\/uploads\/2021\/03\/scotland-map-gaelic-768x451.jpg 768w\" sizes=\"(max-width: 960px) 100vw, 960px\" \/> Atharraichean sna sg\u00ecrean san robh G\u00e0idhlig ga bruidhinn 1020-1981\n<p>Tr\u00e0th anns an t-seachdamh linn deug aig \u00e0m na Fuadaichean chaidh laghan a dh\u00e8anamh gus smachd a chumail air na G\u00e0idheil.<\/p> <p>Dh\u2019fheumadh na cinn-feadhna am mic a chur gu sgoiltean sa Ghalldachd gus an ionnsachadh sa Bheurla.<\/p>\n<p>B\u2019 e seo aon de na rudan a bha a\u2019 dol a dh\u2019atharrachadh saoghal nan G\u00e0idheal. Bha na G\u00e0idheil duilich nach robh na daoine urramach a\u2019 cleachdadh na G\u00e0idhlig. Sgr\u00ecobh an t-Urr Iain MacGill\u2019Eathain mun Gh\u00e0idhlig:<\/p>\n<p>\u2018An c\u00f9irt na R\u00ecgh, r\u00e8 m\u00ecle bliadhn\u2019 is treall Do bhi sin t\u00f9s, mun do thog cainnt Dh\u00f9bhghall ceann.\u2019<\/p>\n<h2>Luchdachaidhean a-nuas<\/h2> <p>[wpdm_category id=\"na-gaidheil-agus-na-goill\" cols=\"1\" toolbar=0 item_per_page=10 template=\"gis_download_1\"]<\/p>\n<img src=\"https:\/\/storlann.co.uk\/gaidhlig-alba\/wp-content\/uploads\/2021\/03\/Gaelic-in-Scotland-women-creels.jpg\" title=\"Gaelic-in-Scotland-women-creels\" alt=\"G\u00e0idheil a\u2019 f\u00e0gail nan dachaighean aca air sg\u00e0th nam Fuadaichean\" srcset=\"https:\/\/storlann.co.uk\/gaidhlig-alba\/wp-content\/uploads\/2021\/03\/Gaelic-in-Scotland-women-creels.jpg 532w, https:\/\/storlann.co.uk\/gaidhlig-alba\/wp-content\/uploads\/2021\/03\/Gaelic-in-Scotland-women-creels-300x170.jpg 300w\" sizes=\"(max-width: 532px) 100vw, 532px\" \/> G\u00e0idheil a\u2019 f\u00e0gail nan dachaighean aca air sg\u00e0th nam Fuadaichean\n<img src=\"https:\/\/storlann.co.uk\/gaidhlig-alba\/wp-content\/uploads\/2021\/03\/writing-english-500x629.jpg\" width=\"500\" height=\"629\" title=\"writing-english\" alt=\"Ag ionnsachadh Beurla\" srcset=\"https:\/\/storlann.co.uk\/gaidhlig-alba\/wp-content\/uploads\/2021\/03\/writing-english-500x629.jpg 500w, https:\/\/storlann.co.uk\/gaidhlig-alba\/wp-content\/uploads\/2021\/03\/writing-english-238x300.jpg 238w, https:\/\/storlann.co.uk\/gaidhlig-alba\/wp-content\/uploads\/2021\/03\/writing-english.jpg 624w\" sizes=\"(max-width: 500px) 100vw, 500px\" \/> Ag ionnsachadh Beurla","_links":{"self":[{"href":"https:\/\/storlann.co.uk\/gaidhlig-alba\/wp-json\/wp\/v2\/pages\/870","targetHints":{"allow":["GET"]}}],"collection":[{"href":"https:\/\/storlann.co.uk\/gaidhlig-alba\/wp-json\/wp\/v2\/pages"}],"about":[{"href":"https:\/\/storlann.co.uk\/gaidhlig-alba\/wp-json\/wp\/v2\/types\/page"}],"author":[{"embeddable":true,"href":"https:\/\/storlann.co.uk\/gaidhlig-alba\/wp-json\/wp\/v2\/users\/3"}],"replies":[{"embeddable":true,"href":"https:\/\/storlann.co.uk\/gaidhlig-alba\/wp-json\/wp\/v2\/comments?post=870"}],"version-history":[{"count":0,"href":"https:\/\/storlann.co.uk\/gaidhlig-alba\/wp-json\/wp\/v2\/pages\/870\/revisions"}],"wp:attachment":[{"href":"https:\/\/storlann.co.uk\/gaidhlig-alba\/wp-json\/wp\/v2\/media?parent=870"}],"curies":[{"name":"wp","href":"https:\/\/api.w.org\/{rel}","templated":true}]}}