{"id":812,"date":"2021-03-24T16:49:00","date_gmt":"2021-03-24T16:49:00","guid":{"rendered":"https:\/\/storlann.co.uk\/gaidhlig-alba\/?page_id=812"},"modified":"2022-03-16T16:33:26","modified_gmt":"2022-03-16T16:33:26","slug":"steiseanan-iasgaich-na-h-alba","status":"publish","type":"page","link":"https:\/\/storlann.co.uk\/gaidhlig-alba\/steiseanan-iasgaich-na-h-alba\/","title":{"rendered":"Ste\u0300iseanan Iasgaich na h-Alba"},"content":{"rendered":"<!--themify_builder_content-->\n<div id=\"themify_builder_content-812\" data-postid=\"812\" class=\"themify_builder_content themify_builder_content-812 themify_builder tf_clear\">\n                    <div  data-lazy=\"1\" class=\"module_row themify_builder_row tb_dqv0247 tb_first tf_w\">\n                        <div class=\"row_inner col_align_top tb_col_count_1 tf_box tf_rel\">\n                        <div  data-lazy=\"1\" class=\"module_column tb-column col-full tb_ggfm247 first\">\n                    <!-- module text -->\n<div  class=\"module module-text tb_b428125   \" data-lazy=\"1\">\n        <div  class=\"tb_text_wrap\">\n        <h1>St\u00e8iseanan Iasgaich na h-Alba<\/h1>    <\/div>\n<\/div>\n<!-- \/module text -->        <\/div>\n                        <\/div>\n        <\/div>\n                        <div  data-lazy=\"1\" class=\"module_row themify_builder_row tb_blth362 tf_w\">\n                        <div class=\"row_inner col_align_top tb_col_count_2 tf_box tf_rel\">\n                        <div  data-lazy=\"1\" class=\"module_column tb-column col4-2 tb_ggz1363 first\">\n                    <!-- module text -->\n<div  class=\"module module-text tb_3v4d804   \" data-lazy=\"1\">\n        <div  class=\"tb_text_wrap\">\n        <p>Nuair a chaidh Comann Iasgach Bhreatainn a chur air bhonn, th\u00f2isich iad sa bhad a\u2019 cur \u00e0iteachan \u00f9ra air bhonn.<\/p>\n<p>B\u2019 e Tobar Mhoire a\u2019 chiad phort a chaidh a leasachadh air costa siar na h-Alba ann an 1787, agus an d\u00e8idh sin, Ullapul ann an 1788, agus Loch a\u2019 Bh\u00e0igh san Eilean Sgitheanach ann an 1795.<\/p>    <\/div>\n<\/div>\n<!-- \/module text --><div  class=\"module themify_builder_slider_wrap tf_clearfix module-slider tb_i00y607  slider-default  \" data-lazy=\"1\">\n        <div class=\"themify_builder_slider tf_carousel tf_swiper-container tf_rel tf_overflow\" data-lazy=\"1\"        data-visible=\"1\"\n        data-tab-visible=\"1\"\n        data-mob-visible=\"1\"\n        data-scroll=\"1\"\n                            data-auto=\"3000\"\n            data-controller=\"0\"\n            data-pause_hover=\"1\"\n                data-speed=\"normal\"\n        data-wrapvar=\"1\"\n        data-slider_nav=\"0\"\n        data-pager=\"1\"\n        data-effect=\"fade\" \n        data-height=\"variable\"\n        data-css_url=\"https:\/\/storlann.co.uk\/gaidhlig-alba\/wp-content\/themes\/themify-ultra\/themify\/themify-builder\/css\/modules\/sliders\/carousel,https:\/\/storlann.co.uk\/gaidhlig-alba\/wp-content\/themes\/themify-ultra\/themify\/themify-builder\/css\/modules\/sliders\/slider\"\n                    >\n        <div class=\"tf_swiper-wrapper tf_lazy tf_rel tf_w tf_h tf_textc\">\n                         <div class=\"tf_swiper-slide\">            <div class=\"slide-inner-wrap\">\n                                    <div class=\"tf_rel tf_lazy slide-image\">\n                                                                            <img decoding=\"async\" width=\"550\" height=\"365\" data-src=\"https:\/\/b2204768.smushcdn.com\/2204768\/wp-content\/uploads\/2021\/03\/ullapool-gaelic-scotland.jpg?lossy=1&strip=1&webp=1\" class=\"wp-post-image wp-image-819 lazyload\" title=\"ullapool-gaelic-scotland\" alt=\"Ullapool\" data-srcset=\"https:\/\/b2204768.smushcdn.com\/2204768\/wp-content\/uploads\/2021\/03\/ullapool-gaelic-scotland.jpg?lossy=1&strip=1&webp=1 550w, https:\/\/b2204768.smushcdn.com\/2204768\/wp-content\/uploads\/2021\/03\/ullapool-gaelic-scotland-300x199.jpg?lossy=1&strip=1&webp=1 300w, https:\/\/b2204768.smushcdn.com\/2204768\/wp-content\/uploads\/2021\/03\/ullapool-gaelic-scotland-301x200.jpg?lossy=1&strip=1&webp=1 301w, https:\/\/b2204768.smushcdn.com\/2204768\/wp-content\/uploads\/2021\/03\/ullapool-gaelic-scotland.jpg?size=233x155&lossy=1&strip=1&webp=1 233w, https:\/\/b2204768.smushcdn.com\/2204768\/wp-content\/uploads\/2021\/03\/ullapool-gaelic-scotland.jpg?size=466x309&lossy=1&strip=1&webp=1 466w\" data-sizes=\"auto\" src=\"data:image\/svg+xml;base64,PHN2ZyB3aWR0aD0iMSIgaGVpZ2h0PSIxIiB4bWxucz0iaHR0cDovL3d3dy53My5vcmcvMjAwMC9zdmciPjwvc3ZnPg==\" style=\"--smush-placeholder-width: 550px; --smush-placeholder-aspect-ratio: 550\/365;\" data-original-sizes=\"(max-width: 550px) 100vw, 550px\" \/>                                            <\/div>\n                \n                                    <div class=\"slide-content tb_text_wrap\">\n                        \n                                                    <div>Ullapul<\/div>\n                                            <\/div>\n                            <\/div>\n        <\/div>                     <div class=\"tf_swiper-slide\" style=\"content-visibility:hidden\">            <div class=\"slide-inner-wrap\">\n                                    <div class=\"tf_rel tf_lazy slide-image\">\n                                                                            <img decoding=\"async\" width=\"550\" height=\"365\" data-src=\"https:\/\/b2204768.smushcdn.com\/2204768\/wp-content\/uploads\/2021\/03\/tobermory-gaidhlig-alba.jpg?lossy=1&strip=1&webp=1\" class=\"wp-post-image wp-image-821 lazyload\" title=\"tobermory-gaidhlig-alba\" alt=\"Tobermory\" data-srcset=\"https:\/\/b2204768.smushcdn.com\/2204768\/wp-content\/uploads\/2021\/03\/tobermory-gaidhlig-alba.jpg?lossy=1&strip=1&webp=1 550w, https:\/\/b2204768.smushcdn.com\/2204768\/wp-content\/uploads\/2021\/03\/tobermory-gaidhlig-alba-300x199.jpg?lossy=1&strip=1&webp=1 300w, https:\/\/b2204768.smushcdn.com\/2204768\/wp-content\/uploads\/2021\/03\/tobermory-gaidhlig-alba.jpg?size=233x155&lossy=1&strip=1&webp=1 233w, https:\/\/b2204768.smushcdn.com\/2204768\/wp-content\/uploads\/2021\/03\/tobermory-gaidhlig-alba.jpg?size=466x309&lossy=1&strip=1&webp=1 466w\" data-sizes=\"auto\" src=\"data:image\/svg+xml;base64,PHN2ZyB3aWR0aD0iMSIgaGVpZ2h0PSIxIiB4bWxucz0iaHR0cDovL3d3dy53My5vcmcvMjAwMC9zdmciPjwvc3ZnPg==\" style=\"--smush-placeholder-width: 550px; --smush-placeholder-aspect-ratio: 550\/365;\" data-original-sizes=\"(max-width: 550px) 100vw, 550px\" \/>                                            <\/div>\n                \n                                    <div class=\"slide-content tb_text_wrap\">\n                        \n                                                    <div>Tobar Mhoire<\/div>\n                                            <\/div>\n                            <\/div>\n        <\/div>                     <div class=\"tf_swiper-slide\" style=\"content-visibility:hidden\">            <div class=\"slide-inner-wrap\">\n                                    <div class=\"tf_rel tf_lazy slide-image\">\n                                                                            <img decoding=\"async\" width=\"550\" height=\"365\" data-src=\"https:\/\/b2204768.smushcdn.com\/2204768\/wp-content\/uploads\/2021\/03\/waternish-skye.jpg?lossy=1&strip=1&webp=1\" class=\"wp-post-image wp-image-822 lazyload\" title=\"waternish-skye\" alt=\"Loch Bay, Skye\" data-srcset=\"https:\/\/b2204768.smushcdn.com\/2204768\/wp-content\/uploads\/2021\/03\/waternish-skye.jpg?lossy=1&strip=1&webp=1 550w, https:\/\/b2204768.smushcdn.com\/2204768\/wp-content\/uploads\/2021\/03\/waternish-skye-300x199.jpg?lossy=1&strip=1&webp=1 300w, https:\/\/b2204768.smushcdn.com\/2204768\/wp-content\/uploads\/2021\/03\/waternish-skye.jpg?size=233x155&lossy=1&strip=1&webp=1 233w, https:\/\/b2204768.smushcdn.com\/2204768\/wp-content\/uploads\/2021\/03\/waternish-skye.jpg?size=466x309&lossy=1&strip=1&webp=1 466w\" data-sizes=\"auto\" src=\"data:image\/svg+xml;base64,PHN2ZyB3aWR0aD0iMSIgaGVpZ2h0PSIxIiB4bWxucz0iaHR0cDovL3d3dy53My5vcmcvMjAwMC9zdmciPjwvc3ZnPg==\" style=\"--smush-placeholder-width: 550px; --smush-placeholder-aspect-ratio: 550\/365;\" data-original-sizes=\"(max-width: 550px) 100vw, 550px\" \/>                                            <\/div>\n                \n                                    <div class=\"slide-content tb_text_wrap\">\n                        \n                                                    <div>Loch a&#8217; Bh\u00e0igh<\/div>\n                                            <\/div>\n                            <\/div>\n        <\/div>                     <div class=\"tf_swiper-slide\" style=\"content-visibility:hidden\">            <div class=\"slide-inner-wrap\">\n                                    <div class=\"tf_rel tf_lazy slide-image\">\n                                                                            <img decoding=\"async\" width=\"550\" height=\"365\" data-src=\"https:\/\/b2204768.smushcdn.com\/2204768\/wp-content\/uploads\/2021\/03\/LOCHBAY.jpg?lossy=1&strip=1&webp=1\" class=\"wp-post-image wp-image-831 lazyload\" title=\"LOCHBAY\" alt=\"Lochbay, Skye (Crown Copyright)\" data-srcset=\"https:\/\/b2204768.smushcdn.com\/2204768\/wp-content\/uploads\/2021\/03\/LOCHBAY.jpg?lossy=1&strip=1&webp=1 550w, https:\/\/b2204768.smushcdn.com\/2204768\/wp-content\/uploads\/2021\/03\/LOCHBAY-300x199.jpg?lossy=1&strip=1&webp=1 300w, https:\/\/b2204768.smushcdn.com\/2204768\/wp-content\/uploads\/2021\/03\/LOCHBAY.jpg?size=233x155&lossy=1&strip=1&webp=1 233w, https:\/\/b2204768.smushcdn.com\/2204768\/wp-content\/uploads\/2021\/03\/LOCHBAY.jpg?size=466x309&lossy=1&strip=1&webp=1 466w\" data-sizes=\"auto\" src=\"data:image\/svg+xml;base64,PHN2ZyB3aWR0aD0iMSIgaGVpZ2h0PSIxIiB4bWxucz0iaHR0cDovL3d3dy53My5vcmcvMjAwMC9zdmciPjwvc3ZnPg==\" style=\"--smush-placeholder-width: 550px; --smush-placeholder-aspect-ratio: 550\/365;\" data-original-sizes=\"(max-width: 550px) 100vw, 550px\" \/>                                            <\/div>\n                \n                                    <div class=\"slide-content tb_text_wrap\">\n                        \n                                                    <div>Loch a&#8217; Bhaigh &#8211; Plana<\/div>\n                                            <\/div>\n                            <\/div>\n        <\/div>            <\/div>\n    <\/div>\n<\/div>\n<!-- module text -->\n<div  class=\"module module-text tb_xdnw320   \" data-lazy=\"1\">\n        <div  class=\"tb_text_wrap\">\n        <p>Nuair a chaidh baile Thobar Mhoire a st\u00e8idheachadh, bha d\u00f9il gun togadh daoine a bha mu thr\u00e0th ag obair air an fhearann sgilean mar iasgairean agus mar luchd-ci\u00f9ird. Ach cha robh an t-e\u00f2las no an t-airgead aig m\u00f2ran de mhuinntir an \u00e0ite a leig leotha b\u00e0taichean a thogail no a dhol gu muir.<\/p>    <\/div>\n<\/div>\n<!-- \/module text -->        <\/div>\n                    <div  data-lazy=\"1\" class=\"module_column tb-column col4-2 tb_dyvp11 last\">\n                    <!-- module image -->\n<div  class=\"module module-image tb_0qnk848 image-center   tf_mw\" data-lazy=\"1\">\n        <div class=\"image-wrap tf_rel tf_mw\">\n            <img decoding=\"async\" width=\"500\" height=\"756\" data-src=\"https:\/\/b2204768.smushcdn.com\/2204768\/wp-content\/uploads\/2021\/03\/SCOTLAND-FISHING.jpg?lossy=1&strip=1&webp=1\" class=\"wp-post-image wp-image-814 lazyload\" title=\"SCOTLAND-FISHING\" alt=\"St\u00e8iseanan Iasgaich na h-Alba\" data-srcset=\"https:\/\/b2204768.smushcdn.com\/2204768\/wp-content\/uploads\/2021\/03\/SCOTLAND-FISHING.jpg?lossy=1&strip=1&webp=1 500w, https:\/\/b2204768.smushcdn.com\/2204768\/wp-content\/uploads\/2021\/03\/SCOTLAND-FISHING-198x300.jpg?lossy=1&strip=1&webp=1 198w\" data-sizes=\"auto\" src=\"data:image\/svg+xml;base64,PHN2ZyB3aWR0aD0iMSIgaGVpZ2h0PSIxIiB4bWxucz0iaHR0cDovL3d3dy53My5vcmcvMjAwMC9zdmciPjwvc3ZnPg==\" style=\"--smush-placeholder-width: 500px; --smush-placeholder-aspect-ratio: 500\/756;\" data-original-sizes=\"(max-width: 500px) 100vw, 500px\" \/>    \n        <\/div>\n    <!-- \/image-wrap -->\n    \n        <\/div>\n<!-- \/module image -->        <\/div>\n                        <\/div>\n        <\/div>\n                        <div  data-css_id=\"3zgy274\" data-lazy=\"1\" class=\"module_row themify_builder_row fullwidth_row_container tb_3zgy274 tf_w\">\n            <span  class=\"builder_row_cover tf_abs\" data-lazy=\"1\"><\/span><span class=\"tb_row_frame_wrap tf_overflow tf_abs\" data-lazy=\"1\"><span class=\"tb_row_frame tb_row_frame_bottom  tf_abs tf_hide tf_overflow tf_w\"><\/span><\/span>            <div class=\"row_inner col_align_top tb_col_count_1 tf_box tf_rel\">\n                        <div  data-lazy=\"1\" class=\"module_column tb-column col-full tb_2btm276 first\">\n                    <!-- module text -->\n<div  class=\"module module-text tb_kcnv88  repeat \" data-lazy=\"1\">\n        <div  class=\"tb_text_wrap\">\n        <p><strong>Na b\u2019 fhaide air adhart thug gn\u00ecomhachas na ceilpe cothrom cosnaidh do dhaoine ach d\u00ecreach airson greiseag.<\/strong><\/p>\n<p>Chaidh Ullapul a thaghadh gus brath a ghabhail air iasgach an sgadain a bha air f\u00e0s ann an Loch Bhraoin.<\/p>\n<p>Ach, mu dheireadh an 18mh linn, cha robh na sgaothan m\u00f2ra sgadain ann leis gun deach cus sgadain a ghlacadh.<\/p>\n<p>Ri linn \u2019s mar a chr\u00econ na sgaothan, cha do rinn Comann Iasgach Bhreatainn no na pr\u00f2iseactan iasgaich air a\u2019 chosta an iar cho math.<\/p>\n<p>Chaidh cuideam a chur air Comann an Iasgaich puirt iasgaich a leasachadh air costa ear-thuath na h-Alba, agus le sin thionndaidh iad an aire gu costa Ghallaibh.<\/p>    <\/div>\n<\/div>\n<!-- \/module text -->        <\/div>\n                        <\/div>\n        <\/div>\n                        <div  data-lazy=\"1\" class=\"module_row themify_builder_row tb_samm753 tf_w\">\n                        <div class=\"row_inner col_align_top tb_col_count_2 tf_box tf_rel\">\n                        <div  data-lazy=\"1\" class=\"module_column tb-column col4-2 tb_s22r755 first\">\n                    <!-- module text -->\n<div  class=\"module module-text tb_ri0j617   \" data-lazy=\"1\">\n        <div  class=\"tb_text_wrap\">\n        <h2>Luchdachaidhean a-nuas<\/h2>\n<div class='w3eden wpdm_packages_shortcode'>\n    <div class=''>\n\n        \n        <div id=\"content_wpdm_package_1\">\n            <div class='row'><div class='col-lg-12 col-md-6 col-6'> <a href=\"https:\/\/storlann.co.uk\/gaidhlig-alba\/download\/steiseanan-iasgaich-na-h-alba\/?wpdmdl=356&refresh=69e884ff9ea4e1776846079\"><div class=\"gis-dl\">\n  <div class=\"gis-dl-link-cont\">St\u00e8iseanan Iasgaich na h-Alba<div class=\"gis-file\"><i class=\"fa fa-file-download ml-3 color-yellow\"><\/i>\n            5388<\/div><\/div>\n<\/div><\/a>\n<\/div><\/div>            <div style='clear:both'><\/div><div class='text-center'><ul class='pagination wpdm-pagination pagination-centered text-center'><\/ul><\/div><div style='clear:both'><\/div>        <\/div>\n\n        <div style='clear:both'><\/div>\n    <\/div>\n<\/div>\n    <\/div>\n<\/div>\n<!-- \/module text -->        <\/div>\n                    <div  data-lazy=\"1\" class=\"module_column tb-column col4-2 tb_jh68127 last\">\n                    <!-- module image -->\n<div  class=\"module module-image tb_4hir349 image-center   tf_mw\" data-lazy=\"1\">\n        <div class=\"image-wrap tf_rel tf_mw\">\n            <img decoding=\"async\" width=\"600\" height=\"392\" data-src=\"https:\/\/b2204768.smushcdn.com\/2204768\/wp-content\/uploads\/2021\/03\/glass-fishing-float.jpg?lossy=1&strip=1&webp=1\" class=\"wp-post-image wp-image-829 lazyload\" title=\"glass fishing float\" alt=\"Glass fishing float\" data-srcset=\"https:\/\/b2204768.smushcdn.com\/2204768\/wp-content\/uploads\/2021\/03\/glass-fishing-float.jpg?lossy=1&strip=1&webp=1 600w, https:\/\/b2204768.smushcdn.com\/2204768\/wp-content\/uploads\/2021\/03\/glass-fishing-float-300x196.jpg?lossy=1&strip=1&webp=1 300w, https:\/\/b2204768.smushcdn.com\/2204768\/wp-content\/uploads\/2021\/03\/glass-fishing-float.jpg?size=233x152&lossy=1&strip=1&webp=1 233w, https:\/\/b2204768.smushcdn.com\/2204768\/wp-content\/uploads\/2021\/03\/glass-fishing-float.jpg?size=466x304&lossy=1&strip=1&webp=1 466w\" data-sizes=\"auto\" src=\"data:image\/svg+xml;base64,PHN2ZyB3aWR0aD0iMSIgaGVpZ2h0PSIxIiB4bWxucz0iaHR0cDovL3d3dy53My5vcmcvMjAwMC9zdmciPjwvc3ZnPg==\" style=\"--smush-placeholder-width: 600px; --smush-placeholder-aspect-ratio: 600\/392;\" data-original-sizes=\"(max-width: 600px) 100vw, 600px\" \/>    \n        <\/div>\n    <!-- \/image-wrap -->\n    \n        <\/div>\n<!-- \/module image -->        <\/div>\n                        <\/div>\n        <\/div>\n        <\/div>\n<!--\/themify_builder_content-->","protected":false},"excerpt":{"rendered":"<p>St\u00e8iseanan Iasgaich na h-Alba Nuair a chaidh Comann Iasgach Bhreatainn a chur air bhonn, th\u00f2isich iad sa bhad a\u2019 cur \u00e0iteachan \u00f9ra air bhonn. B\u2019 e Tobar Mhoire a\u2019 chiad phort a chaidh a leasachadh air costa siar na h-Alba ann an 1787, agus an d\u00e8idh sin, Ullapul ann an 1788, agus Loch a\u2019 Bh\u00e0igh [&hellip;]<\/p>\n","protected":false},"author":3,"featured_media":0,"parent":0,"menu_order":0,"comment_status":"closed","ping_status":"closed","template":"","meta":{"inline_featured_image":false,"footnotes":""},"class_list":["post-812","page","type-page","status-publish","hentry","has-post-title","has-post-date","has-post-category","has-post-tag","has-post-comment","has-post-author",""],"builder_content":"<h1>St\u00e8iseanan Iasgaich na h-Alba<\/h1>\n<p>Nuair a chaidh Comann Iasgach Bhreatainn a chur air bhonn, th\u00f2isich iad sa bhad a\u2019 cur \u00e0iteachan \u00f9ra air bhonn.<\/p> <p>B\u2019 e Tobar Mhoire a\u2019 chiad phort a chaidh a leasachadh air costa siar na h-Alba ann an 1787, agus an d\u00e8idh sin, Ullapul ann an 1788, agus Loch a\u2019 Bh\u00e0igh san Eilean Sgitheanach ann an 1795.<\/p>\n<img src=\"https:\/\/storlann.co.uk\/gaidhlig-alba\/wp-content\/uploads\/2021\/03\/ullapool-gaelic-scotland.jpg\" title=\"ullapool-gaelic-scotland\" alt=\"Ullapool\" srcset=\"https:\/\/storlann.co.uk\/gaidhlig-alba\/wp-content\/uploads\/2021\/03\/ullapool-gaelic-scotland.jpg 550w, https:\/\/storlann.co.uk\/gaidhlig-alba\/wp-content\/uploads\/2021\/03\/ullapool-gaelic-scotland-300x199.jpg 300w, https:\/\/storlann.co.uk\/gaidhlig-alba\/wp-content\/uploads\/2021\/03\/ullapool-gaelic-scotland-301x200.jpg 301w\" sizes=\"(max-width: 550px) 100vw, 550px\" \/> Ullapul <img src=\"https:\/\/storlann.co.uk\/gaidhlig-alba\/wp-content\/uploads\/2021\/03\/tobermory-gaidhlig-alba.jpg\" title=\"tobermory-gaidhlig-alba\" alt=\"Tobermory\" srcset=\"https:\/\/storlann.co.uk\/gaidhlig-alba\/wp-content\/uploads\/2021\/03\/tobermory-gaidhlig-alba.jpg 550w, https:\/\/storlann.co.uk\/gaidhlig-alba\/wp-content\/uploads\/2021\/03\/tobermory-gaidhlig-alba-300x199.jpg 300w\" sizes=\"(max-width: 550px) 100vw, 550px\" \/> Tobar Mhoire <img src=\"https:\/\/storlann.co.uk\/gaidhlig-alba\/wp-content\/uploads\/2021\/03\/waternish-skye.jpg\" title=\"waternish-skye\" alt=\"Loch Bay, Skye\" srcset=\"https:\/\/storlann.co.uk\/gaidhlig-alba\/wp-content\/uploads\/2021\/03\/waternish-skye.jpg 550w, https:\/\/storlann.co.uk\/gaidhlig-alba\/wp-content\/uploads\/2021\/03\/waternish-skye-300x199.jpg 300w\" sizes=\"(max-width: 550px) 100vw, 550px\" \/> Loch a' Bh\u00e0igh <img src=\"https:\/\/storlann.co.uk\/gaidhlig-alba\/wp-content\/uploads\/2021\/03\/LOCHBAY.jpg\" title=\"LOCHBAY\" alt=\"Lochbay, Skye (Crown Copyright)\" srcset=\"https:\/\/storlann.co.uk\/gaidhlig-alba\/wp-content\/uploads\/2021\/03\/LOCHBAY.jpg 550w, https:\/\/storlann.co.uk\/gaidhlig-alba\/wp-content\/uploads\/2021\/03\/LOCHBAY-300x199.jpg 300w\" sizes=\"(max-width: 550px) 100vw, 550px\" \/> Loch a' Bhaigh - Plana\n<p>Nuair a chaidh baile Thobar Mhoire a st\u00e8idheachadh, bha d\u00f9il gun togadh daoine a bha mu thr\u00e0th ag obair air an fhearann sgilean mar iasgairean agus mar luchd-ci\u00f9ird. Ach cha robh an t-e\u00f2las no an t-airgead aig m\u00f2ran de mhuinntir an \u00e0ite a leig leotha b\u00e0taichean a thogail no a dhol gu muir.<\/p>\n<img src=\"https:\/\/storlann.co.uk\/gaidhlig-alba\/wp-content\/uploads\/2021\/03\/SCOTLAND-FISHING.jpg\" title=\"SCOTLAND-FISHING\" alt=\"St\u00e8iseanan Iasgaich na h-Alba\" srcset=\"https:\/\/storlann.co.uk\/gaidhlig-alba\/wp-content\/uploads\/2021\/03\/SCOTLAND-FISHING.jpg 500w, https:\/\/storlann.co.uk\/gaidhlig-alba\/wp-content\/uploads\/2021\/03\/SCOTLAND-FISHING-198x300.jpg 198w\" sizes=\"(max-width: 500px) 100vw, 500px\" \/>\n<p><strong>Na b\u2019 fhaide air adhart thug gn\u00ecomhachas na ceilpe cothrom cosnaidh do dhaoine ach d\u00ecreach airson greiseag.<\/strong><\/p> <p>Chaidh Ullapul a thaghadh gus brath a ghabhail air iasgach an sgadain a bha air f\u00e0s ann an Loch Bhraoin.<\/p> <p>Ach, mu dheireadh an 18mh linn, cha robh na sgaothan m\u00f2ra sgadain ann leis gun deach cus sgadain a ghlacadh.<\/p> <p>Ri linn \u2019s mar a chr\u00econ na sgaothan, cha do rinn Comann Iasgach Bhreatainn no na pr\u00f2iseactan iasgaich air a\u2019 chosta an iar cho math.<\/p> <p>Chaidh cuideam a chur air Comann an Iasgaich puirt iasgaich a leasachadh air costa ear-thuath na h-Alba, agus le sin thionndaidh iad an aire gu costa Ghallaibh.<\/p>\n<h2>Luchdachaidhean a-nuas<\/h2> <p>[wpdm_category id=\"steiseanan-iasgaich-na-h-alba\" cols=\"1\" toolbar=0 item_per_page=10 template=\"gis_download_1\"]<\/p>\n<img src=\"https:\/\/storlann.co.uk\/gaidhlig-alba\/wp-content\/uploads\/2021\/03\/glass-fishing-float.jpg\" title=\"glass fishing float\" alt=\"Glass fishing float\" srcset=\"https:\/\/storlann.co.uk\/gaidhlig-alba\/wp-content\/uploads\/2021\/03\/glass-fishing-float.jpg 600w, https:\/\/storlann.co.uk\/gaidhlig-alba\/wp-content\/uploads\/2021\/03\/glass-fishing-float-300x196.jpg 300w\" sizes=\"(max-width: 600px) 100vw, 600px\" \/>","_links":{"self":[{"href":"https:\/\/storlann.co.uk\/gaidhlig-alba\/wp-json\/wp\/v2\/pages\/812","targetHints":{"allow":["GET"]}}],"collection":[{"href":"https:\/\/storlann.co.uk\/gaidhlig-alba\/wp-json\/wp\/v2\/pages"}],"about":[{"href":"https:\/\/storlann.co.uk\/gaidhlig-alba\/wp-json\/wp\/v2\/types\/page"}],"author":[{"embeddable":true,"href":"https:\/\/storlann.co.uk\/gaidhlig-alba\/wp-json\/wp\/v2\/users\/3"}],"replies":[{"embeddable":true,"href":"https:\/\/storlann.co.uk\/gaidhlig-alba\/wp-json\/wp\/v2\/comments?post=812"}],"version-history":[{"count":0,"href":"https:\/\/storlann.co.uk\/gaidhlig-alba\/wp-json\/wp\/v2\/pages\/812\/revisions"}],"wp:attachment":[{"href":"https:\/\/storlann.co.uk\/gaidhlig-alba\/wp-json\/wp\/v2\/media?parent=812"}],"curies":[{"name":"wp","href":"https:\/\/api.w.org\/{rel}","templated":true}]}}