{"id":638,"date":"2021-03-03T16:39:01","date_gmt":"2021-03-03T16:39:01","guid":{"rendered":"https:\/\/storlann.co.uk\/gaidhlig-alba\/?page_id=638"},"modified":"2022-03-15T16:14:21","modified_gmt":"2022-03-15T16:14:21","slug":"cinnidhean","status":"publish","type":"page","link":"https:\/\/storlann.co.uk\/gaidhlig-alba\/cinnidhean\/","title":{"rendered":"Cinnidhean"},"content":{"rendered":"<!--themify_builder_content-->\n<div id=\"themify_builder_content-638\" data-postid=\"638\" class=\"themify_builder_content themify_builder_content-638 themify_builder tf_clear\">\n                    <div  data-lazy=\"1\" class=\"module_row themify_builder_row tb_73yo401 tb_first tf_w\">\n                        <div class=\"row_inner col_align_top tb_col_count_1 tf_box tf_rel\">\n                        <div  data-lazy=\"1\" class=\"module_column tb-column col-full tb_42t5402 first\">\n                    <!-- module text -->\n<div  class=\"module module-text tb_o64f403   \" data-lazy=\"1\">\n        <div  class=\"tb_text_wrap\">\n        <h1>Cinnidhean<\/h1>    <\/div>\n<\/div>\n<!-- \/module text -->        <\/div>\n                        <\/div>\n        <\/div>\n                        <div  data-lazy=\"1\" class=\"module_row themify_builder_row tb_e0t6846 tf_w\">\n                        <div class=\"row_inner col_align_top tb_col_count_1 tf_box tf_rel\">\n                        <div  data-lazy=\"1\" class=\"module_column tb-column col-full tb_ynee847 first\">\n                    <!-- module image -->\n<div  class=\"module module-image tb_r07q197 image-center   tf_mw\" data-lazy=\"1\">\n        <div class=\"image-wrap tf_rel tf_mw\">\n            <img decoding=\"async\" width=\"1000\" height=\"554\" data-src=\"https:\/\/b2204768.smushcdn.com\/2204768\/wp-content\/uploads\/2022\/03\/clans-of-gaelic-scotland-2022.jpg?lossy=1&strip=1&webp=1\" class=\"wp-post-image wp-image-2482 lazyload\" title=\"clans-of-gaelic-scotland\" alt=\"Clans of Scotland\" data-srcset=\"https:\/\/b2204768.smushcdn.com\/2204768\/wp-content\/uploads\/2022\/03\/clans-of-gaelic-scotland-2022.jpg?lossy=1&strip=1&webp=1 1000w, https:\/\/b2204768.smushcdn.com\/2204768\/wp-content\/uploads\/2022\/03\/clans-of-gaelic-scotland-2022-300x166.jpg?lossy=1&strip=1&webp=1 300w, https:\/\/b2204768.smushcdn.com\/2204768\/wp-content\/uploads\/2022\/03\/clans-of-gaelic-scotland-2022-768x425.jpg?lossy=1&strip=1&webp=1 768w, https:\/\/b2204768.smushcdn.com\/2204768\/wp-content\/uploads\/2022\/03\/clans-of-gaelic-scotland-2022.jpg?size=233x129&lossy=1&strip=1&webp=1 233w, https:\/\/b2204768.smushcdn.com\/2204768\/wp-content\/uploads\/2022\/03\/clans-of-gaelic-scotland-2022.jpg?size=466x258&lossy=1&strip=1&webp=1 466w, https:\/\/b2204768.smushcdn.com\/2204768\/wp-content\/uploads\/2022\/03\/clans-of-gaelic-scotland-2022.jpg?size=699x387&lossy=1&strip=1&webp=1 699w, https:\/\/b2204768.smushcdn.com\/2204768\/wp-content\/uploads\/2022\/03\/clans-of-gaelic-scotland-2022.jpg?size=932x516&lossy=1&strip=1&webp=1 932w\" data-sizes=\"auto\" src=\"data:image\/svg+xml;base64,PHN2ZyB3aWR0aD0iMSIgaGVpZ2h0PSIxIiB4bWxucz0iaHR0cDovL3d3dy53My5vcmcvMjAwMC9zdmciPjwvc3ZnPg==\" style=\"--smush-placeholder-width: 1000px; --smush-placeholder-aspect-ratio: 1000\/554;\" data-original-sizes=\"(max-width: 1000px) 100vw, 1000px\" \/>    \n        <\/div>\n    <!-- \/image-wrap -->\n    \n        <\/div>\n<!-- \/module image -->        <\/div>\n                        <\/div>\n        <\/div>\n                        <div  data-lazy=\"1\" class=\"module_row themify_builder_row tb_p954385 tf_w\">\n                        <div class=\"row_inner col_align_top tb_col_count_1 tf_box tf_rel\">\n                        <div  data-lazy=\"1\" class=\"module_column tb-column col-full tb_ut1u385 first\">\n                    <!-- module text -->\n<div  class=\"module module-text tb_eu4o43   \" data-lazy=\"1\">\n        <div  class=\"tb_text_wrap\">\n        <h2>Siostam a\u2019 chinnidh<\/h2>    <\/div>\n<\/div>\n<!-- \/module text --><!-- module text -->\n<div  class=\"module module-text tb_954k452   tb_text_dropcap\" data-lazy=\"1\">\n        <div  class=\"tb_text_wrap\">\n        <p><strong>Bha \u00f9ghdarras aig a\u2019 cheann-feadhna thairis air fearann a\u2019 chinnidh.<\/strong><\/p>\n<p><strong>Bhiodh e a\u2019 roinn an fhearainn agus a\u2019 toirt ph\u00ecosan dheth air mh\u00e0l do fhir-taca, a bha c\u00e0irdeach dha mar bu trice.<\/strong><\/p>\n<p>B\u2019 e \u2018meadhan-chlas\u2019 a\u2019 chinnidh a bha anns na fir-taca.<\/p>\n<p>Bha iad an urra ri bhith a\u2019 ruith an fhearainn agus \u2019s iad a bha a\u2019 gairm nam fear-cinnidh nuair a bhathas gan iarraidh airson sabaid.<\/p>\n<p>Bha na fir-taca a\u2019 toirt fearann air mh\u00e0l do thuathanaich gabhaltais, agus bha iadsan a\u2019 toirt obair do choitearan.<\/p>\n<p>Bha na coitearan a\u2019 treabhadh, a\u2019 buain, a\u2019 buachailleachd a\u2019 chruidh agus a\u2019 buain m\u00f2nadh. Mar thuarastal bha iad a\u2019 faighinn p\u00ecos beag fearainn anns an cuireadh iad am biadh fh\u00e8in.<\/p>\n<p>An d\u00e8idh 1746 chaidh structar s\u00f2isealta siostam nan cinnidhean a bhriseadh, agus b\u2019 e d\u00e0imh eadar uachdaran<br \/>agus m\u00e0ladair a bh\u2019 ann an uair sin.<\/p>    <\/div>\n<\/div>\n<!-- \/module text -->        <\/div>\n                        <\/div>\n        <\/div>\n                        <div  data-lazy=\"1\" class=\"module_row themify_builder_row tb_3mf8679 tf_w\">\n                        <div class=\"row_inner col_align_top tb_col_count_1 tf_box tf_rel\">\n                        <div  data-lazy=\"1\" class=\"module_column tb-column col-full tb_7sby679 first\">\n                    <!-- module image -->\n<div  class=\"module module-image tb_ee80743 image-center   tf_mw\" data-lazy=\"1\">\n        <div class=\"image-wrap tf_rel tf_mw\">\n            <img decoding=\"async\" width=\"1000\" height=\"493\" data-src=\"https:\/\/b2204768.smushcdn.com\/2204768\/wp-content\/uploads\/2021\/03\/clans-of-gaelic-scotland-2.jpg?lossy=1&strip=1&webp=1\" class=\"wp-post-image wp-image-646 lazyload\" title=\"clans-of-gaelic-scotland-2\" alt=\"Illustration - Family, Scotland\" data-srcset=\"https:\/\/b2204768.smushcdn.com\/2204768\/wp-content\/uploads\/2021\/03\/clans-of-gaelic-scotland-2.jpg?lossy=1&strip=1&webp=1 1000w, https:\/\/b2204768.smushcdn.com\/2204768\/wp-content\/uploads\/2021\/03\/clans-of-gaelic-scotland-2-300x148.jpg?lossy=1&strip=1&webp=1 300w, https:\/\/b2204768.smushcdn.com\/2204768\/wp-content\/uploads\/2021\/03\/clans-of-gaelic-scotland-2-768x379.jpg?lossy=1&strip=1&webp=1 768w, https:\/\/b2204768.smushcdn.com\/2204768\/wp-content\/uploads\/2021\/03\/clans-of-gaelic-scotland-2.jpg?size=233x115&lossy=1&strip=1&webp=1 233w, https:\/\/b2204768.smushcdn.com\/2204768\/wp-content\/uploads\/2021\/03\/clans-of-gaelic-scotland-2.jpg?size=466x230&lossy=1&strip=1&webp=1 466w, https:\/\/b2204768.smushcdn.com\/2204768\/wp-content\/uploads\/2021\/03\/clans-of-gaelic-scotland-2.jpg?size=699x345&lossy=1&strip=1&webp=1 699w, https:\/\/b2204768.smushcdn.com\/2204768\/wp-content\/uploads\/2021\/03\/clans-of-gaelic-scotland-2.jpg?size=932x459&lossy=1&strip=1&webp=1 932w\" data-sizes=\"auto\" src=\"data:image\/svg+xml;base64,PHN2ZyB3aWR0aD0iMSIgaGVpZ2h0PSIxIiB4bWxucz0iaHR0cDovL3d3dy53My5vcmcvMjAwMC9zdmciPjwvc3ZnPg==\" style=\"--smush-placeholder-width: 1000px; --smush-placeholder-aspect-ratio: 1000\/493;\" data-original-sizes=\"(max-width: 1000px) 100vw, 1000px\" \/>    \n        <\/div>\n    <!-- \/image-wrap -->\n    \n        <\/div>\n<!-- \/module image -->        <\/div>\n                        <\/div>\n        <\/div>\n                        <div  data-lazy=\"1\" class=\"module_row themify_builder_row tb_blan538 tf_w\">\n                        <div class=\"row_inner col_align_top tb_col_count_1 tf_box tf_rel\">\n                        <div  data-lazy=\"1\" class=\"module_column tb-column col-full tb_see1538 first\">\n                    <!-- module text -->\n<div  class=\"module module-text tb_2pq7440   \" data-lazy=\"1\">\n        <div  class=\"tb_text_wrap\">\n        <h2>Cinnidhean agus c\u00e0irdeas<\/h2>\n<p><strong>Bha cinnidhean air an ainmeachadh mar a\u2019 chlann aig ceann-cinnidh no ceann-feadhna.<\/strong><\/p>\n<p><strong>Mar eisimpleir, Clann MhicAoidh, Clann MhicFhionghain, Clann \u2019Ic a\u2019 Ph\u00ec.<\/strong><\/p>\n<p><strong>Bha an ceann-feadhna a\u2019 coimhead air muinntir a\u2019 chinnidh mar \u2018theaghlach\u2019.<\/strong><\/p>\n<p>B\u2019 e a dhleastanas an d\u00econ, gu h-\u00e0raidh ann an cruadal agus gort. Bha na fir-chinnidh an-c\u00f2mhnaidh umhail don cheann-cinnidh.<\/p>\n<p>Bha iad nan arm pr\u00ecobhaideach aige.<\/p>\n<p>Chaidh Calum a\u2019 Chinn Mh\u00f2ir na R\u00ecgh ann an 1058 an d\u00e8idh dha MhacBheatha a mharbhadh.<\/p>\n<p>An uair sin, th\u00f2isich siostam chinnidhean a\u2019 nochdadh.<\/p>\n<p>Bha d\u00e0 dh\u00f2igh-beatha aig na fir-cinnidh.<\/p>\n<p>Bha iad nan tuathanaich airson p\u00e0irt dhen bhliadhna a\u2019 cur ph\u00f2ran agus a\u2019 cumail crodh.<\/p>\n<p>As t-samhradh b\u2019 e saighdearan a bha annta a\u2019 leantainn a\u2019 chinn-feadhna dhan chath.<\/p>\n<p>Bha goid-chruidh mar ph\u00e0irt den d\u00f2igh-beatha.<\/p>\n<p>Bha dualchas, onair, d\u00eclseachd agus dleastanas a\u2019 chinnidh l\u00e0idir.<\/p>    <\/div>\n<\/div>\n<!-- \/module text -->        <\/div>\n                        <\/div>\n        <\/div>\n                        <div  data-lazy=\"1\" class=\"module_row themify_builder_row tb_a5sq781 tf_w\">\n                        <div class=\"row_inner col_align_top tb_col_count_2 tf_box tf_rel\">\n                        <div  data-lazy=\"1\" class=\"module_column tb-column col4-2 tb_5gnl782 first\">\n                    <!-- module text -->\n<div  class=\"module module-text tb_ao1n121   \" data-lazy=\"1\">\n        <div  class=\"tb_text_wrap\">\n        <h2>Cinnidhean<\/h2>\n<div class='w3eden wpdm_packages_shortcode'>\n    <div class=''>\n\n        \n        <div id=\"content_wpdm_package_1\">\n            <div class='row'><div class='col-lg-12 col-md-6 col-6'> <a href=\"https:\/\/storlann.co.uk\/gaidhlig-alba\/download\/buaidh-ar-a-mach-45-air-siostam-nan-cinnidhean\/?wpdmdl=564&refresh=69e03284416721776300676\"><div class=\"gis-dl\">\n  <div class=\"gis-dl-link-cont\">Buaidh ar-a-mach \u201945 air siostam nan cinnidhean<div class=\"gis-file\"><i class=\"fa fa-file-download ml-3 color-yellow\"><\/i>\n            6835<\/div><\/div>\n<\/div><\/a>\n<\/div><div class='col-lg-12 col-md-6 col-6'> <a href=\"https:\/\/storlann.co.uk\/gaidhlig-alba\/download\/buaidh-reachdan-eilean-i-air-a-ghaidhlig-agus-air-cinnidhean-na-gaidhealtachd\/?wpdmdl=566&refresh=69e03284604961776300676\"><div class=\"gis-dl\">\n  <div class=\"gis-dl-link-cont\">Buaidh Reachdan Eilean \u00cc air a\u2019 Gh\u00e0idhlig agus air Cinnidhean na G\u00e0idhealtachd<div class=\"gis-file\"><i class=\"fa fa-file-download ml-3 color-yellow\"><\/i>\n            7769<\/div><\/div>\n<\/div><\/a>\n<\/div><div class='col-lg-12 col-md-6 col-6'> <a href=\"https:\/\/storlann.co.uk\/gaidhlig-alba\/download\/cinnidhean-agus-cairdeas\/?wpdmdl=568&refresh=69e0328479d641776300676\"><div class=\"gis-dl\">\n  <div class=\"gis-dl-link-cont\">Cinnidhean agus c\u00e0irdeas<div class=\"gis-file\"><i class=\"fa fa-file-download ml-3 color-yellow\"><\/i>\n            5708<\/div><\/div>\n<\/div><\/a>\n<\/div><div class='col-lg-12 col-md-6 col-6'> <a href=\"https:\/\/storlann.co.uk\/gaidhlig-alba\/download\/cinnidhean-na-h-alba\/?wpdmdl=570&refresh=69e032849d73d1776300676\"><div class=\"gis-dl\">\n  <div class=\"gis-dl-link-cont\">Cinnidhean na h-Alba<div class=\"gis-file\"><i class=\"fa fa-file-download ml-3 color-yellow\"><\/i>\n            5781<\/div><\/div>\n<\/div><\/a>\n<\/div><div class='col-lg-12 col-md-6 col-6'> <a href=\"https:\/\/storlann.co.uk\/gaidhlig-alba\/download\/daimh-agus-bacadh\/?wpdmdl=572&refresh=69e03284c39751776300676\"><div class=\"gis-dl\">\n  <div class=\"gis-dl-link-cont\">D\u00e0imh agus Bacadh<div class=\"gis-file\"><i class=\"fa fa-file-download ml-3 color-yellow\"><\/i>\n            5819<\/div><\/div>\n<\/div><\/a>\n<\/div><div class='col-lg-12 col-md-6 col-6'> <a href=\"https:\/\/storlann.co.uk\/gaidhlig-alba\/download\/murt\/?wpdmdl=574&refresh=69e03284e1e9d1776300676\"><div class=\"gis-dl\">\n  <div class=\"gis-dl-link-cont\">Murt<div class=\"gis-file\"><i class=\"fa fa-file-download ml-3 color-yellow\"><\/i>\n            5804<\/div><\/div>\n<\/div><\/a>\n<\/div><div class='col-lg-12 col-md-6 col-6'> <a href=\"https:\/\/storlann.co.uk\/gaidhlig-alba\/download\/sabaid-raitheil\/?wpdmdl=576&refresh=69e03285178771776300677\"><div class=\"gis-dl\">\n  <div class=\"gis-dl-link-cont\">Sabaid r\u00e0itheil<div class=\"gis-file\"><i class=\"fa fa-file-download ml-3 color-yellow\"><\/i>\n            6231<\/div><\/div>\n<\/div><\/a>\n<\/div><div class='col-lg-12 col-md-6 col-6'> <a href=\"https:\/\/storlann.co.uk\/gaidhlig-alba\/download\/siostam-a-chinnidh\/?wpdmdl=578&refresh=69e03285329f61776300677\"><div class=\"gis-dl\">\n  <div class=\"gis-dl-link-cont\">Siostam nan Cinnidhean<div class=\"gis-file\"><i class=\"fa fa-file-download ml-3 color-yellow\"><\/i>\n            5883<\/div><\/div>\n<\/div><\/a>\n<\/div><div class='col-lg-12 col-md-6 col-6'> <a href=\"https:\/\/storlann.co.uk\/gaidhlig-alba\/download\/siostam-nan-cinnidhean-agus-mar-a-chaidh-e-a-bith\/?wpdmdl=580&refresh=69e032854ccc91776300677\"><div class=\"gis-dl\">\n  <div class=\"gis-dl-link-cont\">Siostam nan cinnidhean agus mar a chaidh e \u00e0 bith<div class=\"gis-file\"><i class=\"fa fa-file-download ml-3 color-yellow\"><\/i>\n            6605<\/div><\/div>\n<\/div><\/a>\n<\/div><div class='col-lg-12 col-md-6 col-6'> <a href=\"https:\/\/storlann.co.uk\/gaidhlig-alba\/download\/stri\/?wpdmdl=582&refresh=69e03285785e81776300677\"><div class=\"gis-dl\">\n  <div class=\"gis-dl-link-cont\">Str\u00ec<div class=\"gis-file\"><i class=\"fa fa-file-download ml-3 color-yellow\"><\/i>\n            5808<\/div><\/div>\n<\/div><\/a>\n<\/div><\/div>            <div style='clear:both'><\/div><div class='text-center'><ul class='pagination wpdm-pagination pagination-centered text-center'><\/ul><\/div><div style='clear:both'><\/div>        <\/div>\n\n        <div style='clear:both'><\/div>\n    <\/div>\n<\/div>\n    <\/div>\n<\/div>\n<!-- \/module text -->        <\/div>\n                    <div  data-lazy=\"1\" class=\"module_column tb-column col4-2 tb_j01b587 last\">\n                    <!-- module image -->\n<div  class=\"module module-image tb_lafx488 image-center   tf_mw\" data-lazy=\"1\">\n        <div class=\"image-wrap tf_rel tf_mw\">\n            <img decoding=\"async\" width=\"600\" height=\"400\" data-src=\"https:\/\/b2204768.smushcdn.com\/2204768\/wp-content\/uploads\/2021\/03\/clans-livestock.jpg?lossy=1&strip=1&webp=1\" class=\"wp-post-image wp-image-650 lazyload\" title=\"clans-livestock\" alt=\"Highland croft\" data-srcset=\"https:\/\/b2204768.smushcdn.com\/2204768\/wp-content\/uploads\/2021\/03\/clans-livestock.jpg?lossy=1&strip=1&webp=1 600w, https:\/\/b2204768.smushcdn.com\/2204768\/wp-content\/uploads\/2021\/03\/clans-livestock-300x200.jpg?lossy=1&strip=1&webp=1 300w, https:\/\/b2204768.smushcdn.com\/2204768\/wp-content\/uploads\/2021\/03\/clans-livestock.jpg?size=233x155&lossy=1&strip=1&webp=1 233w, https:\/\/b2204768.smushcdn.com\/2204768\/wp-content\/uploads\/2021\/03\/clans-livestock.jpg?size=466x311&lossy=1&strip=1&webp=1 466w\" data-sizes=\"auto\" src=\"data:image\/svg+xml;base64,PHN2ZyB3aWR0aD0iMSIgaGVpZ2h0PSIxIiB4bWxucz0iaHR0cDovL3d3dy53My5vcmcvMjAwMC9zdmciPjwvc3ZnPg==\" style=\"--smush-placeholder-width: 600px; --smush-placeholder-aspect-ratio: 600\/400;\" data-original-sizes=\"(max-width: 600px) 100vw, 600px\" \/>    \n        <\/div>\n    <!-- \/image-wrap -->\n    \n        <\/div>\n<!-- \/module image --><!-- module image -->\n<div  class=\"module module-image tb_1an9978 image-center   tf_mw\" data-lazy=\"1\">\n        <div class=\"image-wrap tf_rel tf_mw\">\n            <img decoding=\"async\" width=\"625\" height=\"380\" data-src=\"https:\/\/b2204768.smushcdn.com\/2204768\/wp-content\/uploads\/2021\/06\/People-in-Highland-Dress.jpg?lossy=1&strip=1&webp=1\" class=\"wp-post-image wp-image-1607 lazyload\" title=\"People in Highland Dress\" alt=\"Illustration: Three people in Highland dress\" data-srcset=\"https:\/\/b2204768.smushcdn.com\/2204768\/wp-content\/uploads\/2021\/06\/People-in-Highland-Dress.jpg?lossy=1&strip=1&webp=1 625w, https:\/\/b2204768.smushcdn.com\/2204768\/wp-content\/uploads\/2021\/06\/People-in-Highland-Dress-300x182.jpg?lossy=1&strip=1&webp=1 300w, https:\/\/b2204768.smushcdn.com\/2204768\/wp-content\/uploads\/2021\/06\/People-in-Highland-Dress.jpg?size=233x142&lossy=1&strip=1&webp=1 233w, https:\/\/b2204768.smushcdn.com\/2204768\/wp-content\/uploads\/2021\/06\/People-in-Highland-Dress.jpg?size=466x283&lossy=1&strip=1&webp=1 466w\" data-sizes=\"auto\" src=\"data:image\/svg+xml;base64,PHN2ZyB3aWR0aD0iMSIgaGVpZ2h0PSIxIiB4bWxucz0iaHR0cDovL3d3dy53My5vcmcvMjAwMC9zdmciPjwvc3ZnPg==\" style=\"--smush-placeholder-width: 625px; --smush-placeholder-aspect-ratio: 625\/380;\" data-original-sizes=\"(max-width: 625px) 100vw, 625px\" \/>    \n        <\/div>\n    <!-- \/image-wrap -->\n    \n        <\/div>\n<!-- \/module image -->        <\/div>\n                        <\/div>\n        <\/div>\n        <\/div>\n<!--\/themify_builder_content-->","protected":false},"excerpt":{"rendered":"<p>Cinnidhean Siostam a\u2019 chinnidh Bha \u00f9ghdarras aig a\u2019 cheann-feadhna thairis air fearann a\u2019 chinnidh. Bhiodh e a\u2019 roinn an fhearainn agus a\u2019 toirt ph\u00ecosan dheth air mh\u00e0l do fhir-taca, a bha c\u00e0irdeach dha mar bu trice. B\u2019 e \u2018meadhan-chlas\u2019 a\u2019 chinnidh a bha anns na fir-taca. Bha iad an urra ri bhith a\u2019 ruith an [&hellip;]<\/p>\n","protected":false},"author":3,"featured_media":0,"parent":0,"menu_order":0,"comment_status":"closed","ping_status":"closed","template":"","meta":{"inline_featured_image":false,"footnotes":""},"class_list":["post-638","page","type-page","status-publish","hentry","has-post-title","has-post-date","has-post-category","has-post-tag","has-post-comment","has-post-author",""],"builder_content":"<h1>Cinnidhean<\/h1>\n<img src=\"https:\/\/storlann.co.uk\/gaidhlig-alba\/wp-content\/uploads\/2022\/03\/clans-of-gaelic-scotland-2022.jpg\" title=\"clans-of-gaelic-scotland\" alt=\"Clans of Scotland\" srcset=\"https:\/\/storlann.co.uk\/gaidhlig-alba\/wp-content\/uploads\/2022\/03\/clans-of-gaelic-scotland-2022.jpg 1000w, https:\/\/storlann.co.uk\/gaidhlig-alba\/wp-content\/uploads\/2022\/03\/clans-of-gaelic-scotland-2022-300x166.jpg 300w, https:\/\/storlann.co.uk\/gaidhlig-alba\/wp-content\/uploads\/2022\/03\/clans-of-gaelic-scotland-2022-768x425.jpg 768w\" sizes=\"(max-width: 1000px) 100vw, 1000px\" \/>\n<h2>Siostam a\u2019 chinnidh<\/h2>\n<p><strong>Bha \u00f9ghdarras aig a\u2019 cheann-feadhna thairis air fearann a\u2019 chinnidh.<\/strong><\/p> <p><strong>Bhiodh e a\u2019 roinn an fhearainn agus a\u2019 toirt ph\u00ecosan dheth air mh\u00e0l do fhir-taca, a bha c\u00e0irdeach dha mar bu trice.<\/strong><\/p> <p>B\u2019 e \u2018meadhan-chlas\u2019 a\u2019 chinnidh a bha anns na fir-taca.<\/p> <p>Bha iad an urra ri bhith a\u2019 ruith an fhearainn agus \u2019s iad a bha a\u2019 gairm nam fear-cinnidh nuair a bhathas gan iarraidh airson sabaid.<\/p> <p>Bha na fir-taca a\u2019 toirt fearann air mh\u00e0l do thuathanaich gabhaltais, agus bha iadsan a\u2019 toirt obair do choitearan.<\/p> <p>Bha na coitearan a\u2019 treabhadh, a\u2019 buain, a\u2019 buachailleachd a\u2019 chruidh agus a\u2019 buain m\u00f2nadh. Mar thuarastal bha iad a\u2019 faighinn p\u00ecos beag fearainn anns an cuireadh iad am biadh fh\u00e8in.<\/p> <p>An d\u00e8idh 1746 chaidh structar s\u00f2isealta siostam nan cinnidhean a bhriseadh, agus b\u2019 e d\u00e0imh eadar uachdaran<br \/>agus m\u00e0ladair a bh\u2019 ann an uair sin.<\/p>\n<img src=\"https:\/\/storlann.co.uk\/gaidhlig-alba\/wp-content\/uploads\/2021\/03\/clans-of-gaelic-scotland-2.jpg\" title=\"clans-of-gaelic-scotland-2\" alt=\"Illustration - Family, Scotland\" srcset=\"https:\/\/storlann.co.uk\/gaidhlig-alba\/wp-content\/uploads\/2021\/03\/clans-of-gaelic-scotland-2.jpg 1000w, https:\/\/storlann.co.uk\/gaidhlig-alba\/wp-content\/uploads\/2021\/03\/clans-of-gaelic-scotland-2-300x148.jpg 300w, https:\/\/storlann.co.uk\/gaidhlig-alba\/wp-content\/uploads\/2021\/03\/clans-of-gaelic-scotland-2-768x379.jpg 768w\" sizes=\"(max-width: 1000px) 100vw, 1000px\" \/>\n<h2>Cinnidhean agus c\u00e0irdeas<\/h2> <p><strong>Bha cinnidhean air an ainmeachadh mar a\u2019 chlann aig ceann-cinnidh no ceann-feadhna.<\/strong><\/p> <p><strong>Mar eisimpleir, Clann MhicAoidh, Clann MhicFhionghain, Clann \u2019Ic a\u2019 Ph\u00ec.<\/strong><\/p> <p><strong>Bha an ceann-feadhna a\u2019 coimhead air muinntir a\u2019 chinnidh mar \u2018theaghlach\u2019.<\/strong><\/p> <p>B\u2019 e a dhleastanas an d\u00econ, gu h-\u00e0raidh ann an cruadal agus gort. Bha na fir-chinnidh an-c\u00f2mhnaidh umhail don cheann-cinnidh.<\/p> <p>Bha iad nan arm pr\u00ecobhaideach aige.<\/p> <p>Chaidh Calum a\u2019 Chinn Mh\u00f2ir na R\u00ecgh ann an 1058 an d\u00e8idh dha MhacBheatha a mharbhadh.<\/p> <p>An uair sin, th\u00f2isich siostam chinnidhean a\u2019 nochdadh.<\/p> <p>Bha d\u00e0 dh\u00f2igh-beatha aig na fir-cinnidh.<\/p> <p>Bha iad nan tuathanaich airson p\u00e0irt dhen bhliadhna a\u2019 cur ph\u00f2ran agus a\u2019 cumail crodh.<\/p> <p>As t-samhradh b\u2019 e saighdearan a bha annta a\u2019 leantainn a\u2019 chinn-feadhna dhan chath.<\/p> <p>Bha goid-chruidh mar ph\u00e0irt den d\u00f2igh-beatha.<\/p> <p>Bha dualchas, onair, d\u00eclseachd agus dleastanas a\u2019 chinnidh l\u00e0idir.<\/p>\n<h2>Cinnidhean<\/h2> <p>[wpdm_category id=\"cinnidhean\" cols=\"1\" toolbar=0 item_per_page=\"20\" template=\"gis_download_1\" orderby=\"title\" order=\"asc\"]<\/p>\n<img src=\"https:\/\/storlann.co.uk\/gaidhlig-alba\/wp-content\/uploads\/2021\/03\/clans-livestock.jpg\" title=\"clans-livestock\" alt=\"Highland croft\" srcset=\"https:\/\/storlann.co.uk\/gaidhlig-alba\/wp-content\/uploads\/2021\/03\/clans-livestock.jpg 600w, https:\/\/storlann.co.uk\/gaidhlig-alba\/wp-content\/uploads\/2021\/03\/clans-livestock-300x200.jpg 300w\" sizes=\"(max-width: 600px) 100vw, 600px\" \/>\n<img src=\"https:\/\/storlann.co.uk\/gaidhlig-alba\/wp-content\/uploads\/2021\/06\/People-in-Highland-Dress.jpg\" title=\"People in Highland Dress\" alt=\"Illustration: Three people in Highland dress\" srcset=\"https:\/\/storlann.co.uk\/gaidhlig-alba\/wp-content\/uploads\/2021\/06\/People-in-Highland-Dress.jpg 625w, https:\/\/storlann.co.uk\/gaidhlig-alba\/wp-content\/uploads\/2021\/06\/People-in-Highland-Dress-300x182.jpg 300w\" sizes=\"(max-width: 625px) 100vw, 625px\" \/>","_links":{"self":[{"href":"https:\/\/storlann.co.uk\/gaidhlig-alba\/wp-json\/wp\/v2\/pages\/638","targetHints":{"allow":["GET"]}}],"collection":[{"href":"https:\/\/storlann.co.uk\/gaidhlig-alba\/wp-json\/wp\/v2\/pages"}],"about":[{"href":"https:\/\/storlann.co.uk\/gaidhlig-alba\/wp-json\/wp\/v2\/types\/page"}],"author":[{"embeddable":true,"href":"https:\/\/storlann.co.uk\/gaidhlig-alba\/wp-json\/wp\/v2\/users\/3"}],"replies":[{"embeddable":true,"href":"https:\/\/storlann.co.uk\/gaidhlig-alba\/wp-json\/wp\/v2\/comments?post=638"}],"version-history":[{"count":0,"href":"https:\/\/storlann.co.uk\/gaidhlig-alba\/wp-json\/wp\/v2\/pages\/638\/revisions"}],"wp:attachment":[{"href":"https:\/\/storlann.co.uk\/gaidhlig-alba\/wp-json\/wp\/v2\/media?parent=638"}],"curies":[{"name":"wp","href":"https:\/\/api.w.org\/{rel}","templated":true}]}}