{"id":625,"date":"2021-03-03T16:00:02","date_gmt":"2021-03-03T16:00:02","guid":{"rendered":"https:\/\/storlann.co.uk\/gaidhlig-alba\/?page_id=625"},"modified":"2022-02-24T14:06:54","modified_gmt":"2022-02-24T14:06:54","slug":"an-cunntas-sluaigh","status":"publish","type":"page","link":"https:\/\/storlann.co.uk\/gaidhlig-alba\/an-cunntas-sluaigh\/","title":{"rendered":"An Cunntas-sluaigh"},"content":{"rendered":"<!--themify_builder_content-->\n<div id=\"themify_builder_content-625\" data-postid=\"625\" class=\"themify_builder_content themify_builder_content-625 themify_builder tf_clear\">\n                    <div  data-lazy=\"1\" class=\"module_row themify_builder_row tb_xizp602 tb_first tf_w\">\n                        <div class=\"row_inner col_align_top tb_col_count_1 tf_box tf_rel\">\n                        <div  data-lazy=\"1\" class=\"module_column tb-column col-full tb_v60m604 first\">\n                    <!-- module text -->\n<div  class=\"module module-text tb_0qoe604   \" data-lazy=\"1\">\n        <div  class=\"tb_text_wrap\">\n        <h1>An Cunntas-sluaigh<\/h1>    <\/div>\n<\/div>\n<!-- \/module text -->        <\/div>\n                        <\/div>\n        <\/div>\n                        <div  data-lazy=\"1\" class=\"module_row themify_builder_row tb_dhds14 tf_w\">\n                        <div class=\"row_inner col_align_top tb_col_count_1 tf_box tf_rel\">\n                        <div  data-lazy=\"1\" class=\"module_column tb-column col-full tb_uaqr15 first\">\n                    <!-- module image -->\n<div  class=\"module module-image tb_ugsv872 image-center   tf_mw\" data-lazy=\"1\">\n        <div class=\"image-wrap tf_rel tf_mw\">\n            <img decoding=\"async\" width=\"900\" height=\"546\" data-src=\"https:\/\/b2204768.smushcdn.com\/2204768\/wp-content\/uploads\/2021\/03\/scotland-census-gaelic.jpg?lossy=1&strip=1&webp=1\" class=\"wp-post-image wp-image-633 lazyload\" title=\"scotland-census-gaelic\" alt=\"People participating in census\" data-srcset=\"https:\/\/b2204768.smushcdn.com\/2204768\/wp-content\/uploads\/2021\/03\/scotland-census-gaelic.jpg?lossy=1&strip=1&webp=1 900w, https:\/\/b2204768.smushcdn.com\/2204768\/wp-content\/uploads\/2021\/03\/scotland-census-gaelic-300x182.jpg?lossy=1&strip=1&webp=1 300w, https:\/\/b2204768.smushcdn.com\/2204768\/wp-content\/uploads\/2021\/03\/scotland-census-gaelic-768x466.jpg?lossy=1&strip=1&webp=1 768w, https:\/\/b2204768.smushcdn.com\/2204768\/wp-content\/uploads\/2021\/03\/scotland-census-gaelic.jpg?size=233x141&lossy=1&strip=1&webp=1 233w, https:\/\/b2204768.smushcdn.com\/2204768\/wp-content\/uploads\/2021\/03\/scotland-census-gaelic.jpg?size=466x283&lossy=1&strip=1&webp=1 466w, https:\/\/b2204768.smushcdn.com\/2204768\/wp-content\/uploads\/2021\/03\/scotland-census-gaelic.jpg?size=699x424&lossy=1&strip=1&webp=1 699w\" data-sizes=\"auto\" src=\"data:image\/svg+xml;base64,PHN2ZyB3aWR0aD0iMSIgaGVpZ2h0PSIxIiB4bWxucz0iaHR0cDovL3d3dy53My5vcmcvMjAwMC9zdmciPjwvc3ZnPg==\" style=\"--smush-placeholder-width: 900px; --smush-placeholder-aspect-ratio: 900\/546;\" data-original-sizes=\"(max-width: 900px) 100vw, 900px\" \/>    \n        <\/div>\n    <!-- \/image-wrap -->\n    \n        <\/div>\n<!-- \/module image -->        <\/div>\n                        <\/div>\n        <\/div>\n                        <div  data-css_id=\"l0d8788\" data-lazy=\"1\" class=\"module_row themify_builder_row fullwidth_row_container tb_l0d8788 tf_w\">\n                        <div class=\"row_inner col_align_top tb_col_count_2 tf_box tf_rel\">\n                        <div  data-lazy=\"1\" class=\"module_column tb-column col4-3 tb_0p5k789 first\">\n                    <!-- module text -->\n<div  class=\"module module-text tb_x9o3790  repeat \" data-lazy=\"1\">\n        <div  class=\"tb_text_wrap\">\n        <h2>D\u00e8 th\u2019 anns a\u2019 chunntas-sluaigh?<\/h2>\n<p>\u2019S e an cunntas-sluaigh cunntas air gach neach agus gach dachaigh san RA. \u2019S e an cunntas-sluaigh an st\u00f2r fiosrachaidh as iomlaine a th\u2019 againn mun t-sluagh. Chaidh an cunntas-sluaigh mu dheireadh san RA a chumail Did\u00f2mhnaich 27 am M\u00e0rt 2011.<\/p>    <\/div>\n<\/div>\n<!-- \/module text --><!-- module text -->\n<div  class=\"module module-text tb_b4sv349  repeat \" data-lazy=\"1\">\n        <div  class=\"tb_text_wrap\">\n        <h2>D\u00e8 cho tric \u2019s a bhios an cunntas-sluaigh air a chumail?<\/h2>\n<p>Tha cunntas-sluaigh ann gach 10 bliadhna.<\/p>    <\/div>\n<\/div>\n<!-- \/module text --><!-- module text -->\n<div  class=\"module module-text tb_xv66518  repeat \" data-lazy=\"1\">\n        <div  class=\"tb_text_wrap\">\n        <h2>Cuin a bha a\u2019 chiad chunntas-sluaigh?<\/h2>\n<p>Bha a\u2019 chiad chunntas-sluaigh ann an 1801.<\/p>    <\/div>\n<\/div>\n<!-- \/module text --><!-- module text -->\n<div  class=\"module module-text tb_7jhw921  repeat \" data-lazy=\"1\">\n        <div  class=\"tb_text_wrap\">\n        <h2>Ciamar a tha d\u00e0ta bhon chunntas-sluaigh air a chleachdadh?<\/h2>\n<p>Tha d\u00e0ta bhon chunntas-sluaigh a\u2019 toirt fiosrachadh mionaideach dhuinn air Alba agus air an t-sluagh.<\/p>\n<p>Tha na freagairtean bhon chunntas-sluaigh air an cleachdadh gus d\u00e0ta agus staitistigs gun ainm a chruinneachadh a tha cudromach a thaobh planadh airson Alba san \u00e0m ri teachd.<\/p>\n<p>Leis an fhiosrachadh bhon chunntas-sluaigh faodaidh an riaghaltas n\u00e0iseanta agus ionadail, \u00f9ghdarrasan sl\u00e0inte agus iomadh buidheann eile na goireasan aca a chur gu feum ann an d\u00f2igh nas \u00e8ifeachdaiche, agus planaichean a chur ri ch\u00e8ile airson taigheadas, foghlam, seirbheisean sl\u00e0inte agus c\u00f2mhdhail, airson nam bliadhnaichean ri teachd.<\/p>\n<p>Tha tuairmsean air \u00e0ireamhan-sluaigh, profaidhlean sg\u00ecrean agus mapadhd\u00e0ta mionaideach uile a\u2019 d\u00e8anamh feum den d\u00e0ta bhon chunntas-sluaigh nuair a tha co-dh\u00f9nadh ga dh\u00e8anamh air ciamar agus c\u00e0it am bu ch\u00f2ir na billeanan notaichean de mhaoineachadh a chur an s\u00e0s.<\/p>    <\/div>\n<\/div>\n<!-- \/module text --><!-- module text -->\n<div  class=\"module module-text tb_m03k274  repeat \" data-lazy=\"1\">\n        <div  class=\"tb_text_wrap\">\n        <h2>D\u00e0ta a\u2019 chunntais-sluaigh na chl\u00e0r eachdraidheil<\/h2>\n<p>Tha toraidhean nan cunntasan-sluaigh a\u2019 toirt dhuinn cunntas maireannach air sluagh na h-Alba airson ghinealaichean ri thighinn.<\/p>    <\/div>\n<\/div>\n<!-- \/module text --><!-- module text -->\n<div  class=\"module module-text tb_cipp148  repeat \" data-lazy=\"1\">\n        <div  class=\"tb_text_wrap\">\n        <h2>C\u00f2 air a bheil an t-uallach airson an cunntas-sluaigh a chur air d\u00f2igh agus a dh\u00e8anamh?<\/h2>\n<p>Ann an Alba, bidh an cunntas-sluaigh air a chur air d\u00f2igh agus air a dh\u00e8anamh le Cl\u00e0ran N\u00e0iseanta na h-Alba<\/p>\n    <\/div>\n<\/div>\n<!-- \/module text -->        <\/div>\n                    <div  data-lazy=\"1\" class=\"module_column tb-column col4-1 tb_7pcv790 last\">\n                            <\/div>\n                        <\/div>\n        <\/div>\n                        <div  data-lazy=\"1\" class=\"module_row themify_builder_row tb_352f348 tf_w\">\n                        <div class=\"row_inner col_align_top tb_col_count_2 tf_box tf_rel\">\n                        <div  data-lazy=\"1\" class=\"module_column tb-column col4-3 tb_x6a2349 first\">\n                    <!-- module text -->\n<div  class=\"module module-text tb_kptx668   \" data-lazy=\"1\">\n        <div  class=\"tb_text_wrap\">\n        <h2>Bidh an ath chunntas-sluaigh ann an 2022.<\/h2>    <\/div>\n<\/div>\n<!-- \/module text -->        <\/div>\n                    <div  data-lazy=\"1\" class=\"module_column tb-column col4-1 tb_s13n350 last\">\n                            <\/div>\n                        <\/div>\n        <\/div>\n                        <div  data-lazy=\"1\" class=\"module_row themify_builder_row tb_ez0c437 tf_w\">\n                        <div class=\"row_inner col_align_top tb_col_count_2 tf_box tf_rel\">\n                        <div  data-lazy=\"1\" class=\"module_column tb-column col4-2 tb_8wqx439 first\">\n                    <!-- module text -->\n<div  class=\"module module-text tb_590z873   \" data-lazy=\"1\">\n        <div  class=\"tb_text_wrap\">\n        <h2>Luchdachaidhean a-nuas<\/h2>\n<div class='w3eden wpdm_packages_shortcode'>\n    <div class=''>\n\n        \n        <div id=\"content_wpdm_package_1\">\n            <div class='row'><div class='col-lg-12 col-md-6 col-6'> <a href=\"https:\/\/storlann.co.uk\/gaidhlig-alba\/download\/an-cunntas-sluaigh\/?wpdmdl=553&refresh=69e0328e432081776300686\"><div class=\"gis-dl\">\n  <div class=\"gis-dl-link-cont\">An Cunntas-sluaigh<div class=\"gis-file\"><i class=\"fa fa-file-download ml-3 color-yellow\"><\/i>\n            5219<\/div><\/div>\n<\/div><\/a>\n<\/div><div class='col-lg-12 col-md-6 col-6'> <a href=\"https:\/\/storlann.co.uk\/gaidhlig-alba\/download\/cunntas-sluaigh-na-h-alba-2011\/?wpdmdl=555&refresh=69e0328e66dbf1776300686\"><div class=\"gis-dl\">\n  <div class=\"gis-dl-link-cont\">Comasan C\u00e0nain sa Gh\u00e0idhlig 2011<div class=\"gis-file\"><i class=\"fa fa-file-download ml-3 color-yellow\"><\/i>\n            5011<\/div><\/div>\n<\/div><\/a>\n<\/div><div class='col-lg-12 col-md-6 col-6'> <a href=\"https:\/\/storlann.co.uk\/gaidhlig-alba\/download\/data-cunntas-sluaigh-2011\/?wpdmdl=557&refresh=69e0328e74e481776300686\"><div class=\"gis-dl\">\n  <div class=\"gis-dl-link-cont\">D\u00e0ta Cunntas-sluaigh 2011<div class=\"gis-file\"><i class=\"fa fa-file-download ml-3 color-yellow\"><\/i>\n            5135<\/div><\/div>\n<\/div><\/a>\n<\/div><div class='col-lg-12 col-md-6 col-6'> <a href=\"https:\/\/storlann.co.uk\/gaidhlig-alba\/download\/sgaoileadh-luchd-labhairt-na-gaidhlig-ann-an-alba\/?wpdmdl=559&refresh=69e0328e834601776300686\"><div class=\"gis-dl\">\n  <div class=\"gis-dl-link-cont\">Sgaoileadh Luchd-labhairt na G\u00e0idhlig ann an Alba<div class=\"gis-file\"><i class=\"fa fa-file-download ml-3 color-yellow\"><\/i>\n            6114<\/div><\/div>\n<\/div><\/a>\n<\/div><div class='col-lg-12 col-md-6 col-6'> <a href=\"https:\/\/storlann.co.uk\/gaidhlig-alba\/download\/sgaoileadh-nan-cananan-gaidhlig\/?wpdmdl=561&refresh=69e0328e925231776300686\"><div class=\"gis-dl\">\n  <div class=\"gis-dl-link-cont\">Sgaoileadh nan C\u00e0nanan G\u00e0idhlig<div class=\"gis-file\"><i class=\"fa fa-file-download ml-3 color-yellow\"><\/i>\n            5203<\/div><\/div>\n<\/div><\/a>\n<\/div><\/div>            <div style='clear:both'><\/div><div class='text-center'><ul class='pagination wpdm-pagination pagination-centered text-center'><\/ul><\/div><div style='clear:both'><\/div>        <\/div>\n\n        <div style='clear:both'><\/div>\n    <\/div>\n<\/div>\n    <\/div>\n<\/div>\n<!-- \/module text -->        <\/div>\n                    <div  data-lazy=\"1\" class=\"module_column tb-column col4-2 tb_jj3n793 last\">\n                            <\/div>\n                        <\/div>\n        <\/div>\n        <\/div>\n<!--\/themify_builder_content-->","protected":false},"excerpt":{"rendered":"<p>An Cunntas-sluaigh<\/p>\n","protected":false},"author":3,"featured_media":0,"parent":0,"menu_order":0,"comment_status":"closed","ping_status":"closed","template":"","meta":{"inline_featured_image":false,"footnotes":""},"class_list":["post-625","page","type-page","status-publish","hentry","has-post-title","has-post-date","has-post-category","has-post-tag","has-post-comment","has-post-author",""],"builder_content":"<h1>An Cunntas-sluaigh<\/h1>\n<img src=\"https:\/\/storlann.co.uk\/gaidhlig-alba\/wp-content\/uploads\/2021\/03\/scotland-census-gaelic.jpg\" title=\"scotland-census-gaelic\" alt=\"People participating in census\" srcset=\"https:\/\/storlann.co.uk\/gaidhlig-alba\/wp-content\/uploads\/2021\/03\/scotland-census-gaelic.jpg 900w, https:\/\/storlann.co.uk\/gaidhlig-alba\/wp-content\/uploads\/2021\/03\/scotland-census-gaelic-300x182.jpg 300w, https:\/\/storlann.co.uk\/gaidhlig-alba\/wp-content\/uploads\/2021\/03\/scotland-census-gaelic-768x466.jpg 768w\" sizes=\"(max-width: 900px) 100vw, 900px\" \/>\n<h2>D\u00e8 th\u2019 anns a\u2019 chunntas-sluaigh?<\/h2> <p>\u2019S e an cunntas-sluaigh cunntas air gach neach agus gach dachaigh san RA. \u2019S e an cunntas-sluaigh an st\u00f2r fiosrachaidh as iomlaine a th\u2019 againn mun t-sluagh. Chaidh an cunntas-sluaigh mu dheireadh san RA a chumail Did\u00f2mhnaich 27 am M\u00e0rt 2011.<\/p>\n<h2>D\u00e8 cho tric \u2019s a bhios an cunntas-sluaigh air a chumail?<\/h2> <p>Tha cunntas-sluaigh ann gach 10 bliadhna.<\/p>\n<h2>Cuin a bha a\u2019 chiad chunntas-sluaigh?<\/h2> <p>Bha a\u2019 chiad chunntas-sluaigh ann an 1801.<\/p>\n<h2>Ciamar a tha d\u00e0ta bhon chunntas-sluaigh air a chleachdadh?<\/h2> <p>Tha d\u00e0ta bhon chunntas-sluaigh a\u2019 toirt fiosrachadh mionaideach dhuinn air Alba agus air an t-sluagh.<\/p> <p>Tha na freagairtean bhon chunntas-sluaigh air an cleachdadh gus d\u00e0ta agus staitistigs gun ainm a chruinneachadh a tha cudromach a thaobh planadh airson Alba san \u00e0m ri teachd.<\/p> <p>Leis an fhiosrachadh bhon chunntas-sluaigh faodaidh an riaghaltas n\u00e0iseanta agus ionadail, \u00f9ghdarrasan sl\u00e0inte agus iomadh buidheann eile na goireasan aca a chur gu feum ann an d\u00f2igh nas \u00e8ifeachdaiche, agus planaichean a chur ri ch\u00e8ile airson taigheadas, foghlam, seirbheisean sl\u00e0inte agus c\u00f2mhdhail, airson nam bliadhnaichean ri teachd.<\/p> <p>Tha tuairmsean air \u00e0ireamhan-sluaigh, profaidhlean sg\u00ecrean agus mapadhd\u00e0ta mionaideach uile a\u2019 d\u00e8anamh feum den d\u00e0ta bhon chunntas-sluaigh nuair a tha co-dh\u00f9nadh ga dh\u00e8anamh air ciamar agus c\u00e0it am bu ch\u00f2ir na billeanan notaichean de mhaoineachadh a chur an s\u00e0s.<\/p>\n<h2>D\u00e0ta a\u2019 chunntais-sluaigh na chl\u00e0r eachdraidheil<\/h2> <p>Tha toraidhean nan cunntasan-sluaigh a\u2019 toirt dhuinn cunntas maireannach air sluagh na h-Alba airson ghinealaichean ri thighinn.<\/p>\n<h2>C\u00f2 air a bheil an t-uallach airson an cunntas-sluaigh a chur air d\u00f2igh agus a dh\u00e8anamh?<\/h2> <p>Ann an Alba, bidh an cunntas-sluaigh air a chur air d\u00f2igh agus air a dh\u00e8anamh le Cl\u00e0ran N\u00e0iseanta na h-Alba<\/p>\n<h2>Bidh an ath chunntas-sluaigh ann an 2022.<\/h2>\n<h2>Luchdachaidhean a-nuas<\/h2> <p>[wpdm_category id=\"an-cunntas-sluaigh,\" cols=\"1\" toolbar=0 item_per_page=10 template=\"gis_download_1\" orderby=\"title\" order=\"asc\"]<\/p>","_links":{"self":[{"href":"https:\/\/storlann.co.uk\/gaidhlig-alba\/wp-json\/wp\/v2\/pages\/625","targetHints":{"allow":["GET"]}}],"collection":[{"href":"https:\/\/storlann.co.uk\/gaidhlig-alba\/wp-json\/wp\/v2\/pages"}],"about":[{"href":"https:\/\/storlann.co.uk\/gaidhlig-alba\/wp-json\/wp\/v2\/types\/page"}],"author":[{"embeddable":true,"href":"https:\/\/storlann.co.uk\/gaidhlig-alba\/wp-json\/wp\/v2\/users\/3"}],"replies":[{"embeddable":true,"href":"https:\/\/storlann.co.uk\/gaidhlig-alba\/wp-json\/wp\/v2\/comments?post=625"}],"version-history":[{"count":0,"href":"https:\/\/storlann.co.uk\/gaidhlig-alba\/wp-json\/wp\/v2\/pages\/625\/revisions"}],"wp:attachment":[{"href":"https:\/\/storlann.co.uk\/gaidhlig-alba\/wp-json\/wp\/v2\/media?parent=625"}],"curies":[{"name":"wp","href":"https:\/\/api.w.org\/{rel}","templated":true}]}}