{"id":509,"date":"2021-03-02T12:34:08","date_gmt":"2021-03-02T12:34:08","guid":{"rendered":"https:\/\/storlann.co.uk\/gaidhlig-alba\/leabhar-dheir-copy\/"},"modified":"2022-03-04T12:09:42","modified_gmt":"2022-03-04T12:09:42","slug":"na-fuadaichean","status":"publish","type":"page","link":"https:\/\/storlann.co.uk\/gaidhlig-alba\/na-fuadaichean\/","title":{"rendered":"Na Fuadaichean"},"content":{"rendered":"<!--themify_builder_content-->\n<div id=\"themify_builder_content-509\" data-postid=\"509\" class=\"themify_builder_content themify_builder_content-509 themify_builder tf_clear\">\n                    <div  data-lazy=\"1\" class=\"module_row themify_builder_row tb_e4kq147 tb_first tf_w\">\n                        <div class=\"row_inner col_align_top tb_col_count_1 tf_box tf_rel\">\n                        <div  data-lazy=\"1\" class=\"module_column tb-column col-full tb_uqgi301 first\">\n                    <!-- module text -->\n<div  class=\"module module-text tb_qkn5077   \" data-lazy=\"1\">\n        <div  class=\"tb_text_wrap\">\n        <h1>Na Fuadaichean<\/h1>    <\/div>\n<\/div>\n<!-- \/module text -->        <\/div>\n                        <\/div>\n        <\/div>\n                        <div  data-lazy=\"1\" class=\"module_row themify_builder_row tb_jtmo414 tf_w\">\n                        <div class=\"row_inner col_align_top tb_col_count_2 tf_box tf_rel\">\n                        <div  data-lazy=\"1\" class=\"module_column tb-column col4-2 tb_uejz344 first\">\n                    <!-- module text -->\n<div  class=\"module module-text tb_f8cj771   tb_text_dropcap\" data-lazy=\"1\">\n        <div  class=\"tb_text_wrap\">\n        <p><strong>Th\u00f2isich na Fuadaichean ann an Srath <\/strong><strong>R\u00f9sdail, Siorrachd Rois, ann an 1792.<\/strong><\/p>\n<p><strong>Ri linn nam Fuadaichean bha <\/strong><strong>a\u2019 Gh\u00e0idhealtachd cho gann de shluagh <\/strong><strong>ri sg\u00ecre san Roinn E\u00f2rpa.<\/strong><\/p>\n<p><strong>Tha cuid a\u2019 faicinn nam Fuadaichean mar shanntachd agus tr\u00e8igsinn, mar oidhirp leis na h-uachdarain am beairteas fh\u00e8in a chaomhnadh le bhith a\u2019 tr\u00e8igsinn nan daoine.<\/strong><\/p>\n<p><strong>Ach, mar as trice, tha na Fuadaichean gam faicinn mar rud a thachair ann an grunnan cheumannan.<\/strong><\/p>\n<p>Bha an d\u00f2igh agus an suidheachadh eadar-dhealaichte, a r\u00e8ir cuin a thachair e, c\u00e0it an do thachair e agus c\u00f2 bha na l\u00f9ib.<\/p>\n<p>Aig aon \u00e0m, bho 1846-1856, th\u00e0inig gaiseadh air a\u2019 bhunt\u00e0ta agus dh\u2019fhalbh m\u00f2ran de na G\u00e0idheil gu Galltachd na h-Alba (far an robh obair ri fhaighinn ann am factaraidhean) gu Canada, na St\u00e0itean Aonaichte no Astr\u00e0ilia.<\/p>\n<p>Cha b\u2019 e a-mh\u00e0in gun do dh\u2019adhbharaich na Fuadaichean call sluaigh, ach dh\u2019atharraich iad cultar G\u00e0idhealtachd na h-Alba.<\/p>\n<p>Chaidh cur \u00e0s do na cinnidhean G\u00e0idhealach, don d\u00f2igh-beatha aca, do bheul-aithris, do dh\u00e0imhean agus do dhachaighean.<\/p>\n<p>Bha fi\u00f9 \u2019s a\u2019 Gh\u00e0idhlig ann an cunnart, leis gun robh siostam foghlaim na st\u00e0ite a\u2019 teagasg Beurla seach c\u00e0nan an t-sluaigh.<\/p>\n    <\/div>\n<\/div>\n<!-- \/module text --><!-- module image -->\n<div  class=\"module module-image tb_qapm255 image-center   tf_mw\" data-lazy=\"1\">\n        <div class=\"image-wrap tf_rel tf_mw\">\n            <img decoding=\"async\" width=\"217\" height=\"270\" data-src=\"https:\/\/b2204768.smushcdn.com\/2204768\/wp-content\/uploads\/2021\/06\/Gaelic-in-Scotland-English.jpg?lossy=1&strip=1&webp=1\" class=\"wp-post-image wp-image-1648 lazyload\" title=\"Gaelic-in-Scotland-English\" alt=\"Forced useage of English\" data-sizes=\"(max-width: 217px) 100vw, 217px\" src=\"data:image\/svg+xml;base64,PHN2ZyB3aWR0aD0iMSIgaGVpZ2h0PSIxIiB4bWxucz0iaHR0cDovL3d3dy53My5vcmcvMjAwMC9zdmciPjwvc3ZnPg==\" style=\"--smush-placeholder-width: 217px; --smush-placeholder-aspect-ratio: 217\/270;\">    \n        <\/div>\n    <!-- \/image-wrap -->\n    \n        <\/div>\n<!-- \/module image -->        <\/div>\n                    <div  data-lazy=\"1\" class=\"module_column tb-column col4-2 tb_2fo9704 last\">\n                    <!-- module image -->\n<div  class=\"module module-image tb_t4qd882 image-center   tf_mw\" data-lazy=\"1\">\n        <div class=\"image-wrap tf_rel tf_mw\">\n            <img decoding=\"async\" data-src=\"https:\/\/b2204768.smushcdn.com\/2204768\/wp-content\/uploads\/2021\/06\/rossshire-sutherland-363x600.jpg?lossy=1&strip=1&webp=1\" width=\"363\" height=\"600\" class=\"wp-post-image wp-image-1638 lazyload\" title=\"rossshire-sutherland\" alt=\"Ross-shaire and Caithness map\" data-srcset=\"https:\/\/b2204768.smushcdn.com\/2204768\/wp-content\/uploads\/2021\/06\/rossshire-sutherland-363x600.jpg?lossy=1&amp;strip=1&amp;webp=1 363w, https:\/\/b2204768.smushcdn.com\/2204768\/wp-content\/uploads\/2021\/06\/rossshire-sutherland-363x600.jpg?size=233x385&amp;lossy=1&amp;strip=1&amp;webp=1 233w\" data-sizes=\"auto\" src=\"data:image\/svg+xml;base64,PHN2ZyB3aWR0aD0iMSIgaGVpZ2h0PSIxIiB4bWxucz0iaHR0cDovL3d3dy53My5vcmcvMjAwMC9zdmciPjwvc3ZnPg==\" style=\"--smush-placeholder-width: 363px; --smush-placeholder-aspect-ratio: 363\/600;\" data-original-sizes=\"(max-width: 363px) 100vw, 363px\">    \n        <\/div>\n    <!-- \/image-wrap -->\n    \n        <\/div>\n<!-- \/module image --><!-- module image -->\n<div  class=\"module module-image tb_zgem712 image-center   tf_mw\" data-lazy=\"1\">\n        <div class=\"image-wrap tf_rel tf_mw\">\n                \n        <\/div>\n    <!-- \/image-wrap -->\n    \n        <\/div>\n<!-- \/module image --><!-- module image -->\n<div  class=\"module module-image tb_0wrm124 image-center drop-shadow bordered  tf_mw\" data-lazy=\"1\">\n        <div class=\"image-wrap tf_rel tf_mw\">\n            <img decoding=\"async\" width=\"500\" height=\"352\" data-src=\"https:\/\/b2204768.smushcdn.com\/2204768\/wp-content\/uploads\/2021\/03\/Gaelic-in-Scotland-clearances-caithness.jpg?lossy=1&strip=1&webp=1\" class=\"wp-post-image wp-image-517 lazyload\" title=\"Gaelic-in-Scotland-clearances-caithness\" alt=\"Clearances\" data-srcset=\"https:\/\/b2204768.smushcdn.com\/2204768\/wp-content\/uploads\/2021\/03\/Gaelic-in-Scotland-clearances-caithness.jpg?lossy=1&strip=1&webp=1 500w, https:\/\/b2204768.smushcdn.com\/2204768\/wp-content\/uploads\/2021\/03\/Gaelic-in-Scotland-clearances-caithness-300x211.jpg?lossy=1&strip=1&webp=1 300w, https:\/\/b2204768.smushcdn.com\/2204768\/wp-content\/uploads\/2021\/03\/Gaelic-in-Scotland-clearances-caithness.jpg?size=233x164&lossy=1&strip=1&webp=1 233w\" data-sizes=\"auto\" src=\"data:image\/svg+xml;base64,PHN2ZyB3aWR0aD0iMSIgaGVpZ2h0PSIxIiB4bWxucz0iaHR0cDovL3d3dy53My5vcmcvMjAwMC9zdmciPjwvc3ZnPg==\" style=\"--smush-placeholder-width: 500px; --smush-placeholder-aspect-ratio: 500\/352;\" data-original-sizes=\"(max-width: 500px) 100vw, 500px\" \/>    \n        <\/div>\n    <!-- \/image-wrap -->\n    \n        <\/div>\n<!-- \/module image -->        <\/div>\n                        <\/div>\n        <\/div>\n                        <div  data-lazy=\"1\" class=\"module_row themify_builder_row tb_uno1061 tf_w\">\n                        <div class=\"row_inner col_align_top tb_col_count_2 tf_box tf_rel\">\n                        <div  data-lazy=\"1\" class=\"module_column tb-column col4-2 tb_3qqz474 first\">\n                    <!-- module image -->\n<div  class=\"module module-image tb_w8bj550 image-top   tf_mw\" data-lazy=\"1\">\n        <div class=\"image-wrap tf_rel tf_mw\">\n            <img decoding=\"async\" width=\"500\" height=\"343\" data-src=\"https:\/\/b2204768.smushcdn.com\/2204768\/wp-content\/uploads\/2021\/06\/Gaelic-in-Scotland-Highland-Clearances33.jpg?lossy=1&strip=1&webp=1\" class=\"wp-post-image wp-image-1640 lazyload\" title=\"Gaelic-in-Scotland-Highland-Clearances33\" alt=\"Highland Clearances\" data-srcset=\"https:\/\/b2204768.smushcdn.com\/2204768\/wp-content\/uploads\/2021\/06\/Gaelic-in-Scotland-Highland-Clearances33.jpg?lossy=1&strip=1&webp=1 500w, https:\/\/b2204768.smushcdn.com\/2204768\/wp-content\/uploads\/2021\/06\/Gaelic-in-Scotland-Highland-Clearances33-300x206.jpg?lossy=1&strip=1&webp=1 300w, https:\/\/b2204768.smushcdn.com\/2204768\/wp-content\/uploads\/2021\/06\/Gaelic-in-Scotland-Highland-Clearances33.jpg?size=233x160&lossy=1&strip=1&webp=1 233w\" data-sizes=\"auto\" src=\"data:image\/svg+xml;base64,PHN2ZyB3aWR0aD0iMSIgaGVpZ2h0PSIxIiB4bWxucz0iaHR0cDovL3d3dy53My5vcmcvMjAwMC9zdmciPjwvc3ZnPg==\" style=\"--smush-placeholder-width: 500px; --smush-placeholder-aspect-ratio: 500\/343;\" data-original-sizes=\"(max-width: 500px) 100vw, 500px\" \/>    \n        <\/div>\n    <!-- \/image-wrap -->\n    \n        <\/div>\n<!-- \/module image -->        <\/div>\n                    <div  data-lazy=\"1\" class=\"module_column tb-column col4-2 tb_0ses200 last\">\n                    <!-- module text -->\n<div  class=\"module module-text tb_q3bu175   \" data-lazy=\"1\">\n        <div  class=\"tb_text_wrap\">\n        <p>Cha b\u2019 e fuadaichean Chataibh na h-aon fhuadaichean ann an Alba, ach bha iad am measg an fheadhainn a fhuair an cli\u00f9 bu mhiosa.<\/p>    <\/div>\n<\/div>\n<!-- \/module text -->        <\/div>\n                        <\/div>\n        <\/div>\n                        <div  data-lazy=\"1\" class=\"module_row themify_builder_row tb_tsi6463 tf_w\">\n                        <div class=\"row_inner col_align_top tb_col_count_2 tf_box tf_rel\">\n                        <div  data-lazy=\"1\" class=\"module_column tb-column col4-2 tb_xccn464 first\">\n                    <!-- module text -->\n<div  class=\"module module-text tb_2hff465   \" data-lazy=\"1\">\n        <div  class=\"tb_text_wrap\">\n        <h2>Ludachaidhean a-nuas<\/h2>\n<div class='w3eden wpdm_packages_shortcode'>\n    <div class=''>\n\n        \n        <div id=\"content_wpdm_package_1\">\n            <div class='row'><div class='col-lg-12 col-md-6 col-6'> <a href=\"https:\/\/storlann.co.uk\/gaidhlig-alba\/download\/rannsachadh-poblach\/?wpdmdl=1830&refresh=69e89d73a2de71776852339\"><div class=\"gis-dl\">\n  <div class=\"gis-dl-link-cont\">Rannsachadh Poblach<div class=\"gis-file\"><i class=\"fa fa-file-download ml-3 color-yellow\"><\/i>\n            4911<\/div><\/div>\n<\/div><\/a>\n<\/div><div class='col-lg-12 col-md-6 col-6'> <a href=\"https:\/\/storlann.co.uk\/gaidhlig-alba\/download\/oighreachdan-seilg\/?wpdmdl=334&refresh=69e89d73be9ec1776852339\"><div class=\"gis-dl\">\n  <div class=\"gis-dl-link-cont\">Oighreachdan Seilg<div class=\"gis-file\"><i class=\"fa fa-file-download ml-3 color-yellow\"><\/i>\n            4762<\/div><\/div>\n<\/div><\/a>\n<\/div><div class='col-lg-12 col-md-6 col-6'> <a href=\"https:\/\/storlann.co.uk\/gaidhlig-alba\/download\/na-fuadaichean\/?wpdmdl=333&refresh=69e89d73d2d571776852339\"><div class=\"gis-dl\">\n  <div class=\"gis-dl-link-cont\">Na Fuadaichean<div class=\"gis-file\"><i class=\"fa fa-file-download ml-3 color-yellow\"><\/i>\n            4813<\/div><\/div>\n<\/div><\/a>\n<\/div><div class='col-lg-12 col-md-6 col-6'> <a href=\"https:\/\/storlann.co.uk\/gaidhlig-alba\/download\/liog-an-fhearainn\/?wpdmdl=331&refresh=69e89d73e8eaa1776852339\"><div class=\"gis-dl\">\n  <div class=\"gis-dl-link-cont\">L\u00ecog an Fhearainn<div class=\"gis-file\"><i class=\"fa fa-file-download ml-3 color-yellow\"><\/i>\n            4779<\/div><\/div>\n<\/div><\/a>\n<\/div><div class='col-lg-12 col-md-6 col-6'> <a href=\"https:\/\/storlann.co.uk\/gaidhlig-alba\/download\/fuadaichean-chataibh\/?wpdmdl=329&refresh=69e89d7407b641776852340\"><div class=\"gis-dl\">\n  <div class=\"gis-dl-link-cont\">Fuadaichean Chataibh<div class=\"gis-file\"><i class=\"fa fa-file-download ml-3 color-yellow\"><\/i>\n            5056<\/div><\/div>\n<\/div><\/a>\n<\/div><div class='col-lg-12 col-md-6 col-6'> <a href=\"https:\/\/storlann.co.uk\/gaidhlig-alba\/download\/a-deanamh-faisneachd-air-na-fuadaichean\/?wpdmdl=327&refresh=69e89d741d5371776852340\"><div class=\"gis-dl\">\n  <div class=\"gis-dl-link-cont\">A\u2019 d\u00e8anamh f\u00e0isneachd air na Fuadaichean<div class=\"gis-file\"><i class=\"fa fa-file-download ml-3 color-yellow\"><\/i>\n            4910<\/div><\/div>\n<\/div><\/a>\n<\/div><div class='col-lg-12 col-md-6 col-6'> <a href=\"https:\/\/storlann.co.uk\/gaidhlig-alba\/download\/coimisean-napier\/?wpdmdl=325&refresh=69e89d742d8461776852340\"><div class=\"gis-dl\">\n  <div class=\"gis-dl-link-cont\">Coimisean Napier<div class=\"gis-file\"><i class=\"fa fa-file-download ml-3 color-yellow\"><\/i>\n            4805<\/div><\/div>\n<\/div><\/a>\n<\/div><div class='col-lg-12 col-md-6 col-6'> <a href=\"https:\/\/storlann.co.uk\/gaidhlig-alba\/download\/an-aithisg-dheireannach\/?wpdmdl=323&refresh=69e89d743e3441776852340\"><div class=\"gis-dl\">\n  <div class=\"gis-dl-link-cont\">An Aithisg Dheireannach<div class=\"gis-file\"><i class=\"fa fa-file-download ml-3 color-yellow\"><\/i>\n            4683<\/div><\/div>\n<\/div><\/a>\n<\/div><div class='col-lg-12 col-md-6 col-6'> <a href=\"https:\/\/storlann.co.uk\/gaidhlig-alba\/download\/achd-nan-croitearan-1886\/?wpdmdl=321&refresh=69e89d744d4741776852340\"><div class=\"gis-dl\">\n  <div class=\"gis-dl-link-cont\">Achd nan Croitearan 1886<div class=\"gis-file\"><i class=\"fa fa-file-download ml-3 color-yellow\"><\/i>\n            4834<\/div><\/div>\n<\/div><\/a>\n<\/div><div class='col-lg-12 col-md-6 col-6'> <a href=\"https:\/\/storlann.co.uk\/gaidhlig-alba\/download\/a-cur-dion-air-na-gaidheil-an-deidh-nam-fuadaichean\/?wpdmdl=319&refresh=69e89d745d2f01776852340\"><div class=\"gis-dl\">\n  <div class=\"gis-dl-link-cont\">A\u2019 cur d\u00econ air na G\u00e0idheil an d\u00e8idh nam Fuadaichean<div class=\"gis-file\"><i class=\"fa fa-file-download ml-3 color-yellow\"><\/i>\n            6002<\/div><\/div>\n<\/div><\/a>\n<\/div><\/div>            <div style='clear:both'><\/div><div class='text-center'><ul class='pagination wpdm-pagination pagination-centered text-center'><\/ul><\/div><div style='clear:both'><\/div>        <\/div>\n\n        <div style='clear:both'><\/div>\n    <\/div>\n<\/div>\n    <\/div>\n<\/div>\n<!-- \/module text -->        <\/div>\n                    <div  data-lazy=\"1\" class=\"module_column tb-column col4-2 tb_4r0n465 last\">\n                    <!-- module image -->\n<div  class=\"module module-image tb_43v7814 image-top   tf_mw\" data-lazy=\"1\">\n        <div class=\"image-wrap tf_rel tf_mw\">\n            <img decoding=\"async\" width=\"600\" height=\"398\" data-src=\"https:\/\/b2204768.smushcdn.com\/2204768\/wp-content\/uploads\/2021\/03\/gaelic-scotland-clearances.jpg?lossy=1&strip=1&webp=1\" class=\"wp-post-image wp-image-518 lazyload\" title=\"gaelic-scotland-clearances\" alt=\"Illustration: Groups of people during Highland Clearnaces\" data-srcset=\"https:\/\/b2204768.smushcdn.com\/2204768\/wp-content\/uploads\/2021\/03\/gaelic-scotland-clearances.jpg?lossy=1&strip=1&webp=1 600w, https:\/\/b2204768.smushcdn.com\/2204768\/wp-content\/uploads\/2021\/03\/gaelic-scotland-clearances-300x199.jpg?lossy=1&strip=1&webp=1 300w, https:\/\/b2204768.smushcdn.com\/2204768\/wp-content\/uploads\/2021\/03\/gaelic-scotland-clearances.jpg?size=233x155&lossy=1&strip=1&webp=1 233w, https:\/\/b2204768.smushcdn.com\/2204768\/wp-content\/uploads\/2021\/03\/gaelic-scotland-clearances.jpg?size=466x309&lossy=1&strip=1&webp=1 466w\" data-sizes=\"auto\" src=\"data:image\/svg+xml;base64,PHN2ZyB3aWR0aD0iMSIgaGVpZ2h0PSIxIiB4bWxucz0iaHR0cDovL3d3dy53My5vcmcvMjAwMC9zdmciPjwvc3ZnPg==\" style=\"--smush-placeholder-width: 600px; --smush-placeholder-aspect-ratio: 600\/398;\" data-original-sizes=\"(max-width: 600px) 100vw, 600px\" \/>    \n        <\/div>\n    <!-- \/image-wrap -->\n    \n        <\/div>\n<!-- \/module image --><!-- module image -->\n<div  class=\"module module-image tb_8flj844 image-center   tf_mw\" data-lazy=\"1\">\n        <div class=\"image-wrap tf_rel tf_mw\">\n            <img decoding=\"async\" width=\"500\" height=\"514\" data-src=\"https:\/\/b2204768.smushcdn.com\/2204768\/wp-content\/uploads\/2021\/06\/highland-clearances-emmigration-gaelic-scotland.jpg?lossy=1&strip=1&webp=1\" class=\"wp-post-image wp-image-1749 lazyload\" title=\"highland-clearances-emmigration-gaelic-scotland\" alt=\"Highland Clearances - Emmigration - people on a ship\" data-srcset=\"https:\/\/b2204768.smushcdn.com\/2204768\/wp-content\/uploads\/2021\/06\/highland-clearances-emmigration-gaelic-scotland.jpg?lossy=1&strip=1&webp=1 500w, https:\/\/b2204768.smushcdn.com\/2204768\/wp-content\/uploads\/2021\/06\/highland-clearances-emmigration-gaelic-scotland-292x300.jpg?lossy=1&strip=1&webp=1 292w, https:\/\/b2204768.smushcdn.com\/2204768\/wp-content\/uploads\/2021\/06\/highland-clearances-emmigration-gaelic-scotland.jpg?size=233x240&lossy=1&strip=1&webp=1 233w\" data-sizes=\"auto\" src=\"data:image\/svg+xml;base64,PHN2ZyB3aWR0aD0iMSIgaGVpZ2h0PSIxIiB4bWxucz0iaHR0cDovL3d3dy53My5vcmcvMjAwMC9zdmciPjwvc3ZnPg==\" style=\"--smush-placeholder-width: 500px; --smush-placeholder-aspect-ratio: 500\/514;\" data-original-sizes=\"(max-width: 500px) 100vw, 500px\" \/>    \n        <\/div>\n    <!-- \/image-wrap -->\n    \n        <\/div>\n<!-- \/module image -->        <\/div>\n                        <\/div>\n        <\/div>\n        <\/div>\n<!--\/themify_builder_content-->\n\n\n<p><\/p>","protected":false},"excerpt":{"rendered":"","protected":false},"author":3,"featured_media":0,"parent":0,"menu_order":0,"comment_status":"closed","ping_status":"closed","template":"","meta":{"inline_featured_image":false,"footnotes":""},"class_list":["post-509","page","type-page","status-publish","hentry","has-post-title","has-post-date","has-post-category","has-post-tag","has-post-comment","has-post-author",""],"builder_content":"<h1>Na Fuadaichean<\/h1>\n<p><strong>Th\u00f2isich na Fuadaichean ann an Srath <\/strong><strong>R\u00f9sdail, Siorrachd Rois, ann an 1792.<\/strong><\/p> <p><strong>Ri linn nam Fuadaichean bha <\/strong><strong>a\u2019 Gh\u00e0idhealtachd cho gann de shluagh <\/strong><strong>ri sg\u00ecre san Roinn E\u00f2rpa.<\/strong><\/p> <p><strong>Tha cuid a\u2019 faicinn nam Fuadaichean mar shanntachd agus tr\u00e8igsinn, mar oidhirp leis na h-uachdarain am beairteas fh\u00e8in a chaomhnadh le bhith a\u2019 tr\u00e8igsinn nan daoine.<\/strong><\/p> <p><strong>Ach, mar as trice, tha na Fuadaichean gam faicinn mar rud a thachair ann an grunnan cheumannan.<\/strong><\/p> <p>Bha an d\u00f2igh agus an suidheachadh eadar-dhealaichte, a r\u00e8ir cuin a thachair e, c\u00e0it an do thachair e agus c\u00f2 bha na l\u00f9ib.<\/p> <p>Aig aon \u00e0m, bho 1846-1856, th\u00e0inig gaiseadh air a\u2019 bhunt\u00e0ta agus dh\u2019fhalbh m\u00f2ran de na G\u00e0idheil gu Galltachd na h-Alba (far an robh obair ri fhaighinn ann am factaraidhean) gu Canada, na St\u00e0itean Aonaichte no Astr\u00e0ilia.<\/p> <p>Cha b\u2019 e a-mh\u00e0in gun do dh\u2019adhbharaich na Fuadaichean call sluaigh, ach dh\u2019atharraich iad cultar G\u00e0idhealtachd na h-Alba.<\/p> <p>Chaidh cur \u00e0s do na cinnidhean G\u00e0idhealach, don d\u00f2igh-beatha aca, do bheul-aithris, do dh\u00e0imhean agus do dhachaighean.<\/p> <p>Bha fi\u00f9 \u2019s a\u2019 Gh\u00e0idhlig ann an cunnart, leis gun robh siostam foghlaim na st\u00e0ite a\u2019 teagasg Beurla seach c\u00e0nan an t-sluaigh.<\/p>\n<img src=\"https:\/\/storlann.co.uk\/gaidhlig-alba\/wp-content\/uploads\/2021\/06\/Gaelic-in-Scotland-English.jpg\" title=\"Gaelic-in-Scotland-English\" alt=\"Forced useage of English\">\n<img src=\"https:\/\/storlann.co.uk\/gaidhlig-alba\/wp-content\/uploads\/2021\/06\/rossshire-sutherland-363x600.jpg\" width=\"363\" height=\"600\" title=\"rossshire-sutherland\" alt=\"Ross-shaire and Caithness map\">\n\n<img src=\"https:\/\/storlann.co.uk\/gaidhlig-alba\/wp-content\/uploads\/2021\/03\/Gaelic-in-Scotland-clearances-caithness.jpg\" title=\"Gaelic-in-Scotland-clearances-caithness\" alt=\"Clearances\" srcset=\"https:\/\/storlann.co.uk\/gaidhlig-alba\/wp-content\/uploads\/2021\/03\/Gaelic-in-Scotland-clearances-caithness.jpg 500w, https:\/\/storlann.co.uk\/gaidhlig-alba\/wp-content\/uploads\/2021\/03\/Gaelic-in-Scotland-clearances-caithness-300x211.jpg 300w\" sizes=\"(max-width: 500px) 100vw, 500px\" \/>\n<img src=\"https:\/\/storlann.co.uk\/gaidhlig-alba\/wp-content\/uploads\/2021\/06\/Gaelic-in-Scotland-Highland-Clearances33.jpg\" title=\"Gaelic-in-Scotland-Highland-Clearances33\" alt=\"Highland Clearances\" srcset=\"https:\/\/storlann.co.uk\/gaidhlig-alba\/wp-content\/uploads\/2021\/06\/Gaelic-in-Scotland-Highland-Clearances33.jpg 500w, https:\/\/storlann.co.uk\/gaidhlig-alba\/wp-content\/uploads\/2021\/06\/Gaelic-in-Scotland-Highland-Clearances33-300x206.jpg 300w\" sizes=\"(max-width: 500px) 100vw, 500px\" \/>\n<p>Cha b\u2019 e fuadaichean Chataibh na h-aon fhuadaichean ann an Alba, ach bha iad am measg an fheadhainn a fhuair an cli\u00f9 bu mhiosa.<\/p>\n<h2>Ludachaidhean a-nuas<\/h2> <p>[wpdm_category id=\"na-fuadaichean,\" cols=\"1\" toolbar=0 item_per_page=10 template=\"gis_download_1\"]<\/p>\n<img src=\"https:\/\/storlann.co.uk\/gaidhlig-alba\/wp-content\/uploads\/2021\/03\/gaelic-scotland-clearances.jpg\" title=\"gaelic-scotland-clearances\" alt=\"Illustration: Groups of people during Highland Clearnaces\" srcset=\"https:\/\/storlann.co.uk\/gaidhlig-alba\/wp-content\/uploads\/2021\/03\/gaelic-scotland-clearances.jpg 600w, https:\/\/storlann.co.uk\/gaidhlig-alba\/wp-content\/uploads\/2021\/03\/gaelic-scotland-clearances-300x199.jpg 300w\" sizes=\"(max-width: 600px) 100vw, 600px\" \/>\n<img src=\"https:\/\/storlann.co.uk\/gaidhlig-alba\/wp-content\/uploads\/2021\/06\/highland-clearances-emmigration-gaelic-scotland.jpg\" title=\"highland-clearances-emmigration-gaelic-scotland\" alt=\"Highland Clearances - Emmigration - people on a ship\" srcset=\"https:\/\/storlann.co.uk\/gaidhlig-alba\/wp-content\/uploads\/2021\/06\/highland-clearances-emmigration-gaelic-scotland.jpg 500w, https:\/\/storlann.co.uk\/gaidhlig-alba\/wp-content\/uploads\/2021\/06\/highland-clearances-emmigration-gaelic-scotland-292x300.jpg 292w\" sizes=\"(max-width: 500px) 100vw, 500px\" \/>","_links":{"self":[{"href":"https:\/\/storlann.co.uk\/gaidhlig-alba\/wp-json\/wp\/v2\/pages\/509","targetHints":{"allow":["GET"]}}],"collection":[{"href":"https:\/\/storlann.co.uk\/gaidhlig-alba\/wp-json\/wp\/v2\/pages"}],"about":[{"href":"https:\/\/storlann.co.uk\/gaidhlig-alba\/wp-json\/wp\/v2\/types\/page"}],"author":[{"embeddable":true,"href":"https:\/\/storlann.co.uk\/gaidhlig-alba\/wp-json\/wp\/v2\/users\/3"}],"replies":[{"embeddable":true,"href":"https:\/\/storlann.co.uk\/gaidhlig-alba\/wp-json\/wp\/v2\/comments?post=509"}],"version-history":[{"count":0,"href":"https:\/\/storlann.co.uk\/gaidhlig-alba\/wp-json\/wp\/v2\/pages\/509\/revisions"}],"wp:attachment":[{"href":"https:\/\/storlann.co.uk\/gaidhlig-alba\/wp-json\/wp\/v2\/media?parent=509"}],"curies":[{"name":"wp","href":"https:\/\/api.w.org\/{rel}","templated":true}]}}