{"id":493,"date":"2021-03-02T11:44:48","date_gmt":"2021-03-02T11:44:48","guid":{"rendered":"https:\/\/storlann.co.uk\/gaidhlig-alba\/?page_id=493"},"modified":"2022-03-03T14:24:01","modified_gmt":"2022-03-03T14:24:01","slug":"leabhar-dheir","status":"publish","type":"page","link":"https:\/\/storlann.co.uk\/gaidhlig-alba\/leabhar-dheir\/","title":{"rendered":"Leabhar-dheir"},"content":{"rendered":"<!--themify_builder_content-->\n<div id=\"themify_builder_content-493\" data-postid=\"493\" class=\"themify_builder_content themify_builder_content-493 themify_builder tf_clear\">\n                    <div  data-lazy=\"1\" class=\"module_row themify_builder_row tb_diup158 tb_first tf_w\">\n                        <div class=\"row_inner col_align_top tb_col_count_1 tf_box tf_rel\">\n                        <div  data-lazy=\"1\" class=\"module_column tb-column col-full tb_6jws159 first\">\n                    <!-- module text -->\n<div  class=\"module module-text tb_201o421   \" data-lazy=\"1\">\n        <div  class=\"tb_text_wrap\">\n        <h1>Leabhar Dh\u00e8ir<\/h1>    <\/div>\n<\/div>\n<!-- \/module text -->        <\/div>\n                        <\/div>\n        <\/div>\n                        <div  data-lazy=\"1\" class=\"module_row themify_builder_row tb_n604710 tf_w\">\n                        <div class=\"row_inner col_align_top tb_col_count_2 tf_box tf_rel\">\n                        <div  data-lazy=\"1\" class=\"module_column tb-column col4-2 tb_shgu711 first\">\n                    <!-- module text -->\n<div  class=\"module module-text tb_sakd712   tb_text_dropcap\" data-lazy=\"1\">\n        <div  class=\"tb_text_wrap\">\n        <p><strong>\u2019S e leabhar beag sa bheil na Soisgeulan a th\u2019 ann an Leabhar Dh\u00e8ir.<\/strong><\/p>\n<p><strong>Tha e 154mm x 107mm.<\/strong><\/p>\n<p><strong>Tha e air a chumail a-nis ann an Leabharlann Oilthigh Chambridge<\/strong>.<\/p>\n<p>Chan eil e soilleir carson no ciamar a chaidh a ghluasad bho Ear-Thuath na h-Alba gu Ear-Dheas Shasainn.<\/p>\n<p>Tha Leabhar Dh\u00e8ir a\u2019 toirt dhuinn sealladh air an eaglais thr\u00e0th, air<br \/>cultar agus air coimhearsnachd an ama.<\/p>\n<p>Tha na p\u00ecosan sgr\u00ecobhaidh G\u00e0idhlig as sine a th\u2019 againn bho Alba sna Meadhan-aoisean ann an Leabhar Dh\u00e8ir.<\/p>\n<p><img decoding=\"async\" class=\"size-medium wp-image-504 aligncenter lazyload\" data-src=\"https:\/\/b2204768.smushcdn.com\/2204768\/wp-content\/uploads\/2021\/03\/book-of-deer-graphic2-300x240.jpg?lossy=1&strip=1&webp=1\" alt=\"Illustration from Book of Deer\" width=\"300\" height=\"240\" data-srcset=\"https:\/\/b2204768.smushcdn.com\/2204768\/wp-content\/uploads\/2021\/03\/book-of-deer-graphic2-300x240.jpg?lossy=1&strip=1&webp=1 300w, https:\/\/b2204768.smushcdn.com\/2204768\/wp-content\/uploads\/2021\/03\/book-of-deer-graphic2.jpg?lossy=1&strip=1&webp=1 360w, https:\/\/b2204768.smushcdn.com\/2204768\/wp-content\/uploads\/2021\/03\/book-of-deer-graphic2.jpg?size=233x186&lossy=1&strip=1&webp=1 233w\" data-sizes=\"auto\" src=\"data:image\/svg+xml;base64,PHN2ZyB3aWR0aD0iMSIgaGVpZ2h0PSIxIiB4bWxucz0iaHR0cDovL3d3dy53My5vcmcvMjAwMC9zdmciPjwvc3ZnPg==\" style=\"--smush-placeholder-width: 300px; --smush-placeholder-aspect-ratio: 300\/240;\" data-original-sizes=\"(max-width: 300px) 100vw, 300px\" \/><\/p>\n<p>Bha an leabhar aig Abaid Dh\u00e8ir, ann an D\u00e8ir, ann an Siorrachd Obair Dheathain.<\/p>\n<p>Bha ceangal aig an Abaid ri Colm Cille.<\/p>\n<p>San dara linn deug, chleachd na manaich be\u00e0rnan san leabhar agus air na h-oirean airson fiosrachadh a sgr\u00ecobhadh sa Gh\u00e0idhlig air fearann a bha air a thoirt seachad.<\/p>\n<p>Tha na notaichean air an sgr\u00ecobhadh am measg an teacsa<br \/>Laidinn agus nan soillseachaidhean Ceilteach.<\/p>\n<p>Tha iomradh air an leabhar mar aon de na pr\u00ecomh nithean<br \/>\u00e0rsaidh bho \u00e0m Alba nan Ceilteach.<\/p>    <\/div>\n<\/div>\n<!-- \/module text -->        <\/div>\n                    <div  data-lazy=\"1\" class=\"module_column tb-column col4-2 tb_lno0712 last\">\n                    <!-- module image -->\n<div  class=\"module module-image tb_y2gl428 image-center   tf_mw\" data-lazy=\"1\">\n        <div class=\"image-wrap tf_rel tf_mw\">\n            <img decoding=\"async\" width=\"768\" height=\"516\" data-src=\"https:\/\/b2204768.smushcdn.com\/2204768\/wp-content\/uploads\/2021\/03\/Book-of-Deer.jpg?lossy=1&strip=1&webp=1\" class=\"wp-post-image wp-image-502 lazyload\" title=\"Book-of-Deer\" alt=\"Book of Deer\" data-srcset=\"https:\/\/b2204768.smushcdn.com\/2204768\/wp-content\/uploads\/2021\/03\/Book-of-Deer.jpg?lossy=1&strip=1&webp=1 768w, https:\/\/b2204768.smushcdn.com\/2204768\/wp-content\/uploads\/2021\/03\/Book-of-Deer-300x202.jpg?lossy=1&strip=1&webp=1 300w, https:\/\/b2204768.smushcdn.com\/2204768\/wp-content\/uploads\/2021\/03\/Book-of-Deer.jpg?size=233x157&lossy=1&strip=1&webp=1 233w, https:\/\/b2204768.smushcdn.com\/2204768\/wp-content\/uploads\/2021\/03\/Book-of-Deer.jpg?size=466x313&lossy=1&strip=1&webp=1 466w, https:\/\/b2204768.smushcdn.com\/2204768\/wp-content\/uploads\/2021\/03\/Book-of-Deer.jpg?size=699x470&lossy=1&strip=1&webp=1 699w\" data-sizes=\"auto\" src=\"data:image\/svg+xml;base64,PHN2ZyB3aWR0aD0iMSIgaGVpZ2h0PSIxIiB4bWxucz0iaHR0cDovL3d3dy53My5vcmcvMjAwMC9zdmciPjwvc3ZnPg==\" style=\"--smush-placeholder-width: 768px; --smush-placeholder-aspect-ratio: 768\/516;\" data-original-sizes=\"(max-width: 768px) 100vw, 768px\" \/>    \n        <\/div>\n    <!-- \/image-wrap -->\n    \n        <\/div>\n<!-- \/module image --><!-- module image -->\n<div  class=\"module module-image tb_mcly99 image-center   tf_mw\" data-lazy=\"1\">\n        <div class=\"image-wrap tf_rel tf_mw\">\n            <img decoding=\"async\" width=\"449\" height=\"565\" data-src=\"https:\/\/b2204768.smushcdn.com\/2204768\/wp-content\/uploads\/2021\/03\/book-of-deer-illustrator.jpg?lossy=1&strip=1&webp=1\" class=\"wp-post-image wp-image-507 lazyload\" title=\"book-of-deer-illustrator\" alt=\"Illustrator working on the Book of Deer\" data-srcset=\"https:\/\/b2204768.smushcdn.com\/2204768\/wp-content\/uploads\/2021\/03\/book-of-deer-illustrator.jpg?lossy=1&strip=1&webp=1 449w, https:\/\/b2204768.smushcdn.com\/2204768\/wp-content\/uploads\/2021\/03\/book-of-deer-illustrator-238x300.jpg?lossy=1&strip=1&webp=1 238w\" data-sizes=\"auto\" src=\"data:image\/svg+xml;base64,PHN2ZyB3aWR0aD0iMSIgaGVpZ2h0PSIxIiB4bWxucz0iaHR0cDovL3d3dy53My5vcmcvMjAwMC9zdmciPjwvc3ZnPg==\" style=\"--smush-placeholder-width: 449px; --smush-placeholder-aspect-ratio: 449\/565;\" data-original-sizes=\"(max-width: 449px) 100vw, 449px\" \/>    \n        <\/div>\n    <!-- \/image-wrap -->\n    \n        <\/div>\n<!-- \/module image -->        <\/div>\n                        <\/div>\n        <\/div>\n                        <div  data-lazy=\"1\" class=\"module_row themify_builder_row tb_1ufi598 tf_w\">\n                        <div class=\"row_inner col_align_top tb_col_count_2 tf_box tf_rel\">\n                        <div  data-lazy=\"1\" class=\"module_column tb-column col4-2 tb_10s8599 first\">\n                    <!-- module text -->\n<div  class=\"module module-text tb_ynzb600   \" data-lazy=\"1\">\n        <div  class=\"tb_text_wrap\">\n        <h2>Ludachaidhean a-nuas<\/h2>\n<div class='w3eden wpdm_packages_shortcode'>\n    <div class=''>\n\n        \n        <div id=\"content_wpdm_package_1\">\n            <div class='row'><div class='col-lg-12 col-md-6 col-6'> <a href=\"https:\/\/storlann.co.uk\/gaidhlig-alba\/download\/leabhar-dheir\/?wpdmdl=315&refresh=69e0325bc7cb71776300635\"><div class=\"gis-dl\">\n  <div class=\"gis-dl-link-cont\">Leabhar Dh\u00e8ir<div class=\"gis-file\"><i class=\"fa fa-file-download ml-3 color-yellow\"><\/i>\n            5314<\/div><\/div>\n<\/div><\/a>\n<\/div><div class='col-lg-12 col-md-6 col-6'> <a href=\"https:\/\/storlann.co.uk\/gaidhlig-alba\/download\/leabhar-dheir-goirid\/?wpdmdl=317&refresh=69e0325bd7c001776300635\"><div class=\"gis-dl\">\n  <div class=\"gis-dl-link-cont\">Leabhar Dh\u00e8ir - Goirid<div class=\"gis-file\"><i class=\"fa fa-file-download ml-3 color-yellow\"><\/i>\n            5448<\/div><\/div>\n<\/div><\/a>\n<\/div><\/div>            <div style='clear:both'><\/div><div class='text-center'><ul class='pagination wpdm-pagination pagination-centered text-center'><\/ul><\/div><div style='clear:both'><\/div>        <\/div>\n\n        <div style='clear:both'><\/div>\n    <\/div>\n<\/div>\n    <\/div>\n<\/div>\n<!-- \/module text -->        <\/div>\n                    <div  data-lazy=\"1\" class=\"module_column tb-column col4-2 tb_zu8k600 last\">\n                    <!-- module image -->\n<div  class=\"module module-image tb_ef2t110 image-center   tf_mw\" data-lazy=\"1\">\n        <div class=\"image-wrap tf_rel tf_mw\">\n            <img decoding=\"async\" width=\"168\" height=\"400\" data-src=\"https:\/\/b2204768.smushcdn.com\/2204768\/wp-content\/uploads\/2021\/06\/book-of-deer-illustrations.jpg?lossy=1&strip=1&webp=1\" class=\"wp-post-image wp-image-1598 lazyload\" title=\"book-of-deer-illustrations\" alt=\"Book of Deer\" data-srcset=\"https:\/\/b2204768.smushcdn.com\/2204768\/wp-content\/uploads\/2021\/06\/book-of-deer-illustrations.jpg?lossy=1&strip=1&webp=1 168w, https:\/\/b2204768.smushcdn.com\/2204768\/wp-content\/uploads\/2021\/06\/book-of-deer-illustrations-126x300.jpg?lossy=1&strip=1&webp=1 126w\" data-sizes=\"auto\" src=\"data:image\/svg+xml;base64,PHN2ZyB3aWR0aD0iMSIgaGVpZ2h0PSIxIiB4bWxucz0iaHR0cDovL3d3dy53My5vcmcvMjAwMC9zdmciPjwvc3ZnPg==\" style=\"--smush-placeholder-width: 168px; --smush-placeholder-aspect-ratio: 168\/400;\" data-original-sizes=\"(max-width: 168px) 100vw, 168px\" \/>    \n        <\/div>\n    <!-- \/image-wrap -->\n    \n        <\/div>\n<!-- \/module image -->        <\/div>\n                        <\/div>\n        <\/div>\n        <\/div>\n<!--\/themify_builder_content-->\n\n\n<p><\/p>","protected":false},"excerpt":{"rendered":"","protected":false},"author":3,"featured_media":0,"parent":0,"menu_order":0,"comment_status":"closed","ping_status":"closed","template":"","meta":{"inline_featured_image":false,"footnotes":""},"class_list":["post-493","page","type-page","status-publish","hentry","has-post-title","has-post-date","has-post-category","has-post-tag","has-post-comment","has-post-author",""],"builder_content":"<h1>Leabhar Dh\u00e8ir<\/h1>\n<p><strong>\u2019S e leabhar beag sa bheil na Soisgeulan a th\u2019 ann an Leabhar Dh\u00e8ir.<\/strong><\/p> <p><strong>Tha e 154mm x 107mm.<\/strong><\/p> <p><strong>Tha e air a chumail a-nis ann an Leabharlann Oilthigh Chambridge<\/strong>.<\/p> <p>Chan eil e soilleir carson no ciamar a chaidh a ghluasad bho Ear-Thuath na h-Alba gu Ear-Dheas Shasainn.<\/p> <p>Tha Leabhar Dh\u00e8ir a\u2019 toirt dhuinn sealladh air an eaglais thr\u00e0th, air<br \/>cultar agus air coimhearsnachd an ama.<\/p> <p>Tha na p\u00ecosan sgr\u00ecobhaidh G\u00e0idhlig as sine a th\u2019 againn bho Alba sna Meadhan-aoisean ann an Leabhar Dh\u00e8ir.<\/p> <p><img decoding=\"async\" src=\"https:\/\/storlann.co.uk\/gaidhlig-alba\/wp-content\/uploads\/2021\/03\/book-of-deer-graphic2-300x240.jpg\" alt=\"Illustration from Book of Deer\" width=\"300\" height=\"240\" srcset=\"https:\/\/storlann.co.uk\/gaidhlig-alba\/wp-content\/uploads\/2021\/03\/book-of-deer-graphic2-300x240.jpg 300w, https:\/\/storlann.co.uk\/gaidhlig-alba\/wp-content\/uploads\/2021\/03\/book-of-deer-graphic2.jpg 360w\" sizes=\"(max-width: 300px) 100vw, 300px\" \/><\/p> <p>Bha an leabhar aig Abaid Dh\u00e8ir, ann an D\u00e8ir, ann an Siorrachd Obair Dheathain.<\/p> <p>Bha ceangal aig an Abaid ri Colm Cille.<\/p> <p>San dara linn deug, chleachd na manaich be\u00e0rnan san leabhar agus air na h-oirean airson fiosrachadh a sgr\u00ecobhadh sa Gh\u00e0idhlig air fearann a bha air a thoirt seachad.<\/p> <p>Tha na notaichean air an sgr\u00ecobhadh am measg an teacsa<br \/>Laidinn agus nan soillseachaidhean Ceilteach.<\/p> <p>Tha iomradh air an leabhar mar aon de na pr\u00ecomh nithean<br \/>\u00e0rsaidh bho \u00e0m Alba nan Ceilteach.<\/p>\n<img src=\"https:\/\/storlann.co.uk\/gaidhlig-alba\/wp-content\/uploads\/2021\/03\/Book-of-Deer.jpg\" title=\"Book-of-Deer\" alt=\"Book of Deer\" srcset=\"https:\/\/storlann.co.uk\/gaidhlig-alba\/wp-content\/uploads\/2021\/03\/Book-of-Deer.jpg 768w, https:\/\/storlann.co.uk\/gaidhlig-alba\/wp-content\/uploads\/2021\/03\/Book-of-Deer-300x202.jpg 300w\" sizes=\"(max-width: 768px) 100vw, 768px\" \/>\n<img src=\"https:\/\/storlann.co.uk\/gaidhlig-alba\/wp-content\/uploads\/2021\/03\/book-of-deer-illustrator.jpg\" title=\"book-of-deer-illustrator\" alt=\"Illustrator working on the Book of Deer\" srcset=\"https:\/\/storlann.co.uk\/gaidhlig-alba\/wp-content\/uploads\/2021\/03\/book-of-deer-illustrator.jpg 449w, https:\/\/storlann.co.uk\/gaidhlig-alba\/wp-content\/uploads\/2021\/03\/book-of-deer-illustrator-238x300.jpg 238w\" sizes=\"(max-width: 449px) 100vw, 449px\" \/>\n<h2>Ludachaidhean a-nuas<\/h2> <p>[wpdm_category id=\"leabhar-dheir,\" cols=\"1\" toolbar=0 item_per_page=10 template=\"gis_download_1\" orderby=\"title\" order=\"asc\"]<\/p>\n<img src=\"https:\/\/storlann.co.uk\/gaidhlig-alba\/wp-content\/uploads\/2021\/06\/book-of-deer-illustrations.jpg\" title=\"book-of-deer-illustrations\" alt=\"Book of Deer\" srcset=\"https:\/\/storlann.co.uk\/gaidhlig-alba\/wp-content\/uploads\/2021\/06\/book-of-deer-illustrations.jpg 168w, https:\/\/storlann.co.uk\/gaidhlig-alba\/wp-content\/uploads\/2021\/06\/book-of-deer-illustrations-126x300.jpg 126w\" sizes=\"(max-width: 168px) 100vw, 168px\" \/>","_links":{"self":[{"href":"https:\/\/storlann.co.uk\/gaidhlig-alba\/wp-json\/wp\/v2\/pages\/493","targetHints":{"allow":["GET"]}}],"collection":[{"href":"https:\/\/storlann.co.uk\/gaidhlig-alba\/wp-json\/wp\/v2\/pages"}],"about":[{"href":"https:\/\/storlann.co.uk\/gaidhlig-alba\/wp-json\/wp\/v2\/types\/page"}],"author":[{"embeddable":true,"href":"https:\/\/storlann.co.uk\/gaidhlig-alba\/wp-json\/wp\/v2\/users\/3"}],"replies":[{"embeddable":true,"href":"https:\/\/storlann.co.uk\/gaidhlig-alba\/wp-json\/wp\/v2\/comments?post=493"}],"version-history":[{"count":0,"href":"https:\/\/storlann.co.uk\/gaidhlig-alba\/wp-json\/wp\/v2\/pages\/493\/revisions"}],"wp:attachment":[{"href":"https:\/\/storlann.co.uk\/gaidhlig-alba\/wp-json\/wp\/v2\/media?parent=493"}],"curies":[{"name":"wp","href":"https:\/\/api.w.org\/{rel}","templated":true}]}}