{"id":142,"date":"2020-07-07T15:33:38","date_gmt":"2020-07-07T14:33:38","guid":{"rendered":"https:\/\/storlann.co.uk\/gaidhlig-alba\/?page_id=142"},"modified":"2022-02-24T15:32:27","modified_gmt":"2022-02-24T15:32:27","slug":"beatha-anns-na-glinn","status":"publish","type":"page","link":"https:\/\/storlann.co.uk\/gaidhlig-alba\/beatha-anns-na-glinn\/","title":{"rendered":"Beatha anns na Glinn"},"content":{"rendered":"<!--themify_builder_content-->\n<div id=\"themify_builder_content-142\" data-postid=\"142\" class=\"themify_builder_content themify_builder_content-142 themify_builder tf_clear\">\n                    <div  data-lazy=\"1\" class=\"module_row themify_builder_row tb_x8lc707 tb_first tf_w\">\n                        <div class=\"row_inner col_align_top tb_col_count_1 tf_box tf_rel\">\n                        <div  data-lazy=\"1\" class=\"module_column tb-column col-full tb_8lhy708 first\">\n                    <!-- module text -->\n<div  class=\"module module-text tb_2dlc347   \" data-lazy=\"1\" data-lax-opacity=\"(vh*1) 1,(vh*0) 0\" data-lax=\"true\">\n        <div  class=\"tb_text_wrap\">\n        <h1>Beatha anns na Glinn<\/h1>    <\/div>\n<\/div>\n<!-- \/module text -->        <\/div>\n                        <\/div>\n        <\/div>\n                        <div  data-css_id=\"voi3379\" data-lazy=\"1\" class=\"module_row themify_builder_row fullwidth tb_voi3379 tf_w\">\n            <span class=\"tb_row_frame_wrap tf_overflow tf_abs\" data-lazy=\"1\"><span class=\"tb_row_frame tb_row_frame_top  tf_abs tf_hide tf_overflow tf_w\"><\/span><span class=\"tb_row_frame tb_row_frame_bottom  tf_abs tf_hide tf_overflow tf_w\"><\/span><\/span>            <div class=\"row_inner col_align_top tb_col_count_1 tf_box tf_rel\">\n                        <div  data-lazy=\"1\" class=\"module_column tb-column col-full tb_ho4p379 first\">\n                    <!-- module plain text -->\n<div  class=\"module module-plain-text tb_eksf875 \" data-lazy=\"1\">\n        <div class=\"tb_text_wrap\">\n    <iframe width=\"960\" height=\"678.96\" data-original-width=\"4000\" data-original-height=\"2829\" data-src=\"https:\/\/www.thinglink.com\/card\/1337069181752836098\" type=\"text\/html\" frameborder=\"0\" webkitallowfullscreen mozallowfullscreen allowfullscreen scrolling=\"no\" src=\"data:image\/svg+xml;base64,PHN2ZyB3aWR0aD0iMSIgaGVpZ2h0PSIxIiB4bWxucz0iaHR0cDovL3d3dy53My5vcmcvMjAwMC9zdmciPjwvc3ZnPg==\" class=\"lazyload\" data-load-mode=\"1\"><\/iframe><script async src=\"\/\/cdn.thinglink.me\/jse\/responsive.js\"><\/script>    <\/div>\n<\/div>\n<!-- \/module plain text -->        <\/div>\n                        <\/div>\n        <\/div>\n                        <div  data-lazy=\"1\" class=\"module_row themify_builder_row tb_vexf464 tf_w\">\n                        <div class=\"row_inner col_align_top tb_col_count_1 tf_box tf_rel\">\n                        <div  data-lazy=\"1\" class=\"module_column tb-column col-full tb_qhoz465 first\">\n                    <!-- module text -->\n<div  class=\"module module-text tb_fgsl327   \" data-lazy=\"1\">\n        <div  class=\"tb_text_wrap\">\n        <h2>An d\u00f2igh-beatha thraidiseanta air Gh\u00e0idhealtachd<\/h2>    <\/div>\n<\/div>\n<!-- \/module text --><!-- module text -->\n<div  class=\"module module-text tb_ibhv667   \" data-lazy=\"1\">\n        <div  class=\"tb_text_wrap\">\n        <p>Ro na Fuadaichean, bha a\u2019 mh\u00f2r-chuid de Gh\u00e0idheil a\u2019 fuireach ann am bailtean beaga far an robh d\u00e0imh l\u00e0idir aig muinntir an \u00e0ite ri ch\u00e8ile.<\/p>\n<p>Thog na daoine taighean cloiche air an robh mullach tughaidh de fhraoch, bealaidh, rainneach, connlach no luachair.<\/p>\n    <\/div>\n<\/div>\n<!-- \/module text --><!-- module text -->\n<div  class=\"module module-text tb_q0yg205   \" data-lazy=\"1\">\n        <div  class=\"tb_text_wrap\">\n        <p>Bha na teaghlaichean ag \u00e0rach spr\u00e8idh agus a\u2019 cur b\u00e0rr agus thug seo teachd-an-t\u00ecr dhaibh.<\/p>\n    <\/div>\n<\/div>\n<!-- \/module text --><!-- module text -->\n<div  class=\"module module-text tb_ahq4841   \" data-lazy=\"1\">\n        <div  class=\"tb_text_wrap\">\n        <p>Dh\u2019obraich iad an talamh le siostam roinn-ruithe agus le ionaltradh coitcheann.<\/p>\n<p>Bha an talamh \u00e0rd nach robh cho math air a chleachdadh mar ionaltradh do chrodh agus do chaoraich dhubh-cheannach.<\/p>\n<p>Bha an talamh a b\u2019 fhaisge air na taighean air a chleachdadh airson b\u00e0rr agus glasraich fh\u00e0s.<\/p>\n    <\/div>\n<\/div>\n<!-- \/module text -->        <\/div>\n                        <\/div>\n        <\/div>\n                        <div  data-lazy=\"1\" class=\"module_row themify_builder_row tb_zpck592 tf_w\">\n                        <div class=\"row_inner col_align_top tb_col_count_1 tf_box tf_rel\">\n                        <div  data-lazy=\"1\" class=\"module_column tb-column col-full tb_bctf593 first\">\n                    <!-- module image -->\n<div  class=\"module module-image tb_pp23952 image-center drop-shadow bordered  auto_fullwidth tf_mw\" data-lazy=\"1\">\n        <div class=\"image-wrap tf_rel tf_mw\">\n            <img decoding=\"async\" width=\"960\" height=\"461\" data-src=\"https:\/\/b2204768.smushcdn.com\/2204768\/wp-content\/uploads\/2021\/04\/blackface-sheep-clearances-scottish-highlands.jpg?lossy=1&strip=1&webp=1\" class=\"wp-post-image wp-image-1045 lazyload\" title=\"Four,Curious,Black,Face,Sheep,In,The,Cairngorms,,Scotland\" alt=\"Blackface sheep\" data-srcset=\"https:\/\/b2204768.smushcdn.com\/2204768\/wp-content\/uploads\/2021\/04\/blackface-sheep-clearances-scottish-highlands.jpg?lossy=1&strip=1&webp=1 960w, https:\/\/b2204768.smushcdn.com\/2204768\/wp-content\/uploads\/2021\/04\/blackface-sheep-clearances-scottish-highlands-300x144.jpg?lossy=1&strip=1&webp=1 300w, https:\/\/b2204768.smushcdn.com\/2204768\/wp-content\/uploads\/2021\/04\/blackface-sheep-clearances-scottish-highlands-768x369.jpg?lossy=1&strip=1&webp=1 768w, https:\/\/b2204768.smushcdn.com\/2204768\/wp-content\/uploads\/2021\/04\/blackface-sheep-clearances-scottish-highlands.jpg?size=233x112&lossy=1&strip=1&webp=1 233w, https:\/\/b2204768.smushcdn.com\/2204768\/wp-content\/uploads\/2021\/04\/blackface-sheep-clearances-scottish-highlands.jpg?size=466x224&lossy=1&strip=1&webp=1 466w, https:\/\/b2204768.smushcdn.com\/2204768\/wp-content\/uploads\/2021\/04\/blackface-sheep-clearances-scottish-highlands.jpg?size=699x336&lossy=1&strip=1&webp=1 699w\" data-sizes=\"auto\" src=\"data:image\/svg+xml;base64,PHN2ZyB3aWR0aD0iMSIgaGVpZ2h0PSIxIiB4bWxucz0iaHR0cDovL3d3dy53My5vcmcvMjAwMC9zdmciPjwvc3ZnPg==\" style=\"--smush-placeholder-width: 960px; --smush-placeholder-aspect-ratio: 960\/461;\" data-original-sizes=\"(max-width: 960px) 100vw, 960px\" \/>    \n        <\/div>\n    <!-- \/image-wrap -->\n    \n        <\/div>\n<!-- \/module image -->        <\/div>\n                        <\/div>\n        <\/div>\n                        <div  data-lazy=\"1\" class=\"module_row themify_builder_row tb_jgv2861 tf_w\">\n                        <div class=\"row_inner col_align_top tb_col_count_2 tf_box tf_rel\">\n                        <div  data-lazy=\"1\" class=\"module_column tb-column col4-2 tb_oby1862 first\">\n                    <!-- module video -->\n<div  class=\"module module-video tb_2deg586 video-overlay  \" data-lazy=\"1\">\n                    <div class=\"video-wrap-outer\">\n            <div class=\"video-wrap tf_rel tf_overflow tf_local_video\">\n                \n                    \n                    <div style=\"width: 640px;\" class=\"wp-video\"><video class=\"wp-video-shortcode\" id=\"video-142-1\" width=\"640\" height=\"360\" preload=\"metadata\" controls=\"controls\"><source type=\"video\/mp4\" src=\"https:\/\/storlann.co.uk\/gaidhlig-alba\/wp-content\/uploads\/2022\/01\/Highland-Folk-Museum2.mp4?_=1\" \/><a href=\"https:\/\/storlann.co.uk\/gaidhlig-alba\/wp-content\/uploads\/2022\/01\/Highland-Folk-Museum2.mp4\">https:\/\/storlann.co.uk\/gaidhlig-alba\/wp-content\/uploads\/2022\/01\/Highland-Folk-Museum2.mp4<\/a><\/video><\/div>\n                    \n                                <\/div>\n            <!-- \/video-wrap -->\n        <\/div>\n        <!-- \/video-wrap-outer -->\n            <\/div>\n        <\/div>\n                    <div  data-lazy=\"1\" class=\"module_column tb-column col4-2 tb_gkn1882 last\">\n                    <!-- module text -->\n<div  class=\"module module-text tb_q6pf895  repeat \" data-lazy=\"1\">\n        <div  class=\"tb_text_wrap\">\n        <h2>Taigh-tasgaidh Sluagh na G\u00e0idhealtachd<\/h2>\n<p>Tha ath-thogail arc-e\u00f2lach air baile G\u00e0idhealach ri fhaicinn aig Taigh-tasgaidh Sluagh na G\u00e0idhealtachd ann am Baile \u00d9r an t-Sl\u00e8ibh. \u2019S e modail be\u00f2 a th\u2019 ann a tha a\u2019 sealltainn far an robh G\u00e0idheil a\u2019 fuireach uaireigin.<\/p>\n    <\/div>\n<\/div>\n<!-- \/module text -->        <\/div>\n                        <\/div>\n        <\/div>\n                        <div  data-lazy=\"1\" class=\"module_row themify_builder_row tb_5lj9557 tf_w\">\n                        <div class=\"row_inner col_align_top tb_col_count_1 tf_box tf_rel\">\n                        <div  data-lazy=\"1\" class=\"module_column tb-column col-full tb_aydv558 first\">\n                    <!-- module text -->\n<div  class=\"module module-text tb_00m6677   \" data-lazy=\"1\">\n        <div  class=\"tb_text_wrap\">\n        <p>Ch\u00f9m G\u00e0idheil ri siostam nan cinnidhean a bha air a bhith a\u2019 dol fad linntean. Bha an dualchas agus an c\u00e0nan fh\u00e8in aca \u2013 G\u00e0idhlig.<\/p>\n    <\/div>\n<\/div>\n<!-- \/module text --><!-- module text -->\n<div  class=\"module module-text tb_gair497   \" data-lazy=\"1\">\n        <div  class=\"tb_text_wrap\">\n        <p>An-diugh, tha glinn na G\u00e0idhealtachd falamh.<\/p>\n    <\/div>\n<\/div>\n<!-- \/module text --><!-- module text -->\n<div  class=\"module module-text tb_9blc257   \" data-lazy=\"1\">\n        <div  class=\"tb_text_wrap\">\n        <p>Tha l\u00e0raich bhailtean air feadh G\u00e0idhealtachd agus Eileanan na h-Alba. Chaidh coimhearsnachdan beaga \u00e0 sealladh air sg\u00e0th nam Fuadaichean \u2013 chaidh na taighean a chaidh fh\u00e0gail nan tobhtaichean, agus thill am fearannn a bha uaireigin air \u00e0iteach gu staid n\u00e0darra.<\/p>\n    <\/div>\n<\/div>\n<!-- \/module text -->        <\/div>\n                        <\/div>\n        <\/div>\n                        <div  data-lazy=\"1\" class=\"module_row themify_builder_row tb_vpsj845 tf_w\">\n                        <div class=\"row_inner col_align_top tb_col_count_2 tf_box tf_rel\">\n                        <div  data-lazy=\"1\" class=\"module_column tb-column col2-1 tb_sbdf846 first\">\n                    <!-- module text -->\n<div  class=\"module module-text tb_ryb7858   \" data-lazy=\"1\">\n        <div  class=\"tb_text_wrap\">\n        <h2>Air an \u00e0irigh<\/h2>\n<p>As t-earrach agus as t-samhradh gach bliadhna bhiodh G\u00e0idheil a\u2019 f\u00e0gail nan cladaichean agus nan srathan agus a\u2019 d\u00e8anamh air na glinn \u2019s air a\u2019 mh\u00f2intich.<\/p>\n<p>B\u2019 e \u00e0m toilichte a bh\u2019 ann do theaghlaichean.<\/p>\n<p>Bhiodh iad a\u2019 fuireach ann an \u00e0irighean \u2013 bothain fhiodha no chloiche \u2013 \u2019s bhiodh an crodh agus na caoraich aca ag ionaltradh agus a\u2019 f\u00e0s reamhar, deiseil airson f\u00e8illtean a\u2019 gheamhraidh.<\/p>\n    <\/div>\n<\/div>\n<!-- \/module text --><!-- module text -->\n<div  class=\"module module-text tb_qqlo814   \" data-lazy=\"1\">\n        <div  class=\"tb_text_wrap\">\n        <p>Bhiodh na teaghlaichean a\u2019 d\u00e8anamh \u00ecm agus c\u00e0ise.<\/p>\n<p>B\u2019 ann ann am biota mar seo a bhiodh an t-\u00ecm air a dh\u00e8anamh.<\/p>\n    <\/div>\n<\/div>\n<!-- \/module text -->        <\/div>\n                    <div  data-lazy=\"1\" class=\"module_column tb-column col2-1 tb_5qsp846 last\">\n                    <!-- module image -->\n<div  class=\"module module-image tb_zg4x240 image-center   tf_mw\" data-lazy=\"1\">\n        <div class=\"image-wrap tf_rel tf_mw\">\n            <img decoding=\"async\" data-src=\"https:\/\/b2204768.smushcdn.com\/2204768\/wp-content\/uploads\/2020\/07\/milk-churn-150x472.jpg?lossy=1&strip=1&webp=1\" width=\"150\" height=\"472\" class=\"wp-post-image wp-image-158 lazyload\" title=\"milk-churn\" alt=\"Biota airson \u00ecm a dh\u00e8anamh\" data-srcset=\"https:\/\/b2204768.smushcdn.com\/2204768\/wp-content\/uploads\/2020\/07\/milk-churn-150x472.jpg?lossy=1&strip=1&webp=1 150w, https:\/\/b2204768.smushcdn.com\/2204768\/wp-content\/uploads\/2020\/07\/milk-churn-95x300.jpg?lossy=1&strip=1&webp=1 95w, https:\/\/b2204768.smushcdn.com\/2204768\/wp-content\/uploads\/2020\/07\/milk-churn.jpg?lossy=1&strip=1&webp=1 222w\" data-sizes=\"auto\" src=\"data:image\/svg+xml;base64,PHN2ZyB3aWR0aD0iMSIgaGVpZ2h0PSIxIiB4bWxucz0iaHR0cDovL3d3dy53My5vcmcvMjAwMC9zdmciPjwvc3ZnPg==\" style=\"--smush-placeholder-width: 150px; --smush-placeholder-aspect-ratio: 150\/472;\" data-original-sizes=\"(max-width: 150px) 100vw, 150px\" \/>    \n        <\/div>\n    <!-- \/image-wrap -->\n    \n        <div class=\"image-content\">\n                        <div class=\"image-caption tb_text_wrap\">\n            Biota airson \u00ecm a dh\u00e8anamh        <\/div>\n        <!-- \/image-caption -->\n            <\/div>\n    <!-- \/image-content -->\n        <\/div>\n<!-- \/module image -->        <\/div>\n                        <\/div>\n        <\/div>\n                        <div  data-lazy=\"1\" class=\"module_row themify_builder_row tb_wqoo528 tf_w\">\n                        <div class=\"row_inner col_align_top tb_col_count_2 tf_box tf_rel\">\n                        <div  data-lazy=\"1\" class=\"module_column tb-column col4-2 tb_5147531 first\">\n                    <!-- module image -->\n<div  class=\"module module-image tb_2azv68 image-center   auto_fullwidth tf_mw\" data-lazy=\"1\">\n        <div class=\"image-wrap tf_rel tf_mw\">\n            <img decoding=\"async\" width=\"500\" height=\"525\" data-src=\"https:\/\/b2204768.smushcdn.com\/2204768\/wp-content\/uploads\/2021\/04\/goats-gaelic-scotland-alba.jpg?lossy=1&strip=1&webp=1\" class=\"wp-post-image wp-image-1041 lazyload\" alt=\"Goats\" data-srcset=\"https:\/\/b2204768.smushcdn.com\/2204768\/wp-content\/uploads\/2021\/04\/goats-gaelic-scotland-alba.jpg?lossy=1&strip=1&webp=1 500w, https:\/\/b2204768.smushcdn.com\/2204768\/wp-content\/uploads\/2021\/04\/goats-gaelic-scotland-alba-286x300.jpg?lossy=1&strip=1&webp=1 286w, https:\/\/b2204768.smushcdn.com\/2204768\/wp-content\/uploads\/2021\/04\/goats-gaelic-scotland-alba.jpg?size=233x245&lossy=1&strip=1&webp=1 233w\" data-sizes=\"auto\" src=\"data:image\/svg+xml;base64,PHN2ZyB3aWR0aD0iMSIgaGVpZ2h0PSIxIiB4bWxucz0iaHR0cDovL3d3dy53My5vcmcvMjAwMC9zdmciPjwvc3ZnPg==\" style=\"--smush-placeholder-width: 500px; --smush-placeholder-aspect-ratio: 500\/525;\" data-original-sizes=\"(max-width: 500px) 100vw, 500px\" \/>    \n        <\/div>\n    <!-- \/image-wrap -->\n    \n        <\/div>\n<!-- \/module image --><!-- module text -->\n<div  class=\"module module-text tb_uw0s665  repeat \" data-lazy=\"1\">\n        <div  class=\"tb_text_wrap\">\n        <p>Bha gobhair air an cumail leis gun robh bainne math aca airson \u00ecm agus c\u00e0ise a dh\u00e8anamh, agus b\u2019 urrainn dhaibh a bhith be\u00f2 air talamh garbh.<\/p>\n<p>Bidh iad ag ithe lusan nach ith beathaichean eile.<\/p>\n    <\/div>\n<\/div>\n<!-- \/module text -->        <\/div>\n                    <div  data-lazy=\"1\" class=\"module_column tb-column col4-2 tb_wt7a601 last\">\n                    <!-- module image -->\n<div  class=\"module module-image tb_zy3g833 image-center bordered rotate5 tf_mw\" data-lazy=\"1\">\n        <div class=\"image-wrap tf_rel tf_mw\">\n            <img decoding=\"async\" width=\"363\" height=\"253\" data-src=\"https:\/\/b2204768.smushcdn.com\/2204768\/wp-content\/uploads\/2021\/04\/Shieling.jpg?lossy=1&strip=1&webp=1\" class=\"wp-post-image wp-image-1043 lazyload\" title=\"Shieling\" alt=\"Bothy\/\u00c0irigh\" data-srcset=\"https:\/\/b2204768.smushcdn.com\/2204768\/wp-content\/uploads\/2021\/04\/Shieling.jpg?lossy=1&strip=1&webp=1 363w, https:\/\/b2204768.smushcdn.com\/2204768\/wp-content\/uploads\/2021\/04\/Shieling-300x209.jpg?lossy=1&strip=1&webp=1 300w, https:\/\/b2204768.smushcdn.com\/2204768\/wp-content\/uploads\/2021\/04\/Shieling.jpg?size=233x162&lossy=1&strip=1&webp=1 233w\" data-sizes=\"auto\" src=\"data:image\/svg+xml;base64,PHN2ZyB3aWR0aD0iMSIgaGVpZ2h0PSIxIiB4bWxucz0iaHR0cDovL3d3dy53My5vcmcvMjAwMC9zdmciPjwvc3ZnPg==\" style=\"--smush-placeholder-width: 363px; --smush-placeholder-aspect-ratio: 363\/253;\" data-original-sizes=\"(max-width: 363px) 100vw, 363px\" \/>    \n        <\/div>\n    <!-- \/image-wrap -->\n    \n        <\/div>\n<!-- \/module image --><!-- module text -->\n<div  class=\"module module-text tb_wqbp918   \" data-lazy=\"1\">\n        <div  class=\"tb_text_wrap\">\n        <p>B\u2019 e bothain bheaga air a\u2019 mhonadh a bh\u2019 ann an \u00e0irighean.<\/p>\n    <\/div>\n<\/div>\n<!-- \/module text --><!-- module text -->\n<div  class=\"module module-text tb_id7i744   \" data-lazy=\"1\">\n        <div  class=\"tb_text_wrap\">\n        <h2>Luchdachaidhean a-nuas<\/h2>\n<div class='w3eden wpdm_packages_shortcode'>\n    <div class=''>\n\n        \n        <div id=\"content_wpdm_package_1\">\n            <div class='row'><div class='col-lg-12 col-md-6 col-6'> <a href=\"https:\/\/storlann.co.uk\/gaidhlig-alba\/download\/air-an-airigh\/?wpdmdl=443&refresh=69e88502a57861776846082\"><div class=\"gis-dl\">\n  <div class=\"gis-dl-link-cont\">Air an \u00e0irigh<div class=\"gis-file\"><i class=\"fa fa-file-download ml-3 color-yellow\"><\/i>\n            5421<\/div><\/div>\n<\/div><\/a>\n<\/div><div class='col-lg-12 col-md-6 col-6'> <a href=\"https:\/\/storlann.co.uk\/gaidhlig-alba\/download\/an-doigh-beatha-thraidiseanta-air-ghaidhealtachd\/?wpdmdl=445&refresh=69e88502c4aae1776846082\"><div class=\"gis-dl\">\n  <div class=\"gis-dl-link-cont\">An d\u00f2igh-beatha thraidiseanta air Gh\u00e0idhealtachd<div class=\"gis-file\"><i class=\"fa fa-file-download ml-3 color-yellow\"><\/i>\n            5294<\/div><\/div>\n<\/div><\/a>\n<\/div><\/div>            <div style='clear:both'><\/div><div class='text-center'><ul class='pagination wpdm-pagination pagination-centered text-center'><\/ul><\/div><div style='clear:both'><\/div>        <\/div>\n\n        <div style='clear:both'><\/div>\n    <\/div>\n<\/div>\n    <\/div>\n<\/div>\n<!-- \/module text -->        <\/div>\n                        <\/div>\n        <\/div>\n        <\/div>\n<!--\/themify_builder_content-->","protected":false},"excerpt":{"rendered":"<p>Beatha anns na Glinn<\/p>\n","protected":false},"author":3,"featured_media":0,"parent":0,"menu_order":0,"comment_status":"closed","ping_status":"closed","template":"","meta":{"inline_featured_image":false,"footnotes":""},"class_list":["post-142","page","type-page","status-publish","hentry","has-post-title","has-post-date","has-post-category","has-post-tag","has-post-comment","has-post-author",""],"builder_content":"<h1>Beatha anns na Glinn<\/h1>\n<iframe width=\"960\" height=\"678.96\" data-original-width=\"4000\" data-original-height=\"2829\" src=\"https:\/\/www.thinglink.com\/card\/1337069181752836098\" type=\"text\/html\" frameborder=\"0\" webkitallowfullscreen mozallowfullscreen allowfullscreen scrolling=\"no\"><\/iframe>\n<h2>An d\u00f2igh-beatha thraidiseanta air Gh\u00e0idhealtachd<\/h2>\n<p>Ro na Fuadaichean, bha a\u2019 mh\u00f2r-chuid de Gh\u00e0idheil a\u2019 fuireach ann am bailtean beaga far an robh d\u00e0imh l\u00e0idir aig muinntir an \u00e0ite ri ch\u00e8ile.<\/p> <p>Thog na daoine taighean cloiche air an robh mullach tughaidh de fhraoch, bealaidh, rainneach, connlach no luachair.<\/p>\n<p>Bha na teaghlaichean ag \u00e0rach spr\u00e8idh agus a\u2019 cur b\u00e0rr agus thug seo teachd-an-t\u00ecr dhaibh.<\/p>\n<p>Dh\u2019obraich iad an talamh le siostam roinn-ruithe agus le ionaltradh coitcheann.<\/p> <p>Bha an talamh \u00e0rd nach robh cho math air a chleachdadh mar ionaltradh do chrodh agus do chaoraich dhubh-cheannach.<\/p> <p>Bha an talamh a b\u2019 fhaisge air na taighean air a chleachdadh airson b\u00e0rr agus glasraich fh\u00e0s.<\/p>\n<img src=\"https:\/\/storlann.co.uk\/gaidhlig-alba\/wp-content\/uploads\/2021\/04\/blackface-sheep-clearances-scottish-highlands.jpg\" title=\"Four,Curious,Black,Face,Sheep,In,The,Cairngorms,,Scotland\" alt=\"Blackface sheep\" srcset=\"https:\/\/storlann.co.uk\/gaidhlig-alba\/wp-content\/uploads\/2021\/04\/blackface-sheep-clearances-scottish-highlands.jpg 960w, https:\/\/storlann.co.uk\/gaidhlig-alba\/wp-content\/uploads\/2021\/04\/blackface-sheep-clearances-scottish-highlands-300x144.jpg 300w, https:\/\/storlann.co.uk\/gaidhlig-alba\/wp-content\/uploads\/2021\/04\/blackface-sheep-clearances-scottish-highlands-768x369.jpg 768w\" sizes=\"(max-width: 960px) 100vw, 960px\" \/>\n[video src=\"https:\/\/storlann.co.uk\/gaidhlig-alba\/wp-content\/uploads\/2022\/01\/Highland-Folk-Museum2.mp4\" width=\"1920\" height=\"1080\"][\/video]\n<h2>Taigh-tasgaidh Sluagh na G\u00e0idhealtachd<\/h2> <p>Tha ath-thogail arc-e\u00f2lach air baile G\u00e0idhealach ri fhaicinn aig Taigh-tasgaidh Sluagh na G\u00e0idhealtachd ann am Baile \u00d9r an t-Sl\u00e8ibh. \u2019S e modail be\u00f2 a th\u2019 ann a tha a\u2019 sealltainn far an robh G\u00e0idheil a\u2019 fuireach uaireigin.<\/p>\n<p>Ch\u00f9m G\u00e0idheil ri siostam nan cinnidhean a bha air a bhith a\u2019 dol fad linntean. Bha an dualchas agus an c\u00e0nan fh\u00e8in aca \u2013 G\u00e0idhlig.<\/p>\n<p>An-diugh, tha glinn na G\u00e0idhealtachd falamh.<\/p>\n<p>Tha l\u00e0raich bhailtean air feadh G\u00e0idhealtachd agus Eileanan na h-Alba. Chaidh coimhearsnachdan beaga \u00e0 sealladh air sg\u00e0th nam Fuadaichean \u2013 chaidh na taighean a chaidh fh\u00e0gail nan tobhtaichean, agus thill am fearannn a bha uaireigin air \u00e0iteach gu staid n\u00e0darra.<\/p>\n<h2>Air an \u00e0irigh<\/h2> <p>As t-earrach agus as t-samhradh gach bliadhna bhiodh G\u00e0idheil a\u2019 f\u00e0gail nan cladaichean agus nan srathan agus a\u2019 d\u00e8anamh air na glinn \u2019s air a\u2019 mh\u00f2intich.<\/p> <p>B\u2019 e \u00e0m toilichte a bh\u2019 ann do theaghlaichean.<\/p> <p>Bhiodh iad a\u2019 fuireach ann an \u00e0irighean \u2013 bothain fhiodha no chloiche \u2013 \u2019s bhiodh an crodh agus na caoraich aca ag ionaltradh agus a\u2019 f\u00e0s reamhar, deiseil airson f\u00e8illtean a\u2019 gheamhraidh.<\/p>\n<p>Bhiodh na teaghlaichean a\u2019 d\u00e8anamh \u00ecm agus c\u00e0ise.<\/p> <p>B\u2019 ann ann am biota mar seo a bhiodh an t-\u00ecm air a dh\u00e8anamh.<\/p>\n<img src=\"https:\/\/storlann.co.uk\/gaidhlig-alba\/wp-content\/uploads\/2020\/07\/milk-churn-150x472.jpg\" width=\"150\" height=\"472\" title=\"milk-churn\" alt=\"Biota airson \u00ecm a dh\u00e8anamh\" srcset=\"https:\/\/storlann.co.uk\/gaidhlig-alba\/wp-content\/uploads\/2020\/07\/milk-churn-150x472.jpg 150w, https:\/\/storlann.co.uk\/gaidhlig-alba\/wp-content\/uploads\/2020\/07\/milk-churn-95x300.jpg 95w, https:\/\/storlann.co.uk\/gaidhlig-alba\/wp-content\/uploads\/2020\/07\/milk-churn.jpg 222w\" sizes=\"(max-width: 150px) 100vw, 150px\" \/> Biota airson \u00ecm a dh\u00e8anamh\n<img src=\"https:\/\/storlann.co.uk\/gaidhlig-alba\/wp-content\/uploads\/2021\/04\/goats-gaelic-scotland-alba.jpg\" alt=\"Goats\" srcset=\"https:\/\/storlann.co.uk\/gaidhlig-alba\/wp-content\/uploads\/2021\/04\/goats-gaelic-scotland-alba.jpg 500w, https:\/\/storlann.co.uk\/gaidhlig-alba\/wp-content\/uploads\/2021\/04\/goats-gaelic-scotland-alba-286x300.jpg 286w\" sizes=\"(max-width: 500px) 100vw, 500px\" \/>\n<p>Bha gobhair air an cumail leis gun robh bainne math aca airson \u00ecm agus c\u00e0ise a dh\u00e8anamh, agus b\u2019 urrainn dhaibh a bhith be\u00f2 air talamh garbh.<\/p> <p>Bidh iad ag ithe lusan nach ith beathaichean eile.<\/p>\n<img src=\"https:\/\/storlann.co.uk\/gaidhlig-alba\/wp-content\/uploads\/2021\/04\/Shieling.jpg\" title=\"Shieling\" alt=\"Bothy\/\u00c0irigh\" srcset=\"https:\/\/storlann.co.uk\/gaidhlig-alba\/wp-content\/uploads\/2021\/04\/Shieling.jpg 363w, https:\/\/storlann.co.uk\/gaidhlig-alba\/wp-content\/uploads\/2021\/04\/Shieling-300x209.jpg 300w\" sizes=\"(max-width: 363px) 100vw, 363px\" \/>\n<p>B\u2019 e bothain bheaga air a\u2019 mhonadh a bh\u2019 ann an \u00e0irighean.<\/p>\n<h2>Luchdachaidhean a-nuas<\/h2> <p>[wpdm_category id=\"beatha-anns-an-glinn\" cols=\"1\" toolbar=0 item_per_page=10 template=\"gis_download_1\" orderby=\"title\" order=\"asc\"]<\/p>","_links":{"self":[{"href":"https:\/\/storlann.co.uk\/gaidhlig-alba\/wp-json\/wp\/v2\/pages\/142","targetHints":{"allow":["GET"]}}],"collection":[{"href":"https:\/\/storlann.co.uk\/gaidhlig-alba\/wp-json\/wp\/v2\/pages"}],"about":[{"href":"https:\/\/storlann.co.uk\/gaidhlig-alba\/wp-json\/wp\/v2\/types\/page"}],"author":[{"embeddable":true,"href":"https:\/\/storlann.co.uk\/gaidhlig-alba\/wp-json\/wp\/v2\/users\/3"}],"replies":[{"embeddable":true,"href":"https:\/\/storlann.co.uk\/gaidhlig-alba\/wp-json\/wp\/v2\/comments?post=142"}],"version-history":[{"count":0,"href":"https:\/\/storlann.co.uk\/gaidhlig-alba\/wp-json\/wp\/v2\/pages\/142\/revisions"}],"wp:attachment":[{"href":"https:\/\/storlann.co.uk\/gaidhlig-alba\/wp-json\/wp\/v2\/media?parent=142"}],"curies":[{"name":"wp","href":"https:\/\/api.w.org\/{rel}","templated":true}]}}