{"id":1379,"date":"2021-05-05T16:14:59","date_gmt":"2021-05-05T15:14:59","guid":{"rendered":"https:\/\/storlann.co.uk\/gaidhlig-alba\/?page_id=1379"},"modified":"2022-03-21T12:44:59","modified_gmt":"2022-03-21T12:44:59","slug":"reachdan-eilean-i","status":"publish","type":"page","link":"https:\/\/storlann.co.uk\/gaidhlig-alba\/reachdan-eilean-i\/","title":{"rendered":"Reachdan Eilean \u00cc"},"content":{"rendered":"<!--themify_builder_content-->\n<div id=\"themify_builder_content-1379\" data-postid=\"1379\" class=\"themify_builder_content themify_builder_content-1379 themify_builder tf_clear\">\n                    <div  data-lazy=\"1\" class=\"module_row themify_builder_row tb_26w0357 tb_first tf_w\">\n                        <div class=\"row_inner col_align_top tb_col_count_1 tf_box tf_rel\">\n                        <div  data-lazy=\"1\" class=\"module_column tb-column col-full tb_hmk1357 first\">\n                    <!-- module text -->\n<div  class=\"module module-text tb_6q0j387   \" data-lazy=\"1\">\n        <div  class=\"tb_text_wrap\">\n        <h1>Reachdan Eilean \u00cc<\/h1>    <\/div>\n<\/div>\n<!-- \/module text -->        <\/div>\n                        <\/div>\n        <\/div>\n                        <div  data-lazy=\"1\" class=\"module_row themify_builder_row tb_etyw616 tf_w\">\n                        <div class=\"row_inner col_align_top tb_col_count_1 tf_box tf_rel\">\n                        <div  data-lazy=\"1\" class=\"module_column tb-column col-full tb_qyg1616 first\">\n                    <!-- module image -->\n<div  class=\"module module-image tb_o843793 image-center   tf_mw wow\" data-tf-animation=\"fadeIn\" data-lazy=\"1\">\n        <div class=\"image-wrap tf_rel tf_mw\">\n            <img decoding=\"async\" width=\"596\" height=\"313\" data-src=\"https:\/\/b2204768.smushcdn.com\/2204768\/wp-content\/uploads\/2021\/12\/iona-abbey-transparent1.png?lossy=1&strip=1&webp=1\" class=\"wp-post-image wp-image-1857 lazyload\" title=\"iona-abbey-transparent(1)\" alt=\"iona-abbey-transparent(1)\" data-srcset=\"https:\/\/b2204768.smushcdn.com\/2204768\/wp-content\/uploads\/2021\/12\/iona-abbey-transparent1.png?lossy=1&strip=1&webp=1 596w, https:\/\/b2204768.smushcdn.com\/2204768\/wp-content\/uploads\/2021\/12\/iona-abbey-transparent1-300x158.png?lossy=1&strip=1&webp=1 300w, https:\/\/b2204768.smushcdn.com\/2204768\/wp-content\/uploads\/2021\/12\/iona-abbey-transparent1.png?size=233x122&lossy=1&strip=1&webp=1 233w, https:\/\/b2204768.smushcdn.com\/2204768\/wp-content\/uploads\/2021\/12\/iona-abbey-transparent1.png?size=466x245&lossy=1&strip=1&webp=1 466w\" data-sizes=\"auto\" src=\"data:image\/svg+xml;base64,PHN2ZyB3aWR0aD0iMSIgaGVpZ2h0PSIxIiB4bWxucz0iaHR0cDovL3d3dy53My5vcmcvMjAwMC9zdmciPjwvc3ZnPg==\" style=\"--smush-placeholder-width: 596px; --smush-placeholder-aspect-ratio: 596\/313;\" data-original-sizes=\"(max-width: 596px) 100vw, 596px\" \/>    \n        <\/div>\n    <!-- \/image-wrap -->\n    \n        <\/div>\n<!-- \/module image -->        <\/div>\n                        <\/div>\n        <\/div>\n                        <div  data-desktop-padding=\"1px\" data-css_id=\"n1kt640\" data-lazy=\"1\" class=\"module_row themify_builder_row fullwidth_row_container tb_n1kt640 tf_w\">\n            <span  class=\"builder_row_cover tf_abs\" data-lazy=\"1\"><\/span><span class=\"tb_row_frame_wrap tf_overflow tf_abs\" data-lazy=\"1\"><span class=\"tb_row_frame tb_row_frame_top  tf_abs tf_hide tf_overflow tf_w\"><\/span><span class=\"tb_row_frame tb_row_frame_bottom  tf_abs tf_hide tf_overflow tf_w\"><\/span><\/span>            <div class=\"row_inner col_align_top tb_col_count_2 tf_box tf_rel\">\n                        <div  data-lazy=\"1\" class=\"module_column tb-column col4-3 tb_k169640 first\">\n                    <!-- module text -->\n<div  class=\"module module-text tb_seof458   \" data-lazy=\"1\">\n        <div  class=\"tb_text_wrap\">\n        <h2>Bann agus Reachdan \u00cc Choluim Cille<\/h2>    <\/div>\n<\/div>\n<!-- \/module text --><!-- module text -->\n<div  class=\"module module-text tb_lp23608   tb_text_dropcap\" data-lazy=\"1\">\n        <div  class=\"tb_text_wrap\">\n        <p>Tha cuid a\u2019 smaoineachadh gun robh Reachdan Eilean \u00cc \u2013 tha naoi reachdan ann uile gu l\u00e8ir \u2013 nan ionnsaigh air p\u00e0irtean de chultar na G\u00e0idhlig; gun robh iad airson cur \u00e0s don Gh\u00e0idhlig agus Beurla a chur na h-\u00e0ite.<\/p>\n<p>Tha cuid eile a\u2019 smaoineachadh, leis na reachdan, gun robh R\u00ecgh Seumas VI na h-Alba a\u2019 feuchainn ris a\u2019 Gh\u00e0idhealtachd a thoirt c\u00f2mhla ris a\u2019 ch\u00f2rr de dh\u2019Alba.<\/p>\n    <\/div>\n<\/div>\n<!-- \/module text --><!-- module text -->\n<div  class=\"module module-text tb_mcca691   \" data-lazy=\"1\">\n        <div  class=\"tb_text_wrap\">\n        <p>Tha ceist ann an robh R\u00ecgh Seumas a\u2019 feuchainn ri s\u00ecobhaltachd a thoirt dhan Gh\u00e0idhealtachd no a\u2019 feuchainn ris a\u2019 Gh\u00e0idhlig a chur s\u00ecos.<\/p>\n<p>Gun teagamh ge-t\u00e0, chaidh coimhearsnachd na G\u00e0idhlig agus gi\u00f9lan nan G\u00e0idheal atharrachadh nuair a chaidh cuid de na reachdan a chur an s\u00e0s.<\/p>\n<p>Bha m\u00f2ran de na Goill den bheachd gun robh na G\u00e0idheil borb, fiadhaich.<\/p>\n<p>Le sin, tha e furasta a thuigsinn carson a tha cuid a\u2019 smaoineachadh gun do st\u00e8idhich R\u00ecgh Seumas na reachdan mar dh\u00f2igh air piseach a thoirt air d\u00f2igh-beatha nan G\u00e0idheal, agus air lagh agus rian a leudachadh san sg\u00ecre.<\/p>\n<p>Thuirt an r\u00ecgh fh\u00e8in uaireigin gun robh na G\u00e0idheil gu l\u00e8ir borb:<\/p>    <\/div>\n<\/div>\n<!-- \/module text --><!-- module text -->\n<div  class=\"module module-text tb_mmte525   \" data-lazy=\"1\">\n        <div  class=\"tb_text_wrap\">\n        <p>\u2018A thaobh nan G\u00e0idheal, chanainn gu bheil d\u00e0 she\u00f2rsa ann: an fheadhainn a tha a\u2019 fuireach air t\u00ecr-m\u00f2r agus a tha borb, ach a bhios a\u2019 nochdadh beagan modh uaireannan; agus an c\u00f2rr a tha a\u2019 fuireach anns na h-eileanan agus a tha gu tur borb.\u2019<\/p>\n    <\/div>\n<\/div>\n<!-- \/module text -->        <\/div>\n                    <div  data-lazy=\"1\" class=\"module_column tb-column col4-1 tb_091g973 last\">\n                    <!-- module image -->\n<div  class=\"module module-image tb_fa04741 image-center   tf_mw\" data-lazy=\"1\">\n        <div class=\"image-wrap tf_rel tf_mw\">\n            <img decoding=\"async\" data-src=\"https:\/\/b2204768.smushcdn.com\/2204768\/wp-content\/uploads\/2021\/05\/king-james-vi-scotland-300x500.png?lossy=1&strip=1&webp=1\" height=\"500\" class=\"wp-post-image wp-image-1408 lazyload\" title=\"king-james-vi-scotland\" alt=\"Seumas VI, R\u00ecgh na h-Alba\" data-srcset=\"https:\/\/b2204768.smushcdn.com\/2204768\/wp-content\/uploads\/2021\/05\/king-james-vi-scotland-300x500.png?lossy=1&strip=1&webp=1 300w, https:\/\/b2204768.smushcdn.com\/2204768\/wp-content\/uploads\/2021\/05\/king-james-vi-scotland-180x300.png?lossy=1&strip=1&webp=1 180w, https:\/\/b2204768.smushcdn.com\/2204768\/wp-content\/uploads\/2021\/05\/king-james-vi-scotland.png?lossy=1&strip=1&webp=1 500w, https:\/\/b2204768.smushcdn.com\/2204768\/wp-content\/uploads\/2021\/05\/king-james-vi-scotland.png?size=233x388&lossy=1&strip=1&webp=1 233w\" data-sizes=\"auto\" src=\"data:image\/svg+xml;base64,PHN2ZyB3aWR0aD0iMSIgaGVpZ2h0PSIxIiB4bWxucz0iaHR0cDovL3d3dy53My5vcmcvMjAwMC9zdmciPjwvc3ZnPg==\" style=\"--smush-placeholder-width: 300px; --smush-placeholder-aspect-ratio: 300\/500;\" data-original-sizes=\"(max-width: 300px) 100vw, 300px\" \/>    \n        <\/div>\n    <!-- \/image-wrap -->\n    \n        <div class=\"image-content\">\n                        <div class=\"image-caption tb_text_wrap\">\n            Seumas VI, R\u00ecgh na h-Alba        <\/div>\n        <!-- \/image-caption -->\n            <\/div>\n    <!-- \/image-content -->\n        <\/div>\n<!-- \/module image --><!-- module image -->\n<div  class=\"module module-image tb_1xl213 image-top   tf_mw\" data-lazy=\"1\">\n        <div class=\"image-wrap tf_rel tf_mw\">\n                \n        <\/div>\n    <!-- \/image-wrap -->\n    \n        <\/div>\n<!-- \/module image -->        <\/div>\n                        <\/div>\n        <\/div>\n                        <div  data-lazy=\"1\" class=\"module_row themify_builder_row tb_dqzo16 tf_w\">\n                        <div class=\"row_inner col_align_top tb_col_count_2 tf_box tf_rel\">\n                        <div  data-lazy=\"1\" class=\"module_column tb-column col4-2 tb_42pr17 first\">\n                    <!-- module text -->\n<div  class=\"module module-text tb_6zkn17   \" data-lazy=\"1\">\n        <div  class=\"tb_text_wrap\">\n        <h2>A\u2019 tighinn gu aonta air na Reachdan<\/h2>\n<p>Ch\u00f9m an t-Easbaig Anndra Knox c\u00f9irt air 24 L\u00f9nastal 1609 air Eilean naomh \u00cc, far an deach na Reachdan aontachadh.<\/p>\n<p>Ghabh naoinear de chinn-chinnidh na G\u00e0idhealtachd agus nan Eilean b\u00f2id fh\u00ecor sh\u00f2lamaichte a bha a\u2019 gealltainn gum biodh iad d\u00ecleas don R\u00ecgh, Seumas VI agus do laghan na h-Alba san \u00e0m ri teachd.<\/p>\n    <\/div>\n<\/div>\n<!-- \/module text -->        <\/div>\n                    <div  data-lazy=\"1\" class=\"module_column tb-column col4-2 tb_c7yf18 last\">\n                    <!-- module image -->\n<div  class=\"module module-image tb_5ygp18 image-top   tf_mw wow\" data-tf-animation=\"fadeIn\" data-lazy=\"1\">\n        <div class=\"image-wrap tf_rel tf_mw\">\n            <img decoding=\"async\" width=\"960\" height=\"436\" data-src=\"https:\/\/b2204768.smushcdn.com\/2204768\/wp-content\/uploads\/2021\/05\/statutes-of-iona-clan-chiefs.jpg?lossy=1&strip=1&webp=1\" class=\"wp-post-image wp-image-1398 lazyload\" title=\"statutes-of-iona-clan-chiefs\" alt=\"Clan Chiefs\" data-srcset=\"https:\/\/b2204768.smushcdn.com\/2204768\/wp-content\/uploads\/2021\/05\/statutes-of-iona-clan-chiefs.jpg?lossy=1&strip=1&webp=1 960w, https:\/\/b2204768.smushcdn.com\/2204768\/wp-content\/uploads\/2021\/05\/statutes-of-iona-clan-chiefs-300x136.jpg?lossy=1&strip=1&webp=1 300w, https:\/\/b2204768.smushcdn.com\/2204768\/wp-content\/uploads\/2021\/05\/statutes-of-iona-clan-chiefs-768x349.jpg?lossy=1&strip=1&webp=1 768w, https:\/\/b2204768.smushcdn.com\/2204768\/wp-content\/uploads\/2021\/05\/statutes-of-iona-clan-chiefs.jpg?size=233x106&lossy=1&strip=1&webp=1 233w, https:\/\/b2204768.smushcdn.com\/2204768\/wp-content\/uploads\/2021\/05\/statutes-of-iona-clan-chiefs.jpg?size=466x212&lossy=1&strip=1&webp=1 466w, https:\/\/b2204768.smushcdn.com\/2204768\/wp-content\/uploads\/2021\/05\/statutes-of-iona-clan-chiefs.jpg?size=699x317&lossy=1&strip=1&webp=1 699w\" data-sizes=\"auto\" src=\"data:image\/svg+xml;base64,PHN2ZyB3aWR0aD0iMSIgaGVpZ2h0PSIxIiB4bWxucz0iaHR0cDovL3d3dy53My5vcmcvMjAwMC9zdmciPjwvc3ZnPg==\" style=\"--smush-placeholder-width: 960px; --smush-placeholder-aspect-ratio: 960\/436;\" data-original-sizes=\"(max-width: 960px) 100vw, 960px\" \/>    \n        <\/div>\n    <!-- \/image-wrap -->\n    \n        <\/div>\n<!-- \/module image -->        <\/div>\n                        <\/div>\n        <\/div>\n                        <div  data-lazy=\"1\" class=\"module_row themify_builder_row tb_old9493 tf_w\">\n                        <div class=\"row_inner col_align_top tb_col_count_2 tf_box tf_rel\">\n                        <div  data-lazy=\"1\" class=\"module_column tb-column col4-2 tb_18gm494 first\">\n                    <!-- module text -->\n<div  class=\"module module-text tb_26f6588   \" data-lazy=\"1\">\n        <div  class=\"tb_text_wrap\">\n        <h2>Luchdachaidhean a-nuas<\/h2>\n<div class='w3eden wpdm_packages_shortcode'>\n    <div class=''>\n\n        \n        <div id=\"content_wpdm_package_1\">\n            <div class='row'><div class='col-lg-12 col-md-6 col-6'> <a href=\"https:\/\/storlann.co.uk\/gaidhlig-alba\/download\/a-tighinn-gu-aonta-air-na-reachdan\/?wpdmdl=607&refresh=69e03289449811776300681\"><div class=\"gis-dl\">\n  <div class=\"gis-dl-link-cont\">A\u2019 tighinn gu aonta air na Reachdan<div class=\"gis-file\"><i class=\"fa fa-file-download ml-3 color-yellow\"><\/i>\n            6162<\/div><\/div>\n<\/div><\/a>\n<\/div><div class='col-lg-12 col-md-6 col-6'> <a href=\"https:\/\/storlann.co.uk\/gaidhlig-alba\/download\/bann-agus-reachdan-i-choluim-cille\/?wpdmdl=619&refresh=69e03289702381776300681\"><div class=\"gis-dl\">\n  <div class=\"gis-dl-link-cont\">Bann agus Reachdan \u00cc Choluim Cille<div class=\"gis-file\"><i class=\"fa fa-file-download ml-3 color-yellow\"><\/i>\n            6432<\/div><\/div>\n<\/div><\/a>\n<\/div><div class='col-lg-12 col-md-6 col-6'> <a href=\"https:\/\/storlann.co.uk\/gaidhlig-alba\/download\/na-naoi-reachdan\/?wpdmdl=609&refresh=69e03289aa6a61776300681\"><div class=\"gis-dl\">\n  <div class=\"gis-dl-link-cont\">Na naoi reachdan<div class=\"gis-file\"><i class=\"fa fa-file-download ml-3 color-yellow\"><\/i>\n            6206<\/div><\/div>\n<\/div><\/a>\n<\/div><div class='col-lg-12 col-md-6 col-6'> <a href=\"https:\/\/storlann.co.uk\/gaidhlig-alba\/download\/reachd-i\/?wpdmdl=611&refresh=69e0328a116be1776300682\"><div class=\"gis-dl\">\n  <div class=\"gis-dl-link-cont\">Reachd I<div class=\"gis-file\"><i class=\"fa fa-file-download ml-3 color-yellow\"><\/i>\n            5979<\/div><\/div>\n<\/div><\/a>\n<\/div><div class='col-lg-12 col-md-6 col-6'> <a href=\"https:\/\/storlann.co.uk\/gaidhlig-alba\/download\/reachd-vi\/?wpdmdl=613&refresh=69e0328a417c71776300682\"><div class=\"gis-dl\">\n  <div class=\"gis-dl-link-cont\">Reachd VI<div class=\"gis-file\"><i class=\"fa fa-file-download ml-3 color-yellow\"><\/i>\n            6140<\/div><\/div>\n<\/div><\/a>\n<\/div><div class='col-lg-12 col-md-6 col-6'> <a href=\"https:\/\/storlann.co.uk\/gaidhlig-alba\/download\/reachd-vii\/?wpdmdl=615&refresh=69e0328a947ec1776300682\"><div class=\"gis-dl\">\n  <div class=\"gis-dl-link-cont\">Reachd VII<div class=\"gis-file\"><i class=\"fa fa-file-download ml-3 color-yellow\"><\/i>\n            6096<\/div><\/div>\n<\/div><\/a>\n<\/div><div class='col-lg-12 col-md-6 col-6'> <a href=\"https:\/\/storlann.co.uk\/gaidhlig-alba\/download\/reachd-viii\/?wpdmdl=617&refresh=69e0328aac43d1776300682\"><div class=\"gis-dl\">\n  <div class=\"gis-dl-link-cont\">Reachd VIII<div class=\"gis-file\"><i class=\"fa fa-file-download ml-3 color-yellow\"><\/i>\n            6196<\/div><\/div>\n<\/div><\/a>\n<\/div><\/div>            <div style='clear:both'><\/div><div class='text-center'><ul class='pagination wpdm-pagination pagination-centered text-center'><\/ul><\/div><div style='clear:both'><\/div>        <\/div>\n\n        <div style='clear:both'><\/div>\n    <\/div>\n<\/div>\n    <\/div>\n<\/div>\n<!-- \/module text -->        <\/div>\n                    <div  data-lazy=\"1\" class=\"module_column tb-column col4-2 tb_yxvm906 last\">\n        <span  class=\"builder_row_cover tf_abs\" data-lazy=\"1\"><\/span>            <!-- module text -->\n<div  class=\"module module-text tb_25fb705   \" data-lazy=\"1\">\n        <div  class=\"tb_text_wrap\">\n        <p><strong>B\u2019 iad na cinn-chinnidh:<\/strong><\/p>\n<ul>\n<li>Aonghas MacDh\u00f2mhnaill Dh\u00f9n Naomhaig ann an \u00ccle<\/li>\n<li>Eachann MacIlleain Dhubhaird ann am Muile<\/li>\n<li>D\u00f2mhnall Gorm MacDh\u00f2mhnaill Shl\u00e8ite, san Eilean Sgitheanach<\/li>\n<li>Ruaraidh MacLe\u00f2id na Hearadh<\/li>\n<li>Ruaraidh MacFhionghain Shrath Shuardail san Eilean Sgitheanach<\/li>\n<li>Lachlann MacIlleain, Cholla<\/li>\n<li>D\u00f2mhnall MacDh\u00f2mhnaill Eilein Thioraim, M\u00f9ideart (Caiptean Clann Raghnaill)<\/li>\n<li>Lachlann MacIlleain Loch Bhuidhe, Muile<\/li>\n<li>Gilleasbaig MacGuaire, Ulbha<\/li>\n<\/ul>\n    <\/div>\n<\/div>\n<!-- \/module text -->        <\/div>\n                        <\/div>\n        <\/div>\n                        <div  data-lazy=\"1\" class=\"module_row themify_builder_row tb_glgm736 tf_w\">\n                        <div class=\"row_inner col_align_top tb_col_count_1 tf_box tf_rel\">\n                        <div  data-lazy=\"1\" class=\"module_column tb-column col-full tb_4x15738 first\">\n                    <!-- module text -->\n<div  class=\"module module-text tb_jcnt717  fullcover \" data-lazy=\"1\">\n        <div  class=\"tb_text_wrap\">\n        <h2>Na naoi reachdan<\/h2>\n<p><strong>Ann an 1609 chaidh gabhail ri naoi laghannan a dh\u2019iarr:<\/strong><\/p>    <\/div>\n<\/div>\n<!-- \/module text --><!-- module text -->\n<div  class=\"module module-text tb_cw74671  fullcover \" data-lazy=\"1\">\n        <div  class=\"tb_text_wrap\">\n        <p><strong>I.<\/strong> Gum biodh na h-eaglaisean air an c\u00e0radh, gum biodh ministearan anns na paraistean, agus gum biodh an teagasg agus an smachd mar a bha iad sa ch\u00f2rr dhen d\u00f9thaich.<\/p>\n<p><strong>II.<\/strong> Gum biodh taighean-seinnse ann an \u00e0iteachan goireasach anns na h-Eileanan gu l\u00e8ir, gus nach biodh aig croitearan bochda cuid-oidhche a thoirt do luchd-siubhail.<\/p>\n<p><strong>III.<\/strong> Gum biodh daoine a bha d\u00ecomhain air an ruagadh \u00e0s na h-Eileanan; nach biodh na cinn-chinnidh ag atharrachadh na bha aig na fir-chinnidh ri thoirt dhaibh; agus gum biodh na cinn-chinnidh riaraichte le \u00e0ireamh iomchaidh de dhaoin\u2019- uasal agus de shearbhantan.<\/p>\n<p><strong>IV.<\/strong> Gum biodh iarraidh d\u00e8irce air a chasg, agus a\u2019 gabhail \u00e0ite-fuirich agus aoigheachd gun ph\u00e0igheadh.<\/p>\n<p><strong>V.<\/strong> Gum biodh casg air Eileanaich bho bhith a\u2019 ceannach deochl\u00e0idir ach gum faodadh iad a dh\u00e8anamh dhaibh fh\u00e8in; gum faodadh na cinn-chinnidh agus urracha m\u00f2ra eile cur a dh\u2019iarraidh deoch-l\u00e0idir bhon Ghalltachd.<\/p>\n<p><strong>VI<\/strong>. Gun cuireadh gach duin\u2019-uasal sna h-Eileanan am mac a bu shine aca gu sgoil air choreigin air Ghalltachd; agus gum biodh iad an sin gus am biodh iad air chomas Beurla a bhruidhinn, a leughadh agus a sgr\u00ecobhadh.<\/p>\n<p><strong>VII.<\/strong> Nach biodh hagbut no daga aig Eileanaich \u2019s iad a-muigh, agus nach biodh iad a\u2019 losgadh air f\u00e8idh, ge\u00e0rran no e\u00f2in le gunnaichean mar sin.<\/p>\n<p><strong>VIII.<\/strong> Nach biodh b\u00e0ird is daoine eile a\u2019 dol timcheall na d\u00f9thcha tuilleadh, a\u2019 faighinn aoigheachd bho na cinn-chinnidh, ach gum biodh iad air an cur an gr\u00e8im, agus air an cur a-mach \u00e0s na h-Eileanan.<\/p>\n<p><strong>IX.<\/strong> Gum biodh na cinn-chinnidh a\u2019 cur eucoraich sna sg\u00ecrean aca an gr\u00e8im, a\u2019 toirt an cuid bhuapa, agus gan cur air beulaibh britheamh; agus nach biodh cinn-chinnidh a\u2019 gabhail eucoraich a bha a\u2019 teicheadh bho sg\u00ecrean eile.<\/p>\n    <\/div>\n<\/div>\n<!-- \/module text -->        <\/div>\n                        <\/div>\n        <\/div>\n        <\/div>\n<!--\/themify_builder_content-->","protected":false},"excerpt":{"rendered":"<p>Reachdan Eilean \u00cc Bann agus Reachdan \u00cc Choluim Cille Tha cuid a\u2019 smaoineachadh gun robh Reachdan Eilean \u00cc \u2013 tha naoi reachdan ann uile gu l\u00e8ir \u2013 nan ionnsaigh air p\u00e0irtean de chultar na G\u00e0idhlig; gun robh iad airson cur \u00e0s don Gh\u00e0idhlig agus Beurla a chur na h-\u00e0ite. Tha cuid eile a\u2019 smaoineachadh, leis [&hellip;]<\/p>\n","protected":false},"author":3,"featured_media":0,"parent":0,"menu_order":0,"comment_status":"closed","ping_status":"closed","template":"","meta":{"inline_featured_image":false,"footnotes":""},"class_list":["post-1379","page","type-page","status-publish","hentry","has-post-title","has-post-date","has-post-category","has-post-tag","has-post-comment","has-post-author",""],"builder_content":"<h1>Reachdan Eilean \u00cc<\/h1>\n<img src=\"https:\/\/storlann.co.uk\/gaidhlig-alba\/wp-content\/uploads\/2021\/12\/iona-abbey-transparent1.png\" title=\"iona-abbey-transparent(1)\" alt=\"iona-abbey-transparent(1)\" srcset=\"https:\/\/storlann.co.uk\/gaidhlig-alba\/wp-content\/uploads\/2021\/12\/iona-abbey-transparent1.png 596w, https:\/\/storlann.co.uk\/gaidhlig-alba\/wp-content\/uploads\/2021\/12\/iona-abbey-transparent1-300x158.png 300w\" sizes=\"(max-width: 596px) 100vw, 596px\" \/>\n<h2>Bann agus Reachdan \u00cc Choluim Cille<\/h2>\n<p>Tha cuid a\u2019 smaoineachadh gun robh Reachdan Eilean \u00cc \u2013 tha naoi reachdan ann uile gu l\u00e8ir \u2013 nan ionnsaigh air p\u00e0irtean de chultar na G\u00e0idhlig; gun robh iad airson cur \u00e0s don Gh\u00e0idhlig agus Beurla a chur na h-\u00e0ite.<\/p> <p>Tha cuid eile a\u2019 smaoineachadh, leis na reachdan, gun robh R\u00ecgh Seumas VI na h-Alba a\u2019 feuchainn ris a\u2019 Gh\u00e0idhealtachd a thoirt c\u00f2mhla ris a\u2019 ch\u00f2rr de dh\u2019Alba.<\/p>\n<p>Tha ceist ann an robh R\u00ecgh Seumas a\u2019 feuchainn ri s\u00ecobhaltachd a thoirt dhan Gh\u00e0idhealtachd no a\u2019 feuchainn ris a\u2019 Gh\u00e0idhlig a chur s\u00ecos.<\/p> <p>Gun teagamh ge-t\u00e0, chaidh coimhearsnachd na G\u00e0idhlig agus gi\u00f9lan nan G\u00e0idheal atharrachadh nuair a chaidh cuid de na reachdan a chur an s\u00e0s.<\/p> <p>Bha m\u00f2ran de na Goill den bheachd gun robh na G\u00e0idheil borb, fiadhaich.<\/p> <p>Le sin, tha e furasta a thuigsinn carson a tha cuid a\u2019 smaoineachadh gun do st\u00e8idhich R\u00ecgh Seumas na reachdan mar dh\u00f2igh air piseach a thoirt air d\u00f2igh-beatha nan G\u00e0idheal, agus air lagh agus rian a leudachadh san sg\u00ecre.<\/p> <p>Thuirt an r\u00ecgh fh\u00e8in uaireigin gun robh na G\u00e0idheil gu l\u00e8ir borb:<\/p>\n<p>\u2018A thaobh nan G\u00e0idheal, chanainn gu bheil d\u00e0 she\u00f2rsa ann: an fheadhainn a tha a\u2019 fuireach air t\u00ecr-m\u00f2r agus a tha borb, ach a bhios a\u2019 nochdadh beagan modh uaireannan; agus an c\u00f2rr a tha a\u2019 fuireach anns na h-eileanan agus a tha gu tur borb.\u2019<\/p>\n<img src=\"https:\/\/storlann.co.uk\/gaidhlig-alba\/wp-content\/uploads\/2021\/05\/king-james-vi-scotland-300x500.png\" height=\"500\" title=\"king-james-vi-scotland\" alt=\"Seumas VI, R\u00ecgh na h-Alba\" srcset=\"https:\/\/storlann.co.uk\/gaidhlig-alba\/wp-content\/uploads\/2021\/05\/king-james-vi-scotland-300x500.png 300w, https:\/\/storlann.co.uk\/gaidhlig-alba\/wp-content\/uploads\/2021\/05\/king-james-vi-scotland-180x300.png 180w, https:\/\/storlann.co.uk\/gaidhlig-alba\/wp-content\/uploads\/2021\/05\/king-james-vi-scotland.png 500w\" sizes=\"(max-width: 300px) 100vw, 300px\" \/> Seumas VI, R\u00ecgh na h-Alba\n\n<h2>A\u2019 tighinn gu aonta air na Reachdan<\/h2> <p>Ch\u00f9m an t-Easbaig Anndra Knox c\u00f9irt air 24 L\u00f9nastal 1609 air Eilean naomh \u00cc, far an deach na Reachdan aontachadh.<\/p> <p>Ghabh naoinear de chinn-chinnidh na G\u00e0idhealtachd agus nan Eilean b\u00f2id fh\u00ecor sh\u00f2lamaichte a bha a\u2019 gealltainn gum biodh iad d\u00ecleas don R\u00ecgh, Seumas VI agus do laghan na h-Alba san \u00e0m ri teachd.<\/p>\n<img src=\"https:\/\/storlann.co.uk\/gaidhlig-alba\/wp-content\/uploads\/2021\/05\/statutes-of-iona-clan-chiefs.jpg\" title=\"statutes-of-iona-clan-chiefs\" alt=\"Clan Chiefs\" srcset=\"https:\/\/storlann.co.uk\/gaidhlig-alba\/wp-content\/uploads\/2021\/05\/statutes-of-iona-clan-chiefs.jpg 960w, https:\/\/storlann.co.uk\/gaidhlig-alba\/wp-content\/uploads\/2021\/05\/statutes-of-iona-clan-chiefs-300x136.jpg 300w, https:\/\/storlann.co.uk\/gaidhlig-alba\/wp-content\/uploads\/2021\/05\/statutes-of-iona-clan-chiefs-768x349.jpg 768w\" sizes=\"(max-width: 960px) 100vw, 960px\" \/>\n<h2>Luchdachaidhean a-nuas<\/h2> <p>[wpdm_category id=\"reachdan-eilean-i\" cols=\"1\" toolbar=0 item_per_page=10 template=\"gis_download_1\" orderby=\"title\" order=\"asc\"]<\/p>\n<p><strong>B\u2019 iad na cinn-chinnidh:<\/strong><\/p> <ul> <li>Aonghas MacDh\u00f2mhnaill Dh\u00f9n Naomhaig ann an \u00ccle<\/li> <li>Eachann MacIlleain Dhubhaird ann am Muile<\/li> <li>D\u00f2mhnall Gorm MacDh\u00f2mhnaill Shl\u00e8ite, san Eilean Sgitheanach<\/li> <li>Ruaraidh MacLe\u00f2id na Hearadh<\/li> <li>Ruaraidh MacFhionghain Shrath Shuardail san Eilean Sgitheanach<\/li> <li>Lachlann MacIlleain, Cholla<\/li> <li>D\u00f2mhnall MacDh\u00f2mhnaill Eilein Thioraim, M\u00f9ideart (Caiptean Clann Raghnaill)<\/li> <li>Lachlann MacIlleain Loch Bhuidhe, Muile<\/li> <li>Gilleasbaig MacGuaire, Ulbha<\/li> <\/ul>\n<h2>Na naoi reachdan<\/h2> <p><strong>Ann an 1609 chaidh gabhail ri naoi laghannan a dh\u2019iarr:<\/strong><\/p>\n<p><strong>I.<\/strong> Gum biodh na h-eaglaisean air an c\u00e0radh, gum biodh ministearan anns na paraistean, agus gum biodh an teagasg agus an smachd mar a bha iad sa ch\u00f2rr dhen d\u00f9thaich.<\/p> <p><strong>II.<\/strong> Gum biodh taighean-seinnse ann an \u00e0iteachan goireasach anns na h-Eileanan gu l\u00e8ir, gus nach biodh aig croitearan bochda cuid-oidhche a thoirt do luchd-siubhail.<\/p> <p><strong>III.<\/strong> Gum biodh daoine a bha d\u00ecomhain air an ruagadh \u00e0s na h-Eileanan; nach biodh na cinn-chinnidh ag atharrachadh na bha aig na fir-chinnidh ri thoirt dhaibh; agus gum biodh na cinn-chinnidh riaraichte le \u00e0ireamh iomchaidh de dhaoin\u2019- uasal agus de shearbhantan.<\/p> <p><strong>IV.<\/strong> Gum biodh iarraidh d\u00e8irce air a chasg, agus a\u2019 gabhail \u00e0ite-fuirich agus aoigheachd gun ph\u00e0igheadh.<\/p> <p><strong>V.<\/strong> Gum biodh casg air Eileanaich bho bhith a\u2019 ceannach deochl\u00e0idir ach gum faodadh iad a dh\u00e8anamh dhaibh fh\u00e8in; gum faodadh na cinn-chinnidh agus urracha m\u00f2ra eile cur a dh\u2019iarraidh deoch-l\u00e0idir bhon Ghalltachd.<\/p> <p><strong>VI<\/strong>. Gun cuireadh gach duin\u2019-uasal sna h-Eileanan am mac a bu shine aca gu sgoil air choreigin air Ghalltachd; agus gum biodh iad an sin gus am biodh iad air chomas Beurla a bhruidhinn, a leughadh agus a sgr\u00ecobhadh.<\/p> <p><strong>VII.<\/strong> Nach biodh hagbut no daga aig Eileanaich \u2019s iad a-muigh, agus nach biodh iad a\u2019 losgadh air f\u00e8idh, ge\u00e0rran no e\u00f2in le gunnaichean mar sin.<\/p> <p><strong>VIII.<\/strong> Nach biodh b\u00e0ird is daoine eile a\u2019 dol timcheall na d\u00f9thcha tuilleadh, a\u2019 faighinn aoigheachd bho na cinn-chinnidh, ach gum biodh iad air an cur an gr\u00e8im, agus air an cur a-mach \u00e0s na h-Eileanan.<\/p> <p><strong>IX.<\/strong> Gum biodh na cinn-chinnidh a\u2019 cur eucoraich sna sg\u00ecrean aca an gr\u00e8im, a\u2019 toirt an cuid bhuapa, agus gan cur air beulaibh britheamh; agus nach biodh cinn-chinnidh a\u2019 gabhail eucoraich a bha a\u2019 teicheadh bho sg\u00ecrean eile.<\/p>","_links":{"self":[{"href":"https:\/\/storlann.co.uk\/gaidhlig-alba\/wp-json\/wp\/v2\/pages\/1379","targetHints":{"allow":["GET"]}}],"collection":[{"href":"https:\/\/storlann.co.uk\/gaidhlig-alba\/wp-json\/wp\/v2\/pages"}],"about":[{"href":"https:\/\/storlann.co.uk\/gaidhlig-alba\/wp-json\/wp\/v2\/types\/page"}],"author":[{"embeddable":true,"href":"https:\/\/storlann.co.uk\/gaidhlig-alba\/wp-json\/wp\/v2\/users\/3"}],"replies":[{"embeddable":true,"href":"https:\/\/storlann.co.uk\/gaidhlig-alba\/wp-json\/wp\/v2\/comments?post=1379"}],"version-history":[{"count":0,"href":"https:\/\/storlann.co.uk\/gaidhlig-alba\/wp-json\/wp\/v2\/pages\/1379\/revisions"}],"wp:attachment":[{"href":"https:\/\/storlann.co.uk\/gaidhlig-alba\/wp-json\/wp\/v2\/media?parent=1379"}],"curies":[{"name":"wp","href":"https:\/\/api.w.org\/{rel}","templated":true}]}}