{"id":1373,"date":"2021-05-05T16:08:33","date_gmt":"2021-05-05T15:08:33","guid":{"rendered":"https:\/\/storlann.co.uk\/gaidhlig-alba\/?page_id=1373"},"modified":"2022-02-24T11:29:22","modified_gmt":"2022-02-24T11:29:22","slug":"a-bhanrigh-mairead","status":"publish","type":"page","link":"https:\/\/storlann.co.uk\/gaidhlig-alba\/a-bhanrigh-mairead\/","title":{"rendered":"A&#8217; Bhanrigh Mairead"},"content":{"rendered":"<!--themify_builder_content-->\n<div id=\"themify_builder_content-1373\" data-postid=\"1373\" class=\"themify_builder_content themify_builder_content-1373 themify_builder tf_clear\">\n                    <div  data-lazy=\"1\" class=\"module_row themify_builder_row tb_ibx8306 tb_first tf_w\">\n                        <div class=\"row_inner col_align_top tb_col_count_1 tf_box tf_rel\">\n                        <div  data-lazy=\"1\" class=\"module_column tb-column col-full tb_ykre307 first\">\n                    <!-- module text -->\n<div  class=\"module module-text tb_h1xp766   \" data-lazy=\"1\">\n        <div  class=\"tb_text_wrap\">\n        <h1>A&#8217; Bhanrigh Mairead<\/h1>    <\/div>\n<\/div>\n<!-- \/module text -->        <\/div>\n                        <\/div>\n        <\/div>\n                        <div  data-lazy=\"1\" class=\"module_row themify_builder_row tb_9x5v585 tf_w\">\n                        <div class=\"row_inner col_align_top tb_col_count_2 tf_box tf_rel\">\n                        <div  data-lazy=\"1\" class=\"module_column tb-column col4-2 tb_rbcm587 first\">\n                    <!-- module text -->\n<div  class=\"module module-text tb_777j675   tb_text_dropcap\" data-lazy=\"1\">\n        <div  class=\"tb_text_wrap\">\n        <p>Rugadh a\u2019 Bhanrigh Mairead mu 1045, \u2019s d\u00f2cha san Ungair, agus chaochail i ann an D\u00f9n \u00c8ideann air 16 Samhain, 1093.<\/p>    <\/div>\n<\/div>\n<!-- \/module text -->        <\/div>\n                    <div  data-lazy=\"1\" class=\"module_column tb-column col4-2 tb_89pw874 last\">\n                    <!-- module text -->\n<div  class=\"module module-text tb_6z5o450   \" data-lazy=\"1\">\n        <div  class=\"tb_text_wrap\">\n        <p>Bha Mairead de theaghlach r\u00ecoghail Sagsanach Shasainn. Thogadh i ann an c\u00f9irt na h-Ungair far an robh a h-athair, Eideard, air f\u00f2gradh.<\/p>    <\/div>\n<\/div>\n<!-- \/module text -->        <\/div>\n                        <\/div>\n        <\/div>\n                        <div  data-lazy=\"1\" class=\"module_row themify_builder_row tb_85xy935 tf_w\">\n                        <div class=\"row_inner col_align_top tb_col_count_1 tf_box tf_rel\">\n                        <div  data-lazy=\"1\" class=\"module_column tb-column col-full tb_xl1a935 first\">\n                    <!-- module image -->\n<div  class=\"module module-image tb_rzju226 image-center   tf_mw\" data-lazy=\"1\">\n        <div class=\"image-wrap tf_rel tf_mw\">\n            <img decoding=\"async\" width=\"461\" height=\"968\" data-src=\"https:\/\/b2204768.smushcdn.com\/2204768\/wp-content\/uploads\/2022\/02\/QUEEN-MARGARET-.jpg?lossy=1&strip=1&webp=1\" class=\"wp-post-image wp-image-1949 lazyload\" title=\"QUEEN MARGARET\" alt=\"Queen Margaret\" data-srcset=\"https:\/\/b2204768.smushcdn.com\/2204768\/wp-content\/uploads\/2022\/02\/QUEEN-MARGARET-.jpg?lossy=1&strip=1&webp=1 461w, https:\/\/b2204768.smushcdn.com\/2204768\/wp-content\/uploads\/2022\/02\/QUEEN-MARGARET--143x300.jpg?lossy=1&strip=1&webp=1 143w, https:\/\/b2204768.smushcdn.com\/2204768\/wp-content\/uploads\/2022\/02\/QUEEN-MARGARET-.jpg?size=233x489&lossy=1&strip=1&webp=1 233w\" data-sizes=\"auto\" src=\"data:image\/svg+xml;base64,PHN2ZyB3aWR0aD0iMSIgaGVpZ2h0PSIxIiB4bWxucz0iaHR0cDovL3d3dy53My5vcmcvMjAwMC9zdmciPjwvc3ZnPg==\" style=\"--smush-placeholder-width: 461px; --smush-placeholder-aspect-ratio: 461\/968;\" data-original-sizes=\"(max-width: 461px) 100vw, 461px\" \/>    \n        <\/div>\n    <!-- \/image-wrap -->\n    \n        <\/div>\n<!-- \/module image -->        <\/div>\n                        <\/div>\n        <\/div>\n                        <div  data-css_id=\"7i82450\" data-lazy=\"1\" class=\"module_row themify_builder_row fullwidth_row_container tb_7i82450 tf_w\">\n            <span  class=\"builder_row_cover tf_abs\" data-lazy=\"1\"><\/span><span class=\"tb_row_frame_wrap tf_overflow tf_abs\" data-lazy=\"1\"><span class=\"tb_row_frame tb_row_frame_top  tf_abs tf_hide tf_overflow tf_w\"><\/span><span class=\"tb_row_frame tb_row_frame_bottom  tf_abs tf_hide tf_overflow tf_w\"><\/span><\/span>            <div class=\"row_inner col_align_top tb_col_count_3 tf_box tf_rel\">\n                        <div  data-lazy=\"1\" class=\"module_column tb-column col3-1 tb_xzm1452 first\">\n                    <!-- module image -->\n<div  class=\"module module-image tb_tlqr187 image-center drop-shadow bordered rotate5 tf_mw\" data-lazy=\"1\">\n        <div class=\"image-wrap tf_rel tf_mw\">\n            <img decoding=\"async\" width=\"533\" height=\"800\" data-src=\"https:\/\/b2204768.smushcdn.com\/2204768\/wp-content\/uploads\/2021\/05\/St-Margaret-stained-glass-Edinburgh-Castle.jpg?lossy=1&strip=1&webp=1\" class=\"wp-post-image wp-image-1429 lazyload\" title=\"St-Margaret-stained-glass-Edinburgh-Castle\" alt=\"Queen Margaret\" data-srcset=\"https:\/\/b2204768.smushcdn.com\/2204768\/wp-content\/uploads\/2021\/05\/St-Margaret-stained-glass-Edinburgh-Castle.jpg?lossy=1&strip=1&webp=1 533w, https:\/\/b2204768.smushcdn.com\/2204768\/wp-content\/uploads\/2021\/05\/St-Margaret-stained-glass-Edinburgh-Castle-200x300.jpg?lossy=1&strip=1&webp=1 200w, https:\/\/b2204768.smushcdn.com\/2204768\/wp-content\/uploads\/2021\/05\/St-Margaret-stained-glass-Edinburgh-Castle.jpg?size=466x699&lossy=1&strip=1&webp=1 466w\" data-sizes=\"auto\" src=\"data:image\/svg+xml;base64,PHN2ZyB3aWR0aD0iMSIgaGVpZ2h0PSIxIiB4bWxucz0iaHR0cDovL3d3dy53My5vcmcvMjAwMC9zdmciPjwvc3ZnPg==\" style=\"--smush-placeholder-width: 533px; --smush-placeholder-aspect-ratio: 533\/800;\" data-original-sizes=\"(max-width: 533px) 100vw, 533px\" \/>    \n        <\/div>\n    <!-- \/image-wrap -->\n    \n        <\/div>\n<!-- \/module image -->        <\/div>\n                    <div  data-lazy=\"1\" class=\"module_column tb-column col3-1 tb_443z651\">\n                    <!-- module image -->\n<div  class=\"module module-image tb_5hmm308 image-top   tf_mw\" data-lazy=\"1\">\n        <div class=\"image-wrap tf_rel tf_mw\">\n            <img decoding=\"async\" width=\"410\" height=\"478\" data-src=\"https:\/\/b2204768.smushcdn.com\/2204768\/wp-content\/uploads\/2021\/05\/410px-Arms_of_Margaret_Tudor_Queen_of_Scots.svg.png?lossy=1&strip=1&webp=1\" class=\"wp-post-image wp-image-1431 lazyload\" title=\"410px-Arms_of_Margaret_Tudor,_Queen_of_Scots.svg\" alt=\"Queen Margaret Coat of Arms\" data-srcset=\"https:\/\/b2204768.smushcdn.com\/2204768\/wp-content\/uploads\/2021\/05\/410px-Arms_of_Margaret_Tudor_Queen_of_Scots.svg.png?lossy=1&strip=1&webp=1 410w, https:\/\/b2204768.smushcdn.com\/2204768\/wp-content\/uploads\/2021\/05\/410px-Arms_of_Margaret_Tudor_Queen_of_Scots.svg-257x300.png?lossy=1&strip=1&webp=1 257w\" data-sizes=\"auto\" src=\"data:image\/svg+xml;base64,PHN2ZyB3aWR0aD0iMSIgaGVpZ2h0PSIxIiB4bWxucz0iaHR0cDovL3d3dy53My5vcmcvMjAwMC9zdmciPjwvc3ZnPg==\" style=\"--smush-placeholder-width: 410px; --smush-placeholder-aspect-ratio: 410\/478;\" data-original-sizes=\"(max-width: 410px) 100vw, 410px\" \/>    \n        <\/div>\n    <!-- \/image-wrap -->\n    \n        <\/div>\n<!-- \/module image -->        <\/div>\n                    <div  data-lazy=\"1\" class=\"module_column tb-column col3-1 tb_kyu6651 last\">\n                    <!-- module image -->\n<div  class=\"module module-image tb_qy6i718 image-center drop-shadow bordered rotate3 tf_mw\" data-lazy=\"1\">\n        <div class=\"image-wrap tf_rel tf_mw\">\n            <img decoding=\"async\" width=\"533\" height=\"800\" data-src=\"https:\/\/b2204768.smushcdn.com\/2204768\/wp-content\/uploads\/2021\/05\/queen-margaret-gaidhlig-alba.jpg?lossy=1&strip=1&webp=1\" class=\"wp-post-image wp-image-1430 lazyload\" title=\"queen-margaret-gaidhlig-alba\" alt=\"Queen Margaret\" data-srcset=\"https:\/\/b2204768.smushcdn.com\/2204768\/wp-content\/uploads\/2021\/05\/queen-margaret-gaidhlig-alba.jpg?lossy=1&strip=1&webp=1 533w, https:\/\/b2204768.smushcdn.com\/2204768\/wp-content\/uploads\/2021\/05\/queen-margaret-gaidhlig-alba-200x300.jpg?lossy=1&strip=1&webp=1 200w, https:\/\/b2204768.smushcdn.com\/2204768\/wp-content\/uploads\/2021\/05\/queen-margaret-gaidhlig-alba.jpg?size=466x699&lossy=1&strip=1&webp=1 466w\" data-sizes=\"auto\" src=\"data:image\/svg+xml;base64,PHN2ZyB3aWR0aD0iMSIgaGVpZ2h0PSIxIiB4bWxucz0iaHR0cDovL3d3dy53My5vcmcvMjAwMC9zdmciPjwvc3ZnPg==\" style=\"--smush-placeholder-width: 533px; --smush-placeholder-aspect-ratio: 533\/800;\" data-original-sizes=\"(max-width: 533px) 100vw, 533px\" \/>    \n        <\/div>\n    <!-- \/image-wrap -->\n    \n        <\/div>\n<!-- \/module image -->        <\/div>\n                        <\/div>\n        <\/div>\n                        <div  data-lazy=\"1\" class=\"module_row themify_builder_row tb_60er748 tf_w\">\n                        <div class=\"row_inner col_align_top tb_col_count_2 tf_box tf_rel\">\n                        <div  data-lazy=\"1\" class=\"module_column tb-column col4-3 tb_yo1d748 first\">\n                    <!-- module text -->\n<div  class=\"module module-text tb_vqv766   \" data-lazy=\"1\">\n        <div  class=\"tb_text_wrap\">\n        <p>Nuair a fhuair Uilleam Ceannsaiche buaidh air Sasainn aig Bl\u00e0r Hastings ann an 1066, theich banntrach Eideird agus a\u2019 chlann aige a dh\u2019Alba.<\/p>\n<p>Thug Calum III \u00e0ite t\u00e8arainte do bhr\u00e0thair Maireid, am prionnsa Angla-Shagsanach Edgar an Aetheling.<\/p>\n<p>Ged a b\u2019 e boireannach cr\u00e0bhach a bh\u2019 innte, ghabh Calum III a\u2019 Chinn Mh\u00f2ir, R\u00ecgh na h-Alba, Mairead mar an d\u00e0rna bean aige.<\/p>    <\/div>\n<\/div>\n<!-- \/module text -->        <\/div>\n                    <div  data-lazy=\"1\" class=\"module_column tb-column col4-1 tb_a1y6254 last\">\n                    <!-- module image -->\n<div  class=\"module module-image tb_d5b3615 image-top drop-shadow bordered  tf_mw\" data-lazy=\"1\">\n        <div class=\"image-wrap tf_rel tf_mw\">\n            <img decoding=\"async\" width=\"268\" height=\"252\" data-src=\"https:\/\/b2204768.smushcdn.com\/2204768\/wp-content\/uploads\/2021\/05\/Saint_Margaret_of_Scotland.jpg?lossy=1&strip=1&webp=1\" class=\"wp-post-image wp-image-1436 lazyload\" title=\"Saint_Margaret_of_Scotland\" alt=\"Queen Margaret\" data-sizes=\"(max-width: 268px) 100vw, 268px\" src=\"data:image\/svg+xml;base64,PHN2ZyB3aWR0aD0iMSIgaGVpZ2h0PSIxIiB4bWxucz0iaHR0cDovL3d3dy53My5vcmcvMjAwMC9zdmciPjwvc3ZnPg==\" style=\"--smush-placeholder-width: 268px; --smush-placeholder-aspect-ratio: 268\/252;\">    \n        <\/div>\n    <!-- \/image-wrap -->\n    \n        <\/div>\n<!-- \/module image -->        <\/div>\n                        <\/div>\n        <\/div>\n                        <div  data-lazy=\"1\" class=\"module_row themify_builder_row tb_8cui627 tf_w\">\n                        <div class=\"row_inner col_align_top tb_col_count_2 tf_box tf_rel\">\n                        <div  data-lazy=\"1\" class=\"module_column tb-column col4-2 tb_xed6627 first\">\n                    <!-- module text -->\n<div  class=\"module module-text tb_awmd782   \" data-lazy=\"1\">\n        <div  class=\"tb_text_wrap\">\n        <h2>Luchdachaidhean a-nuas<\/h2>\n<div class='w3eden wpdm_packages_shortcode'>\n    <div class=''>\n\n        \n        <div id=\"content_wpdm_package_1\">\n            <div class='row'><div class='col-lg-12 col-md-6 col-6'> <a href=\"https:\/\/storlann.co.uk\/gaidhlig-alba\/download\/a-bhanrigh-mairead-air-a-naomhachadh\/?wpdmdl=419&refresh=69e341ee301061776501230\"><div class=\"gis-dl\">\n  <div class=\"gis-dl-link-cont\">A\u2019 Bhanrigh Mairead air a naomhachadh<div class=\"gis-file\"><i class=\"fa fa-file-download ml-3 color-yellow\"><\/i>\n            7628<\/div><\/div>\n<\/div><\/a>\n<\/div><div class='col-lg-12 col-md-6 col-6'> <a href=\"https:\/\/storlann.co.uk\/gaidhlig-alba\/download\/a-bhanrigh-mairead\/?wpdmdl=421&refresh=69e341ee3e5cd1776501230\"><div class=\"gis-dl\">\n  <div class=\"gis-dl-link-cont\">A\u2019 Bhanrigh Mairead<div class=\"gis-file\"><i class=\"fa fa-file-download ml-3 color-yellow\"><\/i>\n            7622<\/div><\/div>\n<\/div><\/a>\n<\/div><div class='col-lg-12 col-md-6 col-6'> <a href=\"https:\/\/storlann.co.uk\/gaidhlig-alba\/download\/a-toirt-buaidh-air-a-ghaidhlig\/?wpdmdl=423&refresh=69e341ee4b4151776501230\"><div class=\"gis-dl\">\n  <div class=\"gis-dl-link-cont\">A\u2019 toirt buaidh air a\u2019 Gh\u00e0idhlig<div class=\"gis-file\"><i class=\"fa fa-file-download ml-3 color-yellow\"><\/i>\n            7812<\/div><\/div>\n<\/div><\/a>\n<\/div><div class='col-lg-12 col-md-6 col-6'> <a href=\"https:\/\/storlann.co.uk\/gaidhlig-alba\/download\/ath-bheothachadh-air-beatha-chrabhach-ann-an-alba\/?wpdmdl=425&refresh=69e341ee59f5c1776501230\"><div class=\"gis-dl\">\n  <div class=\"gis-dl-link-cont\">Ath-bheothachadh air beatha chr\u00e0bhach ann an Alba<div class=\"gis-file\"><i class=\"fa fa-file-download ml-3 color-yellow\"><\/i>\n            8137<\/div><\/div>\n<\/div><\/a>\n<\/div><div class='col-lg-12 col-md-6 col-6'> <a href=\"https:\/\/storlann.co.uk\/gaidhlig-alba\/download\/bas-a-bhanrigh-mairead\/?wpdmdl=427&refresh=69e341ee67e971776501230\"><div class=\"gis-dl\">\n  <div class=\"gis-dl-link-cont\">B\u00e0s na Banrigh Mairead<div class=\"gis-file\"><i class=\"fa fa-file-download ml-3 color-yellow\"><\/i>\n            8343<\/div><\/div>\n<\/div><\/a>\n<\/div><div class='col-lg-12 col-md-6 col-6'> <a href=\"https:\/\/storlann.co.uk\/gaidhlig-alba\/download\/bas-righ-chaluim-a-chinn-mhoir\/?wpdmdl=429&refresh=69e341ee75f6e1776501230\"><div class=\"gis-dl\">\n  <div class=\"gis-dl-link-cont\">B\u00e0s R\u00ecgh Chaluim a\u2019 Chinn Mh\u00f2ir<div class=\"gis-file\"><i class=\"fa fa-file-download ml-3 color-yellow\"><\/i>\n            8085<\/div><\/div>\n<\/div><\/a>\n<\/div><div class='col-lg-12 col-md-6 col-6'> <a href=\"https:\/\/storlann.co.uk\/gaidhlig-alba\/download\/colaiste-oilthigh-na-banrigh-mairead\/?wpdmdl=431&refresh=69e341ee82f861776501230\"><div class=\"gis-dl\">\n  <div class=\"gis-dl-link-cont\">Colaiste Oilthigh na Banrigh Mairead<div class=\"gis-file\"><i class=\"fa fa-file-download ml-3 color-yellow\"><\/i>\n            7487<\/div><\/div>\n<\/div><\/a>\n<\/div><div class='col-lg-12 col-md-6 col-6'> <a href=\"https:\/\/storlann.co.uk\/gaidhlig-alba\/download\/eaglais-abaid-dhun-pharlain\/?wpdmdl=433&refresh=69e341ee90d4c1776501230\"><div class=\"gis-dl\">\n  <div class=\"gis-dl-link-cont\">Eaglais Abaid Dh\u00f9n Ph\u00e0rlain<div class=\"gis-file\"><i class=\"fa fa-file-download ml-3 color-yellow\"><\/i>\n            7436<\/div><\/div>\n<\/div><\/a>\n<\/div><div class='col-lg-12 col-md-6 col-6'> <a href=\"https:\/\/storlann.co.uk\/gaidhlig-alba\/download\/teaghlach-a-bhanrigh\/?wpdmdl=439&refresh=69e341ee9d4f91776501230\"><div class=\"gis-dl\">\n  <div class=\"gis-dl-link-cont\">Teaghlach na Banrigh<div class=\"gis-file\"><i class=\"fa fa-file-download ml-3 color-yellow\"><\/i>\n            7052<\/div><\/div>\n<\/div><\/a>\n<\/div><div class='col-lg-12 col-md-6 col-6'> <a href=\"https:\/\/storlann.co.uk\/gaidhlig-alba\/download\/sliochd-rioghail-chaluim-a-chinn-mhoir\/?wpdmdl=1453&refresh=69e341eea9ce21776501230\"><div class=\"gis-dl\">\n  <div class=\"gis-dl-link-cont\">Sliochd R\u00ecoghail Chaluim a\u2019 Chinn Mh\u00f2ir<div class=\"gis-file\"><i class=\"fa fa-file-download ml-3 color-yellow\"><\/i>\n            7536<\/div><\/div>\n<\/div><\/a>\n<\/div><\/div>            <div style='clear:both'><\/div><div class='text-center'><ul class='pagination wpdm-pagination pagination-centered text-center'><li><span aria-current=\"page\" class=\"page-numbers current\">1<\/span><\/li><li><a  data-container='#content_wpdm_package_1' class=\"page-numbers\" href=\"https:\/\/storlann.co.uk\/gaidhlig-alba\/wp-json\/wp\/v2\/pages\/1373\/?cp=2\">2<\/a><\/li><li><a  data-container='#content_wpdm_package_1' class=\"next page-numbers\" href=\"https:\/\/storlann.co.uk\/gaidhlig-alba\/wp-json\/wp\/v2\/pages\/1373\/?cp=2\"> <i style=\"display: inline-block;width: 8px;height: 8px;border-right: 2px solid;border-top: 2px solid;transform: rotate(45deg);margin-left: -2px;margin-top: -2px;\"><\/i> <\/a><\/li><\/ul><\/div><div style='clear:both'><\/div>        <\/div>\n\n        <div style='clear:both'><\/div>\n    <\/div>\n<\/div>\n\n    <\/div>\n<\/div>\n<!-- \/module text -->        <\/div>\n                    <div  data-lazy=\"1\" class=\"module_column tb-column col4-2 tb_w65q190 last\">\n                    <!-- module image -->\n<div  class=\"module module-image tb_arud952 image-center   tf_mw\" data-lazy=\"1\">\n        <div class=\"image-wrap tf_rel tf_mw\">\n            <img decoding=\"async\" width=\"596\" height=\"608\" data-src=\"https:\/\/b2204768.smushcdn.com\/2204768\/wp-content\/uploads\/2021\/05\/queen-margaret-gaelic-scotland.jpg?lossy=1&strip=1&webp=1\" class=\"wp-post-image wp-image-1426 lazyload\" title=\"Paton, Joseph Noel, 1821-1901; Queen Margaret and King Malcom Canmore\" alt=\"Queen Margaret and Malcolm Canmore\" data-srcset=\"https:\/\/b2204768.smushcdn.com\/2204768\/wp-content\/uploads\/2021\/05\/queen-margaret-gaelic-scotland.jpg?lossy=1&strip=1&webp=1 596w, https:\/\/b2204768.smushcdn.com\/2204768\/wp-content\/uploads\/2021\/05\/queen-margaret-gaelic-scotland-294x300.jpg?lossy=1&strip=1&webp=1 294w, https:\/\/b2204768.smushcdn.com\/2204768\/wp-content\/uploads\/2021\/05\/queen-margaret-gaelic-scotland.jpg?size=233x238&lossy=1&strip=1&webp=1 233w, https:\/\/b2204768.smushcdn.com\/2204768\/wp-content\/uploads\/2021\/05\/queen-margaret-gaelic-scotland.jpg?size=466x475&lossy=1&strip=1&webp=1 466w\" data-sizes=\"auto\" src=\"data:image\/svg+xml;base64,PHN2ZyB3aWR0aD0iMSIgaGVpZ2h0PSIxIiB4bWxucz0iaHR0cDovL3d3dy53My5vcmcvMjAwMC9zdmciPjwvc3ZnPg==\" style=\"--smush-placeholder-width: 596px; --smush-placeholder-aspect-ratio: 596\/608;\" data-original-sizes=\"(max-width: 596px) 100vw, 596px\" \/>    \n        <\/div>\n    <!-- \/image-wrap -->\n    \n        <\/div>\n<!-- \/module image --><!-- module text -->\n<div  class=\"module module-text tb_n1wk604  repeat \" data-lazy=\"1\">\n        <div  class=\"tb_text_wrap\">\n        <p>R\u00ecgh Calum a\u2019 Chinn Mh\u00f2ir agus a\u2019 Bhanrigh Mairead, air a pheantadh le Sir Noel Paton.<\/p>\n<p>Tha an dealbh seo ann an Se\u00f2mraichean Baile Dh\u00f9n Ph\u00e0rlain.<\/p>    <\/div>\n<\/div>\n<!-- \/module text -->        <\/div>\n                        <\/div>\n        <\/div>\n        <\/div>\n<!--\/themify_builder_content-->","protected":false},"excerpt":{"rendered":"<p>A&#8217; Bhanrigh Mairead<\/p>\n","protected":false},"author":3,"featured_media":0,"parent":0,"menu_order":0,"comment_status":"closed","ping_status":"closed","template":"","meta":{"inline_featured_image":false,"footnotes":""},"class_list":["post-1373","page","type-page","status-publish","hentry","has-post-title","has-post-date","has-post-category","has-post-tag","has-post-comment","has-post-author",""],"builder_content":"<h1>A' Bhanrigh Mairead<\/h1>\n<p>Rugadh a\u2019 Bhanrigh Mairead mu 1045, \u2019s d\u00f2cha san Ungair, agus chaochail i ann an D\u00f9n \u00c8ideann air 16 Samhain, 1093.<\/p>\n<p>Bha Mairead de theaghlach r\u00ecoghail Sagsanach Shasainn. Thogadh i ann an c\u00f9irt na h-Ungair far an robh a h-athair, Eideard, air f\u00f2gradh.<\/p>\n<img src=\"https:\/\/storlann.co.uk\/gaidhlig-alba\/wp-content\/uploads\/2022\/02\/QUEEN-MARGARET-.jpg\" title=\"QUEEN MARGARET\" alt=\"Queen Margaret\" srcset=\"https:\/\/storlann.co.uk\/gaidhlig-alba\/wp-content\/uploads\/2022\/02\/QUEEN-MARGARET-.jpg 461w, https:\/\/storlann.co.uk\/gaidhlig-alba\/wp-content\/uploads\/2022\/02\/QUEEN-MARGARET--143x300.jpg 143w\" sizes=\"(max-width: 461px) 100vw, 461px\" \/>\n<img src=\"https:\/\/storlann.co.uk\/gaidhlig-alba\/wp-content\/uploads\/2021\/05\/St-Margaret-stained-glass-Edinburgh-Castle.jpg\" title=\"St-Margaret-stained-glass-Edinburgh-Castle\" alt=\"Queen Margaret\" srcset=\"https:\/\/storlann.co.uk\/gaidhlig-alba\/wp-content\/uploads\/2021\/05\/St-Margaret-stained-glass-Edinburgh-Castle.jpg 533w, https:\/\/storlann.co.uk\/gaidhlig-alba\/wp-content\/uploads\/2021\/05\/St-Margaret-stained-glass-Edinburgh-Castle-200x300.jpg 200w\" sizes=\"(max-width: 533px) 100vw, 533px\" \/>\n<img src=\"https:\/\/storlann.co.uk\/gaidhlig-alba\/wp-content\/uploads\/2021\/05\/410px-Arms_of_Margaret_Tudor_Queen_of_Scots.svg.png\" title=\"410px-Arms_of_Margaret_Tudor,_Queen_of_Scots.svg\" alt=\"Queen Margaret Coat of Arms\" srcset=\"https:\/\/storlann.co.uk\/gaidhlig-alba\/wp-content\/uploads\/2021\/05\/410px-Arms_of_Margaret_Tudor_Queen_of_Scots.svg.png 410w, https:\/\/storlann.co.uk\/gaidhlig-alba\/wp-content\/uploads\/2021\/05\/410px-Arms_of_Margaret_Tudor_Queen_of_Scots.svg-257x300.png 257w\" sizes=\"(max-width: 410px) 100vw, 410px\" \/>\n<img src=\"https:\/\/storlann.co.uk\/gaidhlig-alba\/wp-content\/uploads\/2021\/05\/queen-margaret-gaidhlig-alba.jpg\" title=\"queen-margaret-gaidhlig-alba\" alt=\"Queen Margaret\" srcset=\"https:\/\/storlann.co.uk\/gaidhlig-alba\/wp-content\/uploads\/2021\/05\/queen-margaret-gaidhlig-alba.jpg 533w, https:\/\/storlann.co.uk\/gaidhlig-alba\/wp-content\/uploads\/2021\/05\/queen-margaret-gaidhlig-alba-200x300.jpg 200w\" sizes=\"(max-width: 533px) 100vw, 533px\" \/>\n<p>Nuair a fhuair Uilleam Ceannsaiche buaidh air Sasainn aig Bl\u00e0r Hastings ann an 1066, theich banntrach Eideird agus a\u2019 chlann aige a dh\u2019Alba.<\/p> <p>Thug Calum III \u00e0ite t\u00e8arainte do bhr\u00e0thair Maireid, am prionnsa Angla-Shagsanach Edgar an Aetheling.<\/p> <p>Ged a b\u2019 e boireannach cr\u00e0bhach a bh\u2019 innte, ghabh Calum III a\u2019 Chinn Mh\u00f2ir, R\u00ecgh na h-Alba, Mairead mar an d\u00e0rna bean aige.<\/p>\n<img src=\"https:\/\/storlann.co.uk\/gaidhlig-alba\/wp-content\/uploads\/2021\/05\/Saint_Margaret_of_Scotland.jpg\" title=\"Saint_Margaret_of_Scotland\" alt=\"Queen Margaret\">\n<h2>Luchdachaidhean a-nuas<\/h2> <p>[wpdm_category id=\"ban-righ-mairead\" cols=\"1\" toolbar=0 item_per_page=\"20\" template=\"gis_download_1\" order_by=\"title\" order=\"asc\" paging=\"1\"]<\/p>\n<img src=\"https:\/\/storlann.co.uk\/gaidhlig-alba\/wp-content\/uploads\/2021\/05\/queen-margaret-gaelic-scotland.jpg\" title=\"Paton, Joseph Noel, 1821-1901; Queen Margaret and King Malcom Canmore\" alt=\"Queen Margaret and Malcolm Canmore\" srcset=\"https:\/\/storlann.co.uk\/gaidhlig-alba\/wp-content\/uploads\/2021\/05\/queen-margaret-gaelic-scotland.jpg 596w, https:\/\/storlann.co.uk\/gaidhlig-alba\/wp-content\/uploads\/2021\/05\/queen-margaret-gaelic-scotland-294x300.jpg 294w\" sizes=\"(max-width: 596px) 100vw, 596px\" \/>\n<p>R\u00ecgh Calum a\u2019 Chinn Mh\u00f2ir agus a\u2019 Bhanrigh Mairead, air a pheantadh le Sir Noel Paton.<\/p> <p>Tha an dealbh seo ann an Se\u00f2mraichean Baile Dh\u00f9n Ph\u00e0rlain.<\/p>","_links":{"self":[{"href":"https:\/\/storlann.co.uk\/gaidhlig-alba\/wp-json\/wp\/v2\/pages\/1373","targetHints":{"allow":["GET"]}}],"collection":[{"href":"https:\/\/storlann.co.uk\/gaidhlig-alba\/wp-json\/wp\/v2\/pages"}],"about":[{"href":"https:\/\/storlann.co.uk\/gaidhlig-alba\/wp-json\/wp\/v2\/types\/page"}],"author":[{"embeddable":true,"href":"https:\/\/storlann.co.uk\/gaidhlig-alba\/wp-json\/wp\/v2\/users\/3"}],"replies":[{"embeddable":true,"href":"https:\/\/storlann.co.uk\/gaidhlig-alba\/wp-json\/wp\/v2\/comments?post=1373"}],"version-history":[{"count":0,"href":"https:\/\/storlann.co.uk\/gaidhlig-alba\/wp-json\/wp\/v2\/pages\/1373\/revisions"}],"wp:attachment":[{"href":"https:\/\/storlann.co.uk\/gaidhlig-alba\/wp-json\/wp\/v2\/media?parent=1373"}],"curies":[{"name":"wp","href":"https:\/\/api.w.org\/{rel}","templated":true}]}}