{"id":1348,"date":"2021-05-05T12:41:40","date_gmt":"2021-05-05T11:41:40","guid":{"rendered":"https:\/\/storlann.co.uk\/gaidhlig-alba\/?page_id=1348"},"modified":"2022-03-15T14:52:07","modified_gmt":"2022-03-15T14:52:07","slug":"gaidhlig-canan-ceilteach","status":"publish","type":"page","link":"https:\/\/storlann.co.uk\/gaidhlig-alba\/gaidhlig-canan-ceilteach\/","title":{"rendered":"G\u00e0idhlig &#8211; C\u00e0nan Ceilteach"},"content":{"rendered":"<!--themify_builder_content-->\n<div id=\"themify_builder_content-1348\" data-postid=\"1348\" class=\"themify_builder_content themify_builder_content-1348 themify_builder tf_clear\">\n                    <div  data-lazy=\"1\" class=\"module_row themify_builder_row tb_x1lr338 tb_first tf_w\">\n                        <div class=\"row_inner col_align_top tb_col_count_1 tf_box tf_rel\">\n                        <div  data-lazy=\"1\" class=\"module_column tb-column col-full tb_o1ql339 first\">\n                    <!-- module text -->\n<div  class=\"module module-text tb_jybm160   \" data-lazy=\"1\">\n        <div  class=\"tb_text_wrap\">\n        <h1>G\u00e0idhlig &#8211; C\u00e0nan Ceilteach<\/h1>    <\/div>\n<\/div>\n<!-- \/module text -->        <\/div>\n                        <\/div>\n        <\/div>\n                        <div  data-css_id=\"43ij264\" data-lazy=\"1\" class=\"module_row themify_builder_row fullwidth_row_container tb_43ij264 tf_w\">\n                        <div class=\"row_inner col_align_top tb_col_count_2 tf_box tf_rel\">\n                        <div  data-lazy=\"1\" class=\"module_column tb-column col4-2 tb_ea7u265 first\">\n                    <!-- module text -->\n<div  class=\"module module-text tb_hznq207   \" data-lazy=\"1\">\n        <div  class=\"tb_text_wrap\">\n        <h2>Sia D\u00f9thchannan Ceilteach, Sia C\u00e0nanan Ceilteach<\/h2>    <\/div>\n<\/div>\n<!-- \/module text --><!-- module text -->\n<div  class=\"module module-text tb_0vmp157   \" data-lazy=\"1\">\n        <div  class=\"tb_text_wrap\">\n        <p>Tha sia C\u00e0nanan Ceilteach ann agus \u2019s e G\u00e0idhlig na h-Alba fear aca. \u2019S e an fheadhainn eile Gaeilge (G\u00e0idhlig na h-\u00c8ireann), Gaelg (G\u00e0idhlig Eilean Mhanainn), C\u00f2rnais, Cuimris agus Breatannais.<\/p><p>\u2019S iad G\u00e0idhlig, Gaeilge agus Gaelg c\u00e0nanan Goidhealach Ceilteach an latha an-diugh, a th\u00f2isich ann am Breatainn agus \u00c8irinn.<\/p>    <\/div>\n<\/div>\n<!-- \/module text --><!-- module text -->\n<div  class=\"module module-text tb_kc0v108   \" data-lazy=\"1\">\n        <div  class=\"tb_text_wrap\">\n        <p>Canaidh sinn c\u00e0nanan Briothannach ri Breatannais, C\u00f2rnais agus Cuimris.<\/p>    <\/div>\n<\/div>\n<!-- \/module text -->        <div  data-lazy=\"1\" class=\"module_subrow themify_builder_sub_row tf_w col_align_top tb_col_count_2 tb_dnr4733\">\n                <div  data-lazy=\"1\" class=\"module_column sub_column col2-1 tb_v4ft735 first\">\n                    <!-- module text -->\n<div  class=\"module module-text tb_7jao511   \" data-lazy=\"1\">\n        <div  class=\"tb_text_wrap\">\n        <p>Bha c\u00e0nanan Ceilteach gam bruidhinn air feadh na Roinn E\u00f2rpa an Iar aig \u00e0m nan R\u00f2manach agus ro \u00e0m nan R\u00f2manach.<\/p>\n<p>An-diugh \u2019s ann ann an Eileanan Bhreatainn agus sa Bhreatainn Bhig, sg\u00ecre ann an iar-thuath na Frainge, a tha iad air am bruidhinn sa mh\u00f2rchuid.<\/p>    <\/div>\n<\/div>\n<!-- \/module text -->        <\/div>\n                    <div  data-lazy=\"1\" class=\"module_column sub_column col2-1 tb_x6bp736 last\">\n                    <!-- module image -->\n<div  class=\"module module-image tb_41ww583 image-center   tf_mw\" data-lazy=\"1\">\n        <div class=\"image-wrap tf_rel tf_mw\">\n            <img decoding=\"async\" data-src=\"https:\/\/b2204768.smushcdn.com\/2204768\/wp-content\/uploads\/2021\/05\/romans-ns-1.gif?lossy=1&strip=1&webp=1\" width=\"271\" height=\"380\" class=\"wp-post-image wp-image-1362 lazyload\" title=\"romans-ns\" alt=\"romans-ns\" data-sizes=\"(max-width: 271px) 100vw, 271px\" src=\"data:image\/svg+xml;base64,PHN2ZyB3aWR0aD0iMSIgaGVpZ2h0PSIxIiB4bWxucz0iaHR0cDovL3d3dy53My5vcmcvMjAwMC9zdmciPjwvc3ZnPg==\" style=\"--smush-placeholder-width: 271px; --smush-placeholder-aspect-ratio: 271\/380;\">    \n        <\/div>\n    <!-- \/image-wrap -->\n    \n        <\/div>\n<!-- \/module image -->        <\/div>\n                    <\/div>\n                <\/div>\n                    <div  data-lazy=\"1\" class=\"module_column tb-column col4-2 tb_th5b754 last\">\n                    <!-- module image -->\n<div  class=\"module module-image tb_z9e4983 image-right   tf_mw\" data-lazy=\"1\">\n        <div class=\"image-wrap tf_rel tf_mw\">\n            <img decoding=\"async\" data-src=\"https:\/\/b2204768.smushcdn.com\/2204768\/wp-content\/uploads\/2022\/03\/cananan-ceilteach-gaidhlig-alba-437x600.png?lossy=1&strip=1&webp=1\" width=\"437\" height=\"600\" class=\"wp-post-image wp-image-2472 lazyload\" title=\"cananan-ceilteach-gaidhlig-alba\" alt=\"Celtic Language Map\" data-srcset=\"https:\/\/storlann.co.uk\/gaidhlig-alba\/wp-content\/uploads\/2022\/03\/cananan-ceilteach-gaidhlig-alba-437x600.png 437w, https:\/\/storlann.co.uk\/gaidhlig-alba\/wp-content\/uploads\/2022\/03\/cananan-ceilteach-gaidhlig-alba-219x300.png 219w, https:\/\/storlann.co.uk\/gaidhlig-alba\/wp-content\/uploads\/2022\/03\/cananan-ceilteach-gaidhlig-alba.png 500w\" data-sizes=\"auto\" src=\"data:image\/svg+xml;base64,PHN2ZyB3aWR0aD0iMSIgaGVpZ2h0PSIxIiB4bWxucz0iaHR0cDovL3d3dy53My5vcmcvMjAwMC9zdmciPjwvc3ZnPg==\" style=\"--smush-placeholder-width: 437px; --smush-placeholder-aspect-ratio: 437\/600;\" data-original-sizes=\"(max-width: 437px) 100vw, 437px\" \/>    \n        <\/div>\n    <!-- \/image-wrap -->\n    \n        <\/div>\n<!-- \/module image --><!-- module text -->\n<div  class=\"module module-text tb_ogoh855   \" data-lazy=\"1\">\n        <div  class=\"tb_text_wrap\">\n        <p>Na D\u00f9thchannan Ceilteach, far a bheil na c\u00e0nanan Ceilteach fhathast gam bruidhinn an-diugh, air neo far an robh iad air am bruidhinn a-steach dhan nuadh linn.<\/p>    <\/div>\n<\/div>\n<!-- \/module text -->        <\/div>\n                        <\/div>\n        <\/div>\n                        <div  data-lazy=\"1\" class=\"module_row themify_builder_row tb_i5va828 tf_w\">\n                        <div class=\"row_inner col_align_top tb_col_count_1 tf_box tf_rel\">\n                        <div  data-lazy=\"1\" class=\"module_column tb-column col-full tb_ecpg829 first\">\n                    <!-- module image -->\n<div  class=\"module module-image tb_z55e946 image-center   auto_fullwidth tf_mw\" data-lazy=\"1\">\n        <div class=\"image-wrap tf_rel tf_mw\">\n            <img decoding=\"async\" data-src=\"https:\/\/storlann.co.uk\/gaidhlig-alba\/wp-content\/uploads\/2021\/05\/Roinn-eorpa-nan-ceilteach.svg\" width=\"1100\" height=\"1033\" class=\"wp-post-image wp-image-1389 lazyload\" title=\"Roinn-eorpa-nan-ceilteach\" alt=\"Roinn E\u00f2rpa nan Ceilteach\" src=\"data:image\/svg+xml;base64,PHN2ZyB3aWR0aD0iMSIgaGVpZ2h0PSIxIiB4bWxucz0iaHR0cDovL3d3dy53My5vcmcvMjAwMC9zdmciPjwvc3ZnPg==\" style=\"--smush-placeholder-width: 1100px; --smush-placeholder-aspect-ratio: 1100\/1033;\">    \n        <\/div>\n    <!-- \/image-wrap -->\n    \n        <\/div>\n<!-- \/module image -->        <\/div>\n                        <\/div>\n        <\/div>\n                        <div  data-lazy=\"1\" class=\"module_row themify_builder_row tb_n9o042 tf_w\">\n                        <div class=\"row_inner col_align_top tb_col_count_2 tf_box tf_rel\">\n                        <div  data-lazy=\"1\" class=\"module_column tb-column col4-2 tb_n07s43 first\">\n                    <!-- module text -->\n<div  class=\"module module-text tb_brjp17   \" data-lazy=\"1\">\n        <div  class=\"tb_text_wrap\">\n        <h2>Luchdachaidhean a-nuas<\/h2>\n<div class='w3eden wpdm_packages_shortcode'>\n    <div class=''>\n\n        \n        <div id=\"content_wpdm_package_1\">\n            <div class='row'><div class='col-lg-12 col-md-6 col-6'> <a href=\"https:\/\/storlann.co.uk\/gaidhlig-alba\/download\/sia-duthchannan-ceilteach-sia-cananan-ceilteach\/?wpdmdl=591&refresh=69fb7d4ce80da1778089292\"><div class=\"gis-dl\">\n  <div class=\"gis-dl-link-cont\">Sia D\u00f9thchannan Ceilteach, Sia C\u00e0nanan Ceilteach<div class=\"gis-file\"><i class=\"fa fa-file-download ml-3 color-yellow\"><\/i>\n            6145<\/div><\/div>\n<\/div><\/a>\n<\/div><div class='col-lg-12 col-md-6 col-6'> <a href=\"https:\/\/storlann.co.uk\/gaidhlig-alba\/download\/sgaoileadh-nan-cananan-gaidhlig-2\/?wpdmdl=589&refresh=69fb7d4d066d91778089293\"><div class=\"gis-dl\">\n  <div class=\"gis-dl-link-cont\">Sgaoileadh nan C\u00e0nanan G\u00e0idhlig<div class=\"gis-file\"><i class=\"fa fa-file-download ml-3 color-yellow\"><\/i>\n            5941<\/div><\/div>\n<\/div><\/a>\n<\/div><div class='col-lg-12 col-md-6 col-6'> <a href=\"https:\/\/storlann.co.uk\/gaidhlig-alba\/download\/mion-chanain\/?wpdmdl=587&refresh=69fb7d4d1a2451778089293\"><div class=\"gis-dl\">\n  <div class=\"gis-dl-link-cont\">Mion-ch\u00e0nain<div class=\"gis-file\"><i class=\"fa fa-file-download ml-3 color-yellow\"><\/i>\n            5840<\/div><\/div>\n<\/div><\/a>\n<\/div><\/div>            <div style='clear:both'><\/div><div class='text-center'><ul class='pagination wpdm-pagination pagination-centered text-center'><\/ul><\/div><div style='clear:both'><\/div>        <\/div>\n\n        <div style='clear:both'><\/div>\n    <\/div>\n<\/div>\n    <\/div>\n<\/div>\n<!-- \/module text -->        <\/div>\n                    <div  data-lazy=\"1\" class=\"module_column tb-column col4-2 tb_w89w497 last\">\n                    <!-- module image -->\n<div  class=\"module module-image tb_umcb656 image-center   tf_mw\" data-lazy=\"1\">\n        <div class=\"image-wrap tf_rel tf_mw\">\n            <img decoding=\"async\" data-src=\"https:\/\/storlann.co.uk\/gaidhlig-alba\/wp-content\/uploads\/2021\/05\/irish-greeting.svg\" width=\"400\" height=\"371\" class=\"wp-post-image wp-image-1391 lazyload\" title=\"irish-greeting\" alt=\"Irish Greeting\" src=\"data:image\/svg+xml;base64,PHN2ZyB3aWR0aD0iMSIgaGVpZ2h0PSIxIiB4bWxucz0iaHR0cDovL3d3dy53My5vcmcvMjAwMC9zdmciPjwvc3ZnPg==\" style=\"--smush-placeholder-width: 400px; --smush-placeholder-aspect-ratio: 400\/371;\">    \n        <\/div>\n    <!-- \/image-wrap -->\n    \n        <\/div>\n<!-- \/module image -->        <\/div>\n                        <\/div>\n        <\/div>\n        <\/div>\n<!--\/themify_builder_content-->","protected":false},"excerpt":{"rendered":"<p>G\u00e0idhlig &#8211; C\u00e0nan Ceilteach<\/p>\n","protected":false},"author":3,"featured_media":0,"parent":0,"menu_order":0,"comment_status":"closed","ping_status":"closed","template":"","meta":{"inline_featured_image":false,"footnotes":""},"class_list":["post-1348","page","type-page","status-publish","hentry","has-post-title","has-post-date","has-post-category","has-post-tag","has-post-comment","has-post-author",""],"builder_content":"<h1>G\u00e0idhlig - C\u00e0nan Ceilteach<\/h1>\n<h2>Sia D\u00f9thchannan Ceilteach, Sia C\u00e0nanan Ceilteach<\/h2>\n<p>Tha sia C\u00e0nanan Ceilteach ann agus \u2019s e G\u00e0idhlig na h-Alba fear aca. \u2019S e an fheadhainn eile Gaeilge (G\u00e0idhlig na h-\u00c8ireann), Gaelg (G\u00e0idhlig Eilean Mhanainn), C\u00f2rnais, Cuimris agus Breatannais.<\/p><p>\u2019S iad G\u00e0idhlig, Gaeilge agus Gaelg c\u00e0nanan Goidhealach Ceilteach an latha an-diugh, a th\u00f2isich ann am Breatainn agus \u00c8irinn.<\/p>\n<p>Canaidh sinn c\u00e0nanan Briothannach ri Breatannais, C\u00f2rnais agus Cuimris.<\/p>\n<p>Bha c\u00e0nanan Ceilteach gam bruidhinn air feadh na Roinn E\u00f2rpa an Iar aig \u00e0m nan R\u00f2manach agus ro \u00e0m nan R\u00f2manach.<\/p> <p>An-diugh \u2019s ann ann an Eileanan Bhreatainn agus sa Bhreatainn Bhig, sg\u00ecre ann an iar-thuath na Frainge, a tha iad air am bruidhinn sa mh\u00f2rchuid.<\/p>\n<img src=\"https:\/\/storlann.co.uk\/gaidhlig-alba\/wp-content\/uploads\/2021\/05\/romans-ns-1.gif\" width=\"271\" height=\"380\" title=\"romans-ns\" alt=\"romans-ns\">\n<img src=\"https:\/\/storlann.co.uk\/gaidhlig-alba\/wp-content\/uploads\/2022\/03\/cananan-ceilteach-gaidhlig-alba-437x600.png\" width=\"437\" height=\"600\" title=\"cananan-ceilteach-gaidhlig-alba\" alt=\"Celtic Language Map\" srcset=\"https:\/\/storlann.co.uk\/gaidhlig-alba\/wp-content\/uploads\/2022\/03\/cananan-ceilteach-gaidhlig-alba-437x600.png 437w, https:\/\/storlann.co.uk\/gaidhlig-alba\/wp-content\/uploads\/2022\/03\/cananan-ceilteach-gaidhlig-alba-219x300.png 219w, https:\/\/storlann.co.uk\/gaidhlig-alba\/wp-content\/uploads\/2022\/03\/cananan-ceilteach-gaidhlig-alba.png 500w\" sizes=\"(max-width: 437px) 100vw, 437px\" \/>\n<p>Na D\u00f9thchannan Ceilteach, far a bheil na c\u00e0nanan Ceilteach fhathast gam bruidhinn an-diugh, air neo far an robh iad air am bruidhinn a-steach dhan nuadh linn.<\/p>\n<img src=\"https:\/\/storlann.co.uk\/gaidhlig-alba\/wp-content\/uploads\/2021\/05\/Roinn-eorpa-nan-ceilteach.svg\" width=\"1100\" height=\"1033\" title=\"Roinn-eorpa-nan-ceilteach\" alt=\"Roinn E\u00f2rpa nan Ceilteach\">\n<h2>Luchdachaidhean a-nuas<\/h2> <p>[wpdm_category id=\"cananan-ceilteach\" cols=\"1\" toolbar=0 item_per_page=10 template=\"gis_download_1\"]<\/p>\n<img src=\"https:\/\/storlann.co.uk\/gaidhlig-alba\/wp-content\/uploads\/2021\/05\/irish-greeting.svg\" width=\"400\" height=\"371\" title=\"irish-greeting\" alt=\"Irish Greeting\">","_links":{"self":[{"href":"https:\/\/storlann.co.uk\/gaidhlig-alba\/wp-json\/wp\/v2\/pages\/1348","targetHints":{"allow":["GET"]}}],"collection":[{"href":"https:\/\/storlann.co.uk\/gaidhlig-alba\/wp-json\/wp\/v2\/pages"}],"about":[{"href":"https:\/\/storlann.co.uk\/gaidhlig-alba\/wp-json\/wp\/v2\/types\/page"}],"author":[{"embeddable":true,"href":"https:\/\/storlann.co.uk\/gaidhlig-alba\/wp-json\/wp\/v2\/users\/3"}],"replies":[{"embeddable":true,"href":"https:\/\/storlann.co.uk\/gaidhlig-alba\/wp-json\/wp\/v2\/comments?post=1348"}],"version-history":[{"count":0,"href":"https:\/\/storlann.co.uk\/gaidhlig-alba\/wp-json\/wp\/v2\/pages\/1348\/revisions"}],"wp:attachment":[{"href":"https:\/\/storlann.co.uk\/gaidhlig-alba\/wp-json\/wp\/v2\/media?parent=1348"}],"curies":[{"name":"wp","href":"https:\/\/api.w.org\/{rel}","templated":true}]}}