{"id":1198,"date":"2021-04-22T13:38:12","date_gmt":"2021-04-22T12:38:12","guid":{"rendered":"https:\/\/storlann.co.uk\/gaidhlig-alba\/?page_id=1198"},"modified":"2022-03-16T12:25:09","modified_gmt":"2022-03-16T12:25:09","slug":"armachd","status":"publish","type":"page","link":"https:\/\/storlann.co.uk\/gaidhlig-alba\/armachd\/","title":{"rendered":"Armachd"},"content":{"rendered":"<!--themify_builder_content-->\n<div id=\"themify_builder_content-1198\" data-postid=\"1198\" class=\"themify_builder_content themify_builder_content-1198 themify_builder tf_clear\">\n                    <div  data-lazy=\"1\" class=\"module_row themify_builder_row tb_wuvp697 tb_first tf_w\">\n                        <div class=\"row_inner col_align_top tb_col_count_1 tf_box tf_rel\">\n                        <div  data-lazy=\"1\" class=\"module_column tb-column col-full tb_7tzh697 first\">\n                    <!-- module text -->\n<div  class=\"module module-text tb_qq7f618   \" data-lazy=\"1\">\n        <div  class=\"tb_text_wrap\">\n        <h1>Armachd<\/h1>    <\/div>\n<\/div>\n<!-- \/module text --><!-- module image -->\n<div  class=\"module module-image tb_brbc639 image-center   tf_mw\" data-lazy=\"1\">\n        <div class=\"image-wrap tf_rel tf_mw\">\n            <img decoding=\"async\" width=\"900\" height=\"127\" data-src=\"https:\/\/b2204768.smushcdn.com\/2204768\/wp-content\/uploads\/2022\/03\/musket.jpg?lossy=1&strip=1&webp=1\" class=\"wp-post-image wp-image-2486 lazyload\" title=\"17th,Century,Ancient,Flintlock,Musket,Isolated,On,White,Background.\" alt=\"17th,Century,Ancient,Flintlock,Musket,Isolated,On,White,Background.\" data-srcset=\"https:\/\/b2204768.smushcdn.com\/2204768\/wp-content\/uploads\/2022\/03\/musket.jpg?lossy=1&strip=1&webp=1 900w, https:\/\/b2204768.smushcdn.com\/2204768\/wp-content\/uploads\/2022\/03\/musket-300x42.jpg?lossy=1&strip=1&webp=1 300w, https:\/\/b2204768.smushcdn.com\/2204768\/wp-content\/uploads\/2022\/03\/musket-768x108.jpg?lossy=1&strip=1&webp=1 768w, https:\/\/b2204768.smushcdn.com\/2204768\/wp-content\/uploads\/2022\/03\/musket.jpg?size=233x33&lossy=1&strip=1&webp=1 233w, https:\/\/b2204768.smushcdn.com\/2204768\/wp-content\/uploads\/2022\/03\/musket.jpg?size=466x66&lossy=1&strip=1&webp=1 466w, https:\/\/b2204768.smushcdn.com\/2204768\/wp-content\/uploads\/2022\/03\/musket.jpg?size=699x99&lossy=1&strip=1&webp=1 699w\" data-sizes=\"auto\" src=\"data:image\/svg+xml;base64,PHN2ZyB3aWR0aD0iMSIgaGVpZ2h0PSIxIiB4bWxucz0iaHR0cDovL3d3dy53My5vcmcvMjAwMC9zdmciPjwvc3ZnPg==\" style=\"--smush-placeholder-width: 900px; --smush-placeholder-aspect-ratio: 900\/127;\" data-original-sizes=\"(max-width: 900px) 100vw, 900px\" \/>    \n        <\/div>\n    <!-- \/image-wrap -->\n    \n        <\/div>\n<!-- \/module image -->        <\/div>\n                        <\/div>\n        <\/div>\n                        <div  data-lazy=\"1\" class=\"module_row themify_builder_row tb_vz3a814 tf_w\">\n            <span  class=\"builder_row_cover tf_abs\" data-lazy=\"1\"><\/span>            <div class=\"row_inner col_align_top tb_col_count_2 tf_box tf_rel\">\n                        <div  data-lazy=\"1\" class=\"module_column tb-column col4-3 tb_dzfc815 first\">\n                    <!-- module text -->\n<div  class=\"module module-text tb_lmku787   \" data-lazy=\"1\">\n        <div  class=\"tb_text_wrap\">\n        <h2>Musgaidean<\/h2>\n<p>B\u2019 e nithean gu math pr\u00ecseil a bha sna musgaidean.<\/p>\n<p>Bhiodh na h-uaislean \u2019s na saighdearan a bha a\u2019 dol mu dheas neo don Roinn E\u00f2rpa gan toirt air ais leotha don Gh\u00e0idhealtachd.<\/p>\n<p>Bha meas m\u00f2r air musgaidean air Gh\u00e0idhealtachd.<\/p>\n<p>Bha iad air an cleachdadh airson sealg f\u00e8idh, agus bha miann m\u00f2r air a\u2019 chur-seachad a bha sin.<\/p>    <\/div>\n<\/div>\n<!-- \/module text --><!-- module image -->\n<div  class=\"module module-image tb_xccs533 image-center   tf_mw wow\" data-tf-animation=\"fadeIn\" data-lazy=\"1\">\n        <div class=\"image-wrap tf_rel tf_mw\">\n            <img decoding=\"async\" width=\"925\" height=\"359\" data-src=\"https:\/\/b2204768.smushcdn.com\/2204768\/wp-content\/uploads\/2021\/04\/scottish-musket.jpg?lossy=1&strip=1&webp=1\" class=\"wp-post-image wp-image-1207 lazyload\" alt=\"Musket\" data-srcset=\"https:\/\/b2204768.smushcdn.com\/2204768\/wp-content\/uploads\/2021\/04\/scottish-musket.jpg?lossy=1&strip=1&webp=1 925w, https:\/\/b2204768.smushcdn.com\/2204768\/wp-content\/uploads\/2021\/04\/scottish-musket-300x116.jpg?lossy=1&strip=1&webp=1 300w, https:\/\/b2204768.smushcdn.com\/2204768\/wp-content\/uploads\/2021\/04\/scottish-musket-768x298.jpg?lossy=1&strip=1&webp=1 768w, https:\/\/b2204768.smushcdn.com\/2204768\/wp-content\/uploads\/2021\/04\/scottish-musket.jpg?size=233x90&lossy=1&strip=1&webp=1 233w, https:\/\/b2204768.smushcdn.com\/2204768\/wp-content\/uploads\/2021\/04\/scottish-musket.jpg?size=466x181&lossy=1&strip=1&webp=1 466w, https:\/\/b2204768.smushcdn.com\/2204768\/wp-content\/uploads\/2021\/04\/scottish-musket.jpg?size=699x271&lossy=1&strip=1&webp=1 699w\" data-sizes=\"auto\" src=\"data:image\/svg+xml;base64,PHN2ZyB3aWR0aD0iMSIgaGVpZ2h0PSIxIiB4bWxucz0iaHR0cDovL3d3dy53My5vcmcvMjAwMC9zdmciPjwvc3ZnPg==\" style=\"--smush-placeholder-width: 925px; --smush-placeholder-aspect-ratio: 925\/359;\" data-original-sizes=\"(max-width: 925px) 100vw, 925px\" \/>    \n        <\/div>\n    <!-- \/image-wrap -->\n    \n        <\/div>\n<!-- \/module image --><!-- module text -->\n<div  class=\"module module-text tb_muev755   \" data-lazy=\"1\">\n        <div  class=\"tb_text_wrap\">\n        <h2>A\u2019 bhiodag<\/h2>\n<p>Th\u00e0inig a\u2019 bhiodag Gh\u00e0idhealach \u2013 sgian sh\u00f2nraichte le lann fhada \u2013 bho sgeinean sna meadhan-aoisean mar an sgian ballock no an dudgeon dagger.<\/p>\n<p>Bha l\u00e0mh na sgeine d\u00e8anta de dh\u2019fhiodh, de dh\u2019adharc no de chn\u00e0imh, agus mar bu trice cha bhiodh an lann air a ghleusadh ach air aon taobh, agus bhiodh sreath de thulgan air an lann.<\/p>\n<p>Bha p\u00f2caid airson sgian bheag, no sgian \u2019s forc, air na truaillean bho \u00e0m a bha gu math tr\u00e0th.<\/p>    <\/div>\n<\/div>\n<!-- \/module text --><!-- module image -->\n<div  class=\"module module-image tb_6eu366 image-top   tf_mw\" data-lazy=\"1\">\n        <div class=\"image-wrap tf_rel tf_mw\">\n            <img decoding=\"async\" width=\"900\" height=\"249\" data-src=\"https:\/\/b2204768.smushcdn.com\/2204768\/wp-content\/uploads\/2021\/04\/dirk.jpg?lossy=1&strip=1&webp=1\" class=\"wp-post-image wp-image-1208 lazyload\" title=\"dirk\" alt=\"Dirk\" data-srcset=\"https:\/\/b2204768.smushcdn.com\/2204768\/wp-content\/uploads\/2021\/04\/dirk.jpg?lossy=1&strip=1&webp=1 900w, https:\/\/b2204768.smushcdn.com\/2204768\/wp-content\/uploads\/2021\/04\/dirk-300x83.jpg?lossy=1&strip=1&webp=1 300w, https:\/\/b2204768.smushcdn.com\/2204768\/wp-content\/uploads\/2021\/04\/dirk-768x212.jpg?lossy=1&strip=1&webp=1 768w, https:\/\/b2204768.smushcdn.com\/2204768\/wp-content\/uploads\/2021\/04\/dirk.jpg?size=233x64&lossy=1&strip=1&webp=1 233w, https:\/\/b2204768.smushcdn.com\/2204768\/wp-content\/uploads\/2021\/04\/dirk.jpg?size=466x129&lossy=1&strip=1&webp=1 466w, https:\/\/b2204768.smushcdn.com\/2204768\/wp-content\/uploads\/2021\/04\/dirk.jpg?size=699x193&lossy=1&strip=1&webp=1 699w\" data-sizes=\"auto\" src=\"data:image\/svg+xml;base64,PHN2ZyB3aWR0aD0iMSIgaGVpZ2h0PSIxIiB4bWxucz0iaHR0cDovL3d3dy53My5vcmcvMjAwMC9zdmciPjwvc3ZnPg==\" style=\"--smush-placeholder-width: 900px; --smush-placeholder-aspect-ratio: 900\/249;\" data-original-sizes=\"(max-width: 900px) 100vw, 900px\" \/>    \n        <\/div>\n    <!-- \/image-wrap -->\n    \n        <\/div>\n<!-- \/module image --><!-- module text -->\n<div  class=\"module module-text tb_x0kn741   \" data-lazy=\"1\">\n        <div  class=\"tb_text_wrap\">\n        <h2>Claidheamh<\/h2>\n<p>Chan eil na claidhmhnean cinn-aisneach seo cho sean ris na \u2018claidhmhnean m\u00f2ra\u2019 d\u00e0 l\u00e0mhach. Bha cinn-aisneach na bu sh\u00ecmplidhe air na claidhmhnean a bu shine a bha aig G\u00e0idheil.<\/p>\n<p>Tha e nas coltaiche gun do rinn luchd-ci\u00f9ird na cinn eireachdail seo.<\/p>    <\/div>\n<\/div>\n<!-- \/module text -->        <\/div>\n                    <div  data-lazy=\"1\" class=\"module_column tb-column col4-1 tb_d0dm446 last\">\n                    <!-- module image -->\n<div  class=\"module module-image tb_vosd874 image-center   tf_mw\" data-lazy=\"1\">\n        <div class=\"image-wrap tf_rel tf_mw\">\n            <img decoding=\"async\" width=\"382\" height=\"1836\" data-src=\"https:\/\/b2204768.smushcdn.com\/2204768\/wp-content\/uploads\/2021\/04\/claymore.png?lossy=1&strip=1&webp=1\" class=\"wp-post-image wp-image-1205 lazyload\" title=\"claymore\" alt=\"Claymore\" data-srcset=\"https:\/\/b2204768.smushcdn.com\/2204768\/wp-content\/uploads\/2021\/04\/claymore.png?lossy=1&strip=1&webp=1 382w, https:\/\/b2204768.smushcdn.com\/2204768\/wp-content\/uploads\/2021\/04\/claymore-213x1024.png?lossy=1&strip=1&webp=1 213w\" data-sizes=\"auto\" src=\"data:image\/svg+xml;base64,PHN2ZyB3aWR0aD0iMSIgaGVpZ2h0PSIxIiB4bWxucz0iaHR0cDovL3d3dy53My5vcmcvMjAwMC9zdmciPjwvc3ZnPg==\" style=\"--smush-placeholder-width: 382px; --smush-placeholder-aspect-ratio: 382\/1836;\" data-original-sizes=\"(max-width: 382px) 100vw, 382px\" \/>    \n        <\/div>\n    <!-- \/image-wrap -->\n    \n        <\/div>\n<!-- \/module image -->        <\/div>\n                        <\/div>\n        <\/div>\n                        <div  data-lazy=\"1\" class=\"module_row themify_builder_row tb_n796403 tf_w\">\n                        <div class=\"row_inner col_align_top tb_col_count_2 tf_box tf_rel\">\n                        <div  data-lazy=\"1\" class=\"module_column tb-column col4-2 tb_vs3f403 first\">\n                    <!-- module image -->\n<div  class=\"module module-image tb_6chl93 image-center   tf_mw\" data-lazy=\"1\">\n        <div class=\"image-wrap tf_rel tf_mw\">\n            <img decoding=\"async\" width=\"500\" height=\"559\" data-src=\"https:\/\/b2204768.smushcdn.com\/2204768\/wp-content\/uploads\/2021\/04\/claymore-engraving-wikipedia.jpg?lossy=1&strip=1&webp=1\" class=\"wp-post-image wp-image-1211 lazyload\" title=\"claymore-engraving-wikipedia\" alt=\"Claymore engraving Dunvegan Castle\" data-srcset=\"https:\/\/b2204768.smushcdn.com\/2204768\/wp-content\/uploads\/2021\/04\/claymore-engraving-wikipedia.jpg?lossy=1&strip=1&webp=1 500w, https:\/\/b2204768.smushcdn.com\/2204768\/wp-content\/uploads\/2021\/04\/claymore-engraving-wikipedia-268x300.jpg?lossy=1&strip=1&webp=1 268w\" data-sizes=\"auto\" src=\"data:image\/svg+xml;base64,PHN2ZyB3aWR0aD0iMSIgaGVpZ2h0PSIxIiB4bWxucz0iaHR0cDovL3d3dy53My5vcmcvMjAwMC9zdmciPjwvc3ZnPg==\" style=\"--smush-placeholder-width: 500px; --smush-placeholder-aspect-ratio: 500\/559;\" data-original-sizes=\"(max-width: 500px) 100vw, 500px\" \/>    \n        <\/div>\n    <!-- \/image-wrap -->\n    \n        <\/div>\n<!-- \/module image --><!-- module text -->\n<div  class=\"module module-text tb_80i2443   \" data-lazy=\"1\">\n        <div  class=\"tb_text_wrap\">\n        <h2>Luchdachaidhean a-nuas<\/h2>\n<div class='w3eden wpdm_packages_shortcode'>\n    <div class=''>\n\n        \n        <div id=\"content_wpdm_package_1\">\n            <div class='row'><div class='col-lg-12 col-md-6 col-6'> <a href=\"https:\/\/storlann.co.uk\/gaidhlig-alba\/download\/armachd\/?wpdmdl=622&refresh=69e032653b6511776300645\"><div class=\"gis-dl\">\n  <div class=\"gis-dl-link-cont\">Armachd<div class=\"gis-file\"><i class=\"fa fa-file-download ml-3 color-yellow\"><\/i>\n            5309<\/div><\/div>\n<\/div><\/a>\n<\/div><\/div>            <div style='clear:both'><\/div><div class='text-center'><ul class='pagination wpdm-pagination pagination-centered text-center'><\/ul><\/div><div style='clear:both'><\/div>        <\/div>\n\n        <div style='clear:both'><\/div>\n    <\/div>\n<\/div>\n    <\/div>\n<\/div>\n<!-- \/module text -->        <\/div>\n                    <div  data-lazy=\"1\" class=\"module_column tb-column col4-2 tb_y7u1737 last\">\n                    <!-- module image -->\n<div  class=\"module module-image tb_99v9934 image-center   tf_mw\" data-lazy=\"1\">\n        <div class=\"image-wrap tf_rel tf_mw\">\n            <img decoding=\"async\" width=\"179\" height=\"600\" data-src=\"https:\/\/b2204768.smushcdn.com\/2204768\/wp-content\/uploads\/2021\/04\/Kilmartin-grave-national-museum-scotland.jpg?lossy=1&strip=1&webp=1\" class=\"wp-post-image wp-image-1212 lazyload\" title=\"Kilmartin-grave-national-museum-scotland\" alt=\"Kilmartin Gravestone\" data-sizes=\"(max-width: 179px) 100vw, 179px\" src=\"data:image\/svg+xml;base64,PHN2ZyB3aWR0aD0iMSIgaGVpZ2h0PSIxIiB4bWxucz0iaHR0cDovL3d3dy53My5vcmcvMjAwMC9zdmciPjwvc3ZnPg==\" style=\"--smush-placeholder-width: 179px; --smush-placeholder-aspect-ratio: 179\/600;\">    \n        <\/div>\n    <!-- \/image-wrap -->\n    \n        <\/div>\n<!-- \/module image -->        <\/div>\n                        <\/div>\n        <\/div>\n        <\/div>\n<!--\/themify_builder_content-->","protected":false},"excerpt":{"rendered":"<p>Armachd Musgaidean B\u2019 e nithean gu math pr\u00ecseil a bha sna musgaidean. Bhiodh na h-uaislean \u2019s na saighdearan a bha a\u2019 dol mu dheas neo don Roinn E\u00f2rpa gan toirt air ais leotha don Gh\u00e0idhealtachd. Bha meas m\u00f2r air musgaidean air Gh\u00e0idhealtachd. Bha iad air an cleachdadh airson sealg f\u00e8idh, agus bha miann m\u00f2r air [&hellip;]<\/p>\n","protected":false},"author":3,"featured_media":0,"parent":0,"menu_order":0,"comment_status":"closed","ping_status":"closed","template":"","meta":{"inline_featured_image":false,"footnotes":""},"class_list":["post-1198","page","type-page","status-publish","hentry","has-post-title","has-post-date","has-post-category","has-post-tag","has-post-comment","has-post-author",""],"builder_content":"<h1>Armachd<\/h1>\n<img src=\"https:\/\/storlann.co.uk\/gaidhlig-alba\/wp-content\/uploads\/2022\/03\/musket.jpg\" title=\"17th,Century,Ancient,Flintlock,Musket,Isolated,On,White,Background.\" alt=\"17th,Century,Ancient,Flintlock,Musket,Isolated,On,White,Background.\" srcset=\"https:\/\/storlann.co.uk\/gaidhlig-alba\/wp-content\/uploads\/2022\/03\/musket.jpg 900w, https:\/\/storlann.co.uk\/gaidhlig-alba\/wp-content\/uploads\/2022\/03\/musket-300x42.jpg 300w, https:\/\/storlann.co.uk\/gaidhlig-alba\/wp-content\/uploads\/2022\/03\/musket-768x108.jpg 768w\" sizes=\"(max-width: 900px) 100vw, 900px\" \/>\n<h2>Musgaidean<\/h2> <p>B\u2019 e nithean gu math pr\u00ecseil a bha sna musgaidean.<\/p> <p>Bhiodh na h-uaislean \u2019s na saighdearan a bha a\u2019 dol mu dheas neo don Roinn E\u00f2rpa gan toirt air ais leotha don Gh\u00e0idhealtachd.<\/p> <p>Bha meas m\u00f2r air musgaidean air Gh\u00e0idhealtachd.<\/p> <p>Bha iad air an cleachdadh airson sealg f\u00e8idh, agus bha miann m\u00f2r air a\u2019 chur-seachad a bha sin.<\/p>\n<img src=\"https:\/\/storlann.co.uk\/gaidhlig-alba\/wp-content\/uploads\/2021\/04\/scottish-musket.jpg\" alt=\"Musket\" srcset=\"https:\/\/storlann.co.uk\/gaidhlig-alba\/wp-content\/uploads\/2021\/04\/scottish-musket.jpg 925w, https:\/\/storlann.co.uk\/gaidhlig-alba\/wp-content\/uploads\/2021\/04\/scottish-musket-300x116.jpg 300w, https:\/\/storlann.co.uk\/gaidhlig-alba\/wp-content\/uploads\/2021\/04\/scottish-musket-768x298.jpg 768w\" sizes=\"(max-width: 925px) 100vw, 925px\" \/>\n<h2>A\u2019 bhiodag<\/h2> <p>Th\u00e0inig a\u2019 bhiodag Gh\u00e0idhealach \u2013 sgian sh\u00f2nraichte le lann fhada \u2013 bho sgeinean sna meadhan-aoisean mar an sgian ballock no an dudgeon dagger.<\/p> <p>Bha l\u00e0mh na sgeine d\u00e8anta de dh\u2019fhiodh, de dh\u2019adharc no de chn\u00e0imh, agus mar bu trice cha bhiodh an lann air a ghleusadh ach air aon taobh, agus bhiodh sreath de thulgan air an lann.<\/p> <p>Bha p\u00f2caid airson sgian bheag, no sgian \u2019s forc, air na truaillean bho \u00e0m a bha gu math tr\u00e0th.<\/p>\n<img src=\"https:\/\/storlann.co.uk\/gaidhlig-alba\/wp-content\/uploads\/2021\/04\/dirk.jpg\" title=\"dirk\" alt=\"Dirk\" srcset=\"https:\/\/storlann.co.uk\/gaidhlig-alba\/wp-content\/uploads\/2021\/04\/dirk.jpg 900w, https:\/\/storlann.co.uk\/gaidhlig-alba\/wp-content\/uploads\/2021\/04\/dirk-300x83.jpg 300w, https:\/\/storlann.co.uk\/gaidhlig-alba\/wp-content\/uploads\/2021\/04\/dirk-768x212.jpg 768w\" sizes=\"(max-width: 900px) 100vw, 900px\" \/>\n<h2>Claidheamh<\/h2> <p>Chan eil na claidhmhnean cinn-aisneach seo cho sean ris na \u2018claidhmhnean m\u00f2ra\u2019 d\u00e0 l\u00e0mhach. Bha cinn-aisneach na bu sh\u00ecmplidhe air na claidhmhnean a bu shine a bha aig G\u00e0idheil.<\/p> <p>Tha e nas coltaiche gun do rinn luchd-ci\u00f9ird na cinn eireachdail seo.<\/p>\n<img src=\"https:\/\/storlann.co.uk\/gaidhlig-alba\/wp-content\/uploads\/2021\/04\/claymore.png\" title=\"claymore\" alt=\"Claymore\" srcset=\"https:\/\/storlann.co.uk\/gaidhlig-alba\/wp-content\/uploads\/2021\/04\/claymore.png 382w, https:\/\/storlann.co.uk\/gaidhlig-alba\/wp-content\/uploads\/2021\/04\/claymore-213x1024.png 213w\" sizes=\"(max-width: 382px) 100vw, 382px\" \/>\n<img src=\"https:\/\/storlann.co.uk\/gaidhlig-alba\/wp-content\/uploads\/2021\/04\/claymore-engraving-wikipedia.jpg\" title=\"claymore-engraving-wikipedia\" alt=\"Claymore engraving Dunvegan Castle\" srcset=\"https:\/\/storlann.co.uk\/gaidhlig-alba\/wp-content\/uploads\/2021\/04\/claymore-engraving-wikipedia.jpg 500w, https:\/\/storlann.co.uk\/gaidhlig-alba\/wp-content\/uploads\/2021\/04\/claymore-engraving-wikipedia-268x300.jpg 268w\" sizes=\"(max-width: 500px) 100vw, 500px\" \/>\n<h2>Luchdachaidhean a-nuas<\/h2> <p>[wpdm_category id=\"armachd\" cols=\"1\" toolbar=0 item_per_page=10 template=\"gis_download_1\" orderby=\"title\" order=\"asc\"]<\/p>\n<img src=\"https:\/\/storlann.co.uk\/gaidhlig-alba\/wp-content\/uploads\/2021\/04\/Kilmartin-grave-national-museum-scotland.jpg\" title=\"Kilmartin-grave-national-museum-scotland\" alt=\"Kilmartin Gravestone\">","_links":{"self":[{"href":"https:\/\/storlann.co.uk\/gaidhlig-alba\/wp-json\/wp\/v2\/pages\/1198","targetHints":{"allow":["GET"]}}],"collection":[{"href":"https:\/\/storlann.co.uk\/gaidhlig-alba\/wp-json\/wp\/v2\/pages"}],"about":[{"href":"https:\/\/storlann.co.uk\/gaidhlig-alba\/wp-json\/wp\/v2\/types\/page"}],"author":[{"embeddable":true,"href":"https:\/\/storlann.co.uk\/gaidhlig-alba\/wp-json\/wp\/v2\/users\/3"}],"replies":[{"embeddable":true,"href":"https:\/\/storlann.co.uk\/gaidhlig-alba\/wp-json\/wp\/v2\/comments?post=1198"}],"version-history":[{"count":0,"href":"https:\/\/storlann.co.uk\/gaidhlig-alba\/wp-json\/wp\/v2\/pages\/1198\/revisions"}],"wp:attachment":[{"href":"https:\/\/storlann.co.uk\/gaidhlig-alba\/wp-json\/wp\/v2\/media?parent=1198"}],"curies":[{"name":"wp","href":"https:\/\/api.w.org\/{rel}","templated":true}]}}