{"id":1163,"date":"2021-04-20T16:38:13","date_gmt":"2021-04-20T15:38:13","guid":{"rendered":"https:\/\/storlann.co.uk\/gaidhlig-alba\/?page_id=1163"},"modified":"2022-02-24T14:18:19","modified_gmt":"2022-02-24T14:18:19","slug":"an-t-aonadh-ri-sasainn","status":"publish","type":"page","link":"https:\/\/storlann.co.uk\/gaidhlig-alba\/an-t-aonadh-ri-sasainn\/","title":{"rendered":"An t-Aonadh ri Sasainn"},"content":{"rendered":"<!--themify_builder_content-->\n<div id=\"themify_builder_content-1163\" data-postid=\"1163\" class=\"themify_builder_content themify_builder_content-1163 themify_builder tf_clear\">\n                    <div  data-lazy=\"1\" class=\"module_row themify_builder_row tb_sg70478 tb_first tf_w\">\n                        <div class=\"row_inner col_align_top tb_col_count_1 tf_box tf_rel\">\n                        <div  data-lazy=\"1\" class=\"module_column tb-column col-full tb_k937479 first\">\n                    <!-- module text -->\n<div  class=\"module module-text tb_351f121   \" data-lazy=\"1\">\n        <div  class=\"tb_text_wrap\">\n        <h1>An t-Aonadh ri Sasainn<\/h1>    <\/div>\n<\/div>\n<!-- \/module text -->        <\/div>\n                        <\/div>\n        <\/div>\n                        <div  data-lazy=\"1\" class=\"module_row themify_builder_row tb_qzrz619 tf_w\">\n                        <div class=\"row_inner col_align_top tb_col_count_2 tf_box tf_rel\">\n                        <div  data-lazy=\"1\" class=\"module_column tb-column col4-2 tb_kidj620 first\">\n                    <!-- module text -->\n<div  class=\"module module-text tb_wys2481   \" data-lazy=\"1\">\n        <div  class=\"tb_text_wrap\">\n        <h2>Aonadh nan Cr\u00f9n<\/h2>    <\/div>\n<\/div>\n<!-- \/module text --><!-- module text -->\n<div  class=\"module module-text tb_k2df60   \" data-lazy=\"1\">\n        <div  class=\"tb_text_wrap\">\n        <p>Suas gu tr\u00e0th san t-17mh linn bha Sasainn agus Alba nan d\u00e0 r\u00ecoghachd air leth.<\/p>    <\/div>\n<\/div>\n<!-- \/module text --><!-- module text -->\n<div  class=\"module module-text tb_y948315   \" data-lazy=\"1\">\n        <div  class=\"tb_text_wrap\">\n        <p>Th\u00e0inig atharrachadh ann an 1603 nuair a chaochail Banrigh Ealasaid Shasainn.<\/p>    <\/div>\n<\/div>\n<!-- \/module text --><!-- module text -->\n<div  class=\"module module-text tb_g42024   \" data-lazy=\"1\">\n        <div  class=\"tb_text_wrap\">\n        <p>Cha robh i p\u00f2sta agus cha robh clann aice a thigeadh \u00e0s a d\u00e8idh; dh\u2019iarrr P\u00e0rlamaid Shasainn air a co-ogha, Seumas VI, R\u00ecgh na h-Alba, a bhith na R\u00ecgh air Sasainn.<\/p>\n<p>Mar sin, b\u2019 e a-nis Seumas VI agus I a bh\u2019 air. Bha an aon r\u00ecgh a-nis aig Alba agus Sasainn.<\/p>\n<p>Canaidh sinn Aonadh nan Cr\u00f9n ris a seo.<\/p>    <\/div>\n<\/div>\n<!-- \/module text --><!-- module text -->\n<div  class=\"module module-text tb_hkhf320   \" data-lazy=\"1\">\n        <div  class=\"tb_text_wrap\">\n        <p>Cha robh Seumas riaraichte le bhith na R\u00ecgh na h-Alba agus na R\u00ecgh Shasainn.<\/p>    <\/div>\n<\/div>\n<!-- \/module text --><!-- module text -->\n<div  class=\"module module-text tb_1p9i297   \" data-lazy=\"1\">\n        <div  class=\"tb_text_wrap\">\n        <p>Bha e airson an d\u00e0 r\u00ecoghachd a thoirt c\u00f2mhla agus aon d\u00f9thaich mh\u00f2r aonaichte a dh\u00e8anamh.<\/p>\n<p>Sa Ch\u00e8itean 1603, d\u00ecreach seachdainean an d\u00e8idh dha Lunnainn a ruighinn, chuir e a-mach glaodhach gun deigheadh Sasainn agus Alba aonachadh.<\/p>    <\/div>\n<\/div>\n<!-- \/module text -->        <\/div>\n                    <div  data-lazy=\"1\" class=\"module_column tb-column col4-2 tb_9pc9636 last\">\n                    <!-- module image -->\n<div  class=\"module module-image tb_o3ox93 image-center   tf_mw\" data-lazy=\"1\">\n        <div class=\"image-wrap tf_rel tf_mw\">\n            <img decoding=\"async\" width=\"600\" height=\"703\" data-src=\"https:\/\/b2204768.smushcdn.com\/2204768\/wp-content\/uploads\/2021\/04\/elizabeth1.jpg?lossy=1&strip=1&webp=1\" class=\"wp-post-image wp-image-1166 lazyload\" title=\"elizabeth1\" alt=\"Banrigh Ealasaid I\" data-srcset=\"https:\/\/b2204768.smushcdn.com\/2204768\/wp-content\/uploads\/2021\/04\/elizabeth1.jpg?lossy=1&strip=1&webp=1 600w, https:\/\/b2204768.smushcdn.com\/2204768\/wp-content\/uploads\/2021\/04\/elizabeth1-256x300.jpg?lossy=1&strip=1&webp=1 256w, https:\/\/b2204768.smushcdn.com\/2204768\/wp-content\/uploads\/2021\/04\/elizabeth1.jpg?size=466x546&lossy=1&strip=1&webp=1 466w\" data-sizes=\"auto\" src=\"data:image\/svg+xml;base64,PHN2ZyB3aWR0aD0iMSIgaGVpZ2h0PSIxIiB4bWxucz0iaHR0cDovL3d3dy53My5vcmcvMjAwMC9zdmciPjwvc3ZnPg==\" style=\"--smush-placeholder-width: 600px; --smush-placeholder-aspect-ratio: 600\/703;\" data-original-sizes=\"(max-width: 600px) 100vw, 600px\" \/>    \n        <\/div>\n    <!-- \/image-wrap -->\n    \n        <\/div>\n<!-- \/module image -->        <\/div>\n                        <\/div>\n        <\/div>\n                        <div  data-lazy=\"1\" class=\"module_row themify_builder_row tb_qj61326 tf_w\">\n                        <div class=\"row_inner col_align_top tb_col_count_1 tf_box tf_rel\">\n                        <div  data-lazy=\"1\" class=\"module_column tb-column col-full tb_tgef326 first\">\n                    <!-- module image -->\n<div  class=\"module module-image tb_d8rz557 image-center   tf_mw\" data-lazy=\"1\">\n        <div class=\"image-wrap tf_rel tf_mw\">\n            <img decoding=\"async\" width=\"900\" height=\"562\" data-src=\"https:\/\/b2204768.smushcdn.com\/2204768\/wp-content\/uploads\/2021\/04\/coronation-gaelic-scotland.jpg?lossy=1&strip=1&webp=1\" class=\"wp-post-image wp-image-1167 lazyload\" title=\"coronation-gaelic-scotland\" alt=\"coronation-gaelic-scotland\" data-srcset=\"https:\/\/b2204768.smushcdn.com\/2204768\/wp-content\/uploads\/2021\/04\/coronation-gaelic-scotland.jpg?lossy=1&strip=1&webp=1 900w, https:\/\/b2204768.smushcdn.com\/2204768\/wp-content\/uploads\/2021\/04\/coronation-gaelic-scotland-300x187.jpg?lossy=1&strip=1&webp=1 300w, https:\/\/b2204768.smushcdn.com\/2204768\/wp-content\/uploads\/2021\/04\/coronation-gaelic-scotland-768x480.jpg?lossy=1&strip=1&webp=1 768w, https:\/\/b2204768.smushcdn.com\/2204768\/wp-content\/uploads\/2021\/04\/coronation-gaelic-scotland.jpg?size=233x145&lossy=1&strip=1&webp=1 233w, https:\/\/b2204768.smushcdn.com\/2204768\/wp-content\/uploads\/2021\/04\/coronation-gaelic-scotland.jpg?size=466x291&lossy=1&strip=1&webp=1 466w, https:\/\/b2204768.smushcdn.com\/2204768\/wp-content\/uploads\/2021\/04\/coronation-gaelic-scotland.jpg?size=699x436&lossy=1&strip=1&webp=1 699w\" data-sizes=\"auto\" src=\"data:image\/svg+xml;base64,PHN2ZyB3aWR0aD0iMSIgaGVpZ2h0PSIxIiB4bWxucz0iaHR0cDovL3d3dy53My5vcmcvMjAwMC9zdmciPjwvc3ZnPg==\" style=\"--smush-placeholder-width: 900px; --smush-placeholder-aspect-ratio: 900\/562;\" data-original-sizes=\"(max-width: 900px) 100vw, 900px\" \/>    \n        <\/div>\n    <!-- \/image-wrap -->\n    \n        <\/div>\n<!-- \/module image -->        <\/div>\n                        <\/div>\n        <\/div>\n                        <div  data-lazy=\"1\" class=\"module_row themify_builder_row tb_v7hf785 tf_w\">\n                        <div class=\"row_inner col_align_top tb_col_count_1 tf_box tf_rel\">\n                        <div  data-lazy=\"1\" class=\"module_column tb-column col-full tb_ghk5786 first\">\n                    <!-- module text -->\n<div  class=\"module module-text tb_jkjo779   \" data-lazy=\"1\">\n        <div  class=\"tb_text_wrap\">\n        <p>San D\u00e0mhair 1604, ghairm Seumas VI agus I gum b\u2019 e R\u00ecgh Bhreatainn a bhiodh air a-nis agus nach biodh ainm a\u2019 d\u00e8anamh sgaradh eadar Sasainn agus Alba.<\/p>    <\/div>\n<\/div>\n<!-- \/module text -->        <\/div>\n                        <\/div>\n        <\/div>\n                        <div  data-lazy=\"1\" class=\"module_row themify_builder_row tb_4q6p566 tf_w\">\n                        <div class=\"row_inner col_align_top tb_col_count_2 tf_box tf_rel\">\n                        <div  data-lazy=\"1\" class=\"module_column tb-column col4-2 tb_ckvx566 first\">\n                    <!-- module text -->\n<div  class=\"module module-text tb_m76g885   \" data-lazy=\"1\">\n        <div  class=\"tb_text_wrap\">\n        <p>San aon bhliadhna chaidh coimisean de Bhall Pharlamaid Albannach agus Shasannach a chur air bhonn a bheachdachadh air aonachadh.<\/p>\n<p>Ged a bha fios aig Seumas gun toireadh e \u00f9ine laghannan, p\u00e0rlamaidean agus eaconamaidhean an d\u00e0 dh\u00f9thaich aonachadh, cha d\u2019 fhuair am beachd aige f\u00e0ilte mh\u00f2r ann an Westminster.<\/p>\n<p>Dh\u2019aontaich na coimiseanairean, a bha a\u2019 deasbad an aonachaidh aig Westminster eadar an t-Samhain 1606 agus an t-Iuchar 1607, gun cuireadh iad \u00e0s do na laghannan a bha n\u00e0imhdeil do na h-Albannaich, ach cha b\u2019 urrainn dhaibh tighinn gu aonta air an aonachadh.<\/p>\n<p>Ghabh Seumas ris nach deach leis anns a\u2019 ch\u00f9is seo, ach cha tug e maitheanas riamh do Ph\u00e0rlamaid Shasainn airson a dhol an aghaidh na bha san amharc aige \u2013 aon r\u00ecoghachd Bhreatannach fo aon chr\u00f9n.<\/p>\n<p>Dh\u2019fheumadh e a bhith riaraichte le athleasachadh agus gn\u00ecomhan samhlachail.<\/p>    <\/div>\n<\/div>\n<!-- \/module text --><!-- module text -->\n<div  class=\"module module-text tb_j8oo826   \" data-lazy=\"1\">\n        <div  class=\"tb_text_wrap\">\n        <p>Ann an 1606 dh\u2019iarr Seumas gum biodh bratach Bhreatannach air a d\u00e8anamh san robh croisean Naomh She\u00f2rais agus Naomh Anndra c\u00f2mhla.<\/p>\n<p>B\u2019 e chaidh a dh\u00e8anamh Bratach an Aonaidh, an Union Jack \u2013 tha beachd ann gur e Jack giorrachadh air Jacobus, riochd Laidinn air Seumas.<\/p>    <\/div>\n<\/div>\n<!-- \/module text -->        <\/div>\n                    <div  data-lazy=\"1\" class=\"module_column tb-column col4-2 tb_ub7o780 last\">\n                    <!-- module image -->\n<div  class=\"module module-image tb_ldzy734 image-center   tf_mw wow\" data-tf-animation=\"fadeIn\" data-lazy=\"1\">\n        <div class=\"image-wrap tf_rel tf_mw\">\n            <img decoding=\"async\" width=\"500\" height=\"710\" data-src=\"https:\/\/b2204768.smushcdn.com\/2204768\/wp-content\/uploads\/2021\/04\/flags-gaelic-scotland-king-james.jpg?lossy=1&strip=1&webp=1\" class=\"wp-post-image wp-image-1174 lazyload\" title=\"flags-gaelic-scotland-king-james\" alt=\"King James Flag variations\" data-srcset=\"https:\/\/b2204768.smushcdn.com\/2204768\/wp-content\/uploads\/2021\/04\/flags-gaelic-scotland-king-james.jpg?lossy=1&strip=1&webp=1 500w, https:\/\/b2204768.smushcdn.com\/2204768\/wp-content\/uploads\/2021\/04\/flags-gaelic-scotland-king-james-211x300.jpg?lossy=1&strip=1&webp=1 211w\" data-sizes=\"auto\" src=\"data:image\/svg+xml;base64,PHN2ZyB3aWR0aD0iMSIgaGVpZ2h0PSIxIiB4bWxucz0iaHR0cDovL3d3dy53My5vcmcvMjAwMC9zdmciPjwvc3ZnPg==\" style=\"--smush-placeholder-width: 500px; --smush-placeholder-aspect-ratio: 500\/710;\" data-original-sizes=\"(max-width: 500px) 100vw, 500px\" \/>    \n        <\/div>\n    <!-- \/image-wrap -->\n    \n        <\/div>\n<!-- \/module image -->        <\/div>\n                        <\/div>\n        <\/div>\n                        <div  data-lazy=\"1\" class=\"module_row themify_builder_row tb_k6ku916 tf_w\">\n                        <div class=\"row_inner col_align_top tb_col_count_2 tf_box tf_rel\">\n                        <div  data-lazy=\"1\" class=\"module_column tb-column col4-2 tb_y7kd916 first\">\n                    <!-- module image -->\n<div  class=\"module module-image tb_4v2z611 image-top   tf_mw\" data-lazy=\"1\">\n        <div class=\"image-wrap tf_rel tf_mw\">\n            <img decoding=\"async\" width=\"500\" height=\"309\" data-src=\"https:\/\/b2204768.smushcdn.com\/2204768\/wp-content\/uploads\/2021\/04\/flags-gaelic-scotland-alba.jpg?lossy=1&strip=1&webp=1\" class=\"wp-post-image wp-image-1173 lazyload\" title=\"flags-gaelic-scotland-alba\" alt=\"Flag variations\" data-srcset=\"https:\/\/b2204768.smushcdn.com\/2204768\/wp-content\/uploads\/2021\/04\/flags-gaelic-scotland-alba.jpg?lossy=1&strip=1&webp=1 500w, https:\/\/b2204768.smushcdn.com\/2204768\/wp-content\/uploads\/2021\/04\/flags-gaelic-scotland-alba-300x185.jpg?lossy=1&strip=1&webp=1 300w, https:\/\/b2204768.smushcdn.com\/2204768\/wp-content\/uploads\/2021\/04\/flags-gaelic-scotland-alba.jpg?size=233x144&lossy=1&strip=1&webp=1 233w\" data-sizes=\"auto\" src=\"data:image\/svg+xml;base64,PHN2ZyB3aWR0aD0iMSIgaGVpZ2h0PSIxIiB4bWxucz0iaHR0cDovL3d3dy53My5vcmcvMjAwMC9zdmciPjwvc3ZnPg==\" style=\"--smush-placeholder-width: 500px; --smush-placeholder-aspect-ratio: 500\/309;\" data-original-sizes=\"(max-width: 500px) 100vw, 500px\" \/>    \n        <\/div>\n    <!-- \/image-wrap -->\n    \n        <\/div>\n<!-- \/module image -->        <\/div>\n                    <div  data-lazy=\"1\" class=\"module_column tb-column col4-2 tb_3obi132 last\">\n                    <!-- module text -->\n<div  class=\"module module-text tb_xexv675   \" data-lazy=\"1\">\n        <div  class=\"tb_text_wrap\">\n        <p>\u2019S e 1604 an deit a th\u2019 air na beachdan seo airson brataichean Alba agus Shasainn a chur c\u00f2mhla.<\/p>\n<p>Tha iad a\u2019 sealltainn cho tr\u00e0th \u2019s a bha cuid a\u2019 smaoineachadh air aonadh eadar an d\u00e0 dh\u00f9thaich.<\/p>    <\/div>\n<\/div>\n<!-- \/module text -->        <\/div>\n                        <\/div>\n        <\/div>\n                        <div  data-lazy=\"1\" class=\"module_row themify_builder_row tb_482w88 tf_w\">\n                        <div class=\"row_inner col_align_top tb_col_count_2 tf_box tf_rel\">\n                        <div  data-lazy=\"1\" class=\"module_column tb-column col4-2 tb_83k188 first\">\n                    <!-- module text -->\n<div  class=\"module module-text tb_nfl999   \" data-lazy=\"1\">\n        <div  class=\"tb_text_wrap\">\n        <h2>Luchdachaidhean a-nuas<\/h2>\n<div class='w3eden wpdm_packages_shortcode'>\n    <div class=''>\n\n        \n        <div id=\"content_wpdm_package_1\">\n            <div class='row'><div class='col-lg-12 col-md-6 col-6'> <a href=\"https:\/\/storlann.co.uk\/gaidhlig-alba\/download\/ag-aontachadh-malairt-cisean-agus-creideamh\/?wpdmdl=462&refresh=69e346db0e6091776502491\"><div class=\"gis-dl\">\n  <div class=\"gis-dl-link-cont\">Ag aontachadh Malairt, C\u00ecsean agus Creideamh<div class=\"gis-file\"><i class=\"fa fa-file-download ml-3 color-yellow\"><\/i>\n            5746<\/div><\/div>\n<\/div><\/a>\n<\/div><div class='col-lg-12 col-md-6 col-6'> <a href=\"https:\/\/storlann.co.uk\/gaidhlig-alba\/download\/an-eaglais-ann-an-alba\/?wpdmdl=464&refresh=69e346db1c70b1776502491\"><div class=\"gis-dl\">\n  <div class=\"gis-dl-link-cont\">An eaglais ann an Alba<div class=\"gis-file\"><i class=\"fa fa-file-download ml-3 color-yellow\"><\/i>\n            5678<\/div><\/div>\n<\/div><\/a>\n<\/div><div class='col-lg-12 col-md-6 col-6'> <a href=\"https:\/\/storlann.co.uk\/gaidhlig-alba\/download\/aonadh-nan-crun\/?wpdmdl=466&refresh=69e346db28e4e1776502491\"><div class=\"gis-dl\">\n  <div class=\"gis-dl-link-cont\">Aonadh nan Cr\u00f9n<div class=\"gis-file\"><i class=\"fa fa-file-download ml-3 color-yellow\"><\/i>\n            5501<\/div><\/div>\n<\/div><\/a>\n<\/div><div class='col-lg-12 col-md-6 col-6'> <a href=\"https:\/\/storlann.co.uk\/gaidhlig-alba\/download\/artaigilean-an-aonaidh\/?wpdmdl=468&refresh=69e346db353d71776502491\"><div class=\"gis-dl\">\n  <div class=\"gis-dl-link-cont\">Artaigilean an Aonaidh<div class=\"gis-file\"><i class=\"fa fa-file-download ml-3 color-yellow\"><\/i>\n            5585<\/div><\/div>\n<\/div><\/a>\n<\/div><div class='col-lg-12 col-md-6 col-6'> <a href=\"https:\/\/storlann.co.uk\/gaidhlig-alba\/download\/barganachadh-1706\/?wpdmdl=470&refresh=69e346db427511776502491\"><div class=\"gis-dl\">\n  <div class=\"gis-dl-link-cont\">Barganachadh 1706<div class=\"gis-file\"><i class=\"fa fa-file-download ml-3 color-yellow\"><\/i>\n            5455<\/div><\/div>\n<\/div><\/a>\n<\/div><div class='col-lg-12 col-md-6 col-6'> <a href=\"https:\/\/storlann.co.uk\/gaidhlig-alba\/download\/barganachadh-airson-an-aonaidh-1702-1703\/?wpdmdl=472&refresh=69e346db51bd91776502491\"><div class=\"gis-dl\">\n  <div class=\"gis-dl-link-cont\">Barganachadh airson an Aonaidh 1702 - 1703<div class=\"gis-file\"><i class=\"fa fa-file-download ml-3 color-yellow\"><\/i>\n            5504<\/div><\/div>\n<\/div><\/a>\n<\/div><div class='col-lg-12 col-md-6 col-6'> <a href=\"https:\/\/storlann.co.uk\/gaidhlig-alba\/download\/bratach-an-aonaidh\/?wpdmdl=474&refresh=69e346db5e88a1776502491\"><div class=\"gis-dl\">\n  <div class=\"gis-dl-link-cont\">Bratach an Aonaidh<div class=\"gis-file\"><i class=\"fa fa-file-download ml-3 color-yellow\"><\/i>\n            5440<\/div><\/div>\n<\/div><\/a>\n<\/div><div class='col-lg-12 col-md-6 col-6'> <a href=\"https:\/\/storlann.co.uk\/gaidhlig-alba\/download\/cisean-agus-laghannan\/?wpdmdl=476&refresh=69e346db6cb121776502491\"><div class=\"gis-dl\">\n  <div class=\"gis-dl-link-cont\">C\u00ecsean agus laghannan<div class=\"gis-file\"><i class=\"fa fa-file-download ml-3 color-yellow\"><\/i>\n            5557<\/div><\/div>\n<\/div><\/a>\n<\/div><div class='col-lg-12 col-md-6 col-6'> <a href=\"https:\/\/storlann.co.uk\/gaidhlig-alba\/download\/rioghachd-aonaichte-bhreatainn\/?wpdmdl=478&refresh=69e346db7d49f1776502491\"><div class=\"gis-dl\">\n  <div class=\"gis-dl-link-cont\">R\u00ecoghachd Aonaichte Bhreatainn<div class=\"gis-file\"><i class=\"fa fa-file-download ml-3 color-yellow\"><\/i>\n            5661<\/div><\/div>\n<\/div><\/a>\n<\/div><\/div>            <div style='clear:both'><\/div><div class='text-center'><ul class='pagination wpdm-pagination pagination-centered text-center'><\/ul><\/div><div style='clear:both'><\/div>        <\/div>\n\n        <div style='clear:both'><\/div>\n    <\/div>\n<\/div>\n    <\/div>\n<\/div>\n<!-- \/module text -->        <\/div>\n                    <div  data-lazy=\"1\" class=\"module_column tb-column col4-2 tb_m2xr77 last\">\n                            <\/div>\n                        <\/div>\n        <\/div>\n        <\/div>\n<!--\/themify_builder_content-->","protected":false},"excerpt":{"rendered":"<p>An t-Aonadh ri Sasainn<\/p>\n","protected":false},"author":3,"featured_media":0,"parent":0,"menu_order":0,"comment_status":"closed","ping_status":"closed","template":"","meta":{"inline_featured_image":false,"footnotes":""},"class_list":["post-1163","page","type-page","status-publish","hentry","has-post-title","has-post-date","has-post-category","has-post-tag","has-post-comment","has-post-author",""],"builder_content":"<h1>An t-Aonadh ri Sasainn<\/h1>\n<h2>Aonadh nan Cr\u00f9n<\/h2>\n<p>Suas gu tr\u00e0th san t-17mh linn bha Sasainn agus Alba nan d\u00e0 r\u00ecoghachd air leth.<\/p>\n<p>Th\u00e0inig atharrachadh ann an 1603 nuair a chaochail Banrigh Ealasaid Shasainn.<\/p>\n<p>Cha robh i p\u00f2sta agus cha robh clann aice a thigeadh \u00e0s a d\u00e8idh; dh\u2019iarrr P\u00e0rlamaid Shasainn air a co-ogha, Seumas VI, R\u00ecgh na h-Alba, a bhith na R\u00ecgh air Sasainn.<\/p> <p>Mar sin, b\u2019 e a-nis Seumas VI agus I a bh\u2019 air. Bha an aon r\u00ecgh a-nis aig Alba agus Sasainn.<\/p> <p>Canaidh sinn Aonadh nan Cr\u00f9n ris a seo.<\/p>\n<p>Cha robh Seumas riaraichte le bhith na R\u00ecgh na h-Alba agus na R\u00ecgh Shasainn.<\/p>\n<p>Bha e airson an d\u00e0 r\u00ecoghachd a thoirt c\u00f2mhla agus aon d\u00f9thaich mh\u00f2r aonaichte a dh\u00e8anamh.<\/p> <p>Sa Ch\u00e8itean 1603, d\u00ecreach seachdainean an d\u00e8idh dha Lunnainn a ruighinn, chuir e a-mach glaodhach gun deigheadh Sasainn agus Alba aonachadh.<\/p>\n<img src=\"https:\/\/storlann.co.uk\/gaidhlig-alba\/wp-content\/uploads\/2021\/04\/elizabeth1.jpg\" title=\"elizabeth1\" alt=\"Banrigh Ealasaid I\" srcset=\"https:\/\/storlann.co.uk\/gaidhlig-alba\/wp-content\/uploads\/2021\/04\/elizabeth1.jpg 600w, https:\/\/storlann.co.uk\/gaidhlig-alba\/wp-content\/uploads\/2021\/04\/elizabeth1-256x300.jpg 256w\" sizes=\"(max-width: 600px) 100vw, 600px\" \/>\n<img src=\"https:\/\/storlann.co.uk\/gaidhlig-alba\/wp-content\/uploads\/2021\/04\/coronation-gaelic-scotland.jpg\" title=\"coronation-gaelic-scotland\" alt=\"coronation-gaelic-scotland\" srcset=\"https:\/\/storlann.co.uk\/gaidhlig-alba\/wp-content\/uploads\/2021\/04\/coronation-gaelic-scotland.jpg 900w, https:\/\/storlann.co.uk\/gaidhlig-alba\/wp-content\/uploads\/2021\/04\/coronation-gaelic-scotland-300x187.jpg 300w, https:\/\/storlann.co.uk\/gaidhlig-alba\/wp-content\/uploads\/2021\/04\/coronation-gaelic-scotland-768x480.jpg 768w\" sizes=\"(max-width: 900px) 100vw, 900px\" \/>\n<p>San D\u00e0mhair 1604, ghairm Seumas VI agus I gum b\u2019 e R\u00ecgh Bhreatainn a bhiodh air a-nis agus nach biodh ainm a\u2019 d\u00e8anamh sgaradh eadar Sasainn agus Alba.<\/p>\n<p>San aon bhliadhna chaidh coimisean de Bhall Pharlamaid Albannach agus Shasannach a chur air bhonn a bheachdachadh air aonachadh.<\/p> <p>Ged a bha fios aig Seumas gun toireadh e \u00f9ine laghannan, p\u00e0rlamaidean agus eaconamaidhean an d\u00e0 dh\u00f9thaich aonachadh, cha d\u2019 fhuair am beachd aige f\u00e0ilte mh\u00f2r ann an Westminster.<\/p> <p>Dh\u2019aontaich na coimiseanairean, a bha a\u2019 deasbad an aonachaidh aig Westminster eadar an t-Samhain 1606 agus an t-Iuchar 1607, gun cuireadh iad \u00e0s do na laghannan a bha n\u00e0imhdeil do na h-Albannaich, ach cha b\u2019 urrainn dhaibh tighinn gu aonta air an aonachadh.<\/p> <p>Ghabh Seumas ris nach deach leis anns a\u2019 ch\u00f9is seo, ach cha tug e maitheanas riamh do Ph\u00e0rlamaid Shasainn airson a dhol an aghaidh na bha san amharc aige \u2013 aon r\u00ecoghachd Bhreatannach fo aon chr\u00f9n.<\/p> <p>Dh\u2019fheumadh e a bhith riaraichte le athleasachadh agus gn\u00ecomhan samhlachail.<\/p>\n<p>Ann an 1606 dh\u2019iarr Seumas gum biodh bratach Bhreatannach air a d\u00e8anamh san robh croisean Naomh She\u00f2rais agus Naomh Anndra c\u00f2mhla.<\/p> <p>B\u2019 e chaidh a dh\u00e8anamh Bratach an Aonaidh, an Union Jack \u2013 tha beachd ann gur e Jack giorrachadh air Jacobus, riochd Laidinn air Seumas.<\/p>\n<img src=\"https:\/\/storlann.co.uk\/gaidhlig-alba\/wp-content\/uploads\/2021\/04\/flags-gaelic-scotland-king-james.jpg\" title=\"flags-gaelic-scotland-king-james\" alt=\"King James Flag variations\" srcset=\"https:\/\/storlann.co.uk\/gaidhlig-alba\/wp-content\/uploads\/2021\/04\/flags-gaelic-scotland-king-james.jpg 500w, https:\/\/storlann.co.uk\/gaidhlig-alba\/wp-content\/uploads\/2021\/04\/flags-gaelic-scotland-king-james-211x300.jpg 211w\" sizes=\"(max-width: 500px) 100vw, 500px\" \/>\n<img src=\"https:\/\/storlann.co.uk\/gaidhlig-alba\/wp-content\/uploads\/2021\/04\/flags-gaelic-scotland-alba.jpg\" title=\"flags-gaelic-scotland-alba\" alt=\"Flag variations\" srcset=\"https:\/\/storlann.co.uk\/gaidhlig-alba\/wp-content\/uploads\/2021\/04\/flags-gaelic-scotland-alba.jpg 500w, https:\/\/storlann.co.uk\/gaidhlig-alba\/wp-content\/uploads\/2021\/04\/flags-gaelic-scotland-alba-300x185.jpg 300w\" sizes=\"(max-width: 500px) 100vw, 500px\" \/>\n<p>\u2019S e 1604 an deit a th\u2019 air na beachdan seo airson brataichean Alba agus Shasainn a chur c\u00f2mhla.<\/p> <p>Tha iad a\u2019 sealltainn cho tr\u00e0th \u2019s a bha cuid a\u2019 smaoineachadh air aonadh eadar an d\u00e0 dh\u00f9thaich.<\/p>\n<h2>Luchdachaidhean a-nuas<\/h2> <p>[wpdm_category id=\"aonadh-nan-crun\" cols=\"1\" toolbar=0 item_per_page=10 template=\"gis_download_1\" orderby=\"title\" order=\"asc\"]<\/p>","_links":{"self":[{"href":"https:\/\/storlann.co.uk\/gaidhlig-alba\/wp-json\/wp\/v2\/pages\/1163","targetHints":{"allow":["GET"]}}],"collection":[{"href":"https:\/\/storlann.co.uk\/gaidhlig-alba\/wp-json\/wp\/v2\/pages"}],"about":[{"href":"https:\/\/storlann.co.uk\/gaidhlig-alba\/wp-json\/wp\/v2\/types\/page"}],"author":[{"embeddable":true,"href":"https:\/\/storlann.co.uk\/gaidhlig-alba\/wp-json\/wp\/v2\/users\/3"}],"replies":[{"embeddable":true,"href":"https:\/\/storlann.co.uk\/gaidhlig-alba\/wp-json\/wp\/v2\/comments?post=1163"}],"version-history":[{"count":0,"href":"https:\/\/storlann.co.uk\/gaidhlig-alba\/wp-json\/wp\/v2\/pages\/1163\/revisions"}],"wp:attachment":[{"href":"https:\/\/storlann.co.uk\/gaidhlig-alba\/wp-json\/wp\/v2\/media?parent=1163"}],"curies":[{"name":"wp","href":"https:\/\/api.w.org\/{rel}","templated":true}]}}