{"id":2435,"date":"2021-03-02T12:34:08","date_gmt":"2021-03-02T12:34:08","guid":{"rendered":"https:\/\/storlann.co.uk\/gaidhlig-alba\/the-clearances\/"},"modified":"2022-03-21T12:36:12","modified_gmt":"2022-03-21T12:36:12","slug":"the-clearances","status":"publish","type":"page","link":"https:\/\/storlann.co.uk\/gaidhlig-alba\/en\/the-clearances\/","title":{"rendered":"The Clearances"},"content":{"rendered":"<!--themify_builder_content-->\n<div id=\"themify_builder_content-2435\" data-postid=\"2435\" class=\"themify_builder_content themify_builder_content-2435 themify_builder tf_clear\">\n                    <div  data-lazy=\"1\" class=\"module_row themify_builder_row tb_e4kq147 tb_first tf_w\">\n                        <div class=\"row_inner col_align_top tb_col_count_1 tf_box tf_rel\">\n                        <div  data-lazy=\"1\" class=\"module_column tb-column col-full tb_uqgi301 first\">\n                    <!-- module text -->\n<div  class=\"module module-text tb_qkn5077   \" data-lazy=\"1\">\n        <div  class=\"tb_text_wrap\">\n        <h1>The Clearances<\/h1>    <\/div>\n<\/div>\n<!-- \/module text -->        <\/div>\n                        <\/div>\n        <\/div>\n                        <div  data-lazy=\"1\" class=\"module_row themify_builder_row tb_jtmo414 tf_w\">\n                        <div class=\"row_inner col_align_top tb_col_count_2 tf_box tf_rel\">\n                        <div  data-lazy=\"1\" class=\"module_column tb-column col4-2 tb_uejz344 first\">\n                    <!-- module text -->\n<div  class=\"module module-text tb_f8cj771   tb_text_dropcap\" data-lazy=\"1\">\n        <div  class=\"tb_text_wrap\">\n        <p><strong>The Clearances began in Strath<\/strong> <strong>Rusdale, Ross-shire in 1792.<\/strong><\/p>\n<p><strong>As a result of the Clearances, <\/strong><strong>the Highlands were one of the least populated<\/strong> <strong>areas in Europe.<\/strong><\/p>\n<p><strong>Some see the Clearances as an attempt by the ruling class to keep hold of their wealth by sacrificing their people.<\/strong><\/p>\n<p><strong>However, the Clearances are generally seen as something which happened in a few stages.<\/strong><\/p>\n<p>It happened in different ways, depending on when it happened, where it happened, and who was involved.<\/p>\n<p>During one period, from 1846-1856, the potato crops were ruined by potato blight and many Highlanders moved to the Scottish Lowlands (where factory work could be found), to Canada, the United States or Australia.<\/p>\n<p>The Clearances didn\u2019t just cause depopulation; they totally changed the culture of the Highlands of Scotland.<\/p>\n<p>They destroyed the Highland clans, their way of life, their oral traditions, kinship and homes.<\/p>\n<p>Even the Gaelic language was under threat, since the state education system taught English and not Gaelic, the language of the Highlanders.<\/p>\n    <\/div>\n<\/div>\n<!-- \/module text --><!-- module image -->\n<div  class=\"module module-image tb_qapm255 image-center   tf_mw\" data-lazy=\"1\">\n        <div class=\"image-wrap tf_rel tf_mw\">\n            <img decoding=\"async\" width=\"217\" height=\"270\" data-src=\"https:\/\/b2204768.smushcdn.com\/2204768\/wp-content\/uploads\/2021\/06\/Gaelic-in-Scotland-English.jpg?lossy=1&strip=1&webp=1\" class=\"wp-post-image wp-image-2249 lazyload\" title=\"Gaelic-in-Scotland-English\" alt=\"Forced useage of English\" data-sizes=\"(max-width: 217px) 100vw, 217px\" src=\"data:image\/svg+xml;base64,PHN2ZyB3aWR0aD0iMSIgaGVpZ2h0PSIxIiB4bWxucz0iaHR0cDovL3d3dy53My5vcmcvMjAwMC9zdmciPjwvc3ZnPg==\" style=\"--smush-placeholder-width: 217px; --smush-placeholder-aspect-ratio: 217\/270;\">    \n        <\/div>\n    <!-- \/image-wrap -->\n    \n        <\/div>\n<!-- \/module image -->        <\/div>\n                    <div  data-lazy=\"1\" class=\"module_column tb-column col4-2 tb_2fo9704 last\">\n                    <!-- module image -->\n<div  class=\"module module-image tb_t4qd882 image-center   tf_mw\" data-lazy=\"1\">\n        <div class=\"image-wrap tf_rel tf_mw\">\n            <img decoding=\"async\" data-src=\"https:\/\/b2204768.smushcdn.com\/2204768\/wp-content\/uploads\/2022\/03\/ross-shire-sutherland-eng-612x1024-363x600.jpg?lossy=1&strip=1&webp=1\" width=\"363\" height=\"600\" class=\"wp-post-image wp-image-2595 lazyload\" title=\"ross-shire-sutherland-eng\" alt=\"Ross-shaire and Caithness map\" data-srcset=\"https:\/\/b2204768.smushcdn.com\/2204768\/wp-content\/uploads\/2022\/03\/ross-shire-sutherland-eng-612x1024-363x600.jpg?lossy=1&amp;strip=1&amp;webp=1 363w, https:\/\/b2204768.smushcdn.com\/2204768\/wp-content\/uploads\/2022\/03\/ross-shire-sutherland-eng.jpg?size=72x119&amp;lossy=1&amp;strip=1&amp;webp=1 72w, https:\/\/b2204768.smushcdn.com\/2204768\/wp-content\/uploads\/2022\/03\/ross-shire-sutherland-eng.jpg?size=145x240&amp;lossy=1&amp;strip=1&amp;webp=1 145w, https:\/\/b2204768.smushcdn.com\/2204768\/wp-content\/uploads\/2022\/03\/ross-shire-sutherland-eng.jpg?size=217x359&amp;lossy=1&amp;strip=1&amp;webp=1 217w, https:\/\/b2204768.smushcdn.com\/2204768\/wp-content\/uploads\/2022\/03\/ross-shire-sutherland-eng.jpg?size=290x479&amp;lossy=1&amp;strip=1&amp;webp=1 290w\" data-sizes=\"auto\" src=\"data:image\/svg+xml;base64,PHN2ZyB3aWR0aD0iMSIgaGVpZ2h0PSIxIiB4bWxucz0iaHR0cDovL3d3dy53My5vcmcvMjAwMC9zdmciPjwvc3ZnPg==\" style=\"--smush-placeholder-width: 363px; --smush-placeholder-aspect-ratio: 363\/600;\" data-original-sizes=\"(max-width: 363px) 100vw, 363px\">    \n        <\/div>\n    <!-- \/image-wrap -->\n    \n        <\/div>\n<!-- \/module image --><!-- module image -->\n<div  class=\"module module-image tb_zgem712 image-center   tf_mw\" data-lazy=\"1\">\n        <div class=\"image-wrap tf_rel tf_mw\">\n                \n        <\/div>\n    <!-- \/image-wrap -->\n    \n        <\/div>\n<!-- \/module image --><!-- module image -->\n<div  class=\"module module-image tb_0wrm124 image-center drop-shadow bordered  tf_mw\" data-lazy=\"1\">\n        <div class=\"image-wrap tf_rel tf_mw\">\n            <img decoding=\"async\" width=\"500\" height=\"352\" data-src=\"https:\/\/b2204768.smushcdn.com\/2204768\/wp-content\/uploads\/2021\/03\/Gaelic-in-Scotland-clearances-caithness.jpg?lossy=1&strip=1&webp=1\" class=\"wp-post-image wp-image-2025 lazyload\" title=\"Gaelic-in-Scotland-clearances-caithness\" alt=\"Gaelic-in-Scotland-clearances-caithness\" data-srcset=\"https:\/\/b2204768.smushcdn.com\/2204768\/wp-content\/uploads\/2021\/03\/Gaelic-in-Scotland-clearances-caithness.jpg?lossy=1&strip=1&webp=1 500w, https:\/\/b2204768.smushcdn.com\/2204768\/wp-content\/uploads\/2021\/03\/Gaelic-in-Scotland-clearances-caithness-300x211.jpg?lossy=1&strip=1&webp=1 300w, https:\/\/b2204768.smushcdn.com\/2204768\/wp-content\/uploads\/2021\/03\/Gaelic-in-Scotland-clearances-caithness.jpg?size=233x164&lossy=1&strip=1&webp=1 233w\" data-sizes=\"auto\" src=\"data:image\/svg+xml;base64,PHN2ZyB3aWR0aD0iMSIgaGVpZ2h0PSIxIiB4bWxucz0iaHR0cDovL3d3dy53My5vcmcvMjAwMC9zdmciPjwvc3ZnPg==\" style=\"--smush-placeholder-width: 500px; --smush-placeholder-aspect-ratio: 500\/352;\" data-original-sizes=\"(max-width: 500px) 100vw, 500px\" \/>    \n        <\/div>\n    <!-- \/image-wrap -->\n    \n        <\/div>\n<!-- \/module image -->        <\/div>\n                        <\/div>\n        <\/div>\n                        <div  data-lazy=\"1\" class=\"module_row themify_builder_row tb_uno1061 tf_w\">\n                        <div class=\"row_inner col_align_top tb_col_count_2 tf_box tf_rel\">\n                        <div  data-lazy=\"1\" class=\"module_column tb-column col4-2 tb_3qqz474 first\">\n                    <!-- module image -->\n<div  class=\"module module-image tb_w8bj550 image-top   tf_mw\" data-lazy=\"1\">\n        <div class=\"image-wrap tf_rel tf_mw\">\n            <img decoding=\"async\" width=\"500\" height=\"343\" data-src=\"https:\/\/b2204768.smushcdn.com\/2204768\/wp-content\/uploads\/2021\/06\/Gaelic-in-Scotland-Highland-Clearances33.jpg?lossy=1&strip=1&webp=1\" class=\"wp-post-image wp-image-2246 lazyload\" title=\"Gaelic-in-Scotland-Highland-Clearances33\" alt=\"Gaelic-in-Scotland-Highland-Clearances33\" data-srcset=\"https:\/\/b2204768.smushcdn.com\/2204768\/wp-content\/uploads\/2021\/06\/Gaelic-in-Scotland-Highland-Clearances33.jpg?lossy=1&strip=1&webp=1 500w, https:\/\/b2204768.smushcdn.com\/2204768\/wp-content\/uploads\/2021\/06\/Gaelic-in-Scotland-Highland-Clearances33-300x206.jpg?lossy=1&strip=1&webp=1 300w, https:\/\/b2204768.smushcdn.com\/2204768\/wp-content\/uploads\/2021\/06\/Gaelic-in-Scotland-Highland-Clearances33.jpg?size=233x160&lossy=1&strip=1&webp=1 233w\" data-sizes=\"auto\" src=\"data:image\/svg+xml;base64,PHN2ZyB3aWR0aD0iMSIgaGVpZ2h0PSIxIiB4bWxucz0iaHR0cDovL3d3dy53My5vcmcvMjAwMC9zdmciPjwvc3ZnPg==\" style=\"--smush-placeholder-width: 500px; --smush-placeholder-aspect-ratio: 500\/343;\" data-original-sizes=\"(max-width: 500px) 100vw, 500px\" \/>    \n        <\/div>\n    <!-- \/image-wrap -->\n    \n        <\/div>\n<!-- \/module image -->        <\/div>\n                    <div  data-lazy=\"1\" class=\"module_column tb-column col4-2 tb_0ses200 last\">\n                    <!-- module text -->\n<div  class=\"module module-text tb_q3bu175   \" data-lazy=\"1\">\n        <div  class=\"tb_text_wrap\">\n        <p>The Sutherland clearances were not the only clearances to happen throughout Scotland, but they were amongst the most notorious.<\/p>    <\/div>\n<\/div>\n<!-- \/module text -->        <\/div>\n                        <\/div>\n        <\/div>\n                        <div  data-lazy=\"1\" class=\"module_row themify_builder_row tb_tsi6463 tf_w\">\n                        <div class=\"row_inner col_align_top tb_col_count_2 tf_box tf_rel\">\n                        <div  data-lazy=\"1\" class=\"module_column tb-column col4-2 tb_xccn464 first\">\n                    <!-- module text -->\n<div  class=\"module module-text tb_2hff465   \" data-lazy=\"1\">\n        <div  class=\"tb_text_wrap\">\n        <h2>Downloads<\/h2>\n<div class='w3eden wpdm_packages_shortcode'>\n    <div class=''>\n\n        \n        <div id=\"content_wpdm_package_1\">\n            <div class='row'><div class='col-lg-12 col-md-6 col-6'> <a href=\"https:\/\/storlann.co.uk\/gaidhlig-alba\/en\/download\/rannsachadh-poblach\/?wpdmdl=1830&refresh=69e739b5229c51776761269\"><div class=\"gis-dl\">\n  <div class=\"gis-dl-link-cont\">Rannsachadh Poblach<div class=\"gis-file\"><i class=\"fa fa-file-download ml-3 color-yellow\"><\/i>\n            4886<\/div><\/div>\n<\/div><\/a>\n<\/div><div class='col-lg-12 col-md-6 col-6'> <a href=\"https:\/\/storlann.co.uk\/gaidhlig-alba\/en\/download\/oighreachdan-seilg\/?wpdmdl=334&refresh=69e739b53412b1776761269\"><div class=\"gis-dl\">\n  <div class=\"gis-dl-link-cont\">Oighreachdan Seilg<div class=\"gis-file\"><i class=\"fa fa-file-download ml-3 color-yellow\"><\/i>\n            4728<\/div><\/div>\n<\/div><\/a>\n<\/div><div class='col-lg-12 col-md-6 col-6'> <a href=\"https:\/\/storlann.co.uk\/gaidhlig-alba\/en\/download\/na-fuadaichean\/?wpdmdl=333&refresh=69e739b5431ef1776761269\"><div class=\"gis-dl\">\n  <div class=\"gis-dl-link-cont\">Na Fuadaichean<div class=\"gis-file\"><i class=\"fa fa-file-download ml-3 color-yellow\"><\/i>\n            4784<\/div><\/div>\n<\/div><\/a>\n<\/div><div class='col-lg-12 col-md-6 col-6'> <a href=\"https:\/\/storlann.co.uk\/gaidhlig-alba\/en\/download\/liog-an-fhearainn\/?wpdmdl=331&refresh=69e739b551d481776761269\"><div class=\"gis-dl\">\n  <div class=\"gis-dl-link-cont\">L\u00ecog an Fhearainn<div class=\"gis-file\"><i class=\"fa fa-file-download ml-3 color-yellow\"><\/i>\n            4754<\/div><\/div>\n<\/div><\/a>\n<\/div><div class='col-lg-12 col-md-6 col-6'> <a href=\"https:\/\/storlann.co.uk\/gaidhlig-alba\/en\/download\/fuadaichean-chataibh\/?wpdmdl=329&refresh=69e739b5604771776761269\"><div class=\"gis-dl\">\n  <div class=\"gis-dl-link-cont\">Fuadaichean Chataibh<div class=\"gis-file\"><i class=\"fa fa-file-download ml-3 color-yellow\"><\/i>\n            5022<\/div><\/div>\n<\/div><\/a>\n<\/div><div class='col-lg-12 col-md-6 col-6'> <a href=\"https:\/\/storlann.co.uk\/gaidhlig-alba\/en\/download\/a-deanamh-faisneachd-air-na-fuadaichean\/?wpdmdl=327&refresh=69e739b56d5311776761269\"><div class=\"gis-dl\">\n  <div class=\"gis-dl-link-cont\">A\u2019 d\u00e8anamh f\u00e0isneachd air na Fuadaichean<div class=\"gis-file\"><i class=\"fa fa-file-download ml-3 color-yellow\"><\/i>\n            4883<\/div><\/div>\n<\/div><\/a>\n<\/div><div class='col-lg-12 col-md-6 col-6'> <a href=\"https:\/\/storlann.co.uk\/gaidhlig-alba\/en\/download\/coimisean-napier\/?wpdmdl=325&refresh=69e739b57b3501776761269\"><div class=\"gis-dl\">\n  <div class=\"gis-dl-link-cont\">Coimisean Napier<div class=\"gis-file\"><i class=\"fa fa-file-download ml-3 color-yellow\"><\/i>\n            4778<\/div><\/div>\n<\/div><\/a>\n<\/div><div class='col-lg-12 col-md-6 col-6'> <a href=\"https:\/\/storlann.co.uk\/gaidhlig-alba\/en\/download\/an-aithisg-dheireannach\/?wpdmdl=323&refresh=69e739b589ef51776761269\"><div class=\"gis-dl\">\n  <div class=\"gis-dl-link-cont\">An Aithisg Dheireannach<div class=\"gis-file\"><i class=\"fa fa-file-download ml-3 color-yellow\"><\/i>\n            4652<\/div><\/div>\n<\/div><\/a>\n<\/div><div class='col-lg-12 col-md-6 col-6'> <a href=\"https:\/\/storlann.co.uk\/gaidhlig-alba\/en\/download\/achd-nan-croitearan-1886\/?wpdmdl=321&refresh=69e739b599dff1776761269\"><div class=\"gis-dl\">\n  <div class=\"gis-dl-link-cont\">Achd nan Croitearan 1886<div class=\"gis-file\"><i class=\"fa fa-file-download ml-3 color-yellow\"><\/i>\n            4818<\/div><\/div>\n<\/div><\/a>\n<\/div><div class='col-lg-12 col-md-6 col-6'> <a href=\"https:\/\/storlann.co.uk\/gaidhlig-alba\/en\/download\/a-cur-dion-air-na-gaidheil-an-deidh-nam-fuadaichean\/?wpdmdl=319&refresh=69e739b5ac8811776761269\"><div class=\"gis-dl\">\n  <div class=\"gis-dl-link-cont\">A\u2019 cur d\u00econ air na G\u00e0idheil an d\u00e8idh nam Fuadaichean<div class=\"gis-file\"><i class=\"fa fa-file-download ml-3 color-yellow\"><\/i>\n            5971<\/div><\/div>\n<\/div><\/a>\n<\/div><\/div>            <div style='clear:both'><\/div><div class='text-center'><ul class='pagination wpdm-pagination pagination-centered text-center'><\/ul><\/div><div style='clear:both'><\/div>        <\/div>\n\n        <div style='clear:both'><\/div>\n    <\/div>\n<\/div>\n    <\/div>\n<\/div>\n<!-- \/module text -->        <\/div>\n                    <div  data-lazy=\"1\" class=\"module_column tb-column col4-2 tb_4r0n465 last\">\n                    <!-- module image -->\n<div  class=\"module module-image tb_43v7814 image-top   tf_mw\" data-lazy=\"1\">\n        <div class=\"image-wrap tf_rel tf_mw\">\n            <img decoding=\"async\" width=\"600\" height=\"398\" data-src=\"https:\/\/b2204768.smushcdn.com\/2204768\/wp-content\/uploads\/2021\/03\/gaelic-scotland-clearances.jpg?lossy=1&strip=1&webp=1\" class=\"wp-post-image wp-image-2026 lazyload\" title=\"gaelic-scotland-clearances\" alt=\"gaelic-scotland-clearances\" data-srcset=\"https:\/\/b2204768.smushcdn.com\/2204768\/wp-content\/uploads\/2021\/03\/gaelic-scotland-clearances.jpg?lossy=1&strip=1&webp=1 600w, https:\/\/b2204768.smushcdn.com\/2204768\/wp-content\/uploads\/2021\/03\/gaelic-scotland-clearances-300x199.jpg?lossy=1&strip=1&webp=1 300w, https:\/\/b2204768.smushcdn.com\/2204768\/wp-content\/uploads\/2021\/03\/gaelic-scotland-clearances.jpg?size=233x155&lossy=1&strip=1&webp=1 233w, https:\/\/b2204768.smushcdn.com\/2204768\/wp-content\/uploads\/2021\/03\/gaelic-scotland-clearances.jpg?size=466x309&lossy=1&strip=1&webp=1 466w\" data-sizes=\"auto\" src=\"data:image\/svg+xml;base64,PHN2ZyB3aWR0aD0iMSIgaGVpZ2h0PSIxIiB4bWxucz0iaHR0cDovL3d3dy53My5vcmcvMjAwMC9zdmciPjwvc3ZnPg==\" style=\"--smush-placeholder-width: 600px; --smush-placeholder-aspect-ratio: 600\/398;\" data-original-sizes=\"(max-width: 600px) 100vw, 600px\" \/>    \n        <\/div>\n    <!-- \/image-wrap -->\n    \n        <\/div>\n<!-- \/module image --><!-- module image -->\n<div  class=\"module module-image tb_8flj844 image-center   tf_mw\" data-lazy=\"1\">\n        <div class=\"image-wrap tf_rel tf_mw\">\n            <img decoding=\"async\" width=\"500\" height=\"514\" data-src=\"https:\/\/b2204768.smushcdn.com\/2204768\/wp-content\/uploads\/2021\/06\/highland-clearances-emmigration-gaelic-scotland.jpg?lossy=1&strip=1&webp=1\" class=\"wp-post-image wp-image-2269 lazyload\" title=\"highland-clearances-emmigration-gaelic-scotland\" alt=\"highland-clearances-emmigration-gaelic-scotland\" data-srcset=\"https:\/\/b2204768.smushcdn.com\/2204768\/wp-content\/uploads\/2021\/06\/highland-clearances-emmigration-gaelic-scotland.jpg?lossy=1&strip=1&webp=1 500w, https:\/\/b2204768.smushcdn.com\/2204768\/wp-content\/uploads\/2021\/06\/highland-clearances-emmigration-gaelic-scotland-292x300.jpg?lossy=1&strip=1&webp=1 292w, https:\/\/b2204768.smushcdn.com\/2204768\/wp-content\/uploads\/2021\/06\/highland-clearances-emmigration-gaelic-scotland.jpg?size=233x240&lossy=1&strip=1&webp=1 233w\" data-sizes=\"auto\" src=\"data:image\/svg+xml;base64,PHN2ZyB3aWR0aD0iMSIgaGVpZ2h0PSIxIiB4bWxucz0iaHR0cDovL3d3dy53My5vcmcvMjAwMC9zdmciPjwvc3ZnPg==\" style=\"--smush-placeholder-width: 500px; --smush-placeholder-aspect-ratio: 500\/514;\" data-original-sizes=\"(max-width: 500px) 100vw, 500px\" \/>    \n        <\/div>\n    <!-- \/image-wrap -->\n    \n        <\/div>\n<!-- \/module image -->        <\/div>\n                        <\/div>\n        <\/div>\n        <\/div>\n<!--\/themify_builder_content-->\n\n\n<p><\/p>","protected":false},"excerpt":{"rendered":"<p>The Clearances The Clearances began in Strath Rusdale, Ross-shire in 1792. As a result of the Clearances, the Highlands were one of the least populated areas in Europe. Some see the Clearances as an attempt by the ruling class to keep hold of their wealth by sacrificing their people. However, the Clearances are generally seen [&hellip;]<\/p>\n","protected":false},"author":3,"featured_media":0,"parent":0,"menu_order":0,"comment_status":"closed","ping_status":"closed","template":"","meta":{"inline_featured_image":false,"footnotes":""},"class_list":["post-2435","page","type-page","status-publish","hentry","has-post-title","has-post-date","has-post-category","has-post-tag","has-post-comment","has-post-author",""],"builder_content":"<h1>The Clearances<\/h1>\n<p><strong>The Clearances began in Strath<\/strong> <strong>Rusdale, Ross-shire in 1792.<\/strong><\/p> <p><strong>As a result of the Clearances, <\/strong><strong>the Highlands were one of the least populated<\/strong> <strong>areas in Europe.<\/strong><\/p> <p><strong>Some see the Clearances as an attempt by the ruling class to keep hold of their wealth by sacrificing their people.<\/strong><\/p> <p><strong>However, the Clearances are generally seen as something which happened in a few stages.<\/strong><\/p> <p>It happened in different ways, depending on when it happened, where it happened, and who was involved.<\/p> <p>During one period, from 1846-1856, the potato crops were ruined by potato blight and many Highlanders moved to the Scottish Lowlands (where factory work could be found), to Canada, the United States or Australia.<\/p> <p>The Clearances didn\u2019t just cause depopulation; they totally changed the culture of the Highlands of Scotland.<\/p> <p>They destroyed the Highland clans, their way of life, their oral traditions, kinship and homes.<\/p> <p>Even the Gaelic language was under threat, since the state education system taught English and not Gaelic, the language of the Highlanders.<\/p>\n<img src=\"https:\/\/storlann.co.uk\/gaidhlig-alba\/wp-content\/uploads\/2021\/06\/Gaelic-in-Scotland-English.jpg\" title=\"Gaelic-in-Scotland-English\" alt=\"Forced useage of English\">\n<img src=\"https:\/\/storlann.co.uk\/gaidhlig-alba\/wp-content\/uploads\/2022\/03\/ross-shire-sutherland-eng-612x1024-363x600.jpg\" width=\"363\" height=\"600\" title=\"ross-shire-sutherland-eng\" alt=\"Ross-shaire and Caithness map\">\n\n<img src=\"https:\/\/storlann.co.uk\/gaidhlig-alba\/wp-content\/uploads\/2021\/03\/Gaelic-in-Scotland-clearances-caithness.jpg\" title=\"Gaelic-in-Scotland-clearances-caithness\" alt=\"Gaelic-in-Scotland-clearances-caithness\" srcset=\"https:\/\/storlann.co.uk\/gaidhlig-alba\/wp-content\/uploads\/2021\/03\/Gaelic-in-Scotland-clearances-caithness.jpg 500w, https:\/\/storlann.co.uk\/gaidhlig-alba\/wp-content\/uploads\/2021\/03\/Gaelic-in-Scotland-clearances-caithness-300x211.jpg 300w\" sizes=\"(max-width: 500px) 100vw, 500px\" \/>\n<img src=\"https:\/\/storlann.co.uk\/gaidhlig-alba\/wp-content\/uploads\/2021\/06\/Gaelic-in-Scotland-Highland-Clearances33.jpg\" title=\"Gaelic-in-Scotland-Highland-Clearances33\" alt=\"Gaelic-in-Scotland-Highland-Clearances33\" srcset=\"https:\/\/storlann.co.uk\/gaidhlig-alba\/wp-content\/uploads\/2021\/06\/Gaelic-in-Scotland-Highland-Clearances33.jpg 500w, https:\/\/storlann.co.uk\/gaidhlig-alba\/wp-content\/uploads\/2021\/06\/Gaelic-in-Scotland-Highland-Clearances33-300x206.jpg 300w\" sizes=\"(max-width: 500px) 100vw, 500px\" \/>\n<p>The Sutherland clearances were not the only clearances to happen throughout Scotland, but they were amongst the most notorious.<\/p>\n<h2>Downloads<\/h2> <p>[wpdm_category id=\"na-fuadaichean,\" cols=\"1\" toolbar=\"0\" item_per_page=\"10\" template=\"gis_download_1\"]<\/p>\n<img src=\"https:\/\/storlann.co.uk\/gaidhlig-alba\/wp-content\/uploads\/2021\/03\/gaelic-scotland-clearances.jpg\" title=\"gaelic-scotland-clearances\" alt=\"gaelic-scotland-clearances\" srcset=\"https:\/\/storlann.co.uk\/gaidhlig-alba\/wp-content\/uploads\/2021\/03\/gaelic-scotland-clearances.jpg 600w, https:\/\/storlann.co.uk\/gaidhlig-alba\/wp-content\/uploads\/2021\/03\/gaelic-scotland-clearances-300x199.jpg 300w\" sizes=\"(max-width: 600px) 100vw, 600px\" \/>\n<img src=\"https:\/\/storlann.co.uk\/gaidhlig-alba\/wp-content\/uploads\/2021\/06\/highland-clearances-emmigration-gaelic-scotland.jpg\" title=\"highland-clearances-emmigration-gaelic-scotland\" alt=\"highland-clearances-emmigration-gaelic-scotland\" srcset=\"https:\/\/storlann.co.uk\/gaidhlig-alba\/wp-content\/uploads\/2021\/06\/highland-clearances-emmigration-gaelic-scotland.jpg 500w, https:\/\/storlann.co.uk\/gaidhlig-alba\/wp-content\/uploads\/2021\/06\/highland-clearances-emmigration-gaelic-scotland-292x300.jpg 292w\" sizes=\"(max-width: 500px) 100vw, 500px\" \/>","_links":{"self":[{"href":"https:\/\/storlann.co.uk\/gaidhlig-alba\/en\/wp-json\/wp\/v2\/pages\/2435","targetHints":{"allow":["GET"]}}],"collection":[{"href":"https:\/\/storlann.co.uk\/gaidhlig-alba\/en\/wp-json\/wp\/v2\/pages"}],"about":[{"href":"https:\/\/storlann.co.uk\/gaidhlig-alba\/en\/wp-json\/wp\/v2\/types\/page"}],"author":[{"embeddable":true,"href":"https:\/\/storlann.co.uk\/gaidhlig-alba\/en\/wp-json\/wp\/v2\/users\/3"}],"replies":[{"embeddable":true,"href":"https:\/\/storlann.co.uk\/gaidhlig-alba\/en\/wp-json\/wp\/v2\/comments?post=2435"}],"version-history":[{"count":0,"href":"https:\/\/storlann.co.uk\/gaidhlig-alba\/en\/wp-json\/wp\/v2\/pages\/2435\/revisions"}],"wp:attachment":[{"href":"https:\/\/storlann.co.uk\/gaidhlig-alba\/en\/wp-json\/wp\/v2\/media?parent=2435"}],"curies":[{"name":"wp","href":"https:\/\/api.w.org\/{rel}","templated":true}]}}