{"id":2430,"date":"2021-05-05T16:14:59","date_gmt":"2021-05-05T15:14:59","guid":{"rendered":"https:\/\/storlann.co.uk\/gaidhlig-alba\/the-statutes-of-iona\/"},"modified":"2022-03-24T09:26:50","modified_gmt":"2022-03-24T09:26:50","slug":"the-statutes-of-iona","status":"publish","type":"page","link":"https:\/\/storlann.co.uk\/gaidhlig-alba\/en\/the-statutes-of-iona\/","title":{"rendered":"The Statutes of Iona"},"content":{"rendered":"<!--themify_builder_content-->\n<div id=\"themify_builder_content-2430\" data-postid=\"2430\" class=\"themify_builder_content themify_builder_content-2430 themify_builder tf_clear\">\n                    <div  data-lazy=\"1\" class=\"module_row themify_builder_row tb_26w0357 tb_first tf_w\">\n                        <div class=\"row_inner col_align_top tb_col_count_1 tf_box tf_rel\">\n                        <div  data-lazy=\"1\" class=\"module_column tb-column col-full tb_hmk1357 first\">\n                    <!-- module text -->\n<div  class=\"module module-text tb_6q0j387   \" data-lazy=\"1\">\n        <div  class=\"tb_text_wrap\">\n        <h1>The Statutes of Iona<\/h1>    <\/div>\n<\/div>\n<!-- \/module text -->        <\/div>\n                        <\/div>\n        <\/div>\n                        <div  data-lazy=\"1\" class=\"module_row themify_builder_row tb_etyw616 tf_w\">\n                        <div class=\"row_inner col_align_top tb_col_count_1 tf_box tf_rel\">\n                        <div  data-lazy=\"1\" class=\"module_column tb-column col-full tb_qyg1616 first\">\n                    <!-- module image -->\n<div  class=\"module module-image tb_o843793 image-center   tf_mw wow\" data-tf-animation=\"fadeIn\" data-lazy=\"1\">\n        <div class=\"image-wrap tf_rel tf_mw\">\n            <img decoding=\"async\" width=\"596\" height=\"313\" data-src=\"https:\/\/b2204768.smushcdn.com\/2204768\/wp-content\/uploads\/2021\/12\/iona-abbey-transparent1.png?lossy=1&strip=1&webp=1\" class=\"wp-post-image wp-image-2278 lazyload\" title=\"iona-abbey-transparent(1)\" alt=\"iona-abbey-transparent(1)\" data-srcset=\"https:\/\/b2204768.smushcdn.com\/2204768\/wp-content\/uploads\/2021\/12\/iona-abbey-transparent1.png?lossy=1&strip=1&webp=1 596w, https:\/\/b2204768.smushcdn.com\/2204768\/wp-content\/uploads\/2021\/12\/iona-abbey-transparent1-300x158.png?lossy=1&strip=1&webp=1 300w, https:\/\/b2204768.smushcdn.com\/2204768\/wp-content\/uploads\/2021\/12\/iona-abbey-transparent1.png?size=233x122&lossy=1&strip=1&webp=1 233w, https:\/\/b2204768.smushcdn.com\/2204768\/wp-content\/uploads\/2021\/12\/iona-abbey-transparent1.png?size=466x245&lossy=1&strip=1&webp=1 466w\" data-sizes=\"auto\" src=\"data:image\/svg+xml;base64,PHN2ZyB3aWR0aD0iMSIgaGVpZ2h0PSIxIiB4bWxucz0iaHR0cDovL3d3dy53My5vcmcvMjAwMC9zdmciPjwvc3ZnPg==\" style=\"--smush-placeholder-width: 596px; --smush-placeholder-aspect-ratio: 596\/313;\" data-original-sizes=\"(max-width: 596px) 100vw, 596px\" \/>    \n        <\/div>\n    <!-- \/image-wrap -->\n    \n        <\/div>\n<!-- \/module image -->        <\/div>\n                        <\/div>\n        <\/div>\n                        <div  data-desktop-padding=\"1px\" data-css_id=\"n1kt640\" data-lazy=\"1\" class=\"module_row themify_builder_row fullwidth_row_container tb_n1kt640 tf_w\">\n            <span  class=\"builder_row_cover tf_abs\" data-lazy=\"1\"><\/span><span class=\"tb_row_frame_wrap tf_overflow tf_abs\" data-lazy=\"1\"><span class=\"tb_row_frame tb_row_frame_top  tf_abs tf_hide tf_overflow tf_w\"><\/span><span class=\"tb_row_frame tb_row_frame_bottom  tf_abs tf_hide tf_overflow tf_w\"><\/span><\/span>            <div class=\"row_inner col_align_top tb_col_count_2 tf_box tf_rel\">\n                        <div  data-lazy=\"1\" class=\"module_column tb-column col4-3 tb_k169640 first\">\n                    <!-- module text -->\n<div  class=\"module module-text tb_seof458   \" data-lazy=\"1\">\n        <div  class=\"tb_text_wrap\">\n        <h2>The Band and Statutes of Icolmkill (the Statutes of Iona)<\/h2>    <\/div>\n<\/div>\n<!-- \/module text --><!-- module text -->\n<div  class=\"module module-text tb_lp23608   tb_text_dropcap\" data-lazy=\"1\">\n        <div  class=\"tb_text_wrap\">\n        <p>Some people think that the Statutes of Iona \u2013 there were nine altogether \u2013 were an attack on parts of the Highland culture; that they were to wipe out Gaelic and replace it with English.<\/p>\n<p>Others think that, through the statutes, King James VI of Scotland was trying to unite the Highlands with the rest of Scotland.<\/p>\n    <\/div>\n<\/div>\n<!-- \/module text --><!-- module text -->\n<div  class=\"module module-text tb_mcca691   \" data-lazy=\"1\">\n        <div  class=\"tb_text_wrap\">\n        <p>It is not clear whether King James was trying to civilise the Highlands or trying to suppress Gaelic.<\/p>\n<p>However, there is no doubt that the Gaelic community and the behaviour of the Gaels were changed when some of the statutes came into effect.<\/p>\n<p>Many of the Lowlanders thought that the Gaels were wild, barbaric people.<\/p>\n<p>Because of this it is easy to see why some believe that King James established the statutes in order to improve the way of life of the Gaels, and to expand law and order in the area.<\/p>\n<p>The king himself once said that all Gaels were barbaric:<\/p>\n    <\/div>\n<\/div>\n<!-- \/module text --><!-- module text -->\n<div  class=\"module module-text tb_mmte525   \" data-lazy=\"1\">\n        <div  class=\"tb_text_wrap\">\n        <p>\u2018As for the Highlanders, I see two kinds: the ones who live on the mainland are barbaric, but a little bit civilised; the others who live in the islands are totally barbaric.\u2019<\/p>\n    <\/div>\n<\/div>\n<!-- \/module text -->        <\/div>\n                    <div  data-lazy=\"1\" class=\"module_column tb-column col4-1 tb_091g973 last\">\n                    <!-- module image -->\n<div  class=\"module module-image tb_fa04741 image-center   tf_mw\" data-lazy=\"1\">\n        <div class=\"image-wrap tf_rel tf_mw\">\n            <img decoding=\"async\" data-src=\"https:\/\/b2204768.smushcdn.com\/2204768\/wp-content\/uploads\/2021\/05\/king-james-vi-scotland-300x500.png?lossy=1&strip=1&webp=1\" height=\"500\" class=\"wp-post-image wp-image-2223 lazyload\" title=\"king-james-vi-scotland\" alt=\"James VI, King of Scotland\" data-srcset=\"https:\/\/b2204768.smushcdn.com\/2204768\/wp-content\/uploads\/2021\/05\/king-james-vi-scotland-300x500.png?lossy=1&strip=1&webp=1 300w, https:\/\/b2204768.smushcdn.com\/2204768\/wp-content\/uploads\/2021\/05\/king-james-vi-scotland-180x300.png?lossy=1&strip=1&webp=1 180w, https:\/\/b2204768.smushcdn.com\/2204768\/wp-content\/uploads\/2021\/05\/king-james-vi-scotland.png?lossy=1&strip=1&webp=1 500w, https:\/\/b2204768.smushcdn.com\/2204768\/wp-content\/uploads\/2021\/05\/king-james-vi-scotland.png?size=233x388&lossy=1&strip=1&webp=1 233w\" data-sizes=\"auto\" src=\"data:image\/svg+xml;base64,PHN2ZyB3aWR0aD0iMSIgaGVpZ2h0PSIxIiB4bWxucz0iaHR0cDovL3d3dy53My5vcmcvMjAwMC9zdmciPjwvc3ZnPg==\" style=\"--smush-placeholder-width: 300px; --smush-placeholder-aspect-ratio: 300\/500;\" data-original-sizes=\"(max-width: 300px) 100vw, 300px\" \/>    \n        <\/div>\n    <!-- \/image-wrap -->\n    \n        <div class=\"image-content\">\n                        <div class=\"image-caption tb_text_wrap\">\n            James VI, King of Scotland        <\/div>\n        <!-- \/image-caption -->\n            <\/div>\n    <!-- \/image-content -->\n        <\/div>\n<!-- \/module image --><!-- module image -->\n<div  class=\"module module-image tb_1xl213 image-top   tf_mw\" data-lazy=\"1\">\n        <div class=\"image-wrap tf_rel tf_mw\">\n                \n        <\/div>\n    <!-- \/image-wrap -->\n    \n        <\/div>\n<!-- \/module image -->        <\/div>\n                        <\/div>\n        <\/div>\n                        <div  data-lazy=\"1\" class=\"module_row themify_builder_row tb_dqzo16 tf_w\">\n                        <div class=\"row_inner col_align_top tb_col_count_2 tf_box tf_rel\">\n                        <div  data-lazy=\"1\" class=\"module_column tb-column col4-2 tb_42pr17 first\">\n                    <!-- module text -->\n<div  class=\"module module-text tb_6zkn17   \" data-lazy=\"1\">\n        <div  class=\"tb_text_wrap\">\n        <h2>Negotiating the statutes<\/h2>\n<p>Bishop Andrew Knox held court on the 24th of August 1609 on the holy island of Iona, where the statutes were negotiated.<\/p>\n<p>Nine of the Highland clan chiefs swore a most solemn oath promising to be loyal to the King, James VI and to the laws of Scotland in the future.<\/p>\n    <\/div>\n<\/div>\n<!-- \/module text -->        <\/div>\n                    <div  data-lazy=\"1\" class=\"module_column tb-column col4-2 tb_c7yf18 last\">\n                    <!-- module image -->\n<div  class=\"module module-image tb_5ygp18 image-top   tf_mw wow\" data-tf-animation=\"fadeIn\" data-lazy=\"1\">\n        <div class=\"image-wrap tf_rel tf_mw\">\n            <img decoding=\"async\" width=\"960\" height=\"436\" data-src=\"https:\/\/b2204768.smushcdn.com\/2204768\/wp-content\/uploads\/2021\/05\/statutes-of-iona-clan-chiefs.jpg?lossy=1&strip=1&webp=1\" class=\"wp-post-image wp-image-2220 lazyload\" title=\"statutes-of-iona-clan-chiefs\" alt=\"statutes-of-iona-clan-chiefs\" data-srcset=\"https:\/\/b2204768.smushcdn.com\/2204768\/wp-content\/uploads\/2021\/05\/statutes-of-iona-clan-chiefs.jpg?lossy=1&strip=1&webp=1 960w, https:\/\/b2204768.smushcdn.com\/2204768\/wp-content\/uploads\/2021\/05\/statutes-of-iona-clan-chiefs-300x136.jpg?lossy=1&strip=1&webp=1 300w, https:\/\/b2204768.smushcdn.com\/2204768\/wp-content\/uploads\/2021\/05\/statutes-of-iona-clan-chiefs-768x349.jpg?lossy=1&strip=1&webp=1 768w, https:\/\/b2204768.smushcdn.com\/2204768\/wp-content\/uploads\/2021\/05\/statutes-of-iona-clan-chiefs.jpg?size=233x106&lossy=1&strip=1&webp=1 233w, https:\/\/b2204768.smushcdn.com\/2204768\/wp-content\/uploads\/2021\/05\/statutes-of-iona-clan-chiefs.jpg?size=466x212&lossy=1&strip=1&webp=1 466w, https:\/\/b2204768.smushcdn.com\/2204768\/wp-content\/uploads\/2021\/05\/statutes-of-iona-clan-chiefs.jpg?size=699x317&lossy=1&strip=1&webp=1 699w\" data-sizes=\"auto\" src=\"data:image\/svg+xml;base64,PHN2ZyB3aWR0aD0iMSIgaGVpZ2h0PSIxIiB4bWxucz0iaHR0cDovL3d3dy53My5vcmcvMjAwMC9zdmciPjwvc3ZnPg==\" style=\"--smush-placeholder-width: 960px; --smush-placeholder-aspect-ratio: 960\/436;\" data-original-sizes=\"(max-width: 960px) 100vw, 960px\" \/>    \n        <\/div>\n    <!-- \/image-wrap -->\n    \n        <\/div>\n<!-- \/module image -->        <\/div>\n                        <\/div>\n        <\/div>\n                        <div  data-lazy=\"1\" class=\"module_row themify_builder_row tb_old9493 tf_w\">\n                        <div class=\"row_inner col_align_top tb_col_count_2 tf_box tf_rel\">\n                        <div  data-lazy=\"1\" class=\"module_column tb-column col4-2 tb_18gm494 first\">\n                    <!-- module text -->\n<div  class=\"module module-text tb_26f6588   \" data-lazy=\"1\">\n        <div  class=\"tb_text_wrap\">\n        <h2>Downloads<\/h2>\n<div class='w3eden wpdm_packages_shortcode'>\n    <div class=''>\n\n        \n        <div id=\"content_wpdm_package_1\">\n            <div class='row'><div class='col-lg-12 col-md-6 col-6'> <a href=\"https:\/\/storlann.co.uk\/gaidhlig-alba\/en\/download\/a-tighinn-gu-aonta-air-na-reachdan\/?wpdmdl=607&refresh=69e4bf8c4bc561776598924\"><div class=\"gis-dl\">\n  <div class=\"gis-dl-link-cont\">A\u2019 tighinn gu aonta air na Reachdan<div class=\"gis-file\"><i class=\"fa fa-file-download ml-3 color-yellow\"><\/i>\n            6254<\/div><\/div>\n<\/div><\/a>\n<\/div><div class='col-lg-12 col-md-6 col-6'> <a href=\"https:\/\/storlann.co.uk\/gaidhlig-alba\/en\/download\/bann-agus-reachdan-i-choluim-cille\/?wpdmdl=619&refresh=69e4bf8cafbce1776598924\"><div class=\"gis-dl\">\n  <div class=\"gis-dl-link-cont\">Bann agus Reachdan \u00cc Choluim Cille<div class=\"gis-file\"><i class=\"fa fa-file-download ml-3 color-yellow\"><\/i>\n            6529<\/div><\/div>\n<\/div><\/a>\n<\/div><div class='col-lg-12 col-md-6 col-6'> <a href=\"https:\/\/storlann.co.uk\/gaidhlig-alba\/en\/download\/na-naoi-reachdan\/?wpdmdl=609&refresh=69e4bf8cc87a31776598924\"><div class=\"gis-dl\">\n  <div class=\"gis-dl-link-cont\">Na naoi reachdan<div class=\"gis-file\"><i class=\"fa fa-file-download ml-3 color-yellow\"><\/i>\n            6282<\/div><\/div>\n<\/div><\/a>\n<\/div><div class='col-lg-12 col-md-6 col-6'> <a href=\"https:\/\/storlann.co.uk\/gaidhlig-alba\/en\/download\/reachd-i\/?wpdmdl=611&refresh=69e4bf8ceb21b1776598924\"><div class=\"gis-dl\">\n  <div class=\"gis-dl-link-cont\">Reachd I<div class=\"gis-file\"><i class=\"fa fa-file-download ml-3 color-yellow\"><\/i>\n            6063<\/div><\/div>\n<\/div><\/a>\n<\/div><div class='col-lg-12 col-md-6 col-6'> <a href=\"https:\/\/storlann.co.uk\/gaidhlig-alba\/en\/download\/reachd-vi\/?wpdmdl=613&refresh=69e4bf8d0e3461776598925\"><div class=\"gis-dl\">\n  <div class=\"gis-dl-link-cont\">Reachd VI<div class=\"gis-file\"><i class=\"fa fa-file-download ml-3 color-yellow\"><\/i>\n            6203<\/div><\/div>\n<\/div><\/a>\n<\/div><div class='col-lg-12 col-md-6 col-6'> <a href=\"https:\/\/storlann.co.uk\/gaidhlig-alba\/en\/download\/reachd-vii\/?wpdmdl=615&refresh=69e4bf8d4718f1776598925\"><div class=\"gis-dl\">\n  <div class=\"gis-dl-link-cont\">Reachd VII<div class=\"gis-file\"><i class=\"fa fa-file-download ml-3 color-yellow\"><\/i>\n            6164<\/div><\/div>\n<\/div><\/a>\n<\/div><div class='col-lg-12 col-md-6 col-6'> <a href=\"https:\/\/storlann.co.uk\/gaidhlig-alba\/en\/download\/reachd-viii\/?wpdmdl=617&refresh=69e4bf8d638991776598925\"><div class=\"gis-dl\">\n  <div class=\"gis-dl-link-cont\">Reachd VIII<div class=\"gis-file\"><i class=\"fa fa-file-download ml-3 color-yellow\"><\/i>\n            6278<\/div><\/div>\n<\/div><\/a>\n<\/div><\/div>            <div style='clear:both'><\/div><div class='text-center'><ul class='pagination wpdm-pagination pagination-centered text-center'><\/ul><\/div><div style='clear:both'><\/div>        <\/div>\n\n        <div style='clear:both'><\/div>\n    <\/div>\n<\/div>\n    <\/div>\n<\/div>\n<!-- \/module text -->        <\/div>\n                    <div  data-lazy=\"1\" class=\"module_column tb-column col4-2 tb_yxvm906 last\">\n        <span  class=\"builder_row_cover tf_abs\" data-lazy=\"1\"><\/span>            <!-- module text -->\n<div  class=\"module module-text tb_25fb705   \" data-lazy=\"1\">\n        <div  class=\"tb_text_wrap\">\n        <p><strong>The clan chiefs were:<\/strong><\/p>\n<ul>\n<li>Angus MacDonald of Dunivaig in Islay<\/li>\n<li>Hector MacLean of Duart in Mull<\/li>\n<li>Donald Gorm MacDonald of Sleat in Skye<\/li>\n<li>Rory MacLeod of Harris<\/li>\n<li>Rory MacKinnon of Strathordaill in Skye<\/li>\n<li>Lauchlan MacLean of Coll<\/li>\n<li>Donald MacDonald of Ylanterim in Moydart (Captain of Clanranald)<\/li>\n<li>Lauchlan MacLean of Lochbuy in Mull<\/li>\n<li>Gillespie MacQuharrie of Ulva<\/li>\n<\/ul>\n    <\/div>\n<\/div>\n<!-- \/module text -->        <\/div>\n                        <\/div>\n        <\/div>\n                        <div  data-lazy=\"1\" class=\"module_row themify_builder_row tb_glgm736 tf_w\">\n                        <div class=\"row_inner col_align_top tb_col_count_1 tf_box tf_rel\">\n                        <div  data-lazy=\"1\" class=\"module_column tb-column col-full tb_4x15738 first\">\n                    <!-- module text -->\n<div  class=\"module module-text tb_jcnt717  fullcover \" data-lazy=\"1\">\n        <div  class=\"tb_text_wrap\">\n        <h2>The nine statutes<\/h2>\n<p><strong>In 1609 nine laws were passed which required that:<\/strong><\/p>    <\/div>\n<\/div>\n<!-- \/module text --><!-- module text -->\n<div  class=\"module module-text tb_cw74671  fullcover \" data-lazy=\"1\">\n        <div  class=\"tb_text_wrap\">\n        <p><strong>I.<\/strong> All churches would be repaired, the parishes would have ministers, and the teaching and discipline would be the same as they were in the rest of the country.<\/p>\n<p><strong>II.<\/strong> Inns would be built in convenient places in all the islands, so that poor crofters would not have to give hospitality to travellers.<\/p>\n<p><strong>III.<\/strong> All people without work would be cleared out of the islands; clan chiefs would not change what clansmen had to pay them; and clan chiefs would be satisfied with a suitable number of gentlemen and servants.<\/p>\n<p><strong>IV.<\/strong> Begging would be banned, and also making people provide accommodation in their homes without paying them for it.<\/p>\n<p><strong>V.<\/strong> Islanders would be banned from buying alcoholic drink but they could make it for their own use; clan chiefs and important people could send to the Lowlands for alcoholic drink.<\/p>\n<p><strong>VI<\/strong>. Every gentleman in the Islands would send his oldest son to school in the Lowlands; they would stay there until they could speak, read and write English.<\/p>\n<p><strong>VII.<\/strong> Islanders would not carry a hagbut or pistol when they were outside and they would not shoot deer, hare or birds with guns like that.<\/p>\n<p><strong>VIII.<\/strong> Bards and other people would no longer travel about the country, getting hospitality from the clan chiefs, but they would be arrested and put out of the islands.<\/p>\n<p><strong>IX.<\/strong> Clan chiefs would arrest criminals in their area, would seize their goods, and set them before a judge; and clan chiefs would not accept criminals who were fleeing from other areas.<\/p>\n    <\/div>\n<\/div>\n<!-- \/module text -->        <\/div>\n                        <\/div>\n        <\/div>\n        <\/div>\n<!--\/themify_builder_content-->","protected":false},"excerpt":{"rendered":"<p>Reachdan Eilean \u00cc Bann agus Reachdan \u00cc Choluim Cille Tha cuid a\u2019 smaoineachadh gun robh Reachdan Eilean \u00cc \u2013 tha naoi reachdan ann uile gu l\u00e8ir \u2013 nan ionnsaigh air p\u00e0irtean de chultar na G\u00e0idhlig; gun robh iad airson cur \u00e0s don Gh\u00e0idhlig agus Beurla a chur na h-\u00e0ite. Tha cuid eile a\u2019 smaoineachadh, leis [&hellip;]<\/p>\n","protected":false},"author":3,"featured_media":0,"parent":0,"menu_order":0,"comment_status":"closed","ping_status":"closed","template":"","meta":{"inline_featured_image":false,"footnotes":""},"class_list":["post-2430","page","type-page","status-publish","hentry","has-post-title","has-post-date","has-post-category","has-post-tag","has-post-comment","has-post-author",""],"builder_content":"<h1>The Statutes of Iona<\/h1>\n<img src=\"https:\/\/storlann.co.uk\/gaidhlig-alba\/wp-content\/uploads\/2021\/12\/iona-abbey-transparent1.png\" title=\"iona-abbey-transparent(1)\" alt=\"iona-abbey-transparent(1)\" srcset=\"https:\/\/storlann.co.uk\/gaidhlig-alba\/wp-content\/uploads\/2021\/12\/iona-abbey-transparent1.png 596w, https:\/\/storlann.co.uk\/gaidhlig-alba\/wp-content\/uploads\/2021\/12\/iona-abbey-transparent1-300x158.png 300w\" sizes=\"(max-width: 596px) 100vw, 596px\" \/>\n<h2>The Band and Statutes of Icolmkill (the Statutes of Iona)<\/h2>\n<p>Some people think that the Statutes of Iona \u2013 there were nine altogether \u2013 were an attack on parts of the Highland culture; that they were to wipe out Gaelic and replace it with English.<\/p> <p>Others think that, through the statutes, King James VI of Scotland was trying to unite the Highlands with the rest of Scotland.<\/p>\n<p>It is not clear whether King James was trying to civilise the Highlands or trying to suppress Gaelic.<\/p> <p>However, there is no doubt that the Gaelic community and the behaviour of the Gaels were changed when some of the statutes came into effect.<\/p> <p>Many of the Lowlanders thought that the Gaels were wild, barbaric people.<\/p> <p>Because of this it is easy to see why some believe that King James established the statutes in order to improve the way of life of the Gaels, and to expand law and order in the area.<\/p> <p>The king himself once said that all Gaels were barbaric:<\/p>\n<p>\u2018As for the Highlanders, I see two kinds: the ones who live on the mainland are barbaric, but a little bit civilised; the others who live in the islands are totally barbaric.\u2019<\/p>\n<img src=\"https:\/\/storlann.co.uk\/gaidhlig-alba\/wp-content\/uploads\/2021\/05\/king-james-vi-scotland-300x500.png\" height=\"500\" title=\"king-james-vi-scotland\" alt=\"James VI, King of Scotland\" srcset=\"https:\/\/storlann.co.uk\/gaidhlig-alba\/wp-content\/uploads\/2021\/05\/king-james-vi-scotland-300x500.png 300w, https:\/\/storlann.co.uk\/gaidhlig-alba\/wp-content\/uploads\/2021\/05\/king-james-vi-scotland-180x300.png 180w, https:\/\/storlann.co.uk\/gaidhlig-alba\/wp-content\/uploads\/2021\/05\/king-james-vi-scotland.png 500w\" sizes=\"(max-width: 300px) 100vw, 300px\" \/> James VI, King of Scotland\n\n<h2>Negotiating the statutes<\/h2> <p>Bishop Andrew Knox held court on the 24th of August 1609 on the holy island of Iona, where the statutes were negotiated.<\/p> <p>Nine of the Highland clan chiefs swore a most solemn oath promising to be loyal to the King, James VI and to the laws of Scotland in the future.<\/p>\n<img src=\"https:\/\/storlann.co.uk\/gaidhlig-alba\/wp-content\/uploads\/2021\/05\/statutes-of-iona-clan-chiefs.jpg\" title=\"statutes-of-iona-clan-chiefs\" alt=\"statutes-of-iona-clan-chiefs\" srcset=\"https:\/\/storlann.co.uk\/gaidhlig-alba\/wp-content\/uploads\/2021\/05\/statutes-of-iona-clan-chiefs.jpg 960w, https:\/\/storlann.co.uk\/gaidhlig-alba\/wp-content\/uploads\/2021\/05\/statutes-of-iona-clan-chiefs-300x136.jpg 300w, https:\/\/storlann.co.uk\/gaidhlig-alba\/wp-content\/uploads\/2021\/05\/statutes-of-iona-clan-chiefs-768x349.jpg 768w\" sizes=\"(max-width: 960px) 100vw, 960px\" \/>\n<h2>Downloads<\/h2> <p>[wpdm_category id=\"reachdan-eilean-i\" cols=\"1\" toolbar=\"0\" item_per_page=\"10\" template=\"gis_download_1\" orderby=\"title\" order=\"asc\"]<\/p>\n<p><strong>The clan chiefs were:<\/strong><\/p> <ul> <li>Angus MacDonald of Dunivaig in Islay<\/li> <li>Hector MacLean of Duart in Mull<\/li> <li>Donald Gorm MacDonald of Sleat in Skye<\/li> <li>Rory MacLeod of Harris<\/li> <li>Rory MacKinnon of Strathordaill in Skye<\/li> <li>Lauchlan MacLean of Coll<\/li> <li>Donald MacDonald of Ylanterim in Moydart (Captain of Clanranald)<\/li> <li>Lauchlan MacLean of Lochbuy in Mull<\/li> <li>Gillespie MacQuharrie of Ulva<\/li> <\/ul>\n<h2>The nine statutes<\/h2> <p><strong>In 1609 nine laws were passed which required that:<\/strong><\/p>\n<p><strong>I.<\/strong> All churches would be repaired, the parishes would have ministers, and the teaching and discipline would be the same as they were in the rest of the country.<\/p> <p><strong>II.<\/strong> Inns would be built in convenient places in all the islands, so that poor crofters would not have to give hospitality to travellers.<\/p> <p><strong>III.<\/strong> All people without work would be cleared out of the islands; clan chiefs would not change what clansmen had to pay them; and clan chiefs would be satisfied with a suitable number of gentlemen and servants.<\/p> <p><strong>IV.<\/strong> Begging would be banned, and also making people provide accommodation in their homes without paying them for it.<\/p> <p><strong>V.<\/strong> Islanders would be banned from buying alcoholic drink but they could make it for their own use; clan chiefs and important people could send to the Lowlands for alcoholic drink.<\/p> <p><strong>VI<\/strong>. Every gentleman in the Islands would send his oldest son to school in the Lowlands; they would stay there until they could speak, read and write English.<\/p> <p><strong>VII.<\/strong> Islanders would not carry a hagbut or pistol when they were outside and they would not shoot deer, hare or birds with guns like that.<\/p> <p><strong>VIII.<\/strong> Bards and other people would no longer travel about the country, getting hospitality from the clan chiefs, but they would be arrested and put out of the islands.<\/p> <p><strong>IX.<\/strong> Clan chiefs would arrest criminals in their area, would seize their goods, and set them before a judge; and clan chiefs would not accept criminals who were fleeing from other areas.<\/p>","_links":{"self":[{"href":"https:\/\/storlann.co.uk\/gaidhlig-alba\/en\/wp-json\/wp\/v2\/pages\/2430","targetHints":{"allow":["GET"]}}],"collection":[{"href":"https:\/\/storlann.co.uk\/gaidhlig-alba\/en\/wp-json\/wp\/v2\/pages"}],"about":[{"href":"https:\/\/storlann.co.uk\/gaidhlig-alba\/en\/wp-json\/wp\/v2\/types\/page"}],"author":[{"embeddable":true,"href":"https:\/\/storlann.co.uk\/gaidhlig-alba\/en\/wp-json\/wp\/v2\/users\/3"}],"replies":[{"embeddable":true,"href":"https:\/\/storlann.co.uk\/gaidhlig-alba\/en\/wp-json\/wp\/v2\/comments?post=2430"}],"version-history":[{"count":2,"href":"https:\/\/storlann.co.uk\/gaidhlig-alba\/en\/wp-json\/wp\/v2\/pages\/2430\/revisions"}],"predecessor-version":[{"id":2610,"href":"https:\/\/storlann.co.uk\/gaidhlig-alba\/en\/wp-json\/wp\/v2\/pages\/2430\/revisions\/2610"}],"wp:attachment":[{"href":"https:\/\/storlann.co.uk\/gaidhlig-alba\/en\/wp-json\/wp\/v2\/media?parent=2430"}],"curies":[{"name":"wp","href":"https:\/\/api.w.org\/{rel}","templated":true}]}}