{"id":2422,"date":"2021-04-12T11:58:16","date_gmt":"2021-04-12T10:58:16","guid":{"rendered":"https:\/\/storlann.co.uk\/gaidhlig-alba\/kings-of-scotland\/"},"modified":"2022-03-29T10:12:25","modified_gmt":"2022-03-29T09:12:25","slug":"kings-of-scotland","status":"publish","type":"page","link":"https:\/\/storlann.co.uk\/gaidhlig-alba\/en\/kings-of-scotland\/","title":{"rendered":"Kings of Scotland"},"content":{"rendered":"<!--themify_builder_content-->\n<div id=\"themify_builder_content-2422\" data-postid=\"2422\" class=\"themify_builder_content themify_builder_content-2422 themify_builder tf_clear\">\n                    <div  data-lazy=\"1\" class=\"module_row themify_builder_row tb_0va488 tb_first tf_w\">\n                        <div class=\"row_inner col_align_top tb_col_count_1 tf_box tf_rel\">\n                        <div  data-lazy=\"1\" class=\"module_column tb-column col-full tb_hbow88 first\">\n                    <!-- module text -->\n<div  class=\"module module-text tb_ycc3891   \" data-lazy=\"1\">\n        <div  class=\"tb_text_wrap\">\n        <h1>Kings of Scotland<\/h1>    <\/div>\n<\/div>\n<!-- \/module text --><!-- module image -->\n<div  class=\"module module-image tb_uvmt204 image-center   tf_mw wow\" data-tf-animation=\"fadeIn\" data-lazy=\"1\">\n        <div class=\"image-wrap tf_rel tf_mw\">\n            <img decoding=\"async\" width=\"960\" height=\"780\" data-src=\"https:\/\/b2204768.smushcdn.com\/2204768\/wp-content\/uploads\/2022\/03\/timeline-kings-and-queens-scotland-alba-V2.jpg?lossy=1&strip=1&webp=1\" class=\"wp-post-image wp-image-2565 lazyload\" title=\"timeline-kings-and-queens-scotland-alba-V2\" alt=\"Before the reign of Malcolm Canmore - Timeline\" data-srcset=\"https:\/\/b2204768.smushcdn.com\/2204768\/wp-content\/uploads\/2022\/03\/timeline-kings-and-queens-scotland-alba-V2.jpg?lossy=1&strip=1&webp=1 960w, https:\/\/b2204768.smushcdn.com\/2204768\/wp-content\/uploads\/2022\/03\/timeline-kings-and-queens-scotland-alba-V2-300x244.jpg?lossy=1&strip=1&webp=1 300w, https:\/\/b2204768.smushcdn.com\/2204768\/wp-content\/uploads\/2022\/03\/timeline-kings-and-queens-scotland-alba-V2-768x624.jpg?lossy=1&strip=1&webp=1 768w, https:\/\/b2204768.smushcdn.com\/2204768\/wp-content\/uploads\/2022\/03\/timeline-kings-and-queens-scotland-alba-V2.jpg?size=233x189&lossy=1&strip=1&webp=1 233w, https:\/\/b2204768.smushcdn.com\/2204768\/wp-content\/uploads\/2022\/03\/timeline-kings-and-queens-scotland-alba-V2.jpg?size=466x379&lossy=1&strip=1&webp=1 466w, https:\/\/b2204768.smushcdn.com\/2204768\/wp-content\/uploads\/2022\/03\/timeline-kings-and-queens-scotland-alba-V2.jpg?size=699x568&lossy=1&strip=1&webp=1 699w\" data-sizes=\"auto\" src=\"data:image\/svg+xml;base64,PHN2ZyB3aWR0aD0iMSIgaGVpZ2h0PSIxIiB4bWxucz0iaHR0cDovL3d3dy53My5vcmcvMjAwMC9zdmciPjwvc3ZnPg==\" style=\"--smush-placeholder-width: 960px; --smush-placeholder-aspect-ratio: 960\/780;\" data-original-sizes=\"(max-width: 960px) 100vw, 960px\" \/>    \n        <\/div>\n    <!-- \/image-wrap -->\n    \n        <\/div>\n<!-- \/module image -->        <\/div>\n                        <\/div>\n        <\/div>\n                        <div  data-css_id=\"x2x8178\" data-lazy=\"1\" class=\"module_row themify_builder_row fullwidth_row_container tb_x2x8178 tf_w\">\n                        <div class=\"row_inner col_align_top tb_col_count_1 tf_box tf_rel\">\n                        <div  data-lazy=\"1\" class=\"module_column tb-column col-full tb_k9sq178 first\">\n                    <!-- module text -->\n<div  class=\"module module-text tb_4nc161   \" data-lazy=\"1\">\n        <div  class=\"tb_text_wrap\">\n        <h2>The Royal Line of Malcolm Canmore<\/h2>    <\/div>\n<\/div>\n<!-- \/module text --><!-- module image -->\n<div  class=\"module module-image tb_vrx8450 image-center   tf_mw\" data-lazy=\"1\">\n        <div class=\"image-wrap tf_rel tf_mw\">\n            <img decoding=\"async\" data-src=\"https:\/\/b2204768.smushcdn.com\/2204768\/wp-content\/uploads\/2021\/04\/crown-standard-200x345.png?lossy=1&strip=1&webp=1\" width=\"200\" height=\"345\" class=\"wp-post-image wp-image-2139 lazyload\" title=\"crown-standard\" alt=\"crown-standard\" data-srcset=\"https:\/\/b2204768.smushcdn.com\/2204768\/wp-content\/uploads\/2021\/04\/crown-standard-200x345.png?lossy=1&strip=1&webp=1 200w, https:\/\/b2204768.smushcdn.com\/2204768\/wp-content\/uploads\/2021\/04\/crown-standard-174x300.png?lossy=1&strip=1&webp=1 174w, https:\/\/b2204768.smushcdn.com\/2204768\/wp-content\/uploads\/2021\/04\/crown-standard.png?lossy=1&strip=1&webp=1 300w\" data-sizes=\"auto\" src=\"data:image\/svg+xml;base64,PHN2ZyB3aWR0aD0iMSIgaGVpZ2h0PSIxIiB4bWxucz0iaHR0cDovL3d3dy53My5vcmcvMjAwMC9zdmciPjwvc3ZnPg==\" style=\"--smush-placeholder-width: 200px; --smush-placeholder-aspect-ratio: 200\/345;\" data-original-sizes=\"(max-width: 200px) 100vw, 200px\" \/>    \n        <\/div>\n    <!-- \/image-wrap -->\n    \n        <\/div>\n<!-- \/module image --><!-- module text -->\n<div  class=\"module module-text tb_byi0653   \" data-lazy=\"1\">\n        <div  class=\"tb_text_wrap\">\n        <h3><strong>The Royal Line of Malcolm Canmore<\/strong><\/h3>\n<p><em>Malcolm III<\/em><br><em>(M\u00e1el Coluim mac Donnchada)<\/em><br><em>King of Scotland<\/em><br><strong>1058 &#8211; 1093<\/strong><\/p>    <\/div>\n<\/div>\n<!-- \/module text -->        <div  data-lazy=\"1\" class=\"module_subrow themify_builder_sub_row tf_w gutter-none col_align_top tb_col_count_2 tb_8gh7719\">\n                <div  data-lazy=\"1\" class=\"module_column sub_column col4-2 tb_7vra719 first\">\n                    <!-- module text -->\n<div  class=\"module module-text tb_79zd720    wow\" data-tf-animation=\"fadeInLeft\" data-lazy=\"1\">\n        <div  class=\"tb_text_wrap\">\n        <h3><strong>Ingibj<span class=\"ILfuVd NA6bn\"><span class=\"hgKElc\"><b>\u00f6<\/b><\/span><\/span>rg<\/strong><\/h3>\n<p><em>banntrach<\/em><br><em>Thorfinn Mh\u00f2ir,<\/em><br><em>Iarla Arcaibh<\/em><\/p>    <\/div>\n<\/div>\n<!-- \/module text --><!-- module text -->\n<div  class=\"module module-text tb_el8d23    wow\" data-tf-animation=\"fadeInLeft\" data-tf-animation_delay=\"1\" data-lazy=\"1\">\n        <div  class=\"tb_text_wrap\">\n        <h2>Donnchadh II<br>D\u00f2mhnall<br>Calum<\/h2>    <\/div>\n<\/div>\n<!-- \/module text -->        <\/div>\n                    <div  data-lazy=\"1\" class=\"module_column sub_column col4-2 tb_545w720 last\">\n                    <!-- module text -->\n<div  class=\"module module-text tb_zq0o721    wow\" data-tf-animation=\"fadeInRight\" data-lazy=\"1\">\n        <div  class=\"tb_text_wrap\">\n        <h3><strong>Margaret<\/strong><\/h3>\n<p><em>Saint Margaret<\/em><br><em>(Accursed Margaret)<\/em><\/p>    <\/div>\n<\/div>\n<!-- \/module text --><!-- module text -->\n<div  class=\"module module-text tb_88rz25    wow\" data-tf-animation=\"fadeInRight\" data-tf-animation_delay=\"1\" data-lazy=\"1\">\n        <div  class=\"tb_text_wrap\">\n        <h2>Edward<br>Edmund<br>Edgar<br>Ethelred<br>Alexander I<br>Edith or Matilda<br>David I<br>Mary<\/h2>    <\/div>\n<\/div>\n<!-- \/module text -->        <\/div>\n                    <\/div>\n                <div  data-lazy=\"1\" class=\"module_subrow themify_builder_sub_row tf_w gutter-none col_align_top tb_col_count_1 tb_hm1f706\">\n                <div  data-lazy=\"1\" class=\"module_column sub_column col-full tb_5xp3707 first\">\n                    <!-- module image -->\n<div  class=\"module module-image tb_bz7y916 image-center   tf_mw wow\" data-tf-animation=\"fadeIn\" data-lazy=\"1\">\n        <div class=\"image-wrap tf_rel tf_mw\">\n            <img decoding=\"async\" width=\"500\" height=\"572\" data-src=\"https:\/\/b2204768.smushcdn.com\/2204768\/wp-content\/uploads\/2021\/04\/king-and-queen.gif?lossy=1&strip=1&webp=1\" class=\"wp-post-image wp-image-2141 lazyload\" title=\"king-and-queen\" alt=\"king-and-queen\" data-sizes=\"(max-width: 500px) 100vw, 500px\" src=\"data:image\/svg+xml;base64,PHN2ZyB3aWR0aD0iMSIgaGVpZ2h0PSIxIiB4bWxucz0iaHR0cDovL3d3dy53My5vcmcvMjAwMC9zdmciPjwvc3ZnPg==\" style=\"--smush-placeholder-width: 500px; --smush-placeholder-aspect-ratio: 500\/572;\">    \n        <\/div>\n    <!-- \/image-wrap -->\n    \n        <\/div>\n<!-- \/module image -->        <\/div>\n                    <\/div>\n                <\/div>\n                        <\/div>\n        <\/div>\n                        <div  data-lazy=\"1\" class=\"module_row themify_builder_row tb_skrd901 tf_w\">\n                        <div class=\"row_inner col_align_top tb_col_count_2 tf_box tf_rel\">\n                        <div  data-lazy=\"1\" class=\"module_column tb-column col4-2 tb_l66r902 first\">\n                    <!-- module text -->\n<div  class=\"module module-text tb_r7pl857   \" data-lazy=\"1\">\n        <div  class=\"tb_text_wrap\">\n        <h2>Downloads<\/h2>\n<div class='w3eden wpdm_packages_shortcode'>\n    <div class=''>\n\n        \n        <div id=\"content_wpdm_package_1\">\n            <div class='row'><div class='col-lg-12 col-md-6 col-6'> <a href=\"https:\/\/storlann.co.uk\/gaidhlig-alba\/en\/download\/ro-riaghladh-chaluim-a-chinn-mhoir\/?wpdmdl=435&refresh=69eb3f909170c1777024912\"><div class=\"gis-dl\">\n  <div class=\"gis-dl-link-cont\">Ro riaghladh Chaluim a\u2019 Chinn Mh\u00f2ir<div class=\"gis-file\"><i class=\"fa fa-file-download ml-3 color-yellow\"><\/i>\n            5156<\/div><\/div>\n<\/div><\/a>\n<\/div><\/div>            <div style='clear:both'><\/div><div class='text-center'><ul class='pagination wpdm-pagination pagination-centered text-center'><\/ul><\/div><div style='clear:both'><\/div>        <\/div>\n\n        <div style='clear:both'><\/div>\n    <\/div>\n<\/div>\n    <\/div>\n<\/div>\n<!-- \/module text --><!-- module image -->\n<div  class=\"module module-image tb_j3ck935 image-center   tf_mw\" data-lazy=\"1\">\n        <div class=\"image-wrap tf_rel tf_mw\">\n            <img decoding=\"async\" width=\"291\" height=\"279\" data-src=\"https:\/\/b2204768.smushcdn.com\/2204768\/wp-content\/uploads\/2021\/06\/scotland-flag.jpg?lossy=1&strip=1&webp=1\" class=\"wp-post-image wp-image-2241 lazyload\" title=\"scotland-flag\" alt=\"scotland-flag\" data-srcset=\"https:\/\/b2204768.smushcdn.com\/2204768\/wp-content\/uploads\/2021\/06\/scotland-flag.jpg?lossy=1&amp;strip=1&amp;webp=1 291w, https:\/\/b2204768.smushcdn.com\/2204768\/wp-content\/uploads\/2021\/06\/scotland-flag.jpg?size=233x223&amp;lossy=1&amp;strip=1&amp;webp=1 233w\" data-sizes=\"auto\" src=\"data:image\/svg+xml;base64,PHN2ZyB3aWR0aD0iMSIgaGVpZ2h0PSIxIiB4bWxucz0iaHR0cDovL3d3dy53My5vcmcvMjAwMC9zdmciPjwvc3ZnPg==\" style=\"--smush-placeholder-width: 291px; --smush-placeholder-aspect-ratio: 291\/279;\" data-original-sizes=\"(max-width: 291px) 100vw, 291px\">    \n        <\/div>\n    <!-- \/image-wrap -->\n    \n        <\/div>\n<!-- \/module image -->        <\/div>\n                    <div  data-lazy=\"1\" class=\"module_column tb-column col4-2 tb_r40s23 last\">\n                            <\/div>\n                        <\/div>\n        <\/div>\n        <\/div>\n<!--\/themify_builder_content-->","protected":false},"excerpt":{"rendered":"<p>Kings of Scotland The Royal Line of Malcolm Canmore The Royal Line of Malcolm Canmore Malcolm III(M\u00e1el Coluim mac Donnchada)King of Scotland1058 &#8211; 1093 Ingibj\u00f6rg banntrachThorfinn Mh\u00f2ir,Iarla Arcaibh Donnchadh IID\u00f2mhnallCalum Margaret Saint Margaret(Accursed Margaret) EdwardEdmundEdgarEthelredAlexander IEdith or MatildaDavid IMary Downloads<\/p>\n","protected":false},"author":3,"featured_media":0,"parent":0,"menu_order":0,"comment_status":"closed","ping_status":"closed","template":"","meta":{"inline_featured_image":false,"footnotes":""},"class_list":["post-2422","page","type-page","status-publish","hentry","has-post-title","has-post-date","has-post-category","has-post-tag","has-post-comment","has-post-author",""],"builder_content":"<h1>Kings of Scotland<\/h1>\n<img src=\"https:\/\/storlann.co.uk\/gaidhlig-alba\/wp-content\/uploads\/2022\/03\/timeline-kings-and-queens-scotland-alba-V2.jpg\" title=\"timeline-kings-and-queens-scotland-alba-V2\" alt=\"Before the reign of Malcolm Canmore - Timeline\" srcset=\"https:\/\/storlann.co.uk\/gaidhlig-alba\/wp-content\/uploads\/2022\/03\/timeline-kings-and-queens-scotland-alba-V2.jpg 960w, https:\/\/storlann.co.uk\/gaidhlig-alba\/wp-content\/uploads\/2022\/03\/timeline-kings-and-queens-scotland-alba-V2-300x244.jpg 300w, https:\/\/storlann.co.uk\/gaidhlig-alba\/wp-content\/uploads\/2022\/03\/timeline-kings-and-queens-scotland-alba-V2-768x624.jpg 768w\" sizes=\"(max-width: 960px) 100vw, 960px\" \/>\n<h2>The Royal Line of Malcolm Canmore<\/h2>\n<img src=\"https:\/\/storlann.co.uk\/gaidhlig-alba\/wp-content\/uploads\/2021\/04\/crown-standard-200x345.png\" width=\"200\" height=\"345\" title=\"crown-standard\" alt=\"crown-standard\" srcset=\"https:\/\/storlann.co.uk\/gaidhlig-alba\/wp-content\/uploads\/2021\/04\/crown-standard-200x345.png 200w, https:\/\/storlann.co.uk\/gaidhlig-alba\/wp-content\/uploads\/2021\/04\/crown-standard-174x300.png 174w, https:\/\/storlann.co.uk\/gaidhlig-alba\/wp-content\/uploads\/2021\/04\/crown-standard.png 300w\" sizes=\"(max-width: 200px) 100vw, 200px\" \/>\n<h3><strong>The Royal Line of Malcolm Canmore<\/strong><\/h3> <p><em>Malcolm III<\/em><br><em>(M\u00e1el Coluim mac Donnchada)<\/em><br><em>King of Scotland<\/em><br><strong>1058 - 1093<\/strong><\/p>\n<h3><strong>Ingibj<b>\u00f6<\/b>rg<\/strong><\/h3> <p><em>banntrach<\/em><br><em>Thorfinn Mh\u00f2ir,<\/em><br><em>Iarla Arcaibh<\/em><\/p>\n<h2>Donnchadh II<br>D\u00f2mhnall<br>Calum<\/h2>\n<h3><strong>Margaret<\/strong><\/h3> <p><em>Saint Margaret<\/em><br><em>(Accursed Margaret)<\/em><\/p>\n<h2>Edward<br>Edmund<br>Edgar<br>Ethelred<br>Alexander I<br>Edith or Matilda<br>David I<br>Mary<\/h2>\n<img src=\"https:\/\/storlann.co.uk\/gaidhlig-alba\/wp-content\/uploads\/2021\/04\/king-and-queen.gif\" title=\"king-and-queen\" alt=\"king-and-queen\">\n<h2>Downloads<\/h2> <p>[wpdm_category id=\"righrean-na-h-alba\" cols=\"1\" toolbar=\"0\" item_per_page=\"10\" template=\"gis_download_1\" orderby=\"title\" order=\"asc\"]<\/p>\n<img src=\"https:\/\/storlann.co.uk\/gaidhlig-alba\/wp-content\/uploads\/2021\/06\/scotland-flag.jpg\" title=\"scotland-flag\" alt=\"scotland-flag\">","_links":{"self":[{"href":"https:\/\/storlann.co.uk\/gaidhlig-alba\/en\/wp-json\/wp\/v2\/pages\/2422","targetHints":{"allow":["GET"]}}],"collection":[{"href":"https:\/\/storlann.co.uk\/gaidhlig-alba\/en\/wp-json\/wp\/v2\/pages"}],"about":[{"href":"https:\/\/storlann.co.uk\/gaidhlig-alba\/en\/wp-json\/wp\/v2\/types\/page"}],"author":[{"embeddable":true,"href":"https:\/\/storlann.co.uk\/gaidhlig-alba\/en\/wp-json\/wp\/v2\/users\/3"}],"replies":[{"embeddable":true,"href":"https:\/\/storlann.co.uk\/gaidhlig-alba\/en\/wp-json\/wp\/v2\/comments?post=2422"}],"version-history":[{"count":5,"href":"https:\/\/storlann.co.uk\/gaidhlig-alba\/en\/wp-json\/wp\/v2\/pages\/2422\/revisions"}],"predecessor-version":[{"id":2644,"href":"https:\/\/storlann.co.uk\/gaidhlig-alba\/en\/wp-json\/wp\/v2\/pages\/2422\/revisions\/2644"}],"wp:attachment":[{"href":"https:\/\/storlann.co.uk\/gaidhlig-alba\/en\/wp-json\/wp\/v2\/media?parent=2422"}],"curies":[{"name":"wp","href":"https:\/\/api.w.org\/{rel}","templated":true}]}}