{"id":2410,"date":"2021-03-30T12:05:32","date_gmt":"2021-03-30T11:05:32","guid":{"rendered":"https:\/\/storlann.co.uk\/gaidhlig-alba\/what-is-historical-evidence\/"},"modified":"2022-03-03T16:34:12","modified_gmt":"2022-03-03T16:34:12","slug":"what-is-historical-evidence","status":"publish","type":"page","link":"https:\/\/storlann.co.uk\/gaidhlig-alba\/en\/what-is-historical-evidence\/","title":{"rendered":"What is historical evidence?"},"content":{"rendered":"<!--themify_builder_content-->\n<div id=\"themify_builder_content-2410\" data-postid=\"2410\" class=\"themify_builder_content themify_builder_content-2410 themify_builder tf_clear\">\n                    <div  data-lazy=\"1\" class=\"module_row themify_builder_row tb_h9lw81 tb_first tf_w\">\n                        <div class=\"row_inner col_align_top tb_col_count_1 tf_box tf_rel\">\n                        <div  data-lazy=\"1\" class=\"module_column tb-column col-full tb_jl7882 first\">\n                    <!-- module text -->\n<div  class=\"module module-text tb_vo2q542   \" data-lazy=\"1\">\n        <div  class=\"tb_text_wrap\">\n        <h1>What is historical evidence?<\/h1>    <\/div>\n<\/div>\n<!-- \/module text --><!-- module image -->\n<div  class=\"module module-image tb_bggt353 image-center   tf_mw\" data-lazy=\"1\">\n        <div class=\"image-wrap tf_rel tf_mw\">\n            <img decoding=\"async\" width=\"960\" height=\"651\" data-src=\"https:\/\/b2204768.smushcdn.com\/2204768\/wp-content\/uploads\/2021\/03\/beul-aithris.jpg?lossy=1&strip=1&webp=1\" class=\"wp-post-image wp-image-2103 lazyload\" title=\"beul-aithris\" alt=\"beul-aithris\" data-srcset=\"https:\/\/b2204768.smushcdn.com\/2204768\/wp-content\/uploads\/2021\/03\/beul-aithris.jpg?lossy=1&strip=1&webp=1 960w, https:\/\/b2204768.smushcdn.com\/2204768\/wp-content\/uploads\/2021\/03\/beul-aithris-300x203.jpg?lossy=1&strip=1&webp=1 300w, https:\/\/b2204768.smushcdn.com\/2204768\/wp-content\/uploads\/2021\/03\/beul-aithris-768x521.jpg?lossy=1&strip=1&webp=1 768w, https:\/\/b2204768.smushcdn.com\/2204768\/wp-content\/uploads\/2021\/03\/beul-aithris.jpg?size=233x158&lossy=1&strip=1&webp=1 233w, https:\/\/b2204768.smushcdn.com\/2204768\/wp-content\/uploads\/2021\/03\/beul-aithris.jpg?size=466x316&lossy=1&strip=1&webp=1 466w, https:\/\/b2204768.smushcdn.com\/2204768\/wp-content\/uploads\/2021\/03\/beul-aithris.jpg?size=699x474&lossy=1&strip=1&webp=1 699w\" data-sizes=\"auto\" src=\"data:image\/svg+xml;base64,PHN2ZyB3aWR0aD0iMSIgaGVpZ2h0PSIxIiB4bWxucz0iaHR0cDovL3d3dy53My5vcmcvMjAwMC9zdmciPjwvc3ZnPg==\" style=\"--smush-placeholder-width: 960px; --smush-placeholder-aspect-ratio: 960\/651;\" data-original-sizes=\"(max-width: 960px) 100vw, 960px\" \/>    \n        <\/div>\n    <!-- \/image-wrap -->\n    \n        <\/div>\n<!-- \/module image --><!-- module text -->\n<div  class=\"module module-text tb_uiz2874   \" data-lazy=\"1\">\n        <div  class=\"tb_text_wrap\">\n        <p>Lots of information was passed down orally to the next generation through songs and stories.<\/p>    <\/div>\n<\/div>\n<!-- \/module text -->        <\/div>\n                        <\/div>\n        <\/div>\n                        <div  data-lazy=\"1\" class=\"module_row themify_builder_row tb_77uu480 tf_w\">\n                        <div class=\"row_inner col_align_top tb_col_count_2 tf_box tf_rel\">\n                        <div  data-lazy=\"1\" class=\"module_column tb-column col4-2 tb_d03u480 first\">\n                    <!-- module text -->\n<div  class=\"module module-text tb_pwed789  repeat tb_text_dropcap\" data-lazy=\"1\">\n        <div  class=\"tb_text_wrap\">\n        <p>Historical evidence is something which tells us about things which happened in the past. Historical evidence lets us prove what happened in history, or it can help us to suggest what happened in history.<\/p>    <\/div>\n<\/div>\n<!-- \/module text -->        <\/div>\n                    <div  data-lazy=\"1\" class=\"module_column tb-column col4-2 tb_k109728 last\">\n                    <!-- module image -->\n<div  class=\"module module-image tb_mqll263 image-center   tf_mw\" data-lazy=\"1\">\n        <div class=\"image-wrap tf_rel tf_mw\">\n            <img decoding=\"async\" width=\"600\" height=\"345\" data-src=\"https:\/\/b2204768.smushcdn.com\/2204768\/wp-content\/uploads\/2021\/03\/scroll.jpg?lossy=1&strip=1&webp=1\" class=\"wp-post-image wp-image-2104 lazyload\" title=\"scroll\" alt=\"scroll\" data-srcset=\"https:\/\/b2204768.smushcdn.com\/2204768\/wp-content\/uploads\/2021\/03\/scroll.jpg?lossy=1&strip=1&webp=1 600w, https:\/\/b2204768.smushcdn.com\/2204768\/wp-content\/uploads\/2021\/03\/scroll-300x173.jpg?lossy=1&strip=1&webp=1 300w, https:\/\/b2204768.smushcdn.com\/2204768\/wp-content\/uploads\/2021\/03\/scroll.jpg?size=233x134&lossy=1&strip=1&webp=1 233w, https:\/\/b2204768.smushcdn.com\/2204768\/wp-content\/uploads\/2021\/03\/scroll.jpg?size=466x268&lossy=1&strip=1&webp=1 466w\" data-sizes=\"auto\" src=\"data:image\/svg+xml;base64,PHN2ZyB3aWR0aD0iMSIgaGVpZ2h0PSIxIiB4bWxucz0iaHR0cDovL3d3dy53My5vcmcvMjAwMC9zdmciPjwvc3ZnPg==\" style=\"--smush-placeholder-width: 600px; --smush-placeholder-aspect-ratio: 600\/345;\" data-original-sizes=\"(max-width: 600px) 100vw, 600px\" \/>    \n        <\/div>\n    <!-- \/image-wrap -->\n    \n        <\/div>\n<!-- \/module image -->        <\/div>\n                        <\/div>\n        <\/div>\n                        <div  data-css_id=\"b2l1738\" data-lazy=\"1\" class=\"module_row themify_builder_row fullwidth_row_container tb_b2l1738 tf_w\">\n            <span  class=\"builder_row_cover tf_abs\" data-lazy=\"1\"><\/span><span class=\"tb_row_frame_wrap tf_overflow tf_abs\" data-lazy=\"1\"><span class=\"tb_row_frame tb_row_frame_top  tf_abs tf_hide tf_overflow tf_w\"><\/span><span class=\"tb_row_frame tb_row_frame_bottom  tf_abs tf_hide tf_overflow tf_w\"><\/span><\/span>            <div class=\"row_inner col_align_top tb_col_count_2 tf_box tf_rel\">\n                        <div  data-lazy=\"1\" class=\"module_column tb-column col4-2 tb_urdw738 first\">\n                    <!-- module image -->\n<div  class=\"module module-image tb_d650819 image-center drop-shadow bordered rotate5 tf_mw\" data-lazy=\"1\">\n        <div class=\"image-wrap tf_rel tf_mw\">\n            <img decoding=\"async\" data-src=\"https:\/\/b2204768.smushcdn.com\/2204768\/wp-content\/uploads\/2021\/03\/Kelp-Burners-378x511.jpg?lossy=1&strip=1&webp=1\" height=\"511\" class=\"wp-post-image wp-image-2106 lazyload\" title=\"Kelp-Burners\" alt=\"Kelp-Burners\" data-srcset=\"https:\/\/b2204768.smushcdn.com\/2204768\/wp-content\/uploads\/2021\/03\/Kelp-Burners-378x511.jpg?lossy=1&strip=1&webp=1 378w, https:\/\/b2204768.smushcdn.com\/2204768\/wp-content\/uploads\/2021\/03\/Kelp-Burners-222x300.jpg?lossy=1&strip=1&webp=1 222w, https:\/\/b2204768.smushcdn.com\/2204768\/wp-content\/uploads\/2021\/03\/Kelp-Burners.jpg?lossy=1&strip=1&webp=1 600w\" data-sizes=\"auto\" src=\"data:image\/svg+xml;base64,PHN2ZyB3aWR0aD0iMSIgaGVpZ2h0PSIxIiB4bWxucz0iaHR0cDovL3d3dy53My5vcmcvMjAwMC9zdmciPjwvc3ZnPg==\" style=\"--smush-placeholder-width: 378px; --smush-placeholder-aspect-ratio: 378\/511;\" data-original-sizes=\"(max-width: 378px) 100vw, 378px\" \/>    \n        <\/div>\n    <!-- \/image-wrap -->\n    \n        <\/div>\n<!-- \/module image -->        <\/div>\n                    <div  data-lazy=\"1\" class=\"module_column tb-column col4-2 tb_j28g733 last\">\n                    <!-- module image -->\n<div  class=\"module module-image tb_2k72959 image-center drop-shadow bordered rotate2 tf_mw\" data-lazy=\"1\">\n        <div class=\"image-wrap tf_rel tf_mw\">\n            <img decoding=\"async\" width=\"341\" height=\"511\" data-src=\"https:\/\/b2204768.smushcdn.com\/2204768\/wp-content\/uploads\/2021\/03\/guailleag-1.jpg?lossy=1&strip=1&webp=1\" class=\"wp-post-image wp-image-2107 lazyload\" title=\"guailleag\" alt=\"guailleag\" data-srcset=\"https:\/\/b2204768.smushcdn.com\/2204768\/wp-content\/uploads\/2021\/03\/guailleag-1.jpg?lossy=1&strip=1&webp=1 341w, https:\/\/b2204768.smushcdn.com\/2204768\/wp-content\/uploads\/2021\/03\/guailleag-1-200x300.jpg?lossy=1&strip=1&webp=1 200w\" data-sizes=\"auto\" src=\"data:image\/svg+xml;base64,PHN2ZyB3aWR0aD0iMSIgaGVpZ2h0PSIxIiB4bWxucz0iaHR0cDovL3d3dy53My5vcmcvMjAwMC9zdmciPjwvc3ZnPg==\" style=\"--smush-placeholder-width: 341px; --smush-placeholder-aspect-ratio: 341\/511;\" data-original-sizes=\"(max-width: 341px) 100vw, 341px\" \/>    \n        <\/div>\n    <!-- \/image-wrap -->\n    \n        <\/div>\n<!-- \/module image -->        <\/div>\n                        <\/div>\n        <\/div>\n                        <div  data-lazy=\"1\" class=\"module_row themify_builder_row tb_vuvd130 tf_w\">\n                        <div class=\"row_inner col_align_top tb_col_count_1 tf_box tf_rel\">\n                        <div  data-lazy=\"1\" class=\"module_column tb-column col-full tb_t3w5130 first\">\n                    <!-- module text -->\n<div  class=\"module module-text tb_htcj131   \" data-lazy=\"1\">\n        <div  class=\"tb_text_wrap\">\n        <p>Photographs can be a good source of historical evidence.<\/p>    <\/div>\n<\/div>\n<!-- \/module text -->        <\/div>\n                        <\/div>\n        <\/div>\n                        <div  data-lazy=\"1\" class=\"module_row themify_builder_row tb_uih8917 tf_w\">\n                        <div class=\"row_inner col_align_top tb_col_count_2 tf_box tf_rel\">\n                        <div  data-lazy=\"1\" class=\"module_column tb-column col4-2 tb_484j917 first\">\n                    <!-- module text -->\n<div  class=\"module module-text tb_81fx570   \" data-lazy=\"1\">\n        <div  class=\"tb_text_wrap\">\n        <h2>Downloads<\/h2>\n<div class='w3eden wpdm_packages_shortcode'>\n    <div class=''>\n\n        \n        <div id=\"content_wpdm_package_1\">\n            <div class='row'><div class='col-lg-12 col-md-6 col-6'> <a href=\"https:\/\/storlann.co.uk\/gaidhlig-alba\/en\/download\/de-tha-ann-am-fianais-eachdraidh\/?wpdmdl=362&refresh=69e01fd7bc9f01776295895\"><div class=\"gis-dl\">\n  <div class=\"gis-dl-link-cont\">D\u00e8 tha ann am fianais eachdraidh?<div class=\"gis-file\"><i class=\"fa fa-file-download ml-3 color-yellow\"><\/i>\n            8726<\/div><\/div>\n<\/div><\/a>\n<\/div><\/div>            <div style='clear:both'><\/div><div class='text-center'><ul class='pagination wpdm-pagination pagination-centered text-center'><\/ul><\/div><div style='clear:both'><\/div>        <\/div>\n\n        <div style='clear:both'><\/div>\n    <\/div>\n<\/div>\n    <\/div>\n<\/div>\n<!-- \/module text -->        <\/div>\n                    <div  data-lazy=\"1\" class=\"module_column tb-column col4-2 tb_6zny707 last\">\n                    <!-- module image -->\n<div  class=\"module module-image tb_r8cu569 image-center   tf_mw\" data-lazy=\"1\">\n        <div class=\"image-wrap tf_rel tf_mw\">\n            <img decoding=\"async\" width=\"600\" height=\"349\" data-src=\"https:\/\/b2204768.smushcdn.com\/2204768\/wp-content\/uploads\/2021\/03\/handwritten-texts.jpg?lossy=1&strip=1&webp=1\" class=\"wp-post-image wp-image-2105 lazyload\" title=\"handwritten texts\" alt=\"handwritten texts\" data-srcset=\"https:\/\/b2204768.smushcdn.com\/2204768\/wp-content\/uploads\/2021\/03\/handwritten-texts.jpg?lossy=1&strip=1&webp=1 600w, https:\/\/b2204768.smushcdn.com\/2204768\/wp-content\/uploads\/2021\/03\/handwritten-texts-300x175.jpg?lossy=1&strip=1&webp=1 300w, https:\/\/b2204768.smushcdn.com\/2204768\/wp-content\/uploads\/2021\/03\/handwritten-texts.jpg?size=233x136&lossy=1&strip=1&webp=1 233w, https:\/\/b2204768.smushcdn.com\/2204768\/wp-content\/uploads\/2021\/03\/handwritten-texts.jpg?size=466x271&lossy=1&strip=1&webp=1 466w\" data-sizes=\"auto\" src=\"data:image\/svg+xml;base64,PHN2ZyB3aWR0aD0iMSIgaGVpZ2h0PSIxIiB4bWxucz0iaHR0cDovL3d3dy53My5vcmcvMjAwMC9zdmciPjwvc3ZnPg==\" style=\"--smush-placeholder-width: 600px; --smush-placeholder-aspect-ratio: 600\/349;\" data-original-sizes=\"(max-width: 600px) 100vw, 600px\" \/>    \n        <\/div>\n    <!-- \/image-wrap -->\n    \n        <\/div>\n<!-- \/module image --><!-- module text -->\n<div  class=\"module module-text tb_znjb407   \" data-lazy=\"1\">\n        <div  class=\"tb_text_wrap\">\n        <p>Books and documents can be a good source of historical evidence, but the writing could be biased.<\/p>    <\/div>\n<\/div>\n<!-- \/module text -->        <\/div>\n                        <\/div>\n        <\/div>\n        <\/div>\n<!--\/themify_builder_content-->\n\n\n<p><\/p>","protected":false},"excerpt":{"rendered":"<p>D\u00e8 tha ann am fianais eachdraidh? Chaidh t\u00f2rr fiosrachaidh a thoirt dhan ath ghinealach tro bheul-aithris, ann an \u00f2rain agus sgeulachdan. \u2019S e n\u00ec a bhios ag innse dhuinn mu rudan a thachair anns an \u00f9ine a dh\u2019fhalbh a tha ann am fianais eachdraidh. Tha fianais eachdraidh a\u2019 toirt dhuinn cothrom dearbhadh d\u00e8 thachair ann [&hellip;]<\/p>\n","protected":false},"author":3,"featured_media":0,"parent":0,"menu_order":0,"comment_status":"closed","ping_status":"closed","template":"","meta":{"inline_featured_image":false,"footnotes":""},"class_list":["post-2410","page","type-page","status-publish","hentry","has-post-title","has-post-date","has-post-category","has-post-tag","has-post-comment","has-post-author",""],"builder_content":"<h1>What is historical evidence?<\/h1>\n<img src=\"https:\/\/storlann.co.uk\/gaidhlig-alba\/wp-content\/uploads\/2021\/03\/beul-aithris.jpg\" title=\"beul-aithris\" alt=\"beul-aithris\" srcset=\"https:\/\/storlann.co.uk\/gaidhlig-alba\/wp-content\/uploads\/2021\/03\/beul-aithris.jpg 960w, https:\/\/storlann.co.uk\/gaidhlig-alba\/wp-content\/uploads\/2021\/03\/beul-aithris-300x203.jpg 300w, https:\/\/storlann.co.uk\/gaidhlig-alba\/wp-content\/uploads\/2021\/03\/beul-aithris-768x521.jpg 768w\" sizes=\"(max-width: 960px) 100vw, 960px\" \/>\n<p>Lots of information was passed down orally to the next generation through songs and stories.<\/p>\n<p>Historical evidence is something which tells us about things which happened in the past. Historical evidence lets us prove what happened in history, or it can help us to suggest what happened in history.<\/p>\n<img src=\"https:\/\/storlann.co.uk\/gaidhlig-alba\/wp-content\/uploads\/2021\/03\/scroll.jpg\" title=\"scroll\" alt=\"scroll\" srcset=\"https:\/\/storlann.co.uk\/gaidhlig-alba\/wp-content\/uploads\/2021\/03\/scroll.jpg 600w, https:\/\/storlann.co.uk\/gaidhlig-alba\/wp-content\/uploads\/2021\/03\/scroll-300x173.jpg 300w\" sizes=\"(max-width: 600px) 100vw, 600px\" \/>\n<img src=\"https:\/\/storlann.co.uk\/gaidhlig-alba\/wp-content\/uploads\/2021\/03\/Kelp-Burners-378x511.jpg\" height=\"511\" title=\"Kelp-Burners\" alt=\"Kelp-Burners\" srcset=\"https:\/\/storlann.co.uk\/gaidhlig-alba\/wp-content\/uploads\/2021\/03\/Kelp-Burners-378x511.jpg 378w, https:\/\/storlann.co.uk\/gaidhlig-alba\/wp-content\/uploads\/2021\/03\/Kelp-Burners-222x300.jpg 222w, https:\/\/storlann.co.uk\/gaidhlig-alba\/wp-content\/uploads\/2021\/03\/Kelp-Burners.jpg 600w\" sizes=\"(max-width: 378px) 100vw, 378px\" \/>\n<img src=\"https:\/\/storlann.co.uk\/gaidhlig-alba\/wp-content\/uploads\/2021\/03\/guailleag-1.jpg\" title=\"guailleag\" alt=\"guailleag\" srcset=\"https:\/\/storlann.co.uk\/gaidhlig-alba\/wp-content\/uploads\/2021\/03\/guailleag-1.jpg 341w, https:\/\/storlann.co.uk\/gaidhlig-alba\/wp-content\/uploads\/2021\/03\/guailleag-1-200x300.jpg 200w\" sizes=\"(max-width: 341px) 100vw, 341px\" \/>\n<p>Photographs can be a good source of historical evidence.<\/p>\n<h2>Downloads<\/h2> <p>[wpdm_category id=\"Fianais-eachdraidh\" cols=\"1\" toolbar=\"0\" item_per_page=\"10\" template=\"gis_download_1\"]<\/p>\n<img src=\"https:\/\/storlann.co.uk\/gaidhlig-alba\/wp-content\/uploads\/2021\/03\/handwritten-texts.jpg\" title=\"handwritten texts\" alt=\"handwritten texts\" srcset=\"https:\/\/storlann.co.uk\/gaidhlig-alba\/wp-content\/uploads\/2021\/03\/handwritten-texts.jpg 600w, https:\/\/storlann.co.uk\/gaidhlig-alba\/wp-content\/uploads\/2021\/03\/handwritten-texts-300x175.jpg 300w\" sizes=\"(max-width: 600px) 100vw, 600px\" \/>\n<p>Books and documents can be a good source of historical evidence, but the writing could be biased.<\/p>","_links":{"self":[{"href":"https:\/\/storlann.co.uk\/gaidhlig-alba\/en\/wp-json\/wp\/v2\/pages\/2410","targetHints":{"allow":["GET"]}}],"collection":[{"href":"https:\/\/storlann.co.uk\/gaidhlig-alba\/en\/wp-json\/wp\/v2\/pages"}],"about":[{"href":"https:\/\/storlann.co.uk\/gaidhlig-alba\/en\/wp-json\/wp\/v2\/types\/page"}],"author":[{"embeddable":true,"href":"https:\/\/storlann.co.uk\/gaidhlig-alba\/en\/wp-json\/wp\/v2\/users\/3"}],"replies":[{"embeddable":true,"href":"https:\/\/storlann.co.uk\/gaidhlig-alba\/en\/wp-json\/wp\/v2\/comments?post=2410"}],"version-history":[{"count":0,"href":"https:\/\/storlann.co.uk\/gaidhlig-alba\/en\/wp-json\/wp\/v2\/pages\/2410\/revisions"}],"wp:attachment":[{"href":"https:\/\/storlann.co.uk\/gaidhlig-alba\/en\/wp-json\/wp\/v2\/media?parent=2410"}],"curies":[{"name":"wp","href":"https:\/\/api.w.org\/{rel}","templated":true}]}}