{"id":2297,"date":"2021-03-30T14:16:06","date_gmt":"2021-03-30T13:16:06","guid":{"rendered":"https:\/\/storlann.co.uk\/gaidhlig-alba\/gaidhlig-canan-duthchasach\/"},"modified":"2022-02-24T11:50:18","modified_gmt":"2022-02-24T11:50:18","slug":"gaidhlig-canan-duthchasach","status":"publish","type":"page","link":"https:\/\/storlann.co.uk\/gaidhlig-alba\/en\/gaidhlig-canan-duthchasach\/","title":{"rendered":"Gaelic \u2013 An Indigenous Language"},"content":{"rendered":"<!--themify_builder_content-->\n<div id=\"themify_builder_content-2297\" data-postid=\"2297\" class=\"themify_builder_content themify_builder_content-2297 themify_builder tf_clear\">\n                    <div  data-lazy=\"1\" class=\"module_row themify_builder_row tb_49vz39 tb_first tf_w\">\n                        <div class=\"row_inner col_align_top tb_col_count_1 tf_box tf_rel\">\n                        <div  data-lazy=\"1\" class=\"module_column tb-column col-full tb_j11q40 first\">\n                    <!-- module text -->\n<div  class=\"module module-text tb_gi8i40   \" data-lazy=\"1\">\n        <div  class=\"tb_text_wrap\">\n        <h1>Gaelic \u2013 An Indigenous Language<\/h1>    <\/div>\n<\/div>\n<!-- \/module text -->        <\/div>\n                        <\/div>\n        <\/div>\n                        <div  data-lazy=\"1\" class=\"module_row themify_builder_row tb_1cro389 tf_w\">\n                        <div class=\"row_inner col_align_top tb_col_count_1 tf_box tf_rel\">\n                        <div  data-lazy=\"1\" class=\"module_column tb-column col-full tb_7iai390 first\">\n                    <!-- module image -->\n<div  class=\"module module-image tb_m9nq415 image-center   tf_mw\" data-lazy=\"1\">\n        <div class=\"image-wrap tf_rel tf_mw\">\n            <img decoding=\"async\" data-src=\"https:\/\/b2204768.smushcdn.com\/2204768\/wp-content\/uploads\/2021\/03\/speech-bubbles-900x456.png?lossy=1&strip=1&webp=1\" width=\"900\" height=\"456\" class=\"wp-post-image wp-image-2109 lazyload\" title=\"speech-bubbles\" alt=\"speech-bubbles\" data-srcset=\"https:\/\/b2204768.smushcdn.com\/2204768\/wp-content\/uploads\/2021\/03\/speech-bubbles.png?lossy=1&strip=1&webp=1 900w, https:\/\/b2204768.smushcdn.com\/2204768\/wp-content\/uploads\/2021\/03\/speech-bubbles-300x152.png?lossy=1&strip=1&webp=1 300w, https:\/\/b2204768.smushcdn.com\/2204768\/wp-content\/uploads\/2021\/03\/speech-bubbles-768x389.png?lossy=1&strip=1&webp=1 768w, https:\/\/b2204768.smushcdn.com\/2204768\/wp-content\/uploads\/2021\/03\/speech-bubbles-900x456.png?size=233x118&lossy=1&strip=1&webp=1 233w, https:\/\/b2204768.smushcdn.com\/2204768\/wp-content\/uploads\/2021\/03\/speech-bubbles-900x456.png?size=466x236&lossy=1&strip=1&webp=1 466w, https:\/\/b2204768.smushcdn.com\/2204768\/wp-content\/uploads\/2021\/03\/speech-bubbles-900x456.png?size=699x354&lossy=1&strip=1&webp=1 699w\" data-sizes=\"auto\" src=\"data:image\/svg+xml;base64,PHN2ZyB3aWR0aD0iMSIgaGVpZ2h0PSIxIiB4bWxucz0iaHR0cDovL3d3dy53My5vcmcvMjAwMC9zdmciPjwvc3ZnPg==\" style=\"--smush-placeholder-width: 900px; --smush-placeholder-aspect-ratio: 900\/456;\" data-original-sizes=\"(max-width: 900px) 100vw, 900px\" \/>    \n        <\/div>\n    <!-- \/image-wrap -->\n    \n        <\/div>\n<!-- \/module image -->        <\/div>\n                        <\/div>\n        <\/div>\n                        <div  data-css_id=\"ynyb581\" data-lazy=\"1\" class=\"module_row themify_builder_row fullwidth_row_container tb_ynyb581 tf_w\">\n                        <div class=\"row_inner col_align_top tb_col_count_2 tf_box tf_rel\">\n                        <div  data-lazy=\"1\" class=\"module_column tb-column col4-2 tb_902p581 first\">\n                    <!-- module text -->\n<div  class=\"module module-text tb_l1zs448   \" data-lazy=\"1\">\n        <div  class=\"tb_text_wrap\">\n        <h2>Why are languages important?<\/h2>    <\/div>\n<\/div>\n<!-- \/module text --><!-- module text -->\n<div  class=\"module module-text tb_lbhe369   tb_text_dropcap\" data-lazy=\"1\">\n        <div  class=\"tb_text_wrap\">\n        <p>Language is important in everybody\u2019s daily life; it is a tool for communicating, for education and for social integration and development. It\u2019s also through language that everybody\u2019s identity, cultural history, traditions and memories are preserved.<\/p>    <\/div>\n<\/div>\n<!-- \/module text --><!-- module text -->\n<div  class=\"module module-text tb_nn53261   \" data-lazy=\"1\">\n        <div  class=\"tb_text_wrap\">\n        <h2>UNESCO \u2013 Endangered Languages of the World<\/h2>    <\/div>\n<\/div>\n<!-- \/module text --><!-- module text -->\n<div  class=\"module module-text tb_ors3480   \" data-lazy=\"1\">\n        <div  class=\"tb_text_wrap\">\n        <p>Between 2004 and 2005 the Discovery Channel broadcast a series of video clips, which they made with the UN, which highlight endangered communities in different parts of the world.<\/p>\n<p>The languages of these communities are in danger of dying out because the number of people speaking them is so low and decreasing all the time. The largest population of a community in this series was 5,000 and the lowest was 300.<\/p>    <\/div>\n<\/div>\n<!-- \/module text -->        <\/div>\n                    <div  data-lazy=\"1\" class=\"module_column tb-column col4-2 tb_stxq272 last\">\n                    <!-- module video -->\n<div  class=\"module module-video tb_y21d720 video-top  \" data-lazy=\"1\">\n                    <div class=\"video-wrap-outer\">\n            <div class=\"video-wrap tf_rel tf_overflow tf_local_video\">\n                \n                    \n                    <div style=\"width: 640px;\" class=\"wp-video\"><video class=\"wp-video-shortcode\" id=\"video-2297-1\" width=\"640\" height=\"360\" preload=\"metadata\" controls=\"controls\"><source type=\"video\/mp4\" src=\"https:\/\/srvarcstream3a.unesco.org\/arcstream\/video\/clt_ceidce-0006-scotland_gaelic_x264.mp4?_=1\" \/><a href=\"https:\/\/srvarcstream3a.unesco.org\/arcstream\/video\/clt_ceidce-0006-scotland_gaelic_x264.mp4\" target=\"_blank\" rel=\"noopener\">https:\/\/srvarcstream3a.unesco.org\/arcstream\/video\/clt_ceidce-0006-scotland_gaelic_x264.mp4<\/a><\/video><\/div>\n                    \n                                <\/div>\n            <!-- \/video-wrap -->\n        <\/div>\n        <!-- \/video-wrap-outer -->\n                    <div class=\"video-content\">\n                \n                                    <div class=\"video-caption tb_text_wrap\">\n                        Jayne MacLeod speaking about the Gaelic traditions and upbringing she got.                    <\/div>\n                    <!-- \/video-caption -->\n                            <\/div>\n            <!-- \/video-content -->\n            <\/div>\n        <\/div>\n                        <\/div>\n        <\/div>\n                        <div  data-css_id=\"enyg367\" data-lazy=\"1\" class=\"module_row themify_builder_row fullwidth_row_container tb_enyg367 tf_w\">\n                        <div class=\"row_inner col_align_top tb_col_count_1 tf_box tf_rel\">\n                        <div  data-lazy=\"1\" class=\"module_column tb-column col-full tb_ll86368 first\">\n                    <!-- module text -->\n<div  class=\"module module-text tb_l86o679   \" data-lazy=\"1\">\n        <div  class=\"tb_text_wrap\">\n        <h2>What is an endangered language?<\/h2>\n<p>An endangered language is a language which could fall out of use as the speakers of the language die out or shift to speaking another language.<\/p>\n<p>Language loss happens when there are no native speakers left and it is then a dead language.<\/p>\n<p>If no one at all can speak a language that language has become extinct.<\/p>\n<p>A dead language can still be studied using recordings and writings, but it is still dead or extinct if there are no fluent speakers.<\/p>\n<p>Although languages have always become extinct, they are now dying more quickly because of: technology and people, jobs and cultures moving around the world; powerful countries controlling or influencing other countries; languages being killed off for political reasons, or a lack of people to keep the language alive.<\/p>\n    <\/div>\n<\/div>\n<!-- \/module text -->        <\/div>\n                        <\/div>\n        <\/div>\n                        <div  data-css_id=\"jtkr642\" data-lazy=\"1\" class=\"module_row themify_builder_row fullwidth_row_container tb_jtkr642 tf_w\">\n                        <div class=\"row_inner col_align_top tb_col_count_1 tf_box tf_rel\">\n                        <div  data-lazy=\"1\" class=\"module_column tb-column col-full tb_h6ee643 first\">\n                    <!-- module image -->\n<div  class=\"module module-image tb_0a3d830 image-center   tf_mw\" data-lazy=\"1\">\n        <div class=\"image-wrap tf_rel tf_mw\">\n            <img decoding=\"async\" data-src=\"https:\/\/storlann.co.uk\/gaidhlig-alba\/wp-content\/uploads\/2021\/03\/world-languages.svg\" width=\"900\" height=\"555\" class=\"wp-post-image wp-image-2108 lazyload\" title=\"world-languages\" alt=\"world-languages\" src=\"data:image\/svg+xml;base64,PHN2ZyB3aWR0aD0iMSIgaGVpZ2h0PSIxIiB4bWxucz0iaHR0cDovL3d3dy53My5vcmcvMjAwMC9zdmciPjwvc3ZnPg==\" style=\"--smush-placeholder-width: 900px; --smush-placeholder-aspect-ratio: 900\/555;\">    \n        <\/div>\n    <!-- \/image-wrap -->\n    \n        <\/div>\n<!-- \/module image -->        <\/div>\n                        <\/div>\n        <\/div>\n                        <div  data-css_id=\"czwh678\" data-lazy=\"1\" class=\"module_row themify_builder_row fullwidth_row_container tb_czwh678 tf_w\">\n                        <div class=\"row_inner col_align_top tb_col_count_2 tf_box tf_rel\">\n                        <div  data-lazy=\"1\" class=\"module_column tb-column col4-3 tb_hh8m679 first\">\n                    <!-- module text -->\n<div  class=\"module module-text tb_cyf5738   \" data-lazy=\"1\">\n        <div  class=\"tb_text_wrap\">\n        <h2>What is the problem?<\/h2>\n<p>Even although languages are so valuable, languages around the world are continuing to become extinct at a frightening rate.<\/p>\n<p>In 2016 the Permanent Forum on Indigenous Languages \u2013 a UN organisation \u2013 said that 40%, or 2680 of the languages of the world were in danger of becoming extinct.<\/p>    <\/div>\n<\/div>\n<!-- \/module text -->        <\/div>\n                    <div  data-lazy=\"1\" class=\"module_column tb-column col4-1 tb_1toe668 last\">\n                            <\/div>\n                        <\/div>\n        <\/div>\n                        <div  data-css_id=\"csmt983\" data-lazy=\"1\" class=\"module_row themify_builder_row fullwidth_row_container tb_csmt983 tf_w\">\n                        <div class=\"row_inner col_align_top tb_col_count_2 tf_box tf_rel\">\n                        <div  data-lazy=\"1\" class=\"module_column tb-column col4-2 tb_1rwv986 first\">\n                    <!-- module text -->\n<div  class=\"module module-text tb_yplw986   \" data-lazy=\"1\">\n        <div  class=\"tb_text_wrap\">\n        <h2>Downloads<\/h2>\n<div class='w3eden wpdm_packages_shortcode'>\n    <div class=''>\n\n        \n        <div id=\"content_wpdm_package_1\">\n            <div class='row'><div class='col-lg-12 col-md-6 col-6'> <a href=\"https:\/\/storlann.co.uk\/gaidhlig-alba\/en\/download\/2019-bliadhna-eadar-naiseanta-nan-cananan-duthchasach\/?wpdmdl=364&amp;refresh=69eb3f802a1fe1777024896\"><div class=\"gis-dl\">\n  <div class=\"gis-dl-link-cont\">2019 - Bliadhna Eadar-n\u00e0iseanta nan C\u00e0nanan D\u00f9thchasach<div class=\"gis-file\"><i class=\"fa fa-file-download ml-3 color-yellow\"><\/i>\n            7344<\/div><\/div>\n<\/div><\/a>\n<\/div><div class='col-lg-12 col-md-6 col-6'> <a href=\"https:\/\/storlann.co.uk\/gaidhlig-alba\/en\/download\/amasan-foillllseachadh-an-un-air-coraichean-sluaghan-duthchasach\/?wpdmdl=366&amp;refresh=69eb3f803df911777024896\"><div class=\"gis-dl\">\n  <div class=\"gis-dl-link-cont\">Amasan Foillseachadh an UN air C\u00f2raichean Sluaghan D\u00f9thchasach<div class=\"gis-file\"><i class=\"fa fa-file-download ml-3 color-yellow\"><\/i>\n            7633<\/div><\/div>\n<\/div><\/a>\n<\/div><div class='col-lg-12 col-md-6 col-6'> <a href=\"https:\/\/storlann.co.uk\/gaidhlig-alba\/en\/download\/carson-a-tha-cananan-cudromach\/?wpdmdl=368&amp;refresh=69eb3f8054c131777024896\"><div class=\"gis-dl\">\n  <div class=\"gis-dl-link-cont\">Carson a tha c\u00e0nanan cudromach?<div class=\"gis-file\"><i class=\"fa fa-file-download ml-3 color-yellow\"><\/i>\n            6881<\/div><\/div>\n<\/div><\/a>\n<\/div><div class='col-lg-12 col-md-6 col-6'> <a href=\"https:\/\/storlann.co.uk\/gaidhlig-alba\/en\/download\/carson-a-tha-cananan-duthchasach-cudromach\/?wpdmdl=370&amp;refresh=69eb3f80674881777024896\"><div class=\"gis-dl\">\n  <div class=\"gis-dl-link-cont\">Carson a tha c\u00e0nanan d\u00f9thchasach cudromach?<div class=\"gis-file\"><i class=\"fa fa-file-download ml-3 color-yellow\"><\/i>\n            7141<\/div><\/div>\n<\/div><\/a>\n<\/div><div class='col-lg-12 col-md-6 col-6'> <a href=\"https:\/\/storlann.co.uk\/gaidhlig-alba\/en\/download\/de-th-ann-an-canan-ann-an-cunnart\/?wpdmdl=372&amp;refresh=69eb3f807759f1777024896\"><div class=\"gis-dl\">\n  <div class=\"gis-dl-link-cont\">D\u00e8 th\u2019 ann an c\u00e0nan ann an cunnart?<div class=\"gis-file\"><i class=\"fa fa-file-download ml-3 color-yellow\"><\/i>\n            7634<\/div><\/div>\n<\/div><\/a>\n<\/div><div class='col-lg-12 col-md-6 col-6'> <a href=\"https:\/\/storlann.co.uk\/gaidhlig-alba\/en\/download\/fiosrachadh-mu-chananan-duthchasach\/?wpdmdl=374&amp;refresh=69eb3f80883411777024896\"><div class=\"gis-dl\">\n  <div class=\"gis-dl-link-cont\">Fiosrachadh mu ch\u00e0nanan d\u00f9thchasach<div class=\"gis-file\"><i class=\"fa fa-file-download ml-3 color-yellow\"><\/i>\n            7740<\/div><\/div>\n<\/div><\/a>\n<\/div><div class='col-lg-12 col-md-6 col-6'> <a href=\"https:\/\/storlann.co.uk\/gaidhlig-alba\/en\/download\/latha-eadar-naiseanta-sluaghan-duthchasach-an-t-saoghail\/?wpdmdl=376&amp;refresh=69eb3f80991701777024896\"><div class=\"gis-dl\">\n  <div class=\"gis-dl-link-cont\">Latha Eadar-n\u00e0iseanta Sluaghan D\u00f9thchasach an t-Saoghail<div class=\"gis-file\"><i class=\"fa fa-file-download ml-3 color-yellow\"><\/i>\n            8387<\/div><\/div>\n<\/div><\/a>\n<\/div><div class='col-lg-12 col-md-6 col-6'> <a href=\"https:\/\/storlann.co.uk\/gaidhlig-alba\/en\/download\/unesco-agus-sluaghan-duthchasach\/?wpdmdl=378&amp;refresh=69eb3f80abaf31777024896\"><div class=\"gis-dl\">\n  <div class=\"gis-dl-link-cont\">UNESCO agus sluaghan d\u00f9thchasach<div class=\"gis-file\"><i class=\"fa fa-file-download ml-3 color-yellow\"><\/i>\n            7444<\/div><\/div>\n<\/div><\/a>\n<\/div><div class='col-lg-12 col-md-6 col-6'> <a href=\"https:\/\/storlann.co.uk\/gaidhlig-alba\/en\/download\/na-duthchannan-aonaichte\/?wpdmdl=380&amp;refresh=69eb3f80bf2c81777024896\"><div class=\"gis-dl\">\n  <div class=\"gis-dl-link-cont\">Na D\u00f9thchannan Aonaichte<div class=\"gis-file\"><i class=\"fa fa-file-download ml-3 color-yellow\"><\/i>\n            7448<\/div><\/div>\n<\/div><\/a>\n<\/div><div class='col-lg-12 col-md-6 col-6'> <a href=\"https:\/\/storlann.co.uk\/gaidhlig-alba\/en\/download\/factsheet\/?wpdmdl=384&amp;refresh=69eb3f80d00661777024896\"><div class=\"gis-dl\">\n  <div class=\"gis-dl-link-cont\">Bileag fiosrachaidh - Unesco<div class=\"gis-file\"><i class=\"fa fa-file-download ml-3 color-yellow\"><\/i>\n            7661<\/div><\/div>\n<\/div><\/a>\n<\/div><\/div>            <div style='clear:both'><\/div><div class='text-center'><ul class='pagination wpdm-pagination pagination-centered text-center'><li><span aria-current=\"page\" class=\"page-numbers current\">1<\/span><\/li><li><a data-container=\"#content_wpdm_package_1\" class=\"page-numbers\" href=\"https:\/\/storlann.co.uk\/gaidhlig-alba\/en\/wp-json\/wp\/v2\/pages\/2297\/?cp=2\">2<\/a><\/li><li><a data-container=\"#content_wpdm_package_1\" class=\"next page-numbers\" href=\"https:\/\/storlann.co.uk\/gaidhlig-alba\/en\/wp-json\/wp\/v2\/pages\/2297\/?cp=2\"> <i style=\"display: inline-block;width: 8px;height: 8px;border-right: 2px solid;border-top: 2px solid;transform: rotate(45deg);margin-left: -2px;margin-top: -2px;\"><\/i> <\/a><\/li><\/ul><\/div><div style='clear:both'><\/div>        <\/div>\n\n        <div style='clear:both'><\/div>\n    <\/div>\n<\/div>\n    <\/div>\n<\/div>\n<!-- \/module text -->        <\/div>\n                    <div  data-lazy=\"1\" class=\"module_column tb-column col4-2 tb_0y4f987 last\">\n                            <\/div>\n                        <\/div>\n        <\/div>\n        <\/div>\n<!--\/themify_builder_content-->","protected":false},"excerpt":{"rendered":"<p>Gaelic \u2013 An Indigenous Language Why are languages important? Language is important in everybody\u2019s daily life; it is a tool for communicating, for education and for social integration and development. It\u2019s also through language that everybody\u2019s identity, cultural history, traditions and memories are preserved. UNESCO \u2013 Endangered Languages of the World Between 2004 and 2005 [&hellip;]<\/p>\n","protected":false},"author":3,"featured_media":0,"parent":0,"menu_order":0,"comment_status":"closed","ping_status":"closed","template":"","meta":{"inline_featured_image":false,"footnotes":""},"class_list":["post-2297","page","type-page","status-publish","hentry","has-post-title","has-post-date","has-post-category","has-post-tag","has-post-comment","has-post-author",""],"builder_content":"<h1>Gaelic \u2013 An Indigenous Language<\/h1>\n<img src=\"https:\/\/storlann.co.uk\/gaidhlig-alba\/wp-content\/uploads\/2021\/03\/speech-bubbles-900x456.png\" width=\"900\" height=\"456\" title=\"speech-bubbles\" alt=\"speech-bubbles\" srcset=\"https:\/\/storlann.co.uk\/gaidhlig-alba\/wp-content\/uploads\/2021\/03\/speech-bubbles.png 900w, https:\/\/storlann.co.uk\/gaidhlig-alba\/wp-content\/uploads\/2021\/03\/speech-bubbles-300x152.png 300w, https:\/\/storlann.co.uk\/gaidhlig-alba\/wp-content\/uploads\/2021\/03\/speech-bubbles-768x389.png 768w\" sizes=\"(max-width: 900px) 100vw, 900px\" \/>\n<h2>Why are languages important?<\/h2>\n<p>Language is important in everybody\u2019s daily life; it is a tool for communicating, for education and for social integration and development. It\u2019s also through language that everybody\u2019s identity, cultural history, traditions and memories are preserved.<\/p>\n<h2>UNESCO \u2013 Endangered Languages of the World<\/h2>\n<p>Between 2004 and 2005 the Discovery Channel broadcast a series of video clips, which they made with the UN, which highlight endangered communities in different parts of the world.<\/p> <p>The languages of these communities are in danger of dying out because the number of people speaking them is so low and decreasing all the time. The largest population of a community in this series was 5,000 and the lowest was 300.<\/p>\n[embed]https:\/\/srvarcstream3a.unesco.org\/arcstream\/video\/clt_ceidce-0006-scotland_gaelic_x264.mp4[\/embed]\n<h2>What is an endangered language?<\/h2> <p>An endangered language is a language which could fall out of use as the speakers of the language die out or shift to speaking another language.<\/p> <p>Language loss happens when there are no native speakers left and it is then a dead language.<\/p> <p>If no one at all can speak a language that language has become extinct.<\/p> <p>A dead language can still be studied using recordings and writings, but it is still dead or extinct if there are no fluent speakers.<\/p> <p>Although languages have always become extinct, they are now dying more quickly because of: technology and people, jobs and cultures moving around the world; powerful countries controlling or influencing other countries; languages being killed off for political reasons, or a lack of people to keep the language alive.<\/p>\n<img src=\"https:\/\/storlann.co.uk\/gaidhlig-alba\/wp-content\/uploads\/2021\/03\/world-languages.svg\" width=\"900\" height=\"555\" title=\"world-languages\" alt=\"world-languages\">\n<h2>What is the problem?<\/h2> <p>Even although languages are so valuable, languages around the world are continuing to become extinct at a frightening rate.<\/p> <p>In 2016 the Permanent Forum on Indigenous Languages \u2013 a UN organisation \u2013 said that 40%, or 2680 of the languages of the world were in danger of becoming extinct.<\/p>\n<h2>Downloads<\/h2> <p>[wpdm_category id=\"cananan-duthchasach\" cols=\"1\" toolbar=\"0\" item_per_page=\"10\" template=\"gis_download_1\" order_by=\"title\" order=\"asc\" paging=\"1\"]<\/p>","_links":{"self":[{"href":"https:\/\/storlann.co.uk\/gaidhlig-alba\/en\/wp-json\/wp\/v2\/pages\/2297","targetHints":{"allow":["GET"]}}],"collection":[{"href":"https:\/\/storlann.co.uk\/gaidhlig-alba\/en\/wp-json\/wp\/v2\/pages"}],"about":[{"href":"https:\/\/storlann.co.uk\/gaidhlig-alba\/en\/wp-json\/wp\/v2\/types\/page"}],"author":[{"embeddable":true,"href":"https:\/\/storlann.co.uk\/gaidhlig-alba\/en\/wp-json\/wp\/v2\/users\/3"}],"replies":[{"embeddable":true,"href":"https:\/\/storlann.co.uk\/gaidhlig-alba\/en\/wp-json\/wp\/v2\/comments?post=2297"}],"version-history":[{"count":0,"href":"https:\/\/storlann.co.uk\/gaidhlig-alba\/en\/wp-json\/wp\/v2\/pages\/2297\/revisions"}],"wp:attachment":[{"href":"https:\/\/storlann.co.uk\/gaidhlig-alba\/en\/wp-json\/wp\/v2\/media?parent=2297"}],"curies":[{"name":"wp","href":"https:\/\/api.w.org\/{rel}","templated":true}]}}