{"id":1901,"date":"2022-05-19T16:56:56","date_gmt":"2022-05-19T15:56:56","guid":{"rendered":"https:\/\/storlann.co.uk\/ceumannan\/?page_id=1901"},"modified":"2022-09-05T15:50:06","modified_gmt":"2022-09-05T14:50:06","slug":"terms-conditions","status":"publish","type":"page","link":"https:\/\/storlann.co.uk\/ceumannan\/terms-conditions\/","title":{"rendered":"Terms &#038; Conditions"},"content":{"rendered":"<!--themify_builder_content-->\n<div id=\"themify_builder_content-1901\" data-postid=\"1901\" class=\"themify_builder_content themify_builder_content-1901 themify_builder tf_clear\">\n                    <div  data-lazy=\"1\" class=\"module_row themify_builder_row tb_kcid719 tb_first tf_w\">\n                        <div class=\"row_inner col_align_top tb_col_count_1 tf_box tf_rel\">\n                        <div  data-lazy=\"1\" class=\"module_column tb-column col-full tb_7qdu720 first\">\n                    <!-- module text -->\n<div  class=\"module module-text tb_vtlk767   \" data-lazy=\"1\">\n        <div  class=\"tb_text_wrap\">\n        <h1>Terms and Conditions<\/h1>\n<p>Welcome to the Ceumannan\u00a0website which is run by Storlann. If you continue to browse and use this website you are agreeing to comply with and be bound by the following terms and conditions of use, which together with our privacy policy govern\u00a0<strong>St\u00f2rlann\u2019s<\/strong>\u00a0relationship with you in relation to this website.<\/p>\n<h3>Intellectual Property Rights<\/h3>\n<p>Unless otherwise stated,\u00a0<strong>St\u00f2rlann<\/strong>\u00a0or our agents own the intellectual property rights in the website and material on the website. Subject to the licence below, all these intellectual property rights are reserved.<\/p>\n<h3>What you should know about our information<\/h3>\n<p><strong>St\u00f2rlann<\/strong>\u00a0operates this website as a courtesy to those who may choose to access it. The information presented herein is for informative purposes only.\u00a0<strong>St\u00f2rlann<\/strong>\u00a0grants permission to users to visit the site and to download, copy and print the information, documents and materials from the site for the user\u2019s personal, non-commercial or educational use. This is without any right to resell or redistribute them or to compile or create derivative works there from, subject to the terms and conditions outlined below, and also subject to more specific restrictions that may apply to specific material within this site.<\/p>\n<p>Our information is provided free of charge and is intended to be helpful to a large range of users including teachers and schoolchildren, adult learners, educational groups and organisations, families with children in\u00a0<strong>Gaelic-medium education<\/strong>, general users from Scotland and elsewhere.<\/p>\n<p>Because of its general nature the content on the site cannot be taken as comprehensive. Unless expressly stated otherwise, the terms listed and interpretations and conclusions expressed in the content on this website are those of the various\u00a0<strong>St\u00f2rlann<\/strong>\u00a0staff members, consultants and advisers who prepared the work. We cannot guarantee that the information applies to the individual circumstances of your requirements.<\/p>\n<p>Despite our best efforts it is also possible that some information may be out of date. You therefore acknowledge that such information and materials may contain inaccuracies or errors and we expressly exclude liability for any such inaccuracies or errors to the fullest extent permitted by law. Any reliance you place on our information or linked to on other websites will be at your own risk.<\/p>\n<h3>What you must not do<\/h3>\n<p>You must not:<\/p>\n<ul>\n<li>republish material from this website unless for purposes outlined above<\/li>\n<li>sell, rent or otherwise sub-license material on the website<\/li>\n<li>reproduce, duplicate, copy or otherwise exploit material on our website for a commercial purpose<\/li>\n<li>edit or otherwise modify any material on the website<\/li>\n<li>redistribute material from this website except for the content specifically and expressly made available for redistribution<\/li>\n<\/ul>\n<h3>What you should know about the other sites we link to<\/h3>\n<p>Links will lead to other websites. Although checked regularly, they are not under our control. We are not responsible for the content of any linked website and cannot take responsibility for the consequences of your using the information or services on linked websites. We cannot guarantee that these links will work all the time.<\/p>\n<p>Our website does not endorse or favour any specific commercial product or business. A link to a third-party website does not imply endorsement; use your own judgement to decide whether the information or service on that website is suitable for your needs. If a website is not linked to, this does not mean or imply that it is unsatisfactory. The linked websites are regularly reviewed in the light of customer usage and feedback.<\/p>\n<h3>Virus protection<\/h3>\n<p>We make every effort to check and test our websites during production. However, we would advise you to run an anti-virus program on anything you download from the Internet. We accept no liability for any damage to your computer system or loss of data caused by using this website or arising as a result of having used the website.<\/p>\n<h3>Applicable law<\/h3>\n<p>This website and the use of it is governed by Scottish Law and Scottish Courts shall have exclusive jurisdiction over any disputes connected to our websites.<\/p>\n<h4>Our Contact Details<\/h4>\n<p>The full name of our company is:<br><strong>St\u00f2rlann N\u00e0iseanta na G\u00e0idhlig<\/strong>\u00a0(The National Gaelic Educational Resource Agency)<\/p>\n<p>Our address is:An Tosgan, 54 Seaforth Road, Stornoway, Isle of Lewis, HS1 2SD<\/p>\n<p>You can contact us on:<br>Tel: <strong>01851 700880<\/strong>\u00a0 Email: <a href=\"mailto:oifis@storlann.co.uk\" target=\"_self\">oifis@storlann.co.uk<\/a><br>The company is registered in Scotland \u2013 <strong>SC 190298<\/strong><\/p>    <\/div>\n<\/div>\n<!-- \/module text -->        <\/div>\n                        <\/div>\n        <\/div>\n        <\/div>\n<!--\/themify_builder_content-->","protected":false},"excerpt":{"rendered":"<p>Terms and Conditions Welcome to the Ceumannan\u00a0website which is run by Storlann. If you continue to browse and use this website you are agreeing to comply with and be bound by the following terms and conditions of use, which together with our privacy policy govern\u00a0St\u00f2rlann\u2019s\u00a0relationship with you in relation to this website. Intellectual Property Rights [&hellip;]<\/p>\n","protected":false},"author":3,"featured_media":0,"parent":0,"menu_order":0,"comment_status":"closed","ping_status":"closed","template":"","meta":{"footnotes":""},"categories":[],"class_list":["post-1901","page","type-page","status-publish","hentry","has-post-title","has-post-date","has-post-category","has-post-tag","has-post-comment","has-post-author",""],"builder_content":"<h1>Terms and Conditions<\/h1> <p>Welcome to the Ceumannan\u00a0website which is run by Storlann. If you continue to browse and use this website you are agreeing to comply with and be bound by the following terms and conditions of use, which together with our privacy policy govern\u00a0<strong>St\u00f2rlann\u2019s<\/strong>\u00a0relationship with you in relation to this website.<\/p> <h3>Intellectual Property Rights<\/h3> <p>Unless otherwise stated,\u00a0<strong>St\u00f2rlann<\/strong>\u00a0or our agents own the intellectual property rights in the website and material on the website. Subject to the licence below, all these intellectual property rights are reserved.<\/p> <h3>What you should know about our information<\/h3> <p><strong>St\u00f2rlann<\/strong>\u00a0operates this website as a courtesy to those who may choose to access it. The information presented herein is for informative purposes only.\u00a0<strong>St\u00f2rlann<\/strong>\u00a0grants permission to users to visit the site and to download, copy and print the information, documents and materials from the site for the user\u2019s personal, non-commercial or educational use. This is without any right to resell or redistribute them or to compile or create derivative works there from, subject to the terms and conditions outlined below, and also subject to more specific restrictions that may apply to specific material within this site.<\/p> <p>Our information is provided free of charge and is intended to be helpful to a large range of users including teachers and schoolchildren, adult learners, educational groups and organisations, families with children in\u00a0<strong>Gaelic-medium education<\/strong>, general users from Scotland and elsewhere.<\/p> <p>Because of its general nature the content on the site cannot be taken as comprehensive. Unless expressly stated otherwise, the terms listed and interpretations and conclusions expressed in the content on this website are those of the various\u00a0<strong>St\u00f2rlann<\/strong>\u00a0staff members, consultants and advisers who prepared the work. We cannot guarantee that the information applies to the individual circumstances of your requirements.<\/p> <p>Despite our best efforts it is also possible that some information may be out of date. You therefore acknowledge that such information and materials may contain inaccuracies or errors and we expressly exclude liability for any such inaccuracies or errors to the fullest extent permitted by law. Any reliance you place on our information or linked to on other websites will be at your own risk.<\/p> <h3>What you must not do<\/h3> <p>You must not:<\/p> <ul> <li>republish material from this website unless for purposes outlined above<\/li> <li>sell, rent or otherwise sub-license material on the website<\/li> <li>reproduce, duplicate, copy or otherwise exploit material on our website for a commercial purpose<\/li> <li>edit or otherwise modify any material on the website<\/li> <li>redistribute material from this website except for the content specifically and expressly made available for redistribution<\/li> <\/ul> <h3>What you should know about the other sites we link to<\/h3> <p>Links will lead to other websites. Although checked regularly, they are not under our control. We are not responsible for the content of any linked website and cannot take responsibility for the consequences of your using the information or services on linked websites. We cannot guarantee that these links will work all the time.<\/p> <p>Our website does not endorse or favour any specific commercial product or business. A link to a third-party website does not imply endorsement; use your own judgement to decide whether the information or service on that website is suitable for your needs. If a website is not linked to, this does not mean or imply that it is unsatisfactory. The linked websites are regularly reviewed in the light of customer usage and feedback.<\/p> <h3>Virus protection<\/h3> <p>We make every effort to check and test our websites during production. However, we would advise you to run an anti-virus program on anything you download from the Internet. We accept no liability for any damage to your computer system or loss of data caused by using this website or arising as a result of having used the website.<\/p> <h3>Applicable law<\/h3> <p>This website and the use of it is governed by Scottish Law and Scottish Courts shall have exclusive jurisdiction over any disputes connected to our websites.<\/p> <h4>Our Contact Details<\/h4> <p>The full name of our company is:<br><strong>St\u00f2rlann N\u00e0iseanta na G\u00e0idhlig<\/strong>\u00a0(The National Gaelic Educational Resource Agency)<\/p> <p>Our address is:An Tosgan, 54 Seaforth Road, Stornoway, Isle of Lewis, HS1 2SD<\/p> <p>You can contact us on:<br>Tel: <strong>01851 700880<\/strong>\u00a0 Email: <a href=\"mailto:oifis@storlann.co.uk\" target=\"_self\">oifis@storlann.co.uk<\/a><br>The company is registered in Scotland \u2013 <strong>SC 190298<\/strong><\/p>","_links":{"self":[{"href":"https:\/\/storlann.co.uk\/ceumannan\/wp-json\/wp\/v2\/pages\/1901","targetHints":{"allow":["GET"]}}],"collection":[{"href":"https:\/\/storlann.co.uk\/ceumannan\/wp-json\/wp\/v2\/pages"}],"about":[{"href":"https:\/\/storlann.co.uk\/ceumannan\/wp-json\/wp\/v2\/types\/page"}],"author":[{"embeddable":true,"href":"https:\/\/storlann.co.uk\/ceumannan\/wp-json\/wp\/v2\/users\/3"}],"replies":[{"embeddable":true,"href":"https:\/\/storlann.co.uk\/ceumannan\/wp-json\/wp\/v2\/comments?post=1901"}],"version-history":[{"count":0,"href":"https:\/\/storlann.co.uk\/ceumannan\/wp-json\/wp\/v2\/pages\/1901\/revisions"}],"wp:attachment":[{"href":"https:\/\/storlann.co.uk\/ceumannan\/wp-json\/wp\/v2\/media?parent=1901"}],"wp:term":[{"taxonomy":"category","embeddable":true,"href":"https:\/\/storlann.co.uk\/ceumannan\/wp-json\/wp\/v2\/categories?post=1901"}],"curies":[{"name":"wp","href":"https:\/\/api.w.org\/{rel}","templated":true}]}}